{"id":1259,"date":"2021-10-26T20:43:59","date_gmt":"2021-10-26T18:43:59","guid":{"rendered":"https:\/\/www.upo.es\/investiga\/demografia-salud\/?page_id=1259"},"modified":"2024-07-16T10:57:06","modified_gmt":"2024-07-16T08:57:06","slug":"colaborar","status":"publish","type":"page","link":"https:\/\/www.upo.es\/investiga\/demografia-salud\/colaborar\/","title":{"rendered":"Colaborar"},"content":{"rendered":"\t\t<div data-elementor-type=\"wp-page\" data-elementor-id=\"1259\" class=\"elementor elementor-1259\" data-elementor-post-type=\"page\">\n\t\t\t\t\t\t<section class=\"elementor-section elementor-top-section elementor-element elementor-element-a83a398 elementor-section-full_width elementor-hidden-desktop elementor-hidden-tablet elementor-hidden-mobile elementor-section-height-default elementor-section-height-default\" data-id=\"a83a398\" data-element_type=\"section\">\n\t\t\t\t\t\t<div class=\"elementor-container elementor-column-gap-default\">\n\t\t\t\t\t<div class=\"elementor-column elementor-col-50 elementor-top-column elementor-element elementor-element-16d7aed\" data-id=\"16d7aed\" data-element_type=\"column\" data-settings=\"{&quot;background_background&quot;:&quot;classic&quot;}\">\n\t\t\t<div class=\"elementor-widget-wrap elementor-element-populated\">\n\t\t\t\t\t<div class=\"elementor-background-overlay\"><\/div>\n\t\t\t\t\t\t<div class=\"elementor-element elementor-element-fccb5c8 elementor-widget elementor-widget-heading\" data-id=\"fccb5c8\" data-element_type=\"widget\" data-widget_type=\"heading.default\">\n\t\t\t\t<div class=\"elementor-widget-container\">\n\t\t\t<span class=\"elementor-heading-title elementor-size-default\">Grupo Paidi<\/span>\t\t<\/div>\n\t\t\t\t<\/div>\n\t\t\t\t<div class=\"elementor-element elementor-element-8f90bec elementor-widget elementor-widget-heading\" data-id=\"8f90bec\" data-element_type=\"widget\" data-widget_type=\"heading.default\">\n\t\t\t\t<div class=\"elementor-widget-container\">\n\t\t\t<h1 class=\"elementor-heading-title elementor-size-default\">Colaborar<\/h1>\t\t<\/div>\n\t\t\t\t<\/div>\n\t\t\t\t\t<\/div>\n\t\t<\/div>\n\t\t\t\t<div class=\"elementor-column elementor-col-50 elementor-top-column elementor-element elementor-element-d7ba114\" data-id=\"d7ba114\" data-element_type=\"column\">\n\t\t\t<div class=\"elementor-widget-wrap\">\n\t\t\t\t\t\t\t<\/div>\n\t\t<\/div>\n\t\t\t\t\t<\/div>\n\t\t<\/section>\n\t\t\t\t<section class=\"elementor-section elementor-top-section elementor-element elementor-element-5ceedf9 elementor-section-full_width elementor-hidden-desktop elementor-hidden-tablet elementor-hidden-mobile elementor-section-height-default elementor-section-height-default\" data-id=\"5ceedf9\" data-element_type=\"section\" data-settings=\"{&quot;background_background&quot;:&quot;classic&quot;}\">\n\t\t\t\t\t\t<div class=\"elementor-container elementor-column-gap-no\">\n\t\t\t\t\t<div class=\"elementor-column elementor-col-100 elementor-top-column elementor-element elementor-element-aa89c56\" data-id=\"aa89c56\" data-element_type=\"column\" data-settings=\"{&quot;background_background&quot;:&quot;classic&quot;}\">\n\t\t\t<div class=\"elementor-widget-wrap elementor-element-populated\">\n\t\t\t\t\t<div class=\"elementor-background-overlay\"><\/div>\n\t\t\t\t\t\t<section class=\"elementor-section elementor-inner-section elementor-element elementor-element-fa8ef01 elementor-section-height-min-height elementor-section-content-middle elementor-section-boxed elementor-section-height-default\" data-id=\"fa8ef01\" data-element_type=\"section\">\n\t\t\t\t\t\t<div class=\"elementor-container elementor-column-gap-default\">\n\t\t\t\t\t<div class=\"elementor-column elementor-col-50 elementor-inner-column elementor-element elementor-element-5be38e1\" data-id=\"5be38e1\" data-element_type=\"column\">\n\t\t\t<div class=\"elementor-widget-wrap\">\n\t\t\t\t\t\t\t<\/div>\n\t\t<\/div>\n\t\t\t\t<div class=\"elementor-column elementor-col-50 elementor-inner-column elementor-element elementor-element-8a20b65\" data-id=\"8a20b65\" data-element_type=\"column\">\n\t\t\t<div class=\"elementor-widget-wrap\">\n\t\t\t\t\t\t\t<\/div>\n\t\t<\/div>\n\t\t\t\t\t<\/div>\n\t\t<\/section>\n\t\t\t\t\t<\/div>\n\t\t<\/div>\n\t\t\t\t\t<\/div>\n\t\t<\/section>\n\t\t\t\t<section class=\"elementor-section elementor-top-section elementor-element elementor-element-49a22da elementor-section-boxed elementor-section-height-default elementor-section-height-default\" data-id=\"49a22da\" data-element_type=\"section\">\n\t\t\t\t\t\t<div class=\"elementor-container elementor-column-gap-no\">\n\t\t\t\t\t<div class=\"elementor-column elementor-col-100 elementor-top-column elementor-element elementor-element-9e27dcf\" data-id=\"9e27dcf\" data-element_type=\"column\">\n\t\t\t<div class=\"elementor-widget-wrap elementor-element-populated\">\n\t\t\t\t\t\t<div class=\"elementor-element elementor-element-3f0f6cc elementor-widget elementor-widget-heading\" data-id=\"3f0f6cc\" data-element_type=\"widget\" data-widget_type=\"heading.default\">\n\t\t\t\t<div class=\"elementor-widget-container\">\n\t\t\t<span class=\"elementor-heading-title elementor-size-default\">GRUPO PAIDI<\/span>\t\t<\/div>\n\t\t\t\t<\/div>\n\t\t\t\t<div class=\"elementor-element elementor-element-52c2a30 elementor-widget elementor-widget-heading\" data-id=\"52c2a30\" data-element_type=\"widget\" data-widget_type=\"heading.default\">\n\t\t\t\t<div class=\"elementor-widget-container\">\n\t\t\t<h2 class=\"elementor-heading-title elementor-size-default\">\u00bfDeseas colaborar con nosotros?<\/h2>\t\t<\/div>\n\t\t\t\t<\/div>\n\t\t\t\t<section class=\"elementor-section elementor-inner-section elementor-element elementor-element-b5e1e89 elementor-section-full_width elementor-section-height-default elementor-section-height-default\" data-id=\"b5e1e89\" data-element_type=\"section\">\n\t\t\t\t\t\t<div class=\"elementor-container elementor-column-gap-no\">\n\t\t\t\t\t<div class=\"elementor-column elementor-col-100 elementor-inner-column elementor-element elementor-element-d4e334b\" data-id=\"d4e334b\" data-element_type=\"column\">\n\t\t\t<div class=\"elementor-widget-wrap elementor-element-populated\">\n\t\t\t\t\t\t<div class=\"elementor-element elementor-element-072322d elementor-widget elementor-widget-text-editor\" data-id=\"072322d\" data-element_type=\"widget\" data-widget_type=\"text-editor.default\">\n\t\t\t\t<div class=\"elementor-widget-container\">\n\t\t\t\t\t\t\t<p class=\"p1\">Si est\u00e1s interesado en realizar una estancia de investigaci\u00f3n con nosotros, en solicitar una beca o en colaborar en las investigaciones, proyectos y publicaciones del grupo PAIDI Demograf\u00eda e Investigaci\u00f3n Social en Salud o en el DemoHealth Lab, contacta por favor a trav\u00e9s de este email:\u00a0<a style=\"color:inherit;text-decoration:underline;\" href=\"mailto:demografiaysalud@upo.es\">demografiaysalud@upo.es<\/a>. Cu\u00e9ntanos tu situaci\u00f3n y tus intereses y te ofreceremos las posibilidades que tiene tanto participar en el grupo como las diferentes opciones de conseguir una ayuda.<\/p>\n<p class=\"p1\">Adem\u00e1s, las investigadoras e investigadores del grupo participan en varios programas de Doctorado en diferentes universidades andaluzas, por lo que si est\u00e1s interesada en alguna de nuestras l\u00edneas de investigaci\u00f3n para hacer la tesis doctoral, no dudes en contactarnos<\/p>\t\t\t\t\t\t<\/div>\n\t\t\t\t<\/div>\n\t\t\t\t\t<\/div>\n\t\t<\/div>\n\t\t\t\t\t<\/div>\n\t\t<\/section>\n\t\t\t\t\t<\/div>\n\t\t<\/div>\n\t\t\t\t\t<\/div>\n\t\t<\/section>\n\t\t\t\t<\/div>\n\t\t","protected":false},"excerpt":{"rendered":"<p>Grupo Paidi Colaborar GRUPO PAIDI \u00bfDeseas colaborar con nosotros? Si est\u00e1s interesado en realizar una estancia de investigaci\u00f3n con nosotros, en solicitar una beca o en colaborar en las investigaciones, proyectos y publicaciones del grupo PAIDI Demograf\u00eda e Investigaci\u00f3n Social en Salud o en el DemoHealth Lab, contacta por favor a trav\u00e9s de este email: [&hellip;]<\/p>\n","protected":false},"author":1,"featured_media":0,"parent":0,"menu_order":0,"comment_status":"closed","ping_status":"open","template":"elementor_header_footer","meta":{"footnotes":""},"class_list":["post-1259","page","type-page","status-publish","hentry"],"_links":{"self":[{"href":"https:\/\/www.upo.es\/investiga\/demografia-salud\/wp-json\/wp\/v2\/pages\/1259"}],"collection":[{"href":"https:\/\/www.upo.es\/investiga\/demografia-salud\/wp-json\/wp\/v2\/pages"}],"about":[{"href":"https:\/\/www.upo.es\/investiga\/demografia-salud\/wp-json\/wp\/v2\/types\/page"}],"author":[{"embeddable":true,"href":"https:\/\/www.upo.es\/investiga\/demografia-salud\/wp-json\/wp\/v2\/users\/1"}],"replies":[{"embeddable":true,"href":"https:\/\/www.upo.es\/investiga\/demografia-salud\/wp-json\/wp\/v2\/comments?post=1259"}],"version-history":[{"count":16,"href":"https:\/\/www.upo.es\/investiga\/demografia-salud\/wp-json\/wp\/v2\/pages\/1259\/revisions"}],"predecessor-version":[{"id":1597,"href":"https:\/\/www.upo.es\/investiga\/demografia-salud\/wp-json\/wp\/v2\/pages\/1259\/revisions\/1597"}],"wp:attachment":[{"href":"https:\/\/www.upo.es\/investiga\/demografia-salud\/wp-json\/wp\/v2\/media?parent=1259"}],"curies":[{"name":"wp","href":"https:\/\/api.w.org\/{rel}","templated":true}]}}