{"id":1298,"date":"2021-10-27T08:37:30","date_gmt":"2021-10-27T06:37:30","guid":{"rendered":"https:\/\/www.upo.es\/investiga\/demografia-salud\/?page_id=1298"},"modified":"2024-07-16T14:54:50","modified_gmt":"2024-07-16T12:54:50","slug":"demohealth-lab","status":"publish","type":"page","link":"https:\/\/www.upo.es\/investiga\/demografia-salud\/demohealth-lab\/","title":{"rendered":"Demohealth LAB"},"content":{"rendered":"\t\t<div data-elementor-type=\"wp-page\" data-elementor-id=\"1298\" class=\"elementor elementor-1298\" data-elementor-post-type=\"page\">\n\t\t\t\t\t\t<section class=\"elementor-section elementor-top-section elementor-element elementor-element-a83a398 elementor-section-full_width elementor-hidden-desktop elementor-hidden-tablet elementor-hidden-mobile elementor-section-height-default elementor-section-height-default\" data-id=\"a83a398\" data-element_type=\"section\">\n\t\t\t\t\t\t<div class=\"elementor-container elementor-column-gap-default\">\n\t\t\t\t\t<div class=\"elementor-column elementor-col-50 elementor-top-column elementor-element elementor-element-16d7aed\" data-id=\"16d7aed\" data-element_type=\"column\" data-settings=\"{&quot;background_background&quot;:&quot;classic&quot;}\">\n\t\t\t<div class=\"elementor-widget-wrap elementor-element-populated\">\n\t\t\t\t\t<div class=\"elementor-background-overlay\"><\/div>\n\t\t\t\t\t\t<div class=\"elementor-element elementor-element-fccb5c8 elementor-widget elementor-widget-heading\" data-id=\"fccb5c8\" data-element_type=\"widget\" data-widget_type=\"heading.default\">\n\t\t\t\t<div class=\"elementor-widget-container\">\n\t\t\t<span class=\"elementor-heading-title elementor-size-default\">Grupo Paidi<\/span>\t\t<\/div>\n\t\t\t\t<\/div>\n\t\t\t\t<div class=\"elementor-element elementor-element-8f90bec elementor-widget elementor-widget-heading\" data-id=\"8f90bec\" data-element_type=\"widget\" data-widget_type=\"heading.default\">\n\t\t\t\t<div class=\"elementor-widget-container\">\n\t\t\t<h1 class=\"elementor-heading-title elementor-size-default\">Demohealth <br>LAB<\/h1>\t\t<\/div>\n\t\t\t\t<\/div>\n\t\t\t\t\t<\/div>\n\t\t<\/div>\n\t\t\t\t<div class=\"elementor-column elementor-col-50 elementor-top-column elementor-element elementor-element-d7ba114\" data-id=\"d7ba114\" data-element_type=\"column\">\n\t\t\t<div class=\"elementor-widget-wrap\">\n\t\t\t\t\t\t\t<\/div>\n\t\t<\/div>\n\t\t\t\t\t<\/div>\n\t\t<\/section>\n\t\t\t\t<section class=\"elementor-section elementor-top-section elementor-element elementor-element-5ceedf9 elementor-section-full_width elementor-hidden-desktop elementor-hidden-tablet elementor-hidden-mobile elementor-section-height-default elementor-section-height-default\" data-id=\"5ceedf9\" data-element_type=\"section\" data-settings=\"{&quot;background_background&quot;:&quot;classic&quot;}\">\n\t\t\t\t\t\t<div class=\"elementor-container elementor-column-gap-no\">\n\t\t\t\t\t<div class=\"elementor-column elementor-col-100 elementor-top-column elementor-element elementor-element-aa89c56\" data-id=\"aa89c56\" data-element_type=\"column\" data-settings=\"{&quot;background_background&quot;:&quot;classic&quot;}\">\n\t\t\t<div class=\"elementor-widget-wrap elementor-element-populated\">\n\t\t\t\t\t<div class=\"elementor-background-overlay\"><\/div>\n\t\t\t\t\t\t<section class=\"elementor-section elementor-inner-section elementor-element elementor-element-fa8ef01 elementor-section-height-min-height elementor-section-content-middle elementor-section-boxed elementor-section-height-default\" data-id=\"fa8ef01\" data-element_type=\"section\">\n\t\t\t\t\t\t<div class=\"elementor-container elementor-column-gap-default\">\n\t\t\t\t\t<div class=\"elementor-column elementor-col-50 elementor-inner-column elementor-element elementor-element-5be38e1\" data-id=\"5be38e1\" data-element_type=\"column\">\n\t\t\t<div class=\"elementor-widget-wrap\">\n\t\t\t\t\t\t\t<\/div>\n\t\t<\/div>\n\t\t\t\t<div class=\"elementor-column elementor-col-50 elementor-inner-column elementor-element elementor-element-8a20b65\" data-id=\"8a20b65\" data-element_type=\"column\">\n\t\t\t<div class=\"elementor-widget-wrap\">\n\t\t\t\t\t\t\t<\/div>\n\t\t<\/div>\n\t\t\t\t\t<\/div>\n\t\t<\/section>\n\t\t\t\t\t<\/div>\n\t\t<\/div>\n\t\t\t\t\t<\/div>\n\t\t<\/section>\n\t\t\t\t<section class=\"elementor-section elementor-top-section elementor-element elementor-element-49a22da elementor-section-boxed elementor-section-height-default elementor-section-height-default\" data-id=\"49a22da\" data-element_type=\"section\">\n\t\t\t\t\t\t<div class=\"elementor-container elementor-column-gap-no\">\n\t\t\t\t\t<div class=\"elementor-column elementor-col-100 elementor-top-column elementor-element elementor-element-9e27dcf\" data-id=\"9e27dcf\" data-element_type=\"column\">\n\t\t\t<div class=\"elementor-widget-wrap elementor-element-populated\">\n\t\t\t\t\t\t<div class=\"elementor-element elementor-element-3f0f6cc elementor-widget elementor-widget-heading\" data-id=\"3f0f6cc\" data-element_type=\"widget\" data-widget_type=\"heading.default\">\n\t\t\t\t<div class=\"elementor-widget-container\">\n\t\t\t<span class=\"elementor-heading-title elementor-size-default\">DEMOHEALTH LAB<\/span>\t\t<\/div>\n\t\t\t\t<\/div>\n\t\t\t\t<div class=\"elementor-element elementor-element-52c2a30 elementor-widget elementor-widget-heading\" data-id=\"52c2a30\" data-element_type=\"widget\" data-widget_type=\"heading.default\">\n\t\t\t\t<div class=\"elementor-widget-container\">\n\t\t\t<h2 class=\"elementor-heading-title elementor-size-default\">Espacio de transferencia<\/h2>\t\t<\/div>\n\t\t\t\t<\/div>\n\t\t\t\t<section class=\"elementor-section elementor-inner-section elementor-element elementor-element-b5e1e89 elementor-section-full_width elementor-section-height-default elementor-section-height-default\" data-id=\"b5e1e89\" data-element_type=\"section\">\n\t\t\t\t\t\t<div class=\"elementor-container elementor-column-gap-no\">\n\t\t\t\t\t<div class=\"elementor-column elementor-col-50 elementor-inner-column elementor-element elementor-element-d4e334b\" data-id=\"d4e334b\" data-element_type=\"column\">\n\t\t\t<div class=\"elementor-widget-wrap elementor-element-populated\">\n\t\t\t\t\t\t<div class=\"elementor-element elementor-element-072322d elementor-widget elementor-widget-text-editor\" data-id=\"072322d\" data-element_type=\"widget\" data-widget_type=\"text-editor.default\">\n\t\t\t\t<div class=\"elementor-widget-container\">\n\t\t\t\t\t\t\t<p class=\"p1\">El grupo PAIDI Demograf\u00eda e Investigaci\u00f3n Social en Salud est\u00e1 comprometido con la transferencia del conocimiento a la sociedad. As\u00ed, suele trabajar con diferentes administraciones p\u00fablicas tanto con proyectos de investigaci\u00f3n como en diferentes comisiones, contratos, comit\u00e9 de expertos y expertas, o en organismos dependientes de la Administraci\u00f3n. Adem\u00e1s, las componentes del grupo suelen participar en publicaciones directamente orientadas a la divulgaci\u00f3n y a la generaci\u00f3n de valor social, orientando a la aplicabilidad los resultados que se generan en los proyectos en los que participan.<\/p>\t\t\t\t\t\t<\/div>\n\t\t\t\t<\/div>\n\t\t\t\t\t<\/div>\n\t\t<\/div>\n\t\t\t\t<div class=\"elementor-column elementor-col-50 elementor-inner-column elementor-element elementor-element-b8a4436\" data-id=\"b8a4436\" data-element_type=\"column\">\n\t\t\t<div class=\"elementor-widget-wrap elementor-element-populated\">\n\t\t\t\t\t\t<div class=\"elementor-element elementor-element-7ac2703 elementor-widget elementor-widget-text-editor\" data-id=\"7ac2703\" data-element_type=\"widget\" data-widget_type=\"text-editor.default\">\n\t\t\t\t<div class=\"elementor-widget-container\">\n\t\t\t\t\t\t\t<p class=\"p1\">El espacio DEMOHEALTH LAB se abre como punto de encuentro que facilite e impulse la difusi\u00f3n de esos conocimientos y la aplicabilidad de los mismos en el dise\u00f1o y evaluaci\u00f3n de pol\u00edticas p\u00fablicas, de proyectos de intervenci\u00f3n social o de actividades del tercer sector.<\/p>\t\t\t\t\t\t<\/div>\n\t\t\t\t<\/div>\n\t\t\t\t\t<\/div>\n\t\t<\/div>\n\t\t\t\t\t<\/div>\n\t\t<\/section>\n\t\t\t\t\t<\/div>\n\t\t<\/div>\n\t\t\t\t\t<\/div>\n\t\t<\/section>\n\t\t\t\t<section class=\"elementor-section elementor-top-section elementor-element elementor-element-4c858f9 elementor-section-boxed elementor-section-height-default elementor-section-height-default\" data-id=\"4c858f9\" data-element_type=\"section\">\n\t\t\t\t\t\t<div class=\"elementor-container elementor-column-gap-no\">\n\t\t\t\t\t<div class=\"elementor-column elementor-col-50 elementor-top-column elementor-element elementor-element-8f4d000\" data-id=\"8f4d000\" data-element_type=\"column\" data-settings=\"{&quot;background_background&quot;:&quot;classic&quot;}\">\n\t\t\t<div class=\"elementor-widget-wrap elementor-element-populated\">\n\t\t\t\t\t<div class=\"elementor-background-overlay\"><\/div>\n\t\t\t\t\t\t<div class=\"elementor-element elementor-element-ac2af4c elementor-widget elementor-widget-heading\" data-id=\"ac2af4c\" data-element_type=\"widget\" data-widget_type=\"heading.default\">\n\t\t\t\t<div class=\"elementor-widget-container\">\n\t\t\t<span class=\"elementor-heading-title elementor-size-default\">DEMOHEALTH LAB<\/span>\t\t<\/div>\n\t\t\t\t<\/div>\n\t\t\t\t<div class=\"elementor-element elementor-element-368dad1 elementor-widget elementor-widget-heading\" data-id=\"368dad1\" data-element_type=\"widget\" data-widget_type=\"heading.default\">\n\t\t\t\t<div class=\"elementor-widget-container\">\n\t\t\t<h2 class=\"elementor-heading-title elementor-size-default\">C\u00e1tedra Cruz Roja Sevilla en estudios sobre soledad no deseada<\/h2>\t\t<\/div>\n\t\t\t\t<\/div>\n\t\t\t\t\t<\/div>\n\t\t<\/div>\n\t\t\t\t<div class=\"elementor-column elementor-col-50 elementor-top-column elementor-element elementor-element-8e2bbb8\" data-id=\"8e2bbb8\" data-element_type=\"column\">\n\t\t\t<div class=\"elementor-widget-wrap elementor-element-populated\">\n\t\t\t\t\t\t<div class=\"elementor-element elementor-element-351591c elementor-widget elementor-widget-image\" data-id=\"351591c\" data-element_type=\"widget\" data-widget_type=\"image.default\">\n\t\t\t\t<div class=\"elementor-widget-container\">\n\t\t\t\t\t\t\t\t\t\t\t\t\t<img decoding=\"async\" width=\"400\" height=\"94\" src=\"https:\/\/www.upo.es\/investiga\/demografia-salud\/wp-content\/uploads\/2021\/10\/logo-cruz-roja.png\" class=\"attachment-full size-full wp-image-1330\" alt=\"\" \/>\t\t\t\t\t\t\t\t\t\t\t\t\t<\/div>\n\t\t\t\t<\/div>\n\t\t\t\t<div class=\"elementor-element elementor-element-bfbde3e elementor-widget elementor-widget-text-editor\" data-id=\"bfbde3e\" data-element_type=\"widget\" data-widget_type=\"text-editor.default\">\n\t\t\t\t<div class=\"elementor-widget-container\">\n\t\t\t\t\t\t\t<p class=\"p1\">A iniciativa del grupo se ha creado la C\u00e1tedra Cruz Roja Sevilla en estudios sobre soledad no deseada, bajo la que se realizan, en colaboraci\u00f3n entre Cruz Roja Sevilla y la Universidad Pablo de Olavide, actividades de difusi\u00f3n, divulgaci\u00f3n, transferencia sobre envejecimiento, vulnerabilidad social, soledad no deseada y riesgo de aislamiento social.<\/p>\t\t\t\t\t\t<\/div>\n\t\t\t\t<\/div>\n\t\t\t\t<div class=\"elementor-element elementor-element-cb7284e elementor-mobile-align-left elementor-widget elementor-widget-button\" data-id=\"cb7284e\" data-element_type=\"widget\" data-widget_type=\"button.default\">\n\t\t\t\t<div class=\"elementor-widget-container\">\n\t\t\t\t\t<div class=\"elementor-button-wrapper\">\n\t\t\t<a class=\"elementor-button elementor-button-link elementor-size-sm\" href=\"https:\/\/www.upo.es\/investiga\/demografia-salud\/catedra-cruz-roja\/\">\n\t\t\t\t\t\t<span class=\"elementor-button-content-wrapper\">\n\t\t\t\t\t\t\t\t\t<span class=\"elementor-button-text\">VER LA ACTIVIDAD DE LA C\u00c1TEDRA<\/span>\n\t\t\t\t\t<\/span>\n\t\t\t\t\t<\/a>\n\t\t<\/div>\n\t\t\t\t<\/div>\n\t\t\t\t<\/div>\n\t\t\t\t\t<\/div>\n\t\t<\/div>\n\t\t\t\t\t<\/div>\n\t\t<\/section>\n\t\t\t\t<\/div>\n\t\t","protected":false},"excerpt":{"rendered":"<p>Grupo Paidi Demohealth LAB DEMOHEALTH LAB Espacio de transferencia El grupo PAIDI Demograf\u00eda e Investigaci\u00f3n Social en Salud est\u00e1 comprometido con la transferencia del conocimiento a la sociedad. As\u00ed, suele trabajar con diferentes administraciones p\u00fablicas tanto con proyectos de investigaci\u00f3n como en diferentes comisiones, contratos, comit\u00e9 de expertos y expertas, o en organismos dependientes de [&hellip;]<\/p>\n","protected":false},"author":1,"featured_media":0,"parent":0,"menu_order":0,"comment_status":"closed","ping_status":"open","template":"elementor_header_footer","meta":{"footnotes":""},"class_list":["post-1298","page","type-page","status-publish","hentry"],"_links":{"self":[{"href":"https:\/\/www.upo.es\/investiga\/demografia-salud\/wp-json\/wp\/v2\/pages\/1298"}],"collection":[{"href":"https:\/\/www.upo.es\/investiga\/demografia-salud\/wp-json\/wp\/v2\/pages"}],"about":[{"href":"https:\/\/www.upo.es\/investiga\/demografia-salud\/wp-json\/wp\/v2\/types\/page"}],"author":[{"embeddable":true,"href":"https:\/\/www.upo.es\/investiga\/demografia-salud\/wp-json\/wp\/v2\/users\/1"}],"replies":[{"embeddable":true,"href":"https:\/\/www.upo.es\/investiga\/demografia-salud\/wp-json\/wp\/v2\/comments?post=1298"}],"version-history":[{"count":31,"href":"https:\/\/www.upo.es\/investiga\/demografia-salud\/wp-json\/wp\/v2\/pages\/1298\/revisions"}],"predecessor-version":[{"id":1708,"href":"https:\/\/www.upo.es\/investiga\/demografia-salud\/wp-json\/wp\/v2\/pages\/1298\/revisions\/1708"}],"wp:attachment":[{"href":"https:\/\/www.upo.es\/investiga\/demografia-salud\/wp-json\/wp\/v2\/media?parent=1298"}],"curies":[{"name":"wp","href":"https:\/\/api.w.org\/{rel}","templated":true}]}}