{"id":1451,"date":"2022-10-12T20:00:39","date_gmt":"2022-10-12T18:00:39","guid":{"rendered":"https:\/\/www.upo.es\/investiga\/demografia-salud\/?page_id=1451"},"modified":"2026-02-05T14:28:13","modified_gmt":"2026-02-05T13:28:13","slug":"catedra-cruz-roja","status":"publish","type":"page","link":"https:\/\/www.upo.es\/investiga\/demografia-salud\/catedra-cruz-roja\/","title":{"rendered":"C\u00e1tedra Cruz Roja"},"content":{"rendered":"\t\t<div data-elementor-type=\"wp-page\" data-elementor-id=\"1451\" class=\"elementor elementor-1451\" data-elementor-post-type=\"page\">\n\t\t\t\t\t\t<section class=\"elementor-section elementor-top-section elementor-element elementor-element-a83a398 elementor-section-boxed elementor-section-height-default elementor-section-height-default\" data-id=\"a83a398\" data-element_type=\"section\">\n\t\t\t\t\t\t<div class=\"elementor-container elementor-column-gap-default\">\n\t\t\t\t\t<div class=\"elementor-column elementor-col-33 elementor-top-column elementor-element elementor-element-16d7aed\" data-id=\"16d7aed\" data-element_type=\"column\" data-settings=\"{&quot;background_background&quot;:&quot;classic&quot;}\">\n\t\t\t<div class=\"elementor-widget-wrap elementor-element-populated\">\n\t\t\t\t\t<div class=\"elementor-background-overlay\"><\/div>\n\t\t\t\t\t\t<div class=\"elementor-element elementor-element-fccb5c8 elementor-widget elementor-widget-heading\" data-id=\"fccb5c8\" data-element_type=\"widget\" data-widget_type=\"heading.default\">\n\t\t\t\t<div class=\"elementor-widget-container\">\n\t\t\t<span class=\"elementor-heading-title elementor-size-default\">Universidad pablo de olavide<\/span>\t\t<\/div>\n\t\t\t\t<\/div>\n\t\t\t\t<div class=\"elementor-element elementor-element-8f90bec elementor-widget elementor-widget-heading\" data-id=\"8f90bec\" data-element_type=\"widget\" data-widget_type=\"heading.default\">\n\t\t\t\t<div class=\"elementor-widget-container\">\n\t\t\t<h1 class=\"elementor-heading-title elementor-size-default\">C\u00e1tedra Cruz Roja Sevilla en estudios sobre soledad no deseada<\/h1>\t\t<\/div>\n\t\t\t\t<\/div>\n\t\t\t\t<div class=\"elementor-element elementor-element-dd1efbf elementor-widget elementor-widget-image\" data-id=\"dd1efbf\" data-element_type=\"widget\" data-widget_type=\"image.default\">\n\t\t\t\t<div class=\"elementor-widget-container\">\n\t\t\t\t\t\t\t\t\t\t\t\t\t<img fetchpriority=\"high\" decoding=\"async\" width=\"2395\" height=\"900\" src=\"https:\/\/www.upo.es\/investiga\/demografia-salud\/wp-content\/uploads\/2026\/02\/Logo-horizontal.png.jpg\" class=\"attachment-full size-full wp-image-1781\" alt=\"\" srcset=\"https:\/\/www.upo.es\/investiga\/demografia-salud\/wp-content\/uploads\/2026\/02\/Logo-horizontal.png.jpg 2395w, https:\/\/www.upo.es\/investiga\/demografia-salud\/wp-content\/uploads\/2026\/02\/Logo-horizontal.png-768x289.jpg 768w, https:\/\/www.upo.es\/investiga\/demografia-salud\/wp-content\/uploads\/2026\/02\/Logo-horizontal.png-1536x577.jpg 1536w, https:\/\/www.upo.es\/investiga\/demografia-salud\/wp-content\/uploads\/2026\/02\/Logo-horizontal.png-2048x770.jpg 2048w\" sizes=\"(max-width: 2395px) 100vw, 2395px\" \/>\t\t\t\t\t\t\t\t\t\t\t\t\t<\/div>\n\t\t\t\t<\/div>\n\t\t\t\t\t<\/div>\n\t\t<\/div>\n\t\t\t\t<div class=\"elementor-column elementor-col-66 elementor-top-column elementor-element elementor-element-d7ba114\" data-id=\"d7ba114\" data-element_type=\"column\">\n\t\t\t<div class=\"elementor-widget-wrap elementor-element-populated\">\n\t\t\t\t\t\t<div class=\"elementor-element elementor-element-9efd361 elementor-widget elementor-widget-heading\" data-id=\"9efd361\" data-element_type=\"widget\" data-widget_type=\"heading.default\">\n\t\t\t\t<div class=\"elementor-widget-container\">\n\t\t\t<span class=\"elementor-heading-title elementor-size-default\"><br>C\u00c1TEDRA CRUZ ROJA SEVILLA EN ESTUDIOS SOBRE SOLEDAD NO DESEADA<\/span>\t\t<\/div>\n\t\t\t\t<\/div>\n\t\t\t\t<div class=\"elementor-element elementor-element-007fc9e elementor-widget elementor-widget-heading\" data-id=\"007fc9e\" data-element_type=\"widget\" data-widget_type=\"heading.default\">\n\t\t\t\t<div class=\"elementor-widget-container\">\n\t\t\t<h2 class=\"elementor-heading-title elementor-size-default\">Enlace entre la sociedad y la Universidad<\/h2>\t\t<\/div>\n\t\t\t\t<\/div>\n\t\t\t\t<section class=\"elementor-section elementor-inner-section elementor-element elementor-element-b5e1e89 elementor-section-full_width elementor-section-height-default elementor-section-height-default\" data-id=\"b5e1e89\" data-element_type=\"section\">\n\t\t\t\t\t\t<div class=\"elementor-container elementor-column-gap-no\">\n\t\t\t\t\t<div class=\"elementor-column elementor-col-50 elementor-inner-column elementor-element elementor-element-d4e334b\" data-id=\"d4e334b\" data-element_type=\"column\">\n\t\t\t<div class=\"elementor-widget-wrap elementor-element-populated\">\n\t\t\t\t\t\t<div class=\"elementor-element elementor-element-072322d elementor-widget elementor-widget-text-editor\" data-id=\"072322d\" data-element_type=\"widget\" data-widget_type=\"text-editor.default\">\n\t\t\t\t<div class=\"elementor-widget-container\">\n\t\t\t\t\t\t\t<p>A iniciativa del grupo PAIDI \u00abDemograf\u00eda e Investigaci\u00f3n Social en Salud\u00bb, se crea la <strong>C\u00e1tedra Cruz Roja Sevilla en estudios sobre soledad no deseada<\/strong>, bajo la que se realizan, en colaboraci\u00f3n entre Cruz Roja Sevilla y la Universidad Pablo de Olavide, actividades de difusi\u00f3n, divulgaci\u00f3n, transferencia sobre envejecimiento, vulnerabilidad social, soledad no deseada y riesgo de aislamiento social.\n<\/p>\t\t\t\t\t\t<\/div>\n\t\t\t\t<\/div>\n\t\t\t\t\t<\/div>\n\t\t<\/div>\n\t\t\t\t<div class=\"elementor-column elementor-col-50 elementor-inner-column elementor-element elementor-element-b8a4436\" data-id=\"b8a4436\" data-element_type=\"column\">\n\t\t\t<div class=\"elementor-widget-wrap elementor-element-populated\">\n\t\t\t\t\t\t<div class=\"elementor-element elementor-element-7ac2703 elementor-widget elementor-widget-text-editor\" data-id=\"7ac2703\" data-element_type=\"widget\" data-widget_type=\"text-editor.default\">\n\t\t\t\t<div class=\"elementor-widget-container\">\n\t\t\t\t\t\t\t<p>La C\u00e1tedra Cruz Roja Sevilla en estudios sobre soledad no deseada tiene en marcha un proyecto piloto sobre <b>caracterizaci\u00f3n de hogares en situaci\u00f3n de vulnerabilidad y riesgo de aislamiento social y soledad en el Distrito Macarena de la ciudad de Sevilla<\/b>.<\/p>\t\t\t\t\t\t<\/div>\n\t\t\t\t<\/div>\n\t\t\t\t<div class=\"elementor-element elementor-element-7b58b37 elementor-widget elementor-widget-text-editor\" data-id=\"7b58b37\" data-element_type=\"widget\" data-widget_type=\"text-editor.default\">\n\t\t\t\t<div class=\"elementor-widget-container\">\n\t\t\t\t\t\t\t<p>Actualmente, la C\u00e1tedra tiene convocada la <b>IV Edici\u00f3n del Premio al mejor Trabajo Fin de Grado y al mejor Trabajo Fin de M\u00e1ster en estudios sobre envejecimiento y personas mayores<\/b> presentado en estudios de Grado y M\u00e1ster en las universidades p\u00fablicas andaluzas durante el curso 2024\/2025.<\/p>\n<p>Bases completas en la web de Cruz Roja Sevilla.<\/p>\n<p>Descarga directa: <a href=\"https:\/\/www.dropbox.com\/scl\/fi\/fo85qd44qvoi2lle5tfce\/Bases_Premio_TFG_TFM_Catedra-24-25.pdf?rlkey=icbblcq1l4he8mih2vtzgxv4f&amp;dl=1\" target=\"_blank\" rel=\"noopener\">bases<\/a> y el <a href=\"https:\/\/www.dropbox.com\/scl\/fi\/56r623w256ofthn701t66\/0_Anexo_I_Premio-TFG-TFM-Catedra.pdf?rlkey=fxm6scdx9ff1jszixyl5fytg8&amp;dl=1\" target=\"_blank\" rel=\"noopener\">formulario de solicitud<\/a>.<\/p>\n<p><a href=\"https:\/\/www.dropbox.com\/scl\/fi\/wfdn7zlrga1qf4vzuok4u\/2025.Acta-III-Premio-TFG-Cruz-Roja.pdf?rlkey=6ek9hiblgzervz0eafj0fqhi2&amp;dl=1\">Acta de la comisi\u00f3n de evaluaci\u00f3n 2023\/2024<\/a>.<\/p>\t\t\t\t\t\t<\/div>\n\t\t\t\t<\/div>\n\t\t\t\t\t<\/div>\n\t\t<\/div>\n\t\t\t\t\t<\/div>\n\t\t<\/section>\n\t\t\t\t\t<\/div>\n\t\t<\/div>\n\t\t\t\t\t<\/div>\n\t\t<\/section>\n\t\t\t\t<section class=\"elementor-section elementor-top-section elementor-element elementor-element-1f9634c elementor-section-boxed elementor-section-height-default elementor-section-height-default\" data-id=\"1f9634c\" data-element_type=\"section\">\n\t\t\t\t\t\t<div class=\"elementor-container elementor-column-gap-default\">\n\t\t\t\t\t<div class=\"elementor-column elementor-col-100 elementor-top-column elementor-element elementor-element-a6bff4e\" data-id=\"a6bff4e\" data-element_type=\"column\">\n\t\t\t<div class=\"elementor-widget-wrap elementor-element-populated\">\n\t\t\t\t\t\t<section class=\"elementor-section elementor-inner-section elementor-element elementor-element-ea001ab elementor-section-boxed elementor-section-height-default elementor-section-height-default\" data-id=\"ea001ab\" data-element_type=\"section\">\n\t\t\t\t\t\t<div class=\"elementor-container elementor-column-gap-default\">\n\t\t\t\t\t<div class=\"elementor-column elementor-col-50 elementor-inner-column elementor-element elementor-element-d0491f2\" data-id=\"d0491f2\" data-element_type=\"column\">\n\t\t\t<div class=\"elementor-widget-wrap elementor-element-populated\">\n\t\t\t\t\t\t<div class=\"elementor-element elementor-element-e6ab228 elementor-widget-divider--view-line elementor-widget elementor-widget-divider\" data-id=\"e6ab228\" data-element_type=\"widget\" data-widget_type=\"divider.default\">\n\t\t\t\t<div class=\"elementor-widget-container\">\n\t\t\t\t\t<div class=\"elementor-divider\">\n\t\t\t<span class=\"elementor-divider-separator\">\n\t\t\t\t\t\t<\/span>\n\t\t<\/div>\n\t\t\t\t<\/div>\n\t\t\t\t<\/div>\n\t\t\t\t<div class=\"elementor-element elementor-element-3e8b756 elementor-widget elementor-widget-heading\" data-id=\"3e8b756\" data-element_type=\"widget\" data-widget_type=\"heading.default\">\n\t\t\t\t<div class=\"elementor-widget-container\">\n\t\t\t<h3 class=\"elementor-heading-title elementor-size-default\">La C\u00e1tedra tiene una actividad variada y una presencia regular en los medios de comunicaci\u00f3n y en los espacios p\u00fablicos. Algunas de esas presencias pueden verse en los siguientes enlaces.<\/h3>\t\t<\/div>\n\t\t\t\t<\/div>\n\t\t\t\t\t<\/div>\n\t\t<\/div>\n\t\t\t\t<div class=\"elementor-column elementor-col-50 elementor-inner-column elementor-element elementor-element-09befba\" data-id=\"09befba\" data-element_type=\"column\">\n\t\t\t<div class=\"elementor-widget-wrap\">\n\t\t\t\t\t\t\t<\/div>\n\t\t<\/div>\n\t\t\t\t\t<\/div>\n\t\t<\/section>\n\t\t\t\t\t<\/div>\n\t\t<\/div>\n\t\t\t\t\t<\/div>\n\t\t<\/section>\n\t\t\t\t<section class=\"elementor-section elementor-top-section elementor-element elementor-element-0033aa6 elementor-section-boxed elementor-section-height-default elementor-section-height-default\" data-id=\"0033aa6\" data-element_type=\"section\">\n\t\t\t\t\t\t<div class=\"elementor-container elementor-column-gap-default\">\n\t\t\t\t\t<div class=\"elementor-column elementor-col-50 elementor-top-column elementor-element elementor-element-8ac4a1c\" data-id=\"8ac4a1c\" data-element_type=\"column\">\n\t\t\t<div class=\"elementor-widget-wrap elementor-element-populated\">\n\t\t\t\t\t\t<section class=\"elementor-section elementor-inner-section elementor-element elementor-element-581458f elementor-section-boxed elementor-section-height-default elementor-section-height-default\" data-id=\"581458f\" data-element_type=\"section\">\n\t\t\t\t\t\t<div class=\"elementor-container elementor-column-gap-default\">\n\t\t\t\t\t<div class=\"elementor-column elementor-col-50 elementor-inner-column elementor-element elementor-element-ae55f49\" data-id=\"ae55f49\" data-element_type=\"column\">\n\t\t\t<div class=\"elementor-widget-wrap elementor-element-populated\">\n\t\t\t\t\t\t<div class=\"elementor-element elementor-element-b6b5ddc elementor-widget elementor-widget-image\" data-id=\"b6b5ddc\" data-element_type=\"widget\" data-widget_type=\"image.default\">\n\t\t\t\t<div class=\"elementor-widget-container\">\n\t\t\t\t\t\t\t\t\t\t\t\t\t\t<a href=\"https:\/\/www.upo.es\/diario\/institucional\/2021\/10\/la-upo-y-cruz-roja-sevilla-crean-una-catedra-para-el-estudio-de-la-soledad-no-deseada\/\">\n\t\t\t\t\t\t\t<img decoding=\"async\" src=\"https:\/\/www.upo.es\/diario\/wp-content\/uploads\/2021\/10\/Conv-UPO-CruzRoja-scaled.jpg\" title=\"\" alt=\"\" loading=\"lazy\" \/>\t\t\t\t\t\t\t\t<\/a>\n\t\t\t\t\t\t\t\t\t\t\t\t\t<\/div>\n\t\t\t\t<\/div>\n\t\t\t\t<div class=\"elementor-element elementor-element-b7c9b40 elementor-widget elementor-widget-text-editor\" data-id=\"b7c9b40\" data-element_type=\"widget\" data-widget_type=\"text-editor.default\">\n\t\t\t\t<div class=\"elementor-widget-container\">\n\t\t\t\t\t\t\t<p>Diario UPO. 28 de octubre de 2021.<b> <a href=\"https:\/\/www.upo.es\/diario\/institucional\/2021\/10\/la-upo-y-cruz-roja-sevilla-crean-una-catedra-para-el-estudio-de-la-soledad-no-deseada\/\" target=\"_blank\" rel=\"noopener\">La UPO y Cruz Roja Sevilla crean una c\u00e1tedra para el estudio de la soledad no deseada<\/a>.<\/b><\/p>\t\t\t\t\t\t<\/div>\n\t\t\t\t<\/div>\n\t\t\t\t\t<\/div>\n\t\t<\/div>\n\t\t\t\t<div class=\"elementor-column elementor-col-50 elementor-inner-column elementor-element elementor-element-dc96254\" data-id=\"dc96254\" data-element_type=\"column\">\n\t\t\t<div class=\"elementor-widget-wrap elementor-element-populated\">\n\t\t\t\t\t\t<div class=\"elementor-element elementor-element-ce69870 elementor-widget elementor-widget-image\" data-id=\"ce69870\" data-element_type=\"widget\" data-widget_type=\"image.default\">\n\t\t\t\t<div class=\"elementor-widget-container\">\n\t\t\t\t\t\t\t\t\t\t\t\t\t\t<a href=\"https:\/\/www.upo.es\/diario\/entrevista\/2022\/02\/con-esta-colaboracion-queremos-mejorar-la-vida-de-las-personas-y-familias-que-esten-o-se-puedan-encontrar-en-riesgo-de-soledad-no-deseada\/\">\n\t\t\t\t\t\t\t<img decoding=\"async\" src=\"https:\/\/www.upo.es\/diario\/wp-content\/uploads\/2022\/02\/Juan-Manuel-Garcia.jpg\" title=\"\" alt=\"\" loading=\"lazy\" \/>\t\t\t\t\t\t\t\t<\/a>\n\t\t\t\t\t\t\t\t\t\t\t\t\t<\/div>\n\t\t\t\t<\/div>\n\t\t\t\t<div class=\"elementor-element elementor-element-4631e80 elementor-widget elementor-widget-text-editor\" data-id=\"4631e80\" data-element_type=\"widget\" data-widget_type=\"text-editor.default\">\n\t\t\t\t<div class=\"elementor-widget-container\">\n\t\t\t\t\t\t\t<p>Diario UPO. 3 de febrero de 2022. <b><a href=\"https:\/\/www.upo.es\/diario\/entrevista\/2022\/02\/con-esta-colaboracion-queremos-mejorar-la-vida-de-las-personas-y-familias-que-esten-o-se-puedan-encontrar-en-riesgo-de-soledad-no-deseada\/\" target=\"_blank\" rel=\"noopener\">\u201cCon esta colaboraci\u00f3n queremos mejorar la vida de las personas y familias que est\u00e9n o se puedan encontrar en riesgo de soledad no deseada\u201d<\/a><\/b>.<\/p>\t\t\t\t\t\t<\/div>\n\t\t\t\t<\/div>\n\t\t\t\t\t<\/div>\n\t\t<\/div>\n\t\t\t\t\t<\/div>\n\t\t<\/section>\n\t\t\t\t\t<\/div>\n\t\t<\/div>\n\t\t\t\t<div class=\"elementor-column elementor-col-50 elementor-top-column elementor-element elementor-element-d76a58c\" data-id=\"d76a58c\" data-element_type=\"column\">\n\t\t\t<div class=\"elementor-widget-wrap elementor-element-populated\">\n\t\t\t\t\t\t<section class=\"elementor-section elementor-inner-section elementor-element elementor-element-bfc04d2 elementor-section-boxed elementor-section-height-default elementor-section-height-default\" data-id=\"bfc04d2\" data-element_type=\"section\">\n\t\t\t\t\t\t<div class=\"elementor-container elementor-column-gap-default\">\n\t\t\t\t\t<div class=\"elementor-column elementor-col-50 elementor-inner-column elementor-element elementor-element-81716a8\" data-id=\"81716a8\" data-element_type=\"column\">\n\t\t\t<div class=\"elementor-widget-wrap elementor-element-populated\">\n\t\t\t\t\t\t<div class=\"elementor-element elementor-element-2e5eec2 elementor-widget elementor-widget-image\" data-id=\"2e5eec2\" data-element_type=\"widget\" data-widget_type=\"image.default\">\n\t\t\t\t<div class=\"elementor-widget-container\">\n\t\t\t\t\t\t\t\t\t\t\t\t\t\t<a href=\"https:\/\/www.upo.es\/diario\/institucional\/2022\/04\/la-universidad-pablo-de-olavide-y-cruz-roja-sevilla-abordan-la-problematica-de-la-soledad-no-deseada-en-la-sociedad-actual\/\">\n\t\t\t\t\t\t\t<img decoding=\"async\" src=\"https:\/\/www.upo.es\/diario\/wp-content\/uploads\/2022\/04\/Present-Catedra-UPO-CruzRoja-2-scaled.jpg\" title=\"\" alt=\"\" loading=\"lazy\" \/>\t\t\t\t\t\t\t\t<\/a>\n\t\t\t\t\t\t\t\t\t\t\t\t\t<\/div>\n\t\t\t\t<\/div>\n\t\t\t\t<div class=\"elementor-element elementor-element-f2e0548 elementor-widget elementor-widget-text-editor\" data-id=\"f2e0548\" data-element_type=\"widget\" data-widget_type=\"text-editor.default\">\n\t\t\t\t<div class=\"elementor-widget-container\">\n\t\t\t\t\t\t\t<p>Diario UPO. 7 de abril de 2022.<b>\u00a0<a href=\"https:\/\/www.upo.es\/diario\/institucional\/2022\/04\/la-universidad-pablo-de-olavide-y-cruz-roja-sevilla-abordan-la-problematica-de-la-soledad-no-deseada-en-la-sociedad-actual\/\" data-wplink-edit=\"true\">La Universidad Pablo de Olavide y Cruz Roja Sevilla abordan la problem\u00e1tica de la soledad no deseada en la sociedad actual<\/a>.<\/b><\/p>\t\t\t\t\t\t<\/div>\n\t\t\t\t<\/div>\n\t\t\t\t\t<\/div>\n\t\t<\/div>\n\t\t\t\t<div class=\"elementor-column elementor-col-50 elementor-inner-column elementor-element elementor-element-ac4e39e\" data-id=\"ac4e39e\" data-element_type=\"column\">\n\t\t\t<div class=\"elementor-widget-wrap elementor-element-populated\">\n\t\t\t\t\t\t<div class=\"elementor-element elementor-element-5e847f4 elementor-widget elementor-widget-image\" data-id=\"5e847f4\" data-element_type=\"widget\" data-widget_type=\"image.default\">\n\t\t\t\t<div class=\"elementor-widget-container\">\n\t\t\t\t\t\t\t\t\t\t\t\t\t\t<a href=\"https:\/\/www.upo.es\/diario\/entrevista\/2022\/02\/con-esta-colaboracion-queremos-mejorar-la-vida-de-las-personas-y-familias-que-esten-o-se-puedan-encontrar-en-riesgo-de-soledad-no-deseada\/\">\n\t\t\t\t\t\t\t<img decoding=\"async\" width=\"1022\" height=\"890\" src=\"https:\/\/www.upo.es\/investiga\/demografia-salud\/wp-content\/uploads\/2022\/10\/Captura-de-pantalla-2022-10-12-a-las-21.52.32.png\" class=\"attachment-large size-large wp-image-1496\" alt=\"\" srcset=\"https:\/\/www.upo.es\/investiga\/demografia-salud\/wp-content\/uploads\/2022\/10\/Captura-de-pantalla-2022-10-12-a-las-21.52.32.png 1022w, https:\/\/www.upo.es\/investiga\/demografia-salud\/wp-content\/uploads\/2022\/10\/Captura-de-pantalla-2022-10-12-a-las-21.52.32-768x669.png 768w\" sizes=\"(max-width: 1022px) 100vw, 1022px\" \/>\t\t\t\t\t\t\t\t<\/a>\n\t\t\t\t\t\t\t\t\t\t\t\t\t<\/div>\n\t\t\t\t<\/div>\n\t\t\t\t<div class=\"elementor-element elementor-element-bc02c9d elementor-widget elementor-widget-text-editor\" data-id=\"bc02c9d\" data-element_type=\"widget\" data-widget_type=\"text-editor.default\">\n\t\t\t\t<div class=\"elementor-widget-container\">\n\t\t\t\t\t\t\t<p>elDiario.es. 23 de abril de 2022. <strong><a href=\"https:\/\/www.eldiario.es\/andalucia\/primera-catedra-europa-soledad-no-deseada-diagnostica-prevalencia-barrio-sevilla_1_8921060.html\" data-wplink-edit=\"true\">La primera c\u00e1tedra de Europa de soledad no deseada diagnostica su prevalencia en un barrio de Sevilla<\/a><\/strong>.<\/p>\t\t\t\t\t\t<\/div>\n\t\t\t\t<\/div>\n\t\t\t\t\t<\/div>\n\t\t<\/div>\n\t\t\t\t\t<\/div>\n\t\t<\/section>\n\t\t\t\t\t<\/div>\n\t\t<\/div>\n\t\t\t\t\t<\/div>\n\t\t<\/section>\n\t\t\t\t<\/div>\n\t\t","protected":false},"excerpt":{"rendered":"<p>Universidad pablo de olavide C\u00e1tedra Cruz Roja Sevilla en estudios sobre soledad no deseada C\u00c1TEDRA CRUZ ROJA SEVILLA EN ESTUDIOS SOBRE SOLEDAD NO DESEADA Enlace entre la sociedad y la Universidad A iniciativa del grupo PAIDI \u00abDemograf\u00eda e Investigaci\u00f3n Social en Salud\u00bb, se crea la C\u00e1tedra Cruz Roja Sevilla en estudios sobre soledad no deseada, [&hellip;]<\/p>\n","protected":false},"author":3,"featured_media":0,"parent":0,"menu_order":0,"comment_status":"closed","ping_status":"open","template":"","meta":{"footnotes":""},"class_list":["post-1451","page","type-page","status-publish","hentry"],"_links":{"self":[{"href":"https:\/\/www.upo.es\/investiga\/demografia-salud\/wp-json\/wp\/v2\/pages\/1451"}],"collection":[{"href":"https:\/\/www.upo.es\/investiga\/demografia-salud\/wp-json\/wp\/v2\/pages"}],"about":[{"href":"https:\/\/www.upo.es\/investiga\/demografia-salud\/wp-json\/wp\/v2\/types\/page"}],"author":[{"embeddable":true,"href":"https:\/\/www.upo.es\/investiga\/demografia-salud\/wp-json\/wp\/v2\/users\/3"}],"replies":[{"embeddable":true,"href":"https:\/\/www.upo.es\/investiga\/demografia-salud\/wp-json\/wp\/v2\/comments?post=1451"}],"version-history":[{"count":115,"href":"https:\/\/www.upo.es\/investiga\/demografia-salud\/wp-json\/wp\/v2\/pages\/1451\/revisions"}],"predecessor-version":[{"id":1784,"href":"https:\/\/www.upo.es\/investiga\/demografia-salud\/wp-json\/wp\/v2\/pages\/1451\/revisions\/1784"}],"wp:attachment":[{"href":"https:\/\/www.upo.es\/investiga\/demografia-salud\/wp-json\/wp\/v2\/media?parent=1451"}],"curies":[{"name":"wp","href":"https:\/\/api.w.org\/{rel}","templated":true}]}}