{"id":16,"date":"2023-10-27T09:06:54","date_gmt":"2023-10-27T09:06:54","guid":{"rendered":"https:\/\/www.upo.es\/investiga\/demospain\/?page_id=16"},"modified":"2025-07-29T12:11:00","modified_gmt":"2025-07-29T12:11:00","slug":"home","status":"publish","type":"page","link":"https:\/\/www.upo.es\/investiga\/demospain\/","title":{"rendered":"Home"},"content":{"rendered":"\n<div class=\"wp-block-cover is-light\" style=\"min-height:300px;aspect-ratio:unset;\"><img loading=\"lazy\" decoding=\"async\" width=\"2560\" height=\"1709\" class=\"wp-block-cover__image-background wp-image-84\" alt=\"\" src=\"https:\/\/www.upo.es\/investiga\/demospain\/wp-content\/uploads\/2023\/10\/435443563j6j-scaled-1.jpg\" style=\"object-position:50% 15%\" data-object-fit=\"cover\" data-object-position=\"50% 15%\" srcset=\"https:\/\/www.upo.es\/investiga\/demospain\/wp-content\/uploads\/2023\/10\/435443563j6j-scaled-1.jpg 2560w, https:\/\/www.upo.es\/investiga\/demospain\/wp-content\/uploads\/2023\/10\/435443563j6j-scaled-1-300x200.jpg 300w, https:\/\/www.upo.es\/investiga\/demospain\/wp-content\/uploads\/2023\/10\/435443563j6j-scaled-1-1024x684.jpg 1024w, https:\/\/www.upo.es\/investiga\/demospain\/wp-content\/uploads\/2023\/10\/435443563j6j-scaled-1-768x513.jpg 768w, https:\/\/www.upo.es\/investiga\/demospain\/wp-content\/uploads\/2023\/10\/435443563j6j-scaled-1-1536x1025.jpg 1536w, https:\/\/www.upo.es\/investiga\/demospain\/wp-content\/uploads\/2023\/10\/435443563j6j-scaled-1-2048x1367.jpg 2048w\" sizes=\"auto, (max-width: 2560px) 100vw, 2560px\" \/><span aria-hidden=\"true\" class=\"wp-block-cover__background has-background-dim-0 has-background-dim\"><\/span><div class=\"wp-block-cover__inner-container has-global-padding is-layout-constrained wp-block-cover-is-layout-constrained\">\n<p class=\"has-text-align-center has-large-font-size\"><\/p>\n<\/div><\/div>\n\n\n\n<div class=\"wp-block-group alignfull is-layout-flow wp-block-group-is-layout-flow\" style=\"margin-top:0;margin-bottom:0;padding-top:var(--wp--preset--spacing--60);padding-right:var(--wp--preset--spacing--30);padding-bottom:var(--wp--preset--spacing--60);padding-left:var(--wp--preset--spacing--30)\">\n<div class=\"wp-block-group has-global-padding is-layout-constrained wp-container-core-group-is-layout-25169a80 wp-block-group-is-layout-constrained\" style=\"padding-top:0;padding-right:0;padding-bottom:0;padding-left:0\">\n<h3 class=\"wp-block-heading has-dark-green-color has-text-color\" style=\"text-transform:uppercase\">Quienes somos<\/h3>\n\n\n\n<div class=\"wp-block-group has-global-padding is-layout-constrained wp-container-core-group-is-layout-1a93a8db wp-block-group-is-layout-constrained\" style=\"padding-right:0;padding-left:0\">\n<figure class=\"wp-block-video aligncenter\"><video height=\"1080\" style=\"aspect-ratio: 1920 \/ 1080;\" width=\"1920\" controls poster=\"https:\/\/www.upo.es\/investiga\/demospain\/wp-content\/uploads\/2024\/02\/demospain-video-thumbnail-1.jpg\" src=\"https:\/\/www.upo.es\/investiga\/demospain\/wp-content\/uploads\/2024\/02\/demospain-democracia-territorios-identidades.mp4\"><\/video><\/figure>\n<\/div>\n\n\n\n<p><strong>DEMOSPAIN<\/strong> es un Grupo de investigaci\u00f3n y difusi\u00f3n, integrado en el Sistema Andaluz de Conocimiento, con referencia SEJ-598. Radica en la <strong>Universidad Pablo de Olavide<\/strong>, a la cual pertenecen la mayor parte de sus integrantes.<\/p>\n\n\n\n<p>Dentro de <strong>DEMOSPAIN<\/strong> se agrupan varias&nbsp;<strong><a href=\"https:\/\/www.upo.es\/investiga\/demospain\/investigacion\/lineas\">l\u00edneas de investigaci\u00f3n<\/a><\/strong>, con un nexo com\u00fan en torno a la democracia, los territorios y las identidades. Estas l\u00edneas tocan temas sociales y pol\u00edticos relevantes para Espa\u00f1a y su contexto inmediato, que han dado lugar a diferentes proyectos competitivos \u2013tanto nacionales como internacionales-, tesis doctorales y un amplio n\u00famero de&nbsp;<strong><a href=\"https:\/\/www.upo.es\/investiga\/demospain\/investigacion\/publicaciones\/\">publicaciones acad\u00e9micas<\/a><\/strong>.<\/p>\n\n\n\n<p>No obstante,&nbsp;<strong><a href=\"https:\/\/www.upo.es\/investiga\/demospain\/equipo\/\">nuestro grupo<\/a><\/strong> surge tambi\u00e9n con la inquietud de poder trasladar nuestro trabajo y hallazgos a la sociedad en su conjunto, y transferir conocimiento a los agentes sociales y pol\u00edticos, con el objetivo de mejorar la sociedad en la que vivimos. Entre los aspectos sustantivos sobre los que trabajamos se encuentran las identidades nacionales y sus implicaciones sociales y pol\u00edticas, la identidad de g\u00e9nero, la ciencia y comportamientos medioambientales, los espacios rurales y las din\u00e1micas socio-territoriales, as\u00ed como la divulgaci\u00f3n cient\u00edfica.<\/p>\n\n\n\n<p>Puedes ponerte en contacto con nosotros a trav\u00e9s de<strong>&nbsp;<a href=\"mailto:demospain@upo.com\">demospain@upo.es<\/a><\/strong>&nbsp;y estaremos encantados de atenderte, tanto si eres estudiante o investigador y quieres involucrarte, como si eres una instituci\u00f3n y deseas saber m\u00e1s o recibir alg\u00fan tipo de apoyo por nuestra parte. En los diferentes apartados de esta web podr\u00e1s hacerte una idea m\u00e1s concreta de qui\u00e9nes somos y de nuestro trabajo.<\/p>\n<\/div>\n<\/div>\n\n\n\n<div class=\"wp-block-group alignfull has-light-grey-background-color has-background is-layout-flow wp-block-group-is-layout-flow\" style=\"margin-top:0;margin-bottom:0;padding-top:var(--wp--preset--spacing--60);padding-right:var(--wp--preset--spacing--30);padding-bottom:var(--wp--preset--spacing--60);padding-left:var(--wp--preset--spacing--30)\">\n<div class=\"wp-block-group has-global-padding is-layout-constrained wp-container-core-group-is-layout-0f107454 wp-block-group-is-layout-constrained\" style=\"padding-right:0;padding-left:0\">\n<h3 class=\"wp-block-heading alignwide has-dark-green-color has-text-color\" style=\"margin-bottom:var(--wp--preset--spacing--60);text-transform:uppercase\">Nuestro equipo<\/h3>\n\n\n\n<div class=\"wp-block-group team-members-row has-global-padding is-layout-constrained wp-block-group-is-layout-constrained\" style=\"margin-top:0;margin-bottom:0\">\n<div class=\"wp-block-group has-global-padding is-layout-constrained wp-container-core-group-is-layout-bfc7613b wp-block-group-is-layout-constrained\" style=\"margin-top:0;margin-bottom:20px;padding-right:0;padding-left:0\">\n<div class=\"wp-block-group img-container has-global-padding is-layout-constrained wp-block-group-is-layout-constrained\" style=\"margin-top:0;margin-bottom:0\">\n<figure class=\"wp-block-image size-full is-style-rounded\"><img loading=\"lazy\" decoding=\"async\" width=\"300\" height=\"300\" src=\"https:\/\/www.upo.es\/investiga\/demospain\/wp-content\/uploads\/2023\/10\/antonia_ruiz-e1527719510719-oppdn3ia41tpe0wh0ndnls35prup7pr2ncwu5pb2k8.jpg\" alt=\"\" class=\"wp-image-246\" srcset=\"https:\/\/www.upo.es\/investiga\/demospain\/wp-content\/uploads\/2023\/10\/antonia_ruiz-e1527719510719-oppdn3ia41tpe0wh0ndnls35prup7pr2ncwu5pb2k8.jpg 300w, https:\/\/www.upo.es\/investiga\/demospain\/wp-content\/uploads\/2023\/10\/antonia_ruiz-e1527719510719-oppdn3ia41tpe0wh0ndnls35prup7pr2ncwu5pb2k8-150x150.jpg 150w\" sizes=\"auto, (max-width: 300px) 100vw, 300px\" \/><\/figure>\n<\/div>\n\n\n\n<p class=\"has-text-align-center has-dark-green-color has-text-color has-link-color has-tiny-font-size wp-elements-270fd68b62c2e8683e7718b907500dd8\" style=\"margin-top:0;margin-bottom:0;font-style:normal;font-weight:600;text-transform:uppercase\"><a href=\"https:\/\/www.upo.es\/investiga\/demospain\/miembro\/antonia-maria-ruiz-jimenez\/\" data-type=\"miembro\" data-id=\"244\">Antonia Mar\u00eda Ruiz Jim\u00e9nez<\/a><\/p>\n<\/div>\n\n\n\n<div class=\"wp-block-group has-global-padding is-layout-constrained wp-container-core-group-is-layout-bfc7613b wp-block-group-is-layout-constrained\" style=\"margin-top:0;margin-bottom:20px;padding-right:0;padding-left:0\">\n<div class=\"wp-block-group img-container has-global-padding is-layout-constrained wp-block-group-is-layout-constrained\">\n<figure class=\"wp-block-image size-full is-style-rounded\"><img loading=\"lazy\" decoding=\"async\" width=\"300\" height=\"300\" src=\"https:\/\/www.upo.es\/investiga\/demospain\/wp-content\/uploads\/2023\/10\/manuelt_gonzalez.jpg\" alt=\"\" class=\"wp-image-251\" srcset=\"https:\/\/www.upo.es\/investiga\/demospain\/wp-content\/uploads\/2023\/10\/manuelt_gonzalez.jpg 300w, https:\/\/www.upo.es\/investiga\/demospain\/wp-content\/uploads\/2023\/10\/manuelt_gonzalez-150x150.jpg 150w\" sizes=\"auto, (max-width: 300px) 100vw, 300px\" \/><\/figure>\n<\/div>\n\n\n\n<p class=\"has-text-align-center has-dark-green-color has-text-color has-link-color has-tiny-font-size wp-elements-4c8d810f8f0307a3c5fc17b2581fed39\" style=\"margin-top:0;margin-bottom:0;font-style:normal;font-weight:600;text-transform:uppercase\"><a href=\"https:\/\/www.upo.es\/investiga\/demospain\/miembro\/manuel-tomas-gonzalez-fernandez\/\" data-type=\"miembro\" data-id=\"250\">Manuel Tom\u00e1s Gonz\u00e1lez Fern\u00e1ndez<\/a><\/p>\n<\/div>\n\n\n\n<div class=\"wp-block-group has-global-padding is-layout-constrained wp-container-core-group-is-layout-bfc7613b wp-block-group-is-layout-constrained\" style=\"margin-top:0;margin-bottom:20px;padding-right:0;padding-left:0\">\n<div class=\"wp-block-group img-container has-global-padding is-layout-constrained wp-block-group-is-layout-constrained\">\n<figure class=\"wp-block-image size-full is-style-rounded\"><img loading=\"lazy\" decoding=\"async\" width=\"300\" height=\"300\" src=\"https:\/\/www.upo.es\/investiga\/demospain\/wp-content\/uploads\/2023\/10\/josema_echavarren.jpg\" alt=\"\" class=\"wp-image-633\" srcset=\"https:\/\/www.upo.es\/investiga\/demospain\/wp-content\/uploads\/2023\/10\/josema_echavarren.jpg 300w, https:\/\/www.upo.es\/investiga\/demospain\/wp-content\/uploads\/2023\/10\/josema_echavarren-150x150.jpg 150w\" sizes=\"auto, (max-width: 300px) 100vw, 300px\" \/><\/figure>\n<\/div>\n\n\n\n<p class=\"has-text-align-center has-dark-green-color has-text-color has-link-color has-tiny-font-size wp-elements-f9f73a600b6aa254764f384141083d49\" style=\"margin-top:0;margin-bottom:0;font-style:normal;font-weight:600;text-transform:uppercase\"><a href=\"https:\/\/www.upo.es\/investiga\/demospain\/miembro\/jose-manuel-echavarren\/\" data-type=\"miembro\" data-id=\"252\">Jos\u00e9 Manuel Echavarren<\/a><\/p>\n<\/div>\n\n\n\n<div class=\"wp-block-group has-global-padding is-layout-constrained wp-container-core-group-is-layout-bfc7613b wp-block-group-is-layout-constrained\" style=\"margin-top:0;margin-bottom:20px;padding-right:0;padding-left:0\">\n<div class=\"wp-block-group img-container has-global-padding is-layout-constrained wp-block-group-is-layout-constrained\">\n<figure class=\"wp-block-image size-full is-style-rounded\"><img loading=\"lazy\" decoding=\"async\" width=\"300\" height=\"300\" src=\"https:\/\/www.upo.es\/investiga\/demospain\/wp-content\/uploads\/2023\/10\/luis_navarro.jpg\" alt=\"\" class=\"wp-image-634\" srcset=\"https:\/\/www.upo.es\/investiga\/demospain\/wp-content\/uploads\/2023\/10\/luis_navarro.jpg 300w, https:\/\/www.upo.es\/investiga\/demospain\/wp-content\/uploads\/2023\/10\/luis_navarro-150x150.jpg 150w\" sizes=\"auto, (max-width: 300px) 100vw, 300px\" \/><\/figure>\n<\/div>\n\n\n\n<p class=\"has-text-align-center has-dark-green-color has-text-color has-link-color has-tiny-font-size wp-elements-2129ba044a1a3196f974b0df8145c194\" style=\"margin-top:0;margin-bottom:0;font-style:normal;font-weight:600;text-transform:uppercase\"><a href=\"https:\/\/www.upo.es\/investiga\/demospain\/miembro\/luis-navarro-ardoy\/\" data-type=\"miembro\" data-id=\"253\">Luis Navarro Ardoy<\/a><\/p>\n<\/div>\n\n\n\n<div class=\"wp-block-group has-global-padding is-layout-constrained wp-container-core-group-is-layout-bfc7613b wp-block-group-is-layout-constrained\" style=\"margin-top:0;margin-bottom:20px;padding-right:0;padding-left:0\">\n<div class=\"wp-block-group img-container has-global-padding is-layout-constrained wp-block-group-is-layout-constrained\">\n<figure class=\"wp-block-image size-full is-style-rounded\"><img loading=\"lazy\" decoding=\"async\" width=\"572\" height=\"574\" src=\"https:\/\/www.upo.es\/investiga\/demospain\/wp-content\/uploads\/2023\/10\/elena-ferri-1.jpg\" alt=\"\" class=\"wp-image-4708\" srcset=\"https:\/\/www.upo.es\/investiga\/demospain\/wp-content\/uploads\/2023\/10\/elena-ferri-1.jpg 572w, https:\/\/www.upo.es\/investiga\/demospain\/wp-content\/uploads\/2023\/10\/elena-ferri-1-300x300.jpg 300w, https:\/\/www.upo.es\/investiga\/demospain\/wp-content\/uploads\/2023\/10\/elena-ferri-1-150x150.jpg 150w\" sizes=\"auto, (max-width: 572px) 100vw, 572px\" \/><\/figure>\n<\/div>\n\n\n\n<p class=\"has-text-align-center has-dark-green-color has-text-color has-link-color has-tiny-font-size wp-elements-a27e2b01a742838239b3aa540d69f5b2\" style=\"margin-top:0;margin-bottom:0;font-style:normal;font-weight:600;text-transform:uppercase\"><a href=\"https:\/\/www.upo.es\/investiga\/demospain\/miembro\/elena-ferri-fuentevilla\/\" data-type=\"miembro\" data-id=\"254\">Elena Ferri Fuentevilla<\/a><\/p>\n<\/div>\n<\/div>\n\n\n\n<div class=\"wp-block-group team-members-row has-global-padding is-layout-constrained wp-block-group-is-layout-constrained\" style=\"margin-top:0;margin-bottom:0\">\n<div class=\"wp-block-group has-global-padding is-layout-constrained wp-container-core-group-is-layout-bfc7613b wp-block-group-is-layout-constrained\" style=\"margin-top:0;margin-bottom:20px;padding-right:0;padding-left:0\">\n<div class=\"wp-block-group img-container has-global-padding is-layout-constrained wp-block-group-is-layout-constrained\">\n<figure class=\"wp-block-image size-full is-style-rounded\"><img loading=\"lazy\" decoding=\"async\" width=\"393\" height=\"496\" src=\"https:\/\/www.upo.es\/investiga\/demospain\/wp-content\/uploads\/2023\/10\/pablo-ortiz.jpg\" alt=\"\" class=\"wp-image-4558\" srcset=\"https:\/\/www.upo.es\/investiga\/demospain\/wp-content\/uploads\/2023\/10\/pablo-ortiz.jpg 393w, https:\/\/www.upo.es\/investiga\/demospain\/wp-content\/uploads\/2023\/10\/pablo-ortiz-238x300.jpg 238w\" sizes=\"auto, (max-width: 393px) 100vw, 393px\" \/><\/figure>\n<\/div>\n\n\n\n<p class=\"has-text-align-center has-dark-green-color has-text-color has-link-color has-tiny-font-size wp-elements-5e2162f56b5fa05d76d4431a2660932a\" style=\"margin-top:0;margin-bottom:0;font-style:normal;font-weight:600;text-transform:uppercase\"><a href=\"https:\/\/www.upo.es\/investiga\/demospain\/miembro\/pablo-ortiz-barquero\/\" data-type=\"miembro\" data-id=\"297\">Pablo Ortiz Barquero<\/a><\/p>\n<\/div>\n\n\n\n<div class=\"wp-block-group has-global-padding is-layout-constrained wp-container-core-group-is-layout-bfc7613b wp-block-group-is-layout-constrained\" style=\"margin-top:0;margin-bottom:20px;padding-right:0;padding-left:0\">\n<div class=\"wp-block-group img-container has-global-padding is-layout-constrained wp-block-group-is-layout-constrained\">\n<figure class=\"wp-block-image size-full is-style-rounded\"><img loading=\"lazy\" decoding=\"async\" width=\"481\" height=\"481\" src=\"https:\/\/www.upo.es\/investiga\/demospain\/wp-content\/uploads\/2023\/10\/Informacion-equipo-que-faltaba_html_fe7cd39954bf415a.jpg\" alt=\"\" class=\"wp-image-4562\" srcset=\"https:\/\/www.upo.es\/investiga\/demospain\/wp-content\/uploads\/2023\/10\/Informacion-equipo-que-faltaba_html_fe7cd39954bf415a.jpg 481w, https:\/\/www.upo.es\/investiga\/demospain\/wp-content\/uploads\/2023\/10\/Informacion-equipo-que-faltaba_html_fe7cd39954bf415a-300x300.jpg 300w, https:\/\/www.upo.es\/investiga\/demospain\/wp-content\/uploads\/2023\/10\/Informacion-equipo-que-faltaba_html_fe7cd39954bf415a-150x150.jpg 150w\" sizes=\"auto, (max-width: 481px) 100vw, 481px\" \/><\/figure>\n<\/div>\n\n\n\n<p class=\"has-text-align-center has-dark-green-color has-text-color has-link-color has-tiny-font-size wp-elements-5b51b743233b7cce3c97f9244372cd28\" style=\"margin-top:0;margin-bottom:0;font-style:normal;font-weight:600;text-transform:uppercase\"><a href=\"https:\/\/www.upo.es\/investiga\/demospain\/miembro\/inmaculada-montero-logrono\/\" data-type=\"miembro\" data-id=\"664\">Inmaculada Montero Logro\u00f1o<\/a><\/p>\n<\/div>\n\n\n\n<div class=\"wp-block-group has-global-padding is-layout-constrained wp-container-core-group-is-layout-bfc7613b wp-block-group-is-layout-constrained\" style=\"margin-top:0;margin-bottom:20px;padding-right:0;padding-left:0\">\n<div class=\"wp-block-group img-container has-global-padding is-layout-constrained wp-block-group-is-layout-constrained\">\n<figure class=\"wp-block-image size-full is-style-rounded\"><img loading=\"lazy\" decoding=\"async\" width=\"313\" height=\"313\" src=\"https:\/\/www.upo.es\/investiga\/demospain\/wp-content\/uploads\/2023\/10\/daniel-romero.jpg\" alt=\"\" class=\"wp-image-315\" srcset=\"https:\/\/www.upo.es\/investiga\/demospain\/wp-content\/uploads\/2023\/10\/daniel-romero.jpg 313w, https:\/\/www.upo.es\/investiga\/demospain\/wp-content\/uploads\/2023\/10\/daniel-romero-300x300.jpg 300w, https:\/\/www.upo.es\/investiga\/demospain\/wp-content\/uploads\/2023\/10\/daniel-romero-150x150.jpg 150w\" sizes=\"auto, (max-width: 313px) 100vw, 313px\" \/><\/figure>\n<\/div>\n\n\n\n<p class=\"has-text-align-center has-dark-green-color has-text-color has-link-color has-tiny-font-size wp-elements-e47e36014040174592a197579133267c\" style=\"margin-top:0;margin-bottom:0;font-style:normal;font-weight:600;text-transform:uppercase\"><a href=\"https:\/\/www.upo.es\/investiga\/demospain\/miembro\/daniel-romero-portillo\/\" data-type=\"miembro\" data-id=\"298\">Daniel Romero Portillo<\/a><\/p>\n<\/div>\n\n\n\n<div class=\"wp-block-group has-global-padding is-layout-constrained wp-container-core-group-is-layout-bfc7613b wp-block-group-is-layout-constrained\" style=\"margin-top:0;margin-bottom:20px;padding-right:0;padding-left:0\">\n<div class=\"wp-block-group img-container has-global-padding is-layout-constrained wp-block-group-is-layout-constrained\">\n<figure class=\"wp-block-image size-full is-style-rounded\"><img loading=\"lazy\" decoding=\"async\" width=\"299\" height=\"300\" src=\"https:\/\/www.upo.es\/investiga\/demospain\/wp-content\/uploads\/2023\/10\/javier-aguila.jpg\" alt=\"\" class=\"wp-image-313\" srcset=\"https:\/\/www.upo.es\/investiga\/demospain\/wp-content\/uploads\/2023\/10\/javier-aguila.jpg 299w, https:\/\/www.upo.es\/investiga\/demospain\/wp-content\/uploads\/2023\/10\/javier-aguila-150x150.jpg 150w\" sizes=\"auto, (max-width: 299px) 100vw, 299px\" \/><\/figure>\n<\/div>\n\n\n\n<p class=\"has-text-align-center has-dark-green-color has-text-color has-link-color has-tiny-font-size wp-elements-5016391ae083c270a210a916fbba8e3d\" style=\"margin-top:0;margin-bottom:0;font-style:normal;font-weight:600;text-transform:uppercase\"><a href=\"https:\/\/www.upo.es\/investiga\/demospain\/miembro\/javier-aguila-diaz\/\" data-type=\"miembro\" data-id=\"299\">Javier \u00c1guila D\u00edaz<\/a><\/p>\n<\/div>\n<\/div>\n\n\n\n<div class=\"wp-block-group team-members-row has-global-padding is-layout-constrained wp-block-group-is-layout-constrained\" style=\"margin-top:0;margin-bottom:0\">\n<div class=\"wp-block-group has-global-padding is-layout-constrained wp-container-core-group-is-layout-bfc7613b wp-block-group-is-layout-constrained\" style=\"margin-top:0;margin-bottom:20px;padding-right:0;padding-left:0\">\n<div class=\"wp-block-group img-container has-global-padding is-layout-constrained wp-block-group-is-layout-constrained\">\n<figure class=\"wp-block-image size-full is-style-rounded\"><img loading=\"lazy\" decoding=\"async\" width=\"478\" height=\"476\" src=\"https:\/\/www.upo.es\/investiga\/demospain\/wp-content\/uploads\/2023\/10\/daniel-valdivia-1.jpg\" alt=\"\" class=\"wp-image-4709\" srcset=\"https:\/\/www.upo.es\/investiga\/demospain\/wp-content\/uploads\/2023\/10\/daniel-valdivia-1.jpg 478w, https:\/\/www.upo.es\/investiga\/demospain\/wp-content\/uploads\/2023\/10\/daniel-valdivia-1-300x300.jpg 300w, https:\/\/www.upo.es\/investiga\/demospain\/wp-content\/uploads\/2023\/10\/daniel-valdivia-1-150x150.jpg 150w\" sizes=\"auto, (max-width: 478px) 100vw, 478px\" \/><\/figure>\n<\/div>\n\n\n\n<p class=\"has-text-align-center has-dark-green-color has-text-color has-link-color has-tiny-font-size wp-elements-f081a02520bb5dcab70822d786f4f0bd\" style=\"margin-top:0;margin-bottom:0;font-style:normal;font-weight:600;text-transform:uppercase\"><a href=\"https:\/\/www.upo.es\/investiga\/demospain\/miembro\/daniel-valdivia-alonso\/\" data-type=\"miembro\" data-id=\"300\">Daniel Valdivia Alonso<\/a><\/p>\n<\/div>\n\n\n\n<div class=\"wp-block-group has-global-padding is-layout-constrained wp-container-core-group-is-layout-bfc7613b wp-block-group-is-layout-constrained\" style=\"margin-top:0;margin-bottom:20px;padding-right:0;padding-left:0\">\n<div class=\"wp-block-group img-container has-global-padding is-layout-constrained wp-block-group-is-layout-constrained\">\n<figure class=\"wp-block-image size-full is-style-rounded\"><img loading=\"lazy\" decoding=\"async\" width=\"560\" height=\"890\" src=\"https:\/\/www.upo.es\/investiga\/demospain\/wp-content\/uploads\/2023\/10\/rafael-zambrana.jpg\" alt=\"\" class=\"wp-image-4713\" srcset=\"https:\/\/www.upo.es\/investiga\/demospain\/wp-content\/uploads\/2023\/10\/rafael-zambrana.jpg 560w, https:\/\/www.upo.es\/investiga\/demospain\/wp-content\/uploads\/2023\/10\/rafael-zambrana-189x300.jpg 189w\" sizes=\"auto, (max-width: 560px) 100vw, 560px\" \/><\/figure>\n<\/div>\n\n\n\n<p class=\"has-text-align-center has-dark-green-color has-text-color has-link-color has-tiny-font-size wp-elements-50033f751425451914441883835e3f9c\" style=\"margin-top:0;margin-bottom:0;font-style:normal;font-weight:600;text-transform:uppercase\"><a href=\"https:\/\/www.upo.es\/investiga\/demospain\/miembro\/rafael-andres-zambrana-perez\/\" data-type=\"miembro\" data-id=\"4559\">Rafael Andr\u00e9s Zambrana P\u00e9rez<\/a><\/p>\n<\/div>\n\n\n\n<div class=\"wp-block-group has-global-padding is-layout-constrained wp-container-core-group-is-layout-bfc7613b wp-block-group-is-layout-constrained\" style=\"margin-top:0;margin-bottom:20px;padding-right:0;padding-left:0\">\n<div class=\"wp-block-group img-container has-global-padding is-layout-constrained wp-block-group-is-layout-constrained\">\n<figure class=\"wp-block-image size-full is-style-rounded\"><img loading=\"lazy\" decoding=\"async\" width=\"600\" height=\"750\" src=\"https:\/\/www.upo.es\/investiga\/demospain\/wp-content\/uploads\/2025\/07\/marta-hernandez-palomo-pena.webp\" alt=\"\" class=\"wp-image-4892\" srcset=\"https:\/\/www.upo.es\/investiga\/demospain\/wp-content\/uploads\/2025\/07\/marta-hernandez-palomo-pena.webp 600w, https:\/\/www.upo.es\/investiga\/demospain\/wp-content\/uploads\/2025\/07\/marta-hernandez-palomo-pena-240x300.webp 240w\" sizes=\"auto, (max-width: 600px) 100vw, 600px\" \/><\/figure>\n<\/div>\n\n\n\n<p class=\"has-text-align-center has-dark-green-color has-text-color has-link-color has-tiny-font-size wp-elements-1d87f25cee6a52263a1b9c8f1fefd160\" style=\"margin-top:0;margin-bottom:0;font-style:normal;font-weight:600;text-transform:uppercase\"><a href=\"https:\/\/www.upo.es\/investiga\/demospain\/miembro\/marta-hernandez-palomo-pena\/\" data-type=\"miembro\" data-id=\"4891\">Marta Hern\u00e1ndez-Palomo Pe\u00f1a<\/a><\/p>\n<\/div>\n\n\n\n<div class=\"wp-block-group has-global-padding is-layout-constrained wp-container-core-group-is-layout-bfc7613b wp-block-group-is-layout-constrained\" style=\"margin-top:0;margin-bottom:20px;padding-right:0;padding-left:0\">\n<div class=\"wp-block-group img-container has-global-padding is-layout-constrained wp-block-group-is-layout-constrained\">\n<figure class=\"wp-block-image size-full is-style-rounded\"><img loading=\"lazy\" decoding=\"async\" width=\"532\" height=\"666\" src=\"https:\/\/www.upo.es\/investiga\/demospain\/wp-content\/uploads\/2025\/07\/luz-maria-gonzalez-soriano.webp\" alt=\"\" class=\"wp-image-4894\" srcset=\"https:\/\/www.upo.es\/investiga\/demospain\/wp-content\/uploads\/2025\/07\/luz-maria-gonzalez-soriano.webp 532w, https:\/\/www.upo.es\/investiga\/demospain\/wp-content\/uploads\/2025\/07\/luz-maria-gonzalez-soriano-240x300.webp 240w\" sizes=\"auto, (max-width: 532px) 100vw, 532px\" \/><\/figure>\n<\/div>\n\n\n\n<p class=\"has-text-align-center has-dark-green-color has-text-color has-link-color has-tiny-font-size wp-elements-0331e280b703df5f5ec43339c7bebb45\" style=\"margin-top:0;margin-bottom:0;font-style:normal;font-weight:600;text-transform:uppercase\"><a href=\"https:\/\/www.upo.es\/investiga\/demospain\/miembro\/luz-maria-gonzalez-soriano\/\" data-type=\"miembro\" data-id=\"4893\">Luz Mar\u00eda Gonz\u00e1lez Soriano<\/a><\/p>\n<\/div>\n<\/div>\n\n\n\n<div class=\"wp-block-buttons alignwide is-content-justification-center is-layout-flex wp-container-core-buttons-is-layout-d2a3880e wp-block-buttons-is-layout-flex\" style=\"margin-top:var(--wp--preset--spacing--30);text-transform:uppercase\">\n<div class=\"wp-block-button\"><a class=\"wp-block-button__link wp-element-button\" href=\"https:\/\/www.upo.es\/investiga\/demospain\/equipo\/\">Ver perfiles<\/a><\/div>\n<\/div>\n<\/div>\n<\/div>\n","protected":false},"excerpt":{"rendered":"<p>Quienes somos DEMOSPAIN es un Grupo de investigaci\u00f3n y difusi\u00f3n, integrado en el Sistema Andaluz de Conocimiento, con referencia SEJ-598. Radica en la Universidad Pablo de Olavide, a la cual pertenecen la mayor parte de sus integrantes. Dentro de DEMOSPAIN se agrupan varias&nbsp;l\u00edneas de investigaci\u00f3n, con un nexo com\u00fan en torno a la democracia, los [&hellip;]<\/p>\n","protected":false},"author":1,"featured_media":0,"parent":0,"menu_order":0,"comment_status":"closed","ping_status":"closed","template":"","meta":{"inline_featured_image":false,"footnotes":""},"class_list":["post-16","page","type-page","status-publish","hentry"],"_links":{"self":[{"href":"https:\/\/www.upo.es\/investiga\/demospain\/wp-json\/wp\/v2\/pages\/16","targetHints":{"allow":["GET"]}}],"collection":[{"href":"https:\/\/www.upo.es\/investiga\/demospain\/wp-json\/wp\/v2\/pages"}],"about":[{"href":"https:\/\/www.upo.es\/investiga\/demospain\/wp-json\/wp\/v2\/types\/page"}],"author":[{"embeddable":true,"href":"https:\/\/www.upo.es\/investiga\/demospain\/wp-json\/wp\/v2\/users\/1"}],"replies":[{"embeddable":true,"href":"https:\/\/www.upo.es\/investiga\/demospain\/wp-json\/wp\/v2\/comments?post=16"}],"version-history":[{"count":121,"href":"https:\/\/www.upo.es\/investiga\/demospain\/wp-json\/wp\/v2\/pages\/16\/revisions"}],"predecessor-version":[{"id":4896,"href":"https:\/\/www.upo.es\/investiga\/demospain\/wp-json\/wp\/v2\/pages\/16\/revisions\/4896"}],"wp:attachment":[{"href":"https:\/\/www.upo.es\/investiga\/demospain\/wp-json\/wp\/v2\/media?parent=16"}],"curies":[{"name":"wp","href":"https:\/\/api.w.org\/{rel}","templated":true}]}}