{"id":22,"date":"2023-10-27T09:07:47","date_gmt":"2023-10-27T09:07:47","guid":{"rendered":"https:\/\/www.upo.es\/investiga\/demospain\/?page_id=22"},"modified":"2024-04-02T11:01:36","modified_gmt":"2024-04-02T11:01:36","slug":"lineas","status":"publish","type":"page","link":"https:\/\/www.upo.es\/investiga\/demospain\/lineas\/","title":{"rendered":"Lineas de investigaci\u00f3n"},"content":{"rendered":"\n<div class=\"wp-block-cover alignwide lineas-banner wp-duotone-green-forest\" style=\"padding-right:var(--wp--preset--spacing--50);padding-left:var(--wp--preset--spacing--50);min-height:200px;aspect-ratio:unset;\"><span aria-hidden=\"true\" class=\"wp-block-cover__background has-background-dim-20 has-background-dim\"><\/span><img loading=\"lazy\" decoding=\"async\" width=\"1920\" height=\"624\" class=\"wp-block-cover__image-background wp-image-493\" alt=\"\" src=\"https:\/\/www.upo.es\/investiga\/demospain\/wp-content\/uploads\/2023\/11\/manifestacion-feminista-zaragoza.jpg\" data-object-fit=\"cover\" srcset=\"https:\/\/www.upo.es\/investiga\/demospain\/wp-content\/uploads\/2023\/11\/manifestacion-feminista-zaragoza.jpg 1920w, https:\/\/www.upo.es\/investiga\/demospain\/wp-content\/uploads\/2023\/11\/manifestacion-feminista-zaragoza-300x98.jpg 300w, https:\/\/www.upo.es\/investiga\/demospain\/wp-content\/uploads\/2023\/11\/manifestacion-feminista-zaragoza-1024x333.jpg 1024w, https:\/\/www.upo.es\/investiga\/demospain\/wp-content\/uploads\/2023\/11\/manifestacion-feminista-zaragoza-768x250.jpg 768w, https:\/\/www.upo.es\/investiga\/demospain\/wp-content\/uploads\/2023\/11\/manifestacion-feminista-zaragoza-1536x499.jpg 1536w\" sizes=\"auto, (max-width: 1920px) 100vw, 1920px\" \/><div class=\"wp-block-cover__inner-container has-global-padding is-layout-constrained wp-container-core-cover-is-layout-11c1ca01 wp-block-cover-is-layout-constrained\">\n<div class=\"wp-block-group alignwide has-background-color has-text-color is-layout-flow wp-block-group-is-layout-flow\" style=\"border-left-width:8px;margin-top:var(--wp--preset--spacing--50);margin-bottom:var(--wp--preset--spacing--50);padding-right:0;padding-left:var(--wp--preset--spacing--30)\">\n<h2 class=\"wp-block-heading has-oswald-font-family has-large-font-size\" style=\"margin-top:0;margin-bottom:0;font-style:normal;font-weight:800;text-transform:uppercase\"><a href=\"https:\/\/www.upo.es\/investiga\/demospain\/lineas\/discursos-antigenero\/\" data-type=\"page\" data-id=\"144\">Discursos Antig\u00e9nero en Partidos de Extrema Derecha<\/a><\/h2>\n<\/div>\n<\/div><\/div>\n\n\n\n<div class=\"wp-block-cover alignwide lineas-banner wp-duotone-green-forest\" style=\"padding-right:var(--wp--preset--spacing--50);padding-left:var(--wp--preset--spacing--50);min-height:200px;aspect-ratio:unset;\"><span aria-hidden=\"true\" class=\"wp-block-cover__background has-background-dim-20 has-background-dim\"><\/span><img loading=\"lazy\" decoding=\"async\" width=\"1920\" height=\"746\" class=\"wp-block-cover__image-background wp-image-4452\" alt=\"\" src=\"https:\/\/www.upo.es\/investiga\/demospain\/wp-content\/uploads\/2023\/12\/nacionalismo-espanol.jpg\" data-object-fit=\"cover\" srcset=\"https:\/\/www.upo.es\/investiga\/demospain\/wp-content\/uploads\/2023\/12\/nacionalismo-espanol.jpg 1920w, https:\/\/www.upo.es\/investiga\/demospain\/wp-content\/uploads\/2023\/12\/nacionalismo-espanol-300x117.jpg 300w, https:\/\/www.upo.es\/investiga\/demospain\/wp-content\/uploads\/2023\/12\/nacionalismo-espanol-1024x398.jpg 1024w, https:\/\/www.upo.es\/investiga\/demospain\/wp-content\/uploads\/2023\/12\/nacionalismo-espanol-768x298.jpg 768w, https:\/\/www.upo.es\/investiga\/demospain\/wp-content\/uploads\/2023\/12\/nacionalismo-espanol-1536x597.jpg 1536w\" sizes=\"auto, (max-width: 1920px) 100vw, 1920px\" \/><div class=\"wp-block-cover__inner-container has-global-padding is-layout-constrained wp-container-core-cover-is-layout-11c1ca01 wp-block-cover-is-layout-constrained\">\n<div class=\"wp-block-group alignwide has-background-color has-text-color is-layout-flow wp-block-group-is-layout-flow\" style=\"border-left-width:8px;margin-top:var(--wp--preset--spacing--50);margin-bottom:var(--wp--preset--spacing--50);padding-right:0;padding-left:var(--wp--preset--spacing--30)\">\n<h2 class=\"wp-block-heading has-oswald-font-family has-large-font-size\" style=\"margin-top:0;margin-bottom:0;font-style:normal;font-weight:800;text-transform:uppercase\"><a href=\"https:\/\/www.upo.es\/investiga\/demospain\/lineas\/nacionalismo-espanol\/\" data-type=\"page\" data-id=\"152\">Nacionalismo Espa\u00f1ol<\/a><\/h2>\n<\/div>\n<\/div><\/div>\n\n\n\n<div class=\"wp-block-cover alignwide lineas-banner wp-duotone-green-forest\" style=\"padding-right:var(--wp--preset--spacing--50);padding-left:var(--wp--preset--spacing--50);min-height:200px;aspect-ratio:unset;\"><span aria-hidden=\"true\" class=\"wp-block-cover__background has-background-dim-20 has-background-dim\"><\/span><img loading=\"lazy\" decoding=\"async\" width=\"1920\" height=\"960\" class=\"wp-block-cover__image-background wp-image-4517\" alt=\"\" src=\"https:\/\/www.upo.es\/investiga\/demospain\/wp-content\/uploads\/2024\/01\/gente-joven.jpg\" style=\"object-position:57% 90%\" data-object-fit=\"cover\" data-object-position=\"57% 90%\" srcset=\"https:\/\/www.upo.es\/investiga\/demospain\/wp-content\/uploads\/2024\/01\/gente-joven.jpg 1920w, https:\/\/www.upo.es\/investiga\/demospain\/wp-content\/uploads\/2024\/01\/gente-joven-300x150.jpg 300w, https:\/\/www.upo.es\/investiga\/demospain\/wp-content\/uploads\/2024\/01\/gente-joven-1024x512.jpg 1024w, https:\/\/www.upo.es\/investiga\/demospain\/wp-content\/uploads\/2024\/01\/gente-joven-768x384.jpg 768w, https:\/\/www.upo.es\/investiga\/demospain\/wp-content\/uploads\/2024\/01\/gente-joven-1536x768.jpg 1536w\" sizes=\"auto, (max-width: 1920px) 100vw, 1920px\" \/><div class=\"wp-block-cover__inner-container has-global-padding is-layout-constrained wp-container-core-cover-is-layout-11c1ca01 wp-block-cover-is-layout-constrained\">\n<div class=\"wp-block-group alignwide has-background-color has-text-color is-layout-flow wp-block-group-is-layout-flow\" style=\"border-left-width:8px;margin-top:var(--wp--preset--spacing--50);margin-bottom:var(--wp--preset--spacing--50);padding-right:0;padding-left:var(--wp--preset--spacing--30)\">\n<h2 class=\"wp-block-heading has-oswald-font-family has-large-font-size\" style=\"margin-top:0;margin-bottom:0;font-style:normal;font-weight:800;text-transform:uppercase\"><a href=\"https:\/\/www.upo.es\/investiga\/demospain\/lineas\/juventud-empleo\/\" data-type=\"page\" data-id=\"154\">Pol\u00edticas P\u00fablica de Empleo para la Juventud<\/a><\/h2>\n<\/div>\n<\/div><\/div>\n\n\n\n<div class=\"wp-block-cover alignwide lineas-banner wp-duotone-green-forest\" style=\"padding-right:var(--wp--preset--spacing--50);padding-left:var(--wp--preset--spacing--50);min-height:200px;aspect-ratio:unset;\"><span aria-hidden=\"true\" class=\"wp-block-cover__background has-background-dim-20 has-background-dim\"><\/span><img loading=\"lazy\" decoding=\"async\" width=\"1920\" height=\"960\" class=\"wp-block-cover__image-background wp-image-4455\" alt=\"\" src=\"https:\/\/www.upo.es\/investiga\/demospain\/wp-content\/uploads\/2023\/12\/cola-empleo.jpg\" style=\"object-position:59% 15%\" data-object-fit=\"cover\" data-object-position=\"59% 15%\" srcset=\"https:\/\/www.upo.es\/investiga\/demospain\/wp-content\/uploads\/2023\/12\/cola-empleo.jpg 1920w, https:\/\/www.upo.es\/investiga\/demospain\/wp-content\/uploads\/2023\/12\/cola-empleo-300x150.jpg 300w, https:\/\/www.upo.es\/investiga\/demospain\/wp-content\/uploads\/2023\/12\/cola-empleo-1024x512.jpg 1024w, https:\/\/www.upo.es\/investiga\/demospain\/wp-content\/uploads\/2023\/12\/cola-empleo-768x384.jpg 768w, https:\/\/www.upo.es\/investiga\/demospain\/wp-content\/uploads\/2023\/12\/cola-empleo-1536x768.jpg 1536w\" sizes=\"auto, (max-width: 1920px) 100vw, 1920px\" \/><div class=\"wp-block-cover__inner-container has-global-padding is-layout-constrained wp-container-core-cover-is-layout-11c1ca01 wp-block-cover-is-layout-constrained\">\n<div class=\"wp-block-group alignwide has-background-color has-text-color is-layout-flow wp-block-group-is-layout-flow\" style=\"border-left-width:8px;margin-top:var(--wp--preset--spacing--50);margin-bottom:var(--wp--preset--spacing--50);padding-right:0;padding-left:var(--wp--preset--spacing--30)\">\n<h2 class=\"wp-block-heading has-oswald-font-family has-large-font-size\" style=\"margin-top:0;margin-bottom:0;font-style:normal;font-weight:800;text-transform:uppercase\"><a href=\"https:\/\/www.upo.es\/investiga\/demospain\/lineas\/nacionalismo-bienestar\/\" data-type=\"page\" data-id=\"150\">Nacionalismo Banal y del Bienestar<\/a><\/h2>\n<\/div>\n<\/div><\/div>\n\n\n\n<div class=\"wp-block-cover alignwide lineas-banner wp-duotone-green-forest-invert\" style=\"padding-right:var(--wp--preset--spacing--50);padding-left:var(--wp--preset--spacing--50);min-height:200px;aspect-ratio:unset;\"><span aria-hidden=\"true\" class=\"wp-block-cover__background has-background-dim-20 has-background-dim\"><\/span><img loading=\"lazy\" decoding=\"async\" width=\"2000\" height=\"940\" class=\"wp-block-cover__image-background wp-image-139\" alt=\"\" src=\"https:\/\/www.upo.es\/investiga\/demospain\/wp-content\/uploads\/2023\/10\/mohit-inuKuQiLL5M-unsplash.jpg\" data-object-fit=\"cover\" srcset=\"https:\/\/www.upo.es\/investiga\/demospain\/wp-content\/uploads\/2023\/10\/mohit-inuKuQiLL5M-unsplash.jpg 2000w, https:\/\/www.upo.es\/investiga\/demospain\/wp-content\/uploads\/2023\/10\/mohit-inuKuQiLL5M-unsplash-300x141.jpg 300w, https:\/\/www.upo.es\/investiga\/demospain\/wp-content\/uploads\/2023\/10\/mohit-inuKuQiLL5M-unsplash-1024x481.jpg 1024w, https:\/\/www.upo.es\/investiga\/demospain\/wp-content\/uploads\/2023\/10\/mohit-inuKuQiLL5M-unsplash-768x361.jpg 768w, https:\/\/www.upo.es\/investiga\/demospain\/wp-content\/uploads\/2023\/10\/mohit-inuKuQiLL5M-unsplash-1536x722.jpg 1536w\" sizes=\"auto, (max-width: 2000px) 100vw, 2000px\" \/><div class=\"wp-block-cover__inner-container has-global-padding is-layout-constrained wp-container-core-cover-is-layout-11c1ca01 wp-block-cover-is-layout-constrained\">\n<div class=\"wp-block-group alignwide has-background-color has-text-color is-layout-flow wp-block-group-is-layout-flow\" style=\"border-left-width:8px;margin-top:var(--wp--preset--spacing--50);margin-bottom:var(--wp--preset--spacing--50);padding-right:0;padding-left:var(--wp--preset--spacing--30)\">\n<h2 class=\"wp-block-heading has-oswald-font-family has-large-font-size\" style=\"margin-top:0;margin-bottom:0;font-style:normal;font-weight:800;text-transform:uppercase\"><a href=\"https:\/\/www.upo.es\/investiga\/demospain\/lineas\/sociologia-rural\/\" data-type=\"page\" data-id=\"28\">Sociolog\u00eda Rural. Sociedad y Territorio<\/a><\/h2>\n<\/div>\n<\/div><\/div>\n\n\n\n<div class=\"wp-block-cover alignwide lineas-banner wp-duotone-green-forest\" style=\"padding-right:var(--wp--preset--spacing--50);padding-left:var(--wp--preset--spacing--50);min-height:200px;aspect-ratio:unset;\"><span aria-hidden=\"true\" class=\"wp-block-cover__background has-background-dim-20 has-background-dim\"><\/span><img loading=\"lazy\" decoding=\"async\" width=\"1920\" height=\"1440\" class=\"wp-block-cover__image-background wp-image-509\" alt=\"\" src=\"https:\/\/www.upo.es\/investiga\/demospain\/wp-content\/uploads\/2023\/11\/portada-estatuto-andalucia.jpg\" data-object-fit=\"cover\" srcset=\"https:\/\/www.upo.es\/investiga\/demospain\/wp-content\/uploads\/2023\/11\/portada-estatuto-andalucia.jpg 1920w, https:\/\/www.upo.es\/investiga\/demospain\/wp-content\/uploads\/2023\/11\/portada-estatuto-andalucia-300x225.jpg 300w, https:\/\/www.upo.es\/investiga\/demospain\/wp-content\/uploads\/2023\/11\/portada-estatuto-andalucia-1024x768.jpg 1024w, https:\/\/www.upo.es\/investiga\/demospain\/wp-content\/uploads\/2023\/11\/portada-estatuto-andalucia-768x576.jpg 768w, https:\/\/www.upo.es\/investiga\/demospain\/wp-content\/uploads\/2023\/11\/portada-estatuto-andalucia-1536x1152.jpg 1536w\" sizes=\"auto, (max-width: 1920px) 100vw, 1920px\" \/><div class=\"wp-block-cover__inner-container has-global-padding is-layout-constrained wp-container-core-cover-is-layout-11c1ca01 wp-block-cover-is-layout-constrained\">\n<div class=\"wp-block-group alignwide has-background-color has-text-color is-layout-flow wp-block-group-is-layout-flow\" style=\"border-left-width:8px;margin-top:var(--wp--preset--spacing--50);margin-bottom:var(--wp--preset--spacing--50);padding-right:0;padding-left:var(--wp--preset--spacing--30)\">\n<h2 class=\"wp-block-heading has-oswald-font-family has-large-font-size\" style=\"margin-top:0;margin-bottom:0;font-style:normal;font-weight:800;text-transform:uppercase\"><a href=\"https:\/\/www.upo.es\/investiga\/demospain\/lineas\/identidad-andaluza\/\" data-type=\"page\" data-id=\"146\">Identidad y Cultura Andaluza. Nacionalismo Andaluz<\/a><\/h2>\n<\/div>\n<\/div><\/div>\n\n\n\n<div class=\"wp-block-cover alignwide lineas-banner wp-duotone-green-forest\" style=\"padding-right:var(--wp--preset--spacing--50);padding-left:var(--wp--preset--spacing--50);min-height:200px;aspect-ratio:unset;\"><span aria-hidden=\"true\" class=\"wp-block-cover__background has-background-dim-20 has-background-dim\"><\/span><img loading=\"lazy\" decoding=\"async\" width=\"2560\" height=\"1492\" class=\"wp-block-cover__image-background wp-image-136\" alt=\"\" src=\"https:\/\/www.upo.es\/investiga\/demospain\/wp-content\/uploads\/2023\/10\/pexels-the-lazy-artist-gallery-3432223-scaled-1.jpg\" data-object-fit=\"cover\" srcset=\"https:\/\/www.upo.es\/investiga\/demospain\/wp-content\/uploads\/2023\/10\/pexels-the-lazy-artist-gallery-3432223-scaled-1.jpg 2560w, https:\/\/www.upo.es\/investiga\/demospain\/wp-content\/uploads\/2023\/10\/pexels-the-lazy-artist-gallery-3432223-scaled-1-300x175.jpg 300w, https:\/\/www.upo.es\/investiga\/demospain\/wp-content\/uploads\/2023\/10\/pexels-the-lazy-artist-gallery-3432223-scaled-1-1024x597.jpg 1024w, https:\/\/www.upo.es\/investiga\/demospain\/wp-content\/uploads\/2023\/10\/pexels-the-lazy-artist-gallery-3432223-scaled-1-768x448.jpg 768w, https:\/\/www.upo.es\/investiga\/demospain\/wp-content\/uploads\/2023\/10\/pexels-the-lazy-artist-gallery-3432223-scaled-1-1536x895.jpg 1536w, https:\/\/www.upo.es\/investiga\/demospain\/wp-content\/uploads\/2023\/10\/pexels-the-lazy-artist-gallery-3432223-scaled-1-2048x1194.jpg 2048w\" sizes=\"auto, (max-width: 2560px) 100vw, 2560px\" \/><div class=\"wp-block-cover__inner-container has-global-padding is-layout-constrained wp-container-core-cover-is-layout-11c1ca01 wp-block-cover-is-layout-constrained\">\n<div class=\"wp-block-group alignwide has-background-color has-text-color is-layout-flow wp-block-group-is-layout-flow\" style=\"border-left-width:8px;margin-top:var(--wp--preset--spacing--50);margin-bottom:var(--wp--preset--spacing--50);padding-right:0;padding-left:var(--wp--preset--spacing--30)\">\n<h2 class=\"wp-block-heading has-oswald-font-family has-large-font-size\" style=\"margin-top:0;margin-bottom:0;font-style:normal;font-weight:800;text-transform:uppercase\"><a href=\"https:\/\/www.upo.es\/investiga\/demospain\/lineas\/conciencia-medioambiental\/\" data-type=\"page\" data-id=\"30\">Conciencia Medioambiental y Mediambientalismo<\/a><\/h2>\n<\/div>\n<\/div><\/div>\n\n\n\n<div class=\"wp-block-cover alignwide lineas-banner wp-duotone-green-forest\" style=\"padding-right:var(--wp--preset--spacing--50);padding-left:var(--wp--preset--spacing--50);min-height:200px;aspect-ratio:unset;\"><span aria-hidden=\"true\" class=\"wp-block-cover__background has-background-dim-20 has-background-dim\"><\/span><img loading=\"lazy\" decoding=\"async\" width=\"1920\" height=\"960\" class=\"wp-block-cover__image-background wp-image-4458\" alt=\"\" src=\"https:\/\/www.upo.es\/investiga\/demospain\/wp-content\/uploads\/2023\/12\/grupo-personas-ciudad.jpg\" style=\"object-position:56% 100%\" data-object-fit=\"cover\" data-object-position=\"56% 100%\" srcset=\"https:\/\/www.upo.es\/investiga\/demospain\/wp-content\/uploads\/2023\/12\/grupo-personas-ciudad.jpg 1920w, https:\/\/www.upo.es\/investiga\/demospain\/wp-content\/uploads\/2023\/12\/grupo-personas-ciudad-300x150.jpg 300w, https:\/\/www.upo.es\/investiga\/demospain\/wp-content\/uploads\/2023\/12\/grupo-personas-ciudad-1024x512.jpg 1024w, https:\/\/www.upo.es\/investiga\/demospain\/wp-content\/uploads\/2023\/12\/grupo-personas-ciudad-768x384.jpg 768w, https:\/\/www.upo.es\/investiga\/demospain\/wp-content\/uploads\/2023\/12\/grupo-personas-ciudad-1536x768.jpg 1536w\" sizes=\"auto, (max-width: 1920px) 100vw, 1920px\" \/><div class=\"wp-block-cover__inner-container has-global-padding is-layout-constrained wp-container-core-cover-is-layout-11c1ca01 wp-block-cover-is-layout-constrained\">\n<div class=\"wp-block-group alignwide has-background-color has-text-color is-layout-flow wp-block-group-is-layout-flow\" style=\"border-left-width:8px;margin-top:var(--wp--preset--spacing--50);margin-bottom:var(--wp--preset--spacing--50);padding-right:0;padding-left:var(--wp--preset--spacing--30)\">\n<h2 class=\"wp-block-heading has-oswald-font-family has-large-font-size\" style=\"margin-top:0;margin-bottom:0;font-style:normal;font-weight:800;text-transform:uppercase\"><a href=\"https:\/\/www.upo.es\/investiga\/demospain\/lineas\/divulgacion\/\" data-type=\"page\" data-id=\"148\">Investigaci\u00f3n en Divulgaci\u00f3n de la Sociolog\u00eda y del Conocimiento Social<\/a><\/h2>\n<\/div>\n<\/div><\/div>\n","protected":false},"excerpt":{"rendered":"","protected":false},"author":1,"featured_media":0,"parent":0,"menu_order":0,"comment_status":"closed","ping_status":"closed","template":"blank","meta":{"inline_featured_image":false,"footnotes":""},"class_list":["post-22","page","type-page","status-publish","hentry"],"_links":{"self":[{"href":"https:\/\/www.upo.es\/investiga\/demospain\/wp-json\/wp\/v2\/pages\/22","targetHints":{"allow":["GET"]}}],"collection":[{"href":"https:\/\/www.upo.es\/investiga\/demospain\/wp-json\/wp\/v2\/pages"}],"about":[{"href":"https:\/\/www.upo.es\/investiga\/demospain\/wp-json\/wp\/v2\/types\/page"}],"author":[{"embeddable":true,"href":"https:\/\/www.upo.es\/investiga\/demospain\/wp-json\/wp\/v2\/users\/1"}],"replies":[{"embeddable":true,"href":"https:\/\/www.upo.es\/investiga\/demospain\/wp-json\/wp\/v2\/comments?post=22"}],"version-history":[{"count":42,"href":"https:\/\/www.upo.es\/investiga\/demospain\/wp-json\/wp\/v2\/pages\/22\/revisions"}],"predecessor-version":[{"id":4781,"href":"https:\/\/www.upo.es\/investiga\/demospain\/wp-json\/wp\/v2\/pages\/22\/revisions\/4781"}],"wp:attachment":[{"href":"https:\/\/www.upo.es\/investiga\/demospain\/wp-json\/wp\/v2\/media?parent=22"}],"curies":[{"name":"wp","href":"https:\/\/api.w.org\/{rel}","templated":true}]}}