{"id":35,"date":"2022-05-03T13:49:34","date_gmt":"2022-05-03T13:49:34","guid":{"rendered":"https:\/\/www.upo.es\/investiga\/dihis\/?page_id=35"},"modified":"2023-12-12T11:27:07","modified_gmt":"2023-12-12T11:27:07","slug":"members","status":"publish","type":"page","link":"https:\/\/www.upo.es\/investiga\/dihis\/members\/","title":{"rendered":"Members"},"content":{"rendered":"<p>[et_pb_section fb_built=&#8221;1&#8243; admin_label=&#8221;Page Title Section&#8221; _builder_version=&#8221;4.17.4&#8243; _module_preset=&#8221;default&#8221; use_background_color_gradient=&#8221;on&#8221; background_color_gradient_direction=&#8221;120deg&#8221; background_color_gradient_stops=&#8221;#000000 0%|rgba(0,0,0,0) 100%&#8221; background_color_gradient_overlays_image=&#8221;on&#8221; background_color_gradient_start=&#8221;#000000&#8243; background_color_gradient_end=&#8221;rgba(0,0,0,0)&#8221; background_image=&#8221;https:\/\/www.upo.es\/investiga\/dihis\/wp-content\/uploads\/2022\/06\/team-geff6116b7_1920.jpg&#8221; custom_padding=&#8221;110px||110px|&#8221; global_colors_info=&#8221;{}&#8221;][et_pb_row column_structure=&#8221;1_2,1_2&#8243; _builder_version=&#8221;4.16&#8243; _module_preset=&#8221;default&#8221; background_size=&#8221;initial&#8221; background_position=&#8221;top_left&#8221; background_repeat=&#8221;repeat&#8221; global_colors_info=&#8221;{}&#8221;][et_pb_column type=&#8221;1_2&#8243; _builder_version=&#8221;4.16&#8243; _module_preset=&#8221;default&#8221; custom_padding=&#8221;|||&#8221; global_colors_info=&#8221;{}&#8221; custom_padding__hover=&#8221;|||&#8221;][et_pb_text admin_label=&#8221;Page Title&#8221; _builder_version=&#8221;4.17.3&#8243; _module_preset=&#8221;default&#8221; text_font=&#8221;||||||||&#8221; header_font=&#8221;Poppins|600|||||||&#8221; header_font_size=&#8221;60px&#8221; header_2_font=&#8221;||||||||&#8221; background_layout=&#8221;dark&#8221; custom_margin=&#8221;||20px|&#8221; custom_padding=&#8221;|||&#8221; animation_style=&#8221;fade&#8221; header_font_size_tablet=&#8221;&#8221; header_font_size_phone=&#8221;40px&#8221; header_font_size_last_edited=&#8221;on|phone&#8221; global_colors_info=&#8221;{}&#8221;]<\/p>\n<h1>Members<\/h1>\n<p>[\/et_pb_text][\/et_pb_column][et_pb_column type=&#8221;1_2&#8243; _builder_version=&#8221;4.16&#8243; _module_preset=&#8221;default&#8221; custom_padding=&#8221;|||&#8221; global_colors_info=&#8221;{}&#8221; custom_padding__hover=&#8221;|||&#8221;][\/et_pb_column][\/et_pb_row][\/et_pb_section][et_pb_section fb_built=&#8221;1&#8243; admin_label=&#8221;Team&#8221; _builder_version=&#8221;4.16&#8243; _module_preset=&#8221;default&#8221; background_color=&#8221;#efe9e4&#8243; custom_padding=&#8221;90px||90px|&#8221; global_colors_info=&#8221;{}&#8221;][et_pb_row _builder_version=&#8221;4.16&#8243; _module_preset=&#8221;default&#8221; custom_padding=&#8221;||10px|&#8221; locked=&#8221;off&#8221; global_colors_info=&#8221;{}&#8221;][et_pb_column type=&#8221;4_4&#8243; _builder_version=&#8221;4.16&#8243; _module_preset=&#8221;default&#8221; custom_padding=&#8221;|||&#8221; global_colors_info=&#8221;{}&#8221; custom_padding__hover=&#8221;|||&#8221;][et_pb_text admin_label=&#8221;Title&#8221; _builder_version=&#8221;4.17.4&#8243; _module_preset=&#8221;default&#8221; header_2_font=&#8221;Krona One||||||||&#8221; header_2_text_align=&#8221;center&#8221; header_2_text_color=&#8221;#000000&#8243; header_2_font_size=&#8221;50px&#8221; header_2_line_height=&#8221;1.2em&#8221; header_2_font_size_tablet=&#8221;32px&#8221; header_2_font_size_phone=&#8221;20px&#8221; header_2_font_size_last_edited=&#8221;on|desktop&#8221; locked=&#8221;off&#8221; global_colors_info=&#8221;{}&#8221;]<\/p>\n<h2><span>Researchers<\/span><\/h2>\n<p>[\/et_pb_text][et_pb_divider color=&#8221;gcid-f32be7d6-8c4c-4f0b-9233-eeb3bda41429&#8243; divider_position=&#8221;center&#8221; divider_weight=&#8221;3px&#8221; _builder_version=&#8221;4.17.4&#8243; _module_preset=&#8221;default&#8221; max_width=&#8221;50px&#8221; module_alignment=&#8221;center&#8221; custom_margin=&#8221;||20px|&#8221; animation_style=&#8221;slide&#8221; animation_direction=&#8221;top&#8221; animation_intensity_slide=&#8221;10%&#8221; animation_starting_opacity=&#8221;100%&#8221; locked=&#8221;off&#8221; global_colors_info=&#8221;{%22gcid-f32be7d6-8c4c-4f0b-9233-eeb3bda41429%22:%91%22color%22%93}&#8221;][\/et_pb_divider][\/et_pb_column][\/et_pb_row][et_pb_row column_structure=&#8221;1_3,1_3,1_3&#8243; _builder_version=&#8221;4.16&#8243; _module_preset=&#8221;default&#8221; custom_margin=&#8221;30px|||&#8221; custom_padding=&#8221;|||&#8221; global_colors_info=&#8221;{}&#8221;][et_pb_column type=&#8221;1_3&#8243; _builder_version=&#8221;4.16&#8243; _module_preset=&#8221;default&#8221; custom_padding=&#8221;|||&#8221; global_colors_info=&#8221;{}&#8221; custom_padding__hover=&#8221;|||&#8221;][et_pb_team_member name=&#8221;Luc\u00eda Fern\u00e1ndez Amaya &#8221; position=&#8221;Universidad Pablo de Olavide&#8221; image_url=&#8221;https:\/\/www.upo.es\/investiga\/dihis\/wp-content\/uploads\/2022\/06\/lucia_exterior.jpg&#8221; _builder_version=&#8221;4.17.4&#8243; _module_preset=&#8221;default&#8221; header_font=&#8221;Poppins|600|||||||&#8221; header_font_size=&#8221;24px&#8221; body_font=&#8221;||||||||&#8221; body_font_size=&#8221;18px&#8221; text_orientation=&#8221;center&#8221; module_alignment=&#8221;center&#8221; animation_style=&#8221;fade&#8221; link_option_url=&#8221;https:\/\/www.upo.es\/investiga\/dihis\/members\/lucia-fernandez-amaya\/&#8221; global_colors_info=&#8221;{}&#8221;][\/et_pb_team_member][\/et_pb_column][et_pb_column type=&#8221;1_3&#8243; _builder_version=&#8221;4.16&#8243; _module_preset=&#8221;default&#8221; custom_padding=&#8221;|||&#8221; global_colors_info=&#8221;{}&#8221; custom_padding__hover=&#8221;|||&#8221;][et_pb_team_member name=&#8221;Mar\u00eda de la O Hern\u00e1ndez L\u00f3pez &#8221; position=&#8221;Universidad Pablo de Olavide&#8221; image_url=&#8221;https:\/\/www.upo.es\/investiga\/dihis\/wp-content\/uploads\/2022\/06\/mariola_exterior.jpg&#8221; _builder_version=&#8221;4.17.4&#8243; _module_preset=&#8221;default&#8221; header_font=&#8221;Poppins|600|||||||&#8221; header_font_size=&#8221;24px&#8221; body_font=&#8221;||||||||&#8221; body_font_size=&#8221;18px&#8221; text_orientation=&#8221;center&#8221; animation_style=&#8221;fade&#8221; link_option_url=&#8221;https:\/\/www.upo.es\/investiga\/dihis\/members\/maria-de-la-o-hernandez-lopez\/&#8221; locked=&#8221;off&#8221; global_colors_info=&#8221;{}&#8221;][\/et_pb_team_member][\/et_pb_column][et_pb_column type=&#8221;1_3&#8243; _builder_version=&#8221;4.16&#8243; _module_preset=&#8221;default&#8221; custom_padding=&#8221;|||&#8221; global_colors_info=&#8221;{}&#8221; custom_padding__hover=&#8221;|||&#8221;][et_pb_team_member name=&#8221;Manuel Padilla Cruz &#8221; position=&#8221;Universidad de Sevilla&#8221; image_url=&#8221;https:\/\/www.upo.es\/investiga\/dihis\/wp-content\/uploads\/2022\/06\/manuel_padilla_exterior.jpg&#8221; _builder_version=&#8221;4.17.4&#8243; _module_preset=&#8221;default&#8221; header_font=&#8221;Poppins|600|||||||&#8221; header_font_size=&#8221;24px&#8221; body_font=&#8221;||||||||&#8221; body_font_size=&#8221;18px&#8221; text_orientation=&#8221;center&#8221; animation_style=&#8221;fade&#8221; link_option_url=&#8221;https:\/\/www.upo.es\/investiga\/dihis\/members\/manuel-padilla-cruz\/&#8221; locked=&#8221;off&#8221; global_colors_info=&#8221;{}&#8221;][\/et_pb_team_member][\/et_pb_column][\/et_pb_row][et_pb_row column_structure=&#8221;1_3,1_3,1_3&#8243; _builder_version=&#8221;4.16&#8243; _module_preset=&#8221;default&#8221; custom_margin=&#8221;|||&#8221; custom_padding=&#8221;|||&#8221; global_colors_info=&#8221;{}&#8221;][et_pb_column type=&#8221;1_3&#8243; _builder_version=&#8221;4.16&#8243; _module_preset=&#8221;default&#8221; custom_padding=&#8221;|||&#8221; global_colors_info=&#8221;{}&#8221; custom_padding__hover=&#8221;|||&#8221;][et_pb_team_member name=&#8221;Pilar Garc\u00e9s Conejos Blitvich&#8221; position=&#8221;University of North Carolina at Charlotte, USA&#8221; image_url=&#8221;https:\/\/www.upo.es\/investiga\/dihis\/wp-content\/uploads\/2022\/05\/pilar-exterior.jpg&#8221; _builder_version=&#8221;4.17.4&#8243; _module_preset=&#8221;default&#8221; header_font=&#8221;Poppins|600|||||||&#8221; header_font_size=&#8221;24px&#8221; body_font=&#8221;||||||||&#8221; body_font_size=&#8221;18px&#8221; text_orientation=&#8221;center&#8221; animation_style=&#8221;fade&#8221; link_option_url=&#8221;https:\/\/www.upo.es\/investiga\/dihis\/miembros\/pilar-garces-conejos-blitvich\/&#8221; global_colors_info=&#8221;{}&#8221;][\/et_pb_team_member][\/et_pb_column][et_pb_column type=&#8221;1_3&#8243; _builder_version=&#8221;4.16&#8243; _module_preset=&#8221;default&#8221; custom_padding=&#8221;|||&#8221; global_colors_info=&#8221;{}&#8221; custom_padding__hover=&#8221;|||&#8221;][et_pb_team_member name=&#8221;Patricia Bou Franch &#8221; position=&#8221;Universit\u00e0t de Valencia&#8221; image_url=&#8221;https:\/\/www.upo.es\/investiga\/dihis\/wp-content\/uploads\/2022\/06\/patricia_exterior.jpg&#8221; _builder_version=&#8221;4.17.4&#8243; _module_preset=&#8221;default&#8221; header_font=&#8221;Poppins|600|||||||&#8221; header_font_size=&#8221;24px&#8221; body_font=&#8221;||||||||&#8221; body_font_size=&#8221;18px&#8221; text_orientation=&#8221;center&#8221; animation_style=&#8221;fade&#8221; link_option_url=&#8221;https:\/\/www.upo.es\/investiga\/dihis\/members\/patricia-bou-franch\/&#8221; locked=&#8221;off&#8221; global_colors_info=&#8221;{}&#8221;][\/et_pb_team_member][\/et_pb_column][et_pb_column type=&#8221;1_3&#8243; _builder_version=&#8221;4.16&#8243; _module_preset=&#8221;default&#8221; custom_padding=&#8221;|||&#8221; global_colors_info=&#8221;{}&#8221; custom_padding__hover=&#8221;|||&#8221;][et_pb_team_member name=&#8221;Carlos De Pablos Ortega &#8221; position=&#8221;University of East Anglia, UK&#8221; image_url=&#8221;https:\/\/www.upo.es\/investiga\/dihis\/wp-content\/uploads\/2022\/06\/carlos_exterior.jpg&#8221; _builder_version=&#8221;4.17.4&#8243; _module_preset=&#8221;default&#8221; header_font=&#8221;Poppins|600|||||||&#8221; header_font_size=&#8221;24px&#8221; body_font=&#8221;||||||||&#8221; body_font_size=&#8221;18px&#8221; text_orientation=&#8221;center&#8221; animation_style=&#8221;fade&#8221; link_option_url=&#8221;https:\/\/www.upo.es\/investiga\/dihis\/members\/carlos-de-pablos-ortega\/&#8221; locked=&#8221;off&#8221; global_colors_info=&#8221;{}&#8221;][\/et_pb_team_member][\/et_pb_column][\/et_pb_row][et_pb_row column_structure=&#8221;1_3,1_3,1_3&#8243; _builder_version=&#8221;4.16&#8243; _module_preset=&#8221;default&#8221; custom_margin=&#8221;|||&#8221; custom_padding=&#8221;|||&#8221; global_colors_info=&#8221;{}&#8221;][et_pb_column type=&#8221;1_3&#8243; _builder_version=&#8221;4.16&#8243; _module_preset=&#8221;default&#8221; custom_padding=&#8221;|||&#8221; global_colors_info=&#8221;{}&#8221; custom_padding__hover=&#8221;|||&#8221;][et_pb_team_member name=&#8221;Carmen Ma\u00edz Ar\u00e9valo &#8221; position=&#8221;Universidad Complutense de Madrid&#8221; image_url=&#8221;https:\/\/www.upo.es\/investiga\/dihis\/wp-content\/uploads\/2022\/06\/carmen_exterior.jpg&#8221; _builder_version=&#8221;4.17.4&#8243; _module_preset=&#8221;default&#8221; header_font=&#8221;Poppins|600|||||||&#8221; header_font_size=&#8221;24px&#8221; body_font=&#8221;||||||||&#8221; body_font_size=&#8221;18px&#8221; text_orientation=&#8221;center&#8221; animation_style=&#8221;fade&#8221; link_option_url=&#8221;https:\/\/www.upo.es\/investiga\/dihis\/members\/carmen-maiz-arevalo\/&#8221; global_colors_info=&#8221;{}&#8221;][\/et_pb_team_member][\/et_pb_column][et_pb_column type=&#8221;1_3&#8243; _builder_version=&#8221;4.16&#8243; _module_preset=&#8221;default&#8221; custom_padding=&#8221;|||&#8221; global_colors_info=&#8221;{}&#8221; custom_padding__hover=&#8221;|||&#8221;][et_pb_team_member name=&#8221;Mar\u00eda Elena Placencia &#8221; position=&#8221;Birkbeck College, London, UK&#8221; image_url=&#8221;https:\/\/www.upo.es\/investiga\/dihis\/wp-content\/uploads\/2022\/07\/placencia-ext.jpg&#8221; disabled_on=&#8221;off|off|off&#8221; _builder_version=&#8221;4.17.4&#8243; _module_preset=&#8221;default&#8221; header_font=&#8221;Poppins|600|||||||&#8221; header_font_size=&#8221;24px&#8221; body_font=&#8221;||||||||&#8221; body_font_size=&#8221;18px&#8221; text_orientation=&#8221;center&#8221; animation_style=&#8221;fade&#8221; link_option_url=&#8221;https:\/\/www.upo.es\/investiga\/dihis\/members\/maria-elena-placencia\/&#8221; locked=&#8221;off&#8221; global_colors_info=&#8221;{}&#8221;][\/et_pb_team_member][\/et_pb_column][et_pb_column type=&#8221;1_3&#8243; _builder_version=&#8221;4.16&#8243; _module_preset=&#8221;default&#8221; custom_padding=&#8221;|||&#8221; global_colors_info=&#8221;{}&#8221; custom_padding__hover=&#8221;|||&#8221;][et_pb_team_member name=&#8221;Patricia D\u00edaz Mu\u00f1oz&#8221; position=&#8221;Universidad Complutense de Madrid&#8221; image_url=&#8221;https:\/\/www.upo.es\/investiga\/dihis\/wp-content\/uploads\/2023\/01\/patricia-ext.jpg&#8221; disabled_on=&#8221;off|off|off&#8221; _builder_version=&#8221;4.17.4&#8243; _module_preset=&#8221;default&#8221; header_font=&#8221;Poppins|600|||||||&#8221; header_font_size=&#8221;24px&#8221; body_font=&#8221;||||||||&#8221; body_text_color=&#8221;#aaaaaa&#8221; body_font_size=&#8221;16px&#8221; position_font_size=&#8221;18px&#8221; text_orientation=&#8221;center&#8221; animation_style=&#8221;fade&#8221; link_option_url=&#8221;https:\/\/www.upo.es\/investiga\/dihis\/members\/patricia-diaz-munoz\/&#8221; locked=&#8221;off&#8221; global_colors_info=&#8221;{}&#8221;]<\/p>\n<p>T\u00e9cnico<\/p>\n<p>[\/et_pb_team_member][\/et_pb_column][\/et_pb_row][\/et_pb_section]<\/p>\n","protected":false},"excerpt":{"rendered":"<p>MembersResearchersT\u00e9cnico<\/p>\n","protected":false},"author":1,"featured_media":0,"parent":0,"menu_order":0,"comment_status":"closed","ping_status":"closed","template":"","meta":{"_et_pb_use_builder":"on","_et_pb_old_content":"","_et_gb_content_width":"","footnotes":""},"class_list":["post-35","page","type-page","status-publish","hentry"],"yoast_head":"<!-- This site is optimized with the Yoast SEO plugin v23.9 - https:\/\/yoast.com\/wordpress\/plugins\/seo\/ -->\n<title>Members - DIHIS<\/title>\n<meta name=\"robots\" content=\"index, follow, max-snippet:-1, max-image-preview:large, max-video-preview:-1\" \/>\n<link rel=\"canonical\" href=\"https:\/\/www.upo.es\/investiga\/dihis\/members\/\" \/>\n<meta property=\"og:locale\" content=\"es_ES\" \/>\n<meta property=\"og:type\" content=\"article\" \/>\n<meta property=\"og:title\" content=\"Members - DIHIS\" \/>\n<meta property=\"og:description\" content=\"MembersResearchersT\u00e9cnico\" \/>\n<meta property=\"og:url\" content=\"https:\/\/www.upo.es\/investiga\/dihis\/members\/\" \/>\n<meta property=\"og:site_name\" content=\"DIHIS\" \/>\n<meta property=\"article:modified_time\" content=\"2023-12-12T11:27:07+00:00\" \/>\n<meta name=\"twitter:card\" content=\"summary_large_image\" \/>\n<meta name=\"twitter:label1\" content=\"Tiempo de lectura\" \/>\n\t<meta name=\"twitter:data1\" content=\"3 minutos\" \/>\n<script type=\"application\/ld+json\" class=\"yoast-schema-graph\">{\"@context\":\"https:\/\/schema.org\",\"@graph\":[{\"@type\":\"WebPage\",\"@id\":\"https:\/\/www.upo.es\/investiga\/dihis\/members\/\",\"url\":\"https:\/\/www.upo.es\/investiga\/dihis\/members\/\",\"name\":\"Members - DIHIS\",\"isPartOf\":{\"@id\":\"https:\/\/www.upo.es\/investiga\/dihis\/#website\"},\"datePublished\":\"2022-05-03T13:49:34+00:00\",\"dateModified\":\"2023-12-12T11:27:07+00:00\",\"breadcrumb\":{\"@id\":\"https:\/\/www.upo.es\/investiga\/dihis\/members\/#breadcrumb\"},\"inLanguage\":\"es\",\"potentialAction\":[{\"@type\":\"ReadAction\",\"target\":[\"https:\/\/www.upo.es\/investiga\/dihis\/members\/\"]}]},{\"@type\":\"BreadcrumbList\",\"@id\":\"https:\/\/www.upo.es\/investiga\/dihis\/members\/#breadcrumb\",\"itemListElement\":[{\"@type\":\"ListItem\",\"position\":1,\"name\":\"Portada\",\"item\":\"https:\/\/www.upo.es\/investiga\/dihis\/\"},{\"@type\":\"ListItem\",\"position\":2,\"name\":\"Members\"}]},{\"@type\":\"WebSite\",\"@id\":\"https:\/\/www.upo.es\/investiga\/dihis\/#website\",\"url\":\"https:\/\/www.upo.es\/investiga\/dihis\/\",\"name\":\"DIHIS\",\"description\":\"\",\"publisher\":{\"@id\":\"https:\/\/www.upo.es\/investiga\/dihis\/#organization\"},\"potentialAction\":[{\"@type\":\"SearchAction\",\"target\":{\"@type\":\"EntryPoint\",\"urlTemplate\":\"https:\/\/www.upo.es\/investiga\/dihis\/?s={search_term_string}\"},\"query-input\":{\"@type\":\"PropertyValueSpecification\",\"valueRequired\":true,\"valueName\":\"search_term_string\"}}],\"inLanguage\":\"es\"},{\"@type\":\"Organization\",\"@id\":\"https:\/\/www.upo.es\/investiga\/dihis\/#organization\",\"name\":\"DIHIS\",\"url\":\"https:\/\/www.upo.es\/investiga\/dihis\/\",\"logo\":{\"@type\":\"ImageObject\",\"inLanguage\":\"es\",\"@id\":\"https:\/\/www.upo.es\/investiga\/dihis\/#\/schema\/logo\/image\/\",\"url\":\"https:\/\/www.upo.es\/investiga\/dihis\/wp-content\/uploads\/2022\/05\/dihis.jpg\",\"contentUrl\":\"https:\/\/www.upo.es\/investiga\/dihis\/wp-content\/uploads\/2022\/05\/dihis.jpg\",\"width\":600,\"height\":200,\"caption\":\"DIHIS\"},\"image\":{\"@id\":\"https:\/\/www.upo.es\/investiga\/dihis\/#\/schema\/logo\/image\/\"}}]}<\/script>\n<!-- \/ Yoast SEO plugin. -->","yoast_head_json":{"title":"Members - DIHIS","robots":{"index":"index","follow":"follow","max-snippet":"max-snippet:-1","max-image-preview":"max-image-preview:large","max-video-preview":"max-video-preview:-1"},"canonical":"https:\/\/www.upo.es\/investiga\/dihis\/members\/","og_locale":"es_ES","og_type":"article","og_title":"Members - DIHIS","og_description":"MembersResearchersT\u00e9cnico","og_url":"https:\/\/www.upo.es\/investiga\/dihis\/members\/","og_site_name":"DIHIS","article_modified_time":"2023-12-12T11:27:07+00:00","twitter_card":"summary_large_image","twitter_misc":{"Tiempo de lectura":"3 minutos"},"schema":{"@context":"https:\/\/schema.org","@graph":[{"@type":"WebPage","@id":"https:\/\/www.upo.es\/investiga\/dihis\/members\/","url":"https:\/\/www.upo.es\/investiga\/dihis\/members\/","name":"Members - DIHIS","isPartOf":{"@id":"https:\/\/www.upo.es\/investiga\/dihis\/#website"},"datePublished":"2022-05-03T13:49:34+00:00","dateModified":"2023-12-12T11:27:07+00:00","breadcrumb":{"@id":"https:\/\/www.upo.es\/investiga\/dihis\/members\/#breadcrumb"},"inLanguage":"es","potentialAction":[{"@type":"ReadAction","target":["https:\/\/www.upo.es\/investiga\/dihis\/members\/"]}]},{"@type":"BreadcrumbList","@id":"https:\/\/www.upo.es\/investiga\/dihis\/members\/#breadcrumb","itemListElement":[{"@type":"ListItem","position":1,"name":"Portada","item":"https:\/\/www.upo.es\/investiga\/dihis\/"},{"@type":"ListItem","position":2,"name":"Members"}]},{"@type":"WebSite","@id":"https:\/\/www.upo.es\/investiga\/dihis\/#website","url":"https:\/\/www.upo.es\/investiga\/dihis\/","name":"DIHIS","description":"","publisher":{"@id":"https:\/\/www.upo.es\/investiga\/dihis\/#organization"},"potentialAction":[{"@type":"SearchAction","target":{"@type":"EntryPoint","urlTemplate":"https:\/\/www.upo.es\/investiga\/dihis\/?s={search_term_string}"},"query-input":{"@type":"PropertyValueSpecification","valueRequired":true,"valueName":"search_term_string"}}],"inLanguage":"es"},{"@type":"Organization","@id":"https:\/\/www.upo.es\/investiga\/dihis\/#organization","name":"DIHIS","url":"https:\/\/www.upo.es\/investiga\/dihis\/","logo":{"@type":"ImageObject","inLanguage":"es","@id":"https:\/\/www.upo.es\/investiga\/dihis\/#\/schema\/logo\/image\/","url":"https:\/\/www.upo.es\/investiga\/dihis\/wp-content\/uploads\/2022\/05\/dihis.jpg","contentUrl":"https:\/\/www.upo.es\/investiga\/dihis\/wp-content\/uploads\/2022\/05\/dihis.jpg","width":600,"height":200,"caption":"DIHIS"},"image":{"@id":"https:\/\/www.upo.es\/investiga\/dihis\/#\/schema\/logo\/image\/"}}]}},"_links":{"self":[{"href":"https:\/\/www.upo.es\/investiga\/dihis\/wp-json\/wp\/v2\/pages\/35","targetHints":{"allow":["GET"]}}],"collection":[{"href":"https:\/\/www.upo.es\/investiga\/dihis\/wp-json\/wp\/v2\/pages"}],"about":[{"href":"https:\/\/www.upo.es\/investiga\/dihis\/wp-json\/wp\/v2\/types\/page"}],"author":[{"embeddable":true,"href":"https:\/\/www.upo.es\/investiga\/dihis\/wp-json\/wp\/v2\/users\/1"}],"replies":[{"embeddable":true,"href":"https:\/\/www.upo.es\/investiga\/dihis\/wp-json\/wp\/v2\/comments?post=35"}],"version-history":[{"count":23,"href":"https:\/\/www.upo.es\/investiga\/dihis\/wp-json\/wp\/v2\/pages\/35\/revisions"}],"predecessor-version":[{"id":649,"href":"https:\/\/www.upo.es\/investiga\/dihis\/wp-json\/wp\/v2\/pages\/35\/revisions\/649"}],"wp:attachment":[{"href":"https:\/\/www.upo.es\/investiga\/dihis\/wp-json\/wp\/v2\/media?parent=35"}],"curies":[{"name":"wp","href":"https:\/\/api.w.org\/{rel}","templated":true}]}}