{"id":486,"date":"2023-02-16T17:28:09","date_gmt":"2023-02-16T17:28:09","guid":{"rendered":"https:\/\/www.upo.es\/investiga\/dihis\/?page_id=486"},"modified":"2023-09-14T13:21:39","modified_gmt":"2023-09-14T13:21:39","slug":"projects","status":"publish","type":"page","link":"https:\/\/www.upo.es\/investiga\/dihis\/projects\/","title":{"rendered":"Projects"},"content":{"rendered":"<p>[et_pb_section fb_built=&#8221;1&#8243; admin_label=&#8221;Page Title Section&#8221; _builder_version=&#8221;4.17.4&#8243; _module_preset=&#8221;default&#8221; use_background_color_gradient=&#8221;on&#8221; background_color_gradient_direction=&#8221;120deg&#8221; background_color_gradient_stops=&#8221;#000000 0%|rgba(0,0,0,0) 100%&#8221; background_color_gradient_overlays_image=&#8221;on&#8221; background_color_gradient_start=&#8221;#000000&#8243; background_color_gradient_end=&#8221;rgba(0,0,0,0)&#8221; background_image=&#8221;https:\/\/www.upo.es\/investiga\/dihis\/wp-content\/uploads\/2022\/06\/team-geff6116b7_1920.jpg&#8221; custom_padding=&#8221;110px||110px|&#8221; global_colors_info=&#8221;{}&#8221;][et_pb_row column_structure=&#8221;1_2,1_2&#8243; _builder_version=&#8221;4.16&#8243; _module_preset=&#8221;default&#8221; background_size=&#8221;initial&#8221; background_position=&#8221;top_left&#8221; background_repeat=&#8221;repeat&#8221; global_colors_info=&#8221;{}&#8221;][et_pb_column type=&#8221;1_2&#8243; _builder_version=&#8221;4.16&#8243; _module_preset=&#8221;default&#8221; custom_padding=&#8221;|||&#8221; global_colors_info=&#8221;{}&#8221; custom_padding__hover=&#8221;|||&#8221;][et_pb_text admin_label=&#8221;Page Title&#8221; _builder_version=&#8221;4.17.4&#8243; _module_preset=&#8221;default&#8221; text_font=&#8221;||||||||&#8221; header_font=&#8221;Poppins|600|||||||&#8221; header_font_size=&#8221;60px&#8221; header_2_font=&#8221;||||||||&#8221; background_layout=&#8221;dark&#8221; custom_margin=&#8221;||20px|&#8221; custom_padding=&#8221;|||&#8221; animation_style=&#8221;fade&#8221; header_font_size_tablet=&#8221;&#8221; header_font_size_phone=&#8221;40px&#8221; header_font_size_last_edited=&#8221;on|phone&#8221; global_colors_info=&#8221;{}&#8221;]<\/p>\n<h1>Projects<\/h1>\n<p>[\/et_pb_text][\/et_pb_column][et_pb_column type=&#8221;1_2&#8243; _builder_version=&#8221;4.16&#8243; _module_preset=&#8221;default&#8221; custom_padding=&#8221;|||&#8221; global_colors_info=&#8221;{}&#8221; custom_padding__hover=&#8221;|||&#8221;][\/et_pb_column][\/et_pb_row][\/et_pb_section][et_pb_section fb_built=&#8221;1&#8243; admin_label=&#8221;Team&#8221; _builder_version=&#8221;4.16&#8243; _module_preset=&#8221;default&#8221; background_color=&#8221;#efe9e4&#8243; custom_padding=&#8221;90px||0px|||&#8221; global_colors_info=&#8221;{}&#8221;][et_pb_row _builder_version=&#8221;4.16&#8243; _module_preset=&#8221;default&#8221; custom_padding=&#8221;||10px|&#8221; locked=&#8221;off&#8221; global_colors_info=&#8221;{}&#8221;][et_pb_column type=&#8221;4_4&#8243; _builder_version=&#8221;4.16&#8243; _module_preset=&#8221;default&#8221; custom_padding=&#8221;|||&#8221; global_colors_info=&#8221;{}&#8221; custom_padding__hover=&#8221;|||&#8221;][et_pb_text _builder_version=&#8221;4.17.4&#8243; _module_preset=&#8221;default&#8221; link_text_color=&#8221;gcid-f32be7d6-8c4c-4f0b-9233-eeb3bda41429&#8243; background_enable_color=&#8221;off&#8221; custom_margin=&#8221;||60px||false|false&#8221; hover_enabled=&#8221;0&#8243; locked=&#8221;off&#8221; global_colors_info=&#8221;{%22gcid-f32be7d6-8c4c-4f0b-9233-eeb3bda41429%22:%91%22link_text_color%22%93}&#8221; sticky_enabled=&#8221;0&#8243;]<\/p>\n<ul>\n<li>Project name: Patologizaci\u00f3n discursiva digital en Twitter, Instagram y TikTok (PID2022-136840OB-I00)<\/li>\n<li>Funded by:\u00a0MINISTERIO DE CIENCIA E INNOVACION<\/li>\n<li>Duration: 01\/09\/2023 \u2013 31\/08\/2027<\/li>\n<li>Amount:\u00a071.250\u20ac<\/li>\n<li>Principal Researchers:\u00a0<a href=\"https:\/\/www.upo.es\/investiga\/dihis\/members\/manuel-padilla-cruz\/\">Manuel Padilla Cruz<\/a><\/li>\n<li>DIHIS MEMBERS: <a href=\"https:\/\/www.upo.es\/investiga\/dihis\/members\/pilar-garces-conejos-blitvich\/\">Pilar Garc\u00e9s-Conejos Blitvich<\/a>, <a href=\"https:\/\/www.upo.es\/investiga\/dihis\/members\/patricia-bou-franch\/\">Patricia Bou Franch<\/a>, <a href=\"https:\/\/www.upo.es\/investiga\/dihis\/members\/lucia-fernandez-amaya\/\">Luc\u00eda Fern\u00e1ndez Amaya<\/a> y <a href=\"https:\/\/www.upo.es\/investiga\/dihis\/members\/maria-de-la-o-hernandez-lopez\/\">Mar\u00eda de la O Hern\u00e1ndez L\u00f3pez<\/a><\/li>\n<\/ul>\n<p>[\/et_pb_text][et_pb_divider divider_weight=&#8221;2px&#8221; _builder_version=&#8221;4.17.4&#8243; _module_preset=&#8221;default&#8221; global_colors_info=&#8221;{}&#8221;][\/et_pb_divider][et_pb_text _builder_version=&#8221;4.17.4&#8243; _module_preset=&#8221;default&#8221; link_text_color=&#8221;gcid-f32be7d6-8c4c-4f0b-9233-eeb3bda41429&#8243; background_enable_color=&#8221;off&#8221; custom_margin=&#8221;||60px||false|false&#8221; hover_enabled=&#8221;0&#8243; locked=&#8221;off&#8221; global_colors_info=&#8221;{%22gcid-f32be7d6-8c4c-4f0b-9233-eeb3bda41429%22:%91%22link_text_color%22%93}&#8221; sticky_enabled=&#8221;0&#8243;]<\/p>\n<ul>\n<li>Project name: La Digitalizaci\u00f3n de la Interacci\u00f3n Humana y su Impacto Social: Consecuencias, Retos y Concienciaci\u00f3n de Uso (FEDER UPO-1380703)<\/li>\n<li>Funded by: European Regional Development Fund (ERDF) and by the Ministry of Economy, Knowledge, Enterprise and University (Regional Government of Andalusia), within the framework of the ERDF regional operative programme Andalusia 2014-2020.<\/li>\n<li>Duration: 01\/07\/2021 \u2013 30\/06\/2023<\/li>\n<li>Amount: \u20ac25000<\/li>\n<li>Principal Researchers: <a href=\"https:\/\/www.upo.es\/investiga\/dihis\/members\/lucia-fernandez-amaya\/\">Luc\u00eda Fern\u00e1ndez Amaya<\/a> &amp; <a href=\"https:\/\/www.upo.es\/investiga\/dihis\/members\/maria-de-la-o-hernandez-lopez\/\">Mar\u00eda de la O Hern\u00e1ndez L\u00f3pez<\/a><\/li>\n<\/ul>\n<p>[\/et_pb_text][et_pb_divider divider_weight=&#8221;2px&#8221; _builder_version=&#8221;4.17.4&#8243; _module_preset=&#8221;default&#8221; global_colors_info=&#8221;{}&#8221;][\/et_pb_divider][et_pb_text _builder_version=&#8221;4.17.4&#8243; _module_preset=&#8221;default&#8221; link_text_color=&#8221;gcid-f32be7d6-8c4c-4f0b-9233-eeb3bda41429&#8243; background_enable_color=&#8221;off&#8221; custom_margin=&#8221;||60px||false|false&#8221; locked=&#8221;off&#8221; global_colors_info=&#8221;{%22gcid-f32be7d6-8c4c-4f0b-9233-eeb3bda41429%22:%91%22link_text_color%22%93}&#8221;]<\/p>\n<ul>\n<li>Project name: CS-transcribe: Investigaci\u00f3n de Necesidades y Desarrollo de una Herramienta Digital de Transcripci\u00f3n para las Ciencias Sociales<\/li>\n<li>Funded by: PRESIDENCIA DE LA AGENCIA ESTATAL DE INVESTIGACI\u00d3N. Proyectos estrat\u00e9gicos orientados a la transici\u00f3n ecol\u00f3gica y a la transici\u00f3n digital, del Plan Estatal de Investigaci\u00f3n Cient\u00edfica, T\u00e9cnica y de Innovaci\u00f3n para el per\u00edodo 2021-2023, en el marco del Plan de Recuperaci\u00f3n, Transformaci\u00f3n y Resiliencia.<\/li>\n<li>Duration: December 2022-November 2024<\/li>\n<li>Amount: 113.160 euros<\/li>\n<li>Principal Researchers: JUAN MIGUEL GOMEZ ESPINO EXCLUIDO (Universidad Pablo De Olavide) Y CARLES XAVIER XIMO NOGUERA (Universidad De Valencia).<\/li>\n<\/ul>\n<p>DIHIS MEMBER: <a href=\"https:\/\/www.upo.es\/investiga\/dihis\/members\/maria-de-la-o-hernandez-lopez\/\">Mar\u00eda de la O Hern\u00e1ndez L\u00f3pez<\/a>.<\/p>\n<p>[\/et_pb_text][et_pb_divider divider_weight=&#8221;2px&#8221; _builder_version=&#8221;4.17.4&#8243; _module_preset=&#8221;default&#8221; global_colors_info=&#8221;{}&#8221;][\/et_pb_divider][et_pb_text _builder_version=&#8221;4.17.4&#8243; _module_preset=&#8221;default&#8221; link_text_color=&#8221;gcid-f32be7d6-8c4c-4f0b-9233-eeb3bda41429&#8243; background_enable_color=&#8221;off&#8221; custom_margin=&#8221;||60px||false|false&#8221; locked=&#8221;off&#8221; global_colors_info=&#8221;{%22gcid-f32be7d6-8c4c-4f0b-9233-eeb3bda41429%22:%91%22link_text_color%22%93}&#8221;]<\/p>\n<ul>\n<li>Project name: Red tem\u00e1tica sobre comunicaci\u00f3n conflictiva y mediaci\u00f3n: Interacci\u00f3n, v\u00ednculos relacionales y cohesi\u00f3n social (CoCoMInt) (RED2022-134123-T)<br \/>Funded by: MINISTERIO DE CIENCIA E INNOVACION<\/li>\n<li>Duration: 01\/06\/2023 to 01\/06\/2025<\/li>\n<li>Amount: 13.250\u20ac<\/li>\n<li>Principal researcher: In\u00e9s Olza (Universidad de Navarra)<\/li>\n<li>DIHIS MEMBER:\u00a0All of them<\/li>\n<\/ul>\n<p>[\/et_pb_text][et_pb_divider divider_weight=&#8221;2px&#8221; _builder_version=&#8221;4.17.4&#8243; _module_preset=&#8221;default&#8221; global_colors_info=&#8221;{}&#8221;][\/et_pb_divider][et_pb_text _builder_version=&#8221;4.17.4&#8243; _module_preset=&#8221;default&#8221; link_text_color=&#8221;gcid-f32be7d6-8c4c-4f0b-9233-eeb3bda41429&#8243; background_enable_color=&#8221;off&#8221; custom_margin=&#8221;||80px||false|false&#8221; locked=&#8221;off&#8221; global_colors_info=&#8221;{%22gcid-f32be7d6-8c4c-4f0b-9233-eeb3bda41429%22:%91%22link_text_color%22%93}&#8221;]<\/p>\n<ul>\n<li>Project name: Hacia un MCERL\/VC m\u00e1s accesible: ajuste de los descriptores con resultados basados en corpus de aprendices. (PID2020-117041GA-I00)<\/li>\n<li>Funded by: MINISTERIO DE CIENCIA E INNOVACION<\/li>\n<li>Duration: 01\/09\/2021 to 31\/08\/2025<\/li>\n<li>Amount: 47.795,00 \u20ac<\/li>\n<li>Principal researcher: M\u00aa BEL\u00c9N D\u00cdEZ BEDMAR (Universidad de Ja\u00e9n)<\/li>\n<li>DIHIS MEMBER: <a href=\"https:\/\/www.upo.es\/investiga\/dihis\/members\/carmen-maiz-arevalo\/\">Carmen Ma\u00edz Ar\u00e9valo<\/a>.<\/li>\n<\/ul>\n<p>[\/et_pb_text][\/et_pb_column][\/et_pb_row][\/et_pb_section]<\/p>\n","protected":false},"excerpt":{"rendered":"<p>Projects Project name: Patologizaci\u00f3n discursiva digital en Twitter, Instagram y TikTok (PID2022-136840OB-I00) Funded by:\u00a0MINISTERIO DE CIENCIA E INNOVACION Duration: 01\/09\/2023 \u2013 31\/08\/2027 Amount:\u00a071.250\u20ac Principal Researchers:\u00a0Manuel Padilla Cruz DIHIS MEMBERS: Pilar Garc\u00e9s-Conejos Blitvich, Patricia Bou Franch, Luc\u00eda Fern\u00e1ndez Amaya y Mar\u00eda de la O Hern\u00e1ndez L\u00f3pez Project name: La Digitalizaci\u00f3n de la Interacci\u00f3n Humana y su [&hellip;]<\/p>\n","protected":false},"author":1,"featured_media":0,"parent":0,"menu_order":0,"comment_status":"closed","ping_status":"closed","template":"","meta":{"_et_pb_use_builder":"on","_et_pb_old_content":"","_et_gb_content_width":"","footnotes":""},"class_list":["post-486","page","type-page","status-publish","hentry"],"yoast_head":"<!-- This site is optimized with the Yoast SEO plugin v23.9 - https:\/\/yoast.com\/wordpress\/plugins\/seo\/ -->\n<title>Projects - DIHIS<\/title>\n<meta name=\"robots\" content=\"index, follow, max-snippet:-1, max-image-preview:large, max-video-preview:-1\" \/>\n<link rel=\"canonical\" href=\"https:\/\/www.upo.es\/investiga\/dihis\/projects\/\" \/>\n<meta property=\"og:locale\" content=\"es_ES\" \/>\n<meta property=\"og:type\" content=\"article\" \/>\n<meta property=\"og:title\" content=\"Projects - DIHIS\" \/>\n<meta property=\"og:description\" content=\"Projects Project name: Patologizaci\u00f3n discursiva digital en Twitter, Instagram y TikTok (PID2022-136840OB-I00) Funded by:\u00a0MINISTERIO DE CIENCIA E INNOVACION Duration: 01\/09\/2023 \u2013 31\/08\/2027 Amount:\u00a071.250\u20ac Principal Researchers:\u00a0Manuel Padilla Cruz DIHIS MEMBERS: Pilar Garc\u00e9s-Conejos Blitvich, Patricia Bou Franch, Luc\u00eda Fern\u00e1ndez Amaya y Mar\u00eda de la O Hern\u00e1ndez L\u00f3pez Project name: La Digitalizaci\u00f3n de la Interacci\u00f3n Humana y su [&hellip;]\" \/>\n<meta property=\"og:url\" content=\"https:\/\/www.upo.es\/investiga\/dihis\/projects\/\" \/>\n<meta property=\"og:site_name\" content=\"DIHIS\" \/>\n<meta property=\"article:modified_time\" content=\"2023-09-14T13:21:39+00:00\" \/>\n<meta name=\"twitter:card\" content=\"summary_large_image\" \/>\n<meta name=\"twitter:label1\" content=\"Tiempo de lectura\" \/>\n\t<meta name=\"twitter:data1\" content=\"2 minutos\" \/>\n<script type=\"application\/ld+json\" class=\"yoast-schema-graph\">{\"@context\":\"https:\/\/schema.org\",\"@graph\":[{\"@type\":\"WebPage\",\"@id\":\"https:\/\/www.upo.es\/investiga\/dihis\/projects\/\",\"url\":\"https:\/\/www.upo.es\/investiga\/dihis\/projects\/\",\"name\":\"Projects - DIHIS\",\"isPartOf\":{\"@id\":\"https:\/\/www.upo.es\/investiga\/dihis\/#website\"},\"datePublished\":\"2023-02-16T17:28:09+00:00\",\"dateModified\":\"2023-09-14T13:21:39+00:00\",\"breadcrumb\":{\"@id\":\"https:\/\/www.upo.es\/investiga\/dihis\/projects\/#breadcrumb\"},\"inLanguage\":\"es\",\"potentialAction\":[{\"@type\":\"ReadAction\",\"target\":[\"https:\/\/www.upo.es\/investiga\/dihis\/projects\/\"]}]},{\"@type\":\"BreadcrumbList\",\"@id\":\"https:\/\/www.upo.es\/investiga\/dihis\/projects\/#breadcrumb\",\"itemListElement\":[{\"@type\":\"ListItem\",\"position\":1,\"name\":\"Portada\",\"item\":\"https:\/\/www.upo.es\/investiga\/dihis\/\"},{\"@type\":\"ListItem\",\"position\":2,\"name\":\"Projects\"}]},{\"@type\":\"WebSite\",\"@id\":\"https:\/\/www.upo.es\/investiga\/dihis\/#website\",\"url\":\"https:\/\/www.upo.es\/investiga\/dihis\/\",\"name\":\"DIHIS\",\"description\":\"\",\"publisher\":{\"@id\":\"https:\/\/www.upo.es\/investiga\/dihis\/#organization\"},\"potentialAction\":[{\"@type\":\"SearchAction\",\"target\":{\"@type\":\"EntryPoint\",\"urlTemplate\":\"https:\/\/www.upo.es\/investiga\/dihis\/?s={search_term_string}\"},\"query-input\":{\"@type\":\"PropertyValueSpecification\",\"valueRequired\":true,\"valueName\":\"search_term_string\"}}],\"inLanguage\":\"es\"},{\"@type\":\"Organization\",\"@id\":\"https:\/\/www.upo.es\/investiga\/dihis\/#organization\",\"name\":\"DIHIS\",\"url\":\"https:\/\/www.upo.es\/investiga\/dihis\/\",\"logo\":{\"@type\":\"ImageObject\",\"inLanguage\":\"es\",\"@id\":\"https:\/\/www.upo.es\/investiga\/dihis\/#\/schema\/logo\/image\/\",\"url\":\"https:\/\/www.upo.es\/investiga\/dihis\/wp-content\/uploads\/2022\/05\/dihis.jpg\",\"contentUrl\":\"https:\/\/www.upo.es\/investiga\/dihis\/wp-content\/uploads\/2022\/05\/dihis.jpg\",\"width\":600,\"height\":200,\"caption\":\"DIHIS\"},\"image\":{\"@id\":\"https:\/\/www.upo.es\/investiga\/dihis\/#\/schema\/logo\/image\/\"}}]}<\/script>\n<!-- \/ Yoast SEO plugin. -->","yoast_head_json":{"title":"Projects - DIHIS","robots":{"index":"index","follow":"follow","max-snippet":"max-snippet:-1","max-image-preview":"max-image-preview:large","max-video-preview":"max-video-preview:-1"},"canonical":"https:\/\/www.upo.es\/investiga\/dihis\/projects\/","og_locale":"es_ES","og_type":"article","og_title":"Projects - DIHIS","og_description":"Projects Project name: Patologizaci\u00f3n discursiva digital en Twitter, Instagram y TikTok (PID2022-136840OB-I00) Funded by:\u00a0MINISTERIO DE CIENCIA E INNOVACION Duration: 01\/09\/2023 \u2013 31\/08\/2027 Amount:\u00a071.250\u20ac Principal Researchers:\u00a0Manuel Padilla Cruz DIHIS MEMBERS: Pilar Garc\u00e9s-Conejos Blitvich, Patricia Bou Franch, Luc\u00eda Fern\u00e1ndez Amaya y Mar\u00eda de la O Hern\u00e1ndez L\u00f3pez Project name: La Digitalizaci\u00f3n de la Interacci\u00f3n Humana y su [&hellip;]","og_url":"https:\/\/www.upo.es\/investiga\/dihis\/projects\/","og_site_name":"DIHIS","article_modified_time":"2023-09-14T13:21:39+00:00","twitter_card":"summary_large_image","twitter_misc":{"Tiempo de lectura":"2 minutos"},"schema":{"@context":"https:\/\/schema.org","@graph":[{"@type":"WebPage","@id":"https:\/\/www.upo.es\/investiga\/dihis\/projects\/","url":"https:\/\/www.upo.es\/investiga\/dihis\/projects\/","name":"Projects - DIHIS","isPartOf":{"@id":"https:\/\/www.upo.es\/investiga\/dihis\/#website"},"datePublished":"2023-02-16T17:28:09+00:00","dateModified":"2023-09-14T13:21:39+00:00","breadcrumb":{"@id":"https:\/\/www.upo.es\/investiga\/dihis\/projects\/#breadcrumb"},"inLanguage":"es","potentialAction":[{"@type":"ReadAction","target":["https:\/\/www.upo.es\/investiga\/dihis\/projects\/"]}]},{"@type":"BreadcrumbList","@id":"https:\/\/www.upo.es\/investiga\/dihis\/projects\/#breadcrumb","itemListElement":[{"@type":"ListItem","position":1,"name":"Portada","item":"https:\/\/www.upo.es\/investiga\/dihis\/"},{"@type":"ListItem","position":2,"name":"Projects"}]},{"@type":"WebSite","@id":"https:\/\/www.upo.es\/investiga\/dihis\/#website","url":"https:\/\/www.upo.es\/investiga\/dihis\/","name":"DIHIS","description":"","publisher":{"@id":"https:\/\/www.upo.es\/investiga\/dihis\/#organization"},"potentialAction":[{"@type":"SearchAction","target":{"@type":"EntryPoint","urlTemplate":"https:\/\/www.upo.es\/investiga\/dihis\/?s={search_term_string}"},"query-input":{"@type":"PropertyValueSpecification","valueRequired":true,"valueName":"search_term_string"}}],"inLanguage":"es"},{"@type":"Organization","@id":"https:\/\/www.upo.es\/investiga\/dihis\/#organization","name":"DIHIS","url":"https:\/\/www.upo.es\/investiga\/dihis\/","logo":{"@type":"ImageObject","inLanguage":"es","@id":"https:\/\/www.upo.es\/investiga\/dihis\/#\/schema\/logo\/image\/","url":"https:\/\/www.upo.es\/investiga\/dihis\/wp-content\/uploads\/2022\/05\/dihis.jpg","contentUrl":"https:\/\/www.upo.es\/investiga\/dihis\/wp-content\/uploads\/2022\/05\/dihis.jpg","width":600,"height":200,"caption":"DIHIS"},"image":{"@id":"https:\/\/www.upo.es\/investiga\/dihis\/#\/schema\/logo\/image\/"}}]}},"_links":{"self":[{"href":"https:\/\/www.upo.es\/investiga\/dihis\/wp-json\/wp\/v2\/pages\/486","targetHints":{"allow":["GET"]}}],"collection":[{"href":"https:\/\/www.upo.es\/investiga\/dihis\/wp-json\/wp\/v2\/pages"}],"about":[{"href":"https:\/\/www.upo.es\/investiga\/dihis\/wp-json\/wp\/v2\/types\/page"}],"author":[{"embeddable":true,"href":"https:\/\/www.upo.es\/investiga\/dihis\/wp-json\/wp\/v2\/users\/1"}],"replies":[{"embeddable":true,"href":"https:\/\/www.upo.es\/investiga\/dihis\/wp-json\/wp\/v2\/comments?post=486"}],"version-history":[{"count":5,"href":"https:\/\/www.upo.es\/investiga\/dihis\/wp-json\/wp\/v2\/pages\/486\/revisions"}],"predecessor-version":[{"id":607,"href":"https:\/\/www.upo.es\/investiga\/dihis\/wp-json\/wp\/v2\/pages\/486\/revisions\/607"}],"wp:attachment":[{"href":"https:\/\/www.upo.es\/investiga\/dihis\/wp-json\/wp\/v2\/media?parent=486"}],"curies":[{"name":"wp","href":"https:\/\/api.w.org\/{rel}","templated":true}]}}