{"id":1142,"date":"2019-07-17T15:39:16","date_gmt":"2019-07-17T15:39:16","guid":{"rendered":"https:\/\/www.upo.es\/investiga\/enredars\/?page_id=1142"},"modified":"2023-12-30T13:22:02","modified_gmt":"2023-12-30T12:22:02","slug":"barroco-vivo-barroco-continuo","status":"publish","type":"page","link":"https:\/\/www.upo.es\/investiga\/enredars\/?page_id=1142","title":{"rendered":"Barroco vivo, Barroco continuo"},"content":{"rendered":"<div class=\"artifact-description\">\n<p class=\"artifact-title\"><a href=\"http:\/\/hdl.handle.net\/10433\/6613\">El Barroco Vivo. Desc\u00fabrelo en Ti<\/a><span class=\"Z3988\" title=\"ctx_ver=Z39.88-2004&amp;rft_val_fmt=info%3Aofi%2Ffmt%3Akev%3Amtx%3Adc&amp;rft_id=http%3A%2F%2Fhdl.handle.net%2F10433%2F6613&amp;rfr_id=info%3Asid%2Fdspace.org%3Arepository&amp;\"><br \/>\n<\/span><small>Dora Eulalia Ar\u00edzaga Guzm\u00e1n<\/small>\u00a0<span class=\"publisher-date h4\"><span class=\"publisher-date h4\"><small>(Instituto Metropolitano de Patrimonio. Quito)<\/small><\/span><\/span><\/p>\n<p class=\"artifact-title\"><a href=\"http:\/\/hdl.handle.net\/10433\/6612\">El cuarto de pesebre en los espacios dom\u00e9sticos. Un caso en la ciudad de Santaf\u00e9 de Bogot\u00e1 a mediados del siglo XVIII.<\/a><span class=\"Z3988\" title=\"ctx_ver=Z39.88-2004&amp;rft_val_fmt=info%3Aofi%2Ffmt%3Akev%3Amtx%3Adc&amp;rft_id=http%3A%2F%2Fhdl.handle.net%2F10433%2F6612&amp;rfr_id=info%3Asid%2Fdspace.org%3Arepository&amp;\">\u00a0<\/span><br \/>\n<span class=\"author h4\"><small>Mar\u00eda del Pilar L\u00f3pez P\u00e9rez<\/small><\/span>\u00a0<span class=\"publisher-date h4\"><small>(Universidad Nacional de Colombia)<\/small><\/span><\/p>\n<p><a href=\"http:\/\/hdl.handle.net\/10433\/6611\">Legados de Ultramar. Las donaciones de Jos\u00e9 de Montalvo y Palma al Convento de Nuestra Se\u00f1ora de Gracia de Granada.<\/a><span class=\"Z3988\" title=\"ctx_ver=Z39.88-2004&amp;rft_val_fmt=info%3Aofi%2Ffmt%3Akev%3Amtx%3Adc&amp;rft_id=http%3A%2F%2Fhdl.handle.net%2F10433%2F6611&amp;rfr_id=info%3Asid%2Fdspace.org%3Arepository&amp;\">\u00a0<\/span><br \/>\n<span class=\"author h4\"><small>Guadalupe Romero S\u00e1nchez<\/small><\/span>\u00a0<span class=\"publisher-date h4\"><small>(Universidad de Granada)<\/small><\/span><\/p>\n<\/div>\n<p class=\"artifact-title\"><a href=\"http:\/\/hdl.handle.net\/10433\/6610\">El Diablo de T\u00f3paga: La espiritualidad jesuita y las im\u00e1genes en el siglo XVII.<\/a><span class=\"Z3988\" title=\"ctx_ver=Z39.88-2004&amp;rft_val_fmt=info%3Aofi%2Ffmt%3Akev%3Amtx%3Adc&amp;rft_id=http%3A%2F%2Fhdl.handle.net%2F10433%2F6610&amp;rfr_id=info%3Asid%2Fdspace.org%3Arepository&amp;\">\u00a0<\/span><br \/>\n<span class=\"author h4\"><small>Carlos Rojas Cocoma<\/small><\/span>\u00a0<span class=\"publisher-date h4\"><small>(Universidad EAN)<\/small><\/span><\/p>\n<p class=\"artifact-title\"><a href=\"http:\/\/hdl.handle.net\/10433\/6609\">El retrato en Santaf\u00e9, Nuevo Reino de Granada<\/a><span class=\"Z3988\" title=\"ctx_ver=Z39.88-2004&amp;rft_val_fmt=info%3Aofi%2Ffmt%3Akev%3Amtx%3Adc&amp;rft_id=http%3A%2F%2Fhdl.handle.net%2F10433%2F6609&amp;rfr_id=info%3Asid%2Fdspace.org%3Arepository&amp;\">\u00a0<\/span><br \/>\n<span class=\"author h4\"><small>Mar\u00eda Constanza Villalobos Acosta<\/small><\/span>\u00a0<span class=\"publisher-date h4\"><small>(<span class=\"date\">Universidad de los Andes<\/span>)<\/small><\/span><\/p>\n<p class=\"artifact-title\"><a href=\"http:\/\/hdl.handle.net\/10433\/6608\">El comercio art\u00edstico entre C\u00e1diz y Am\u00e9rica en la segunda mitad del siglo XVII: en torno al pintor Bernab\u00e9 de Ayala y su c\u00edrculo.<span class=\"Z3988\" title=\"ctx_ver=Z39.88-2004&amp;rft_val_fmt=info%3Aofi%2Ffmt%3Akev%3Amtx%3Adc&amp;rft_id=http%3A%2F%2Fhdl.handle.net%2F10433%2F6608&amp;rfr_id=info%3Asid%2Fdspace.org%3Arepository&amp;\">\u00a0<\/span><\/a><br \/>\n<span class=\"author h4\"><small>Eduardo Lamas-Delgado<\/small><\/span>\u00a0<span class=\"publisher-date h4\"><small>(<span class=\"date\">Royal Institute for Cultural Heritage. Bruselas<\/span>)<\/small><\/span><\/p>\n<p class=\"artifact-title\"><a href=\"http:\/\/hdl.handle.net\/10433\/6607\">La sacrist\u00eda de la catedral de Valladolid de Michoac\u00e1n.<\/a><span class=\"Z3988\" title=\"ctx_ver=Z39.88-2004&amp;rft_val_fmt=info%3Aofi%2Ffmt%3Akev%3Amtx%3Adc&amp;rft_id=http%3A%2F%2Fhdl.handle.net%2F10433%2F6607&amp;rfr_id=info%3Asid%2Fdspace.org%3Arepository&amp;\">\u00a0<\/span><br \/>\n<span class=\"author h4\"><small>Hugo Armando F\u00e9lix Rocha<\/small><\/span>\u00a0<span class=\"publisher-date h4\"><small>(<span class=\"date\">El Colegio de Michoac\u00e1n<\/span>)<\/small><\/span><\/p>\n<p class=\"artifact-title\"><a href=\"http:\/\/hdl.handle.net\/10433\/6606\">Subordinadas sustantivas: la mujer a trav\u00e9s de la pintura barroca gallega.<\/a><span class=\"Z3988\" title=\"ctx_ver=Z39.88-2004&amp;rft_val_fmt=info%3Aofi%2Ffmt%3Akev%3Amtx%3Adc&amp;rft_id=http%3A%2F%2Fhdl.handle.net%2F10433%2F6606&amp;rfr_id=info%3Asid%2Fdspace.org%3Arepository&amp;\">\u00a0<\/span><br \/>\n<span class=\"author h4\"><small>Bego\u00f1a \u00c1lvarez Seijo<\/small><\/span>\u00a0<span class=\"publisher-date h4\"><small>(<span class=\"date\">Universidade de Santiago de Compostela<\/span>)<\/small><\/span><\/p>\n<p class=\"artifact-title\"><a href=\"http:\/\/hdl.handle.net\/10433\/6605\">O Tenente-coronel e Engenheiro Manuel do Couto. Contributo para a sua biografia.<\/a><span class=\"Z3988\" title=\"ctx_ver=Z39.88-2004&amp;rft_val_fmt=info%3Aofi%2Ffmt%3Akev%3Amtx%3Adc&amp;rft_id=http%3A%2F%2Fhdl.handle.net%2F10433%2F6605&amp;rfr_id=info%3Asid%2Fdspace.org%3Arepository&amp;\">\u00a0<\/span><br \/>\n<span class=\"author h4\"><small>Miguel Portela<\/small><\/span>\u00a0<span class=\"publisher-date h4\"><small>(<span class=\"date\">Investigador<\/span>)<\/small><\/span><\/p>\n<p class=\"artifact-title\"><a href=\"http:\/\/hdl.handle.net\/10433\/6604\">Im\u00e1genes en movimiento. El caso de los Divinos Caminantes de las clausuras femeninas de la Real Audiencia de Quito.<\/a><span class=\"Z3988\" title=\"ctx_ver=Z39.88-2004&amp;rft_val_fmt=info%3Aofi%2Ffmt%3Akev%3Amtx%3Adc&amp;rft_id=http%3A%2F%2Fhdl.handle.net%2F10433%2F6604&amp;rfr_id=info%3Asid%2Fdspace.org%3Arepository&amp;\">\u00a0<\/span><br \/>\n<span class=\"author h4\"><small>\u00c1ngel Pe\u00f1a Mart\u00edn<\/small><\/span>\u00a0<span class=\"publisher-date h4\"><small>(<span class=\"date\">Universidad Aut\u00f3noma de Madrid<\/span>)<\/small><\/span><\/p>\n<p class=\"artifact-title\"><a href=\"http:\/\/hdl.handle.net\/10433\/6603\">Santos Pacheco de Lima (1684-1768) e Jos\u00e9 Coelho de Noronha (1705-1765): duas faces da talha barroca luso-brasileira.<\/a><span class=\"Z3988\" title=\"ctx_ver=Z39.88-2004&amp;rft_val_fmt=info%3Aofi%2Ffmt%3Akev%3Amtx%3Adc&amp;rft_id=http%3A%2F%2Fhdl.handle.net%2F10433%2F6603&amp;rfr_id=info%3Asid%2Fdspace.org%3Arepository&amp;\">\u00a0<\/span><br \/>\n<span class=\"author h4\"><small>S\u00edlvia Maria Cabrita Nogueira Amaral da Silva Ferreira; Aziz Jos\u00e9 de Oliveira Pedrosa\u00a0<\/small><\/span><span class=\"publisher-date h4\"><small>(<span class=\"date\">Universidade Nova de Lisboa; Universidade do Estado de Minas Gerais<\/span>)<\/small><\/span><\/p>\n<p class=\"artifact-title\"><a href=\"http:\/\/hdl.handle.net\/10433\/6602\">Clarificando los or\u00edgenes del pintor Nicol\u00e1s Javier de Gor\u00edbar: Nuevos datos sobre su familia paterna.<\/a><span class=\"Z3988\" title=\"ctx_ver=Z39.88-2004&amp;rft_val_fmt=info%3Aofi%2Ffmt%3Akev%3Amtx%3Adc&amp;rft_id=http%3A%2F%2Fhdl.handle.net%2F10433%2F6602&amp;rfr_id=info%3Asid%2Fdspace.org%3Arepository&amp;\">\u00a0<\/span><br \/>\n<span class=\"author h4\"><small>\u00c1ngel Justo-Estebaranz<\/small><\/span>\u00a0<span class=\"publisher-date h4\"><small>(<span class=\"date\">Universidad de Sevilla<\/span>)<\/small><\/span><\/p>\n<p class=\"artifact-title\"><a href=\"http:\/\/hdl.handle.net\/10433\/6601\">A presen\u00e7a de artistas espanh\u00f3is na diocese de Miranda-Bragan\u00e7a entre os s\u00e9culos XVI e XVIII: da Galiza a Castela e L\u00e9on.<\/a><span class=\"Z3988\" title=\"ctx_ver=Z39.88-2004&amp;rft_val_fmt=info%3Aofi%2Ffmt%3Akev%3Amtx%3Adc&amp;rft_id=http%3A%2F%2Fhdl.handle.net%2F10433%2F6601&amp;rfr_id=info%3Asid%2Fdspace.org%3Arepository&amp;\">\u00a0<\/span><br \/>\n<span class=\"author h4\"><small>Ana Celeste Gl\u00f3ria<\/small><\/span>\u00a0<span class=\"publisher-date h4\"><small>(<span class=\"date\">Universidade Nova de Lisboa<\/span>)<\/small><\/span><\/p>\n<p class=\"artifact-title\"><a href=\"http:\/\/hdl.handle.net\/10433\/6600\">Intorno al Pante\u00f3n de los Reyes dell\u2019Escorial: il Mausoleo-Retablo-Teca-Reliquiario fra tenebra e luce.<\/a><span class=\"Z3988\" title=\"ctx_ver=Z39.88-2004&amp;rft_val_fmt=info%3Aofi%2Ffmt%3Akev%3Amtx%3Adc&amp;rft_id=http%3A%2F%2Fhdl.handle.net%2F10433%2F6600&amp;rfr_id=info%3Asid%2Fdspace.org%3Arepository&amp;\">\u00a0<\/span><br \/>\n<span class=\"author h4\"><small>Marcelo Fagiolo<\/small><\/span>\u00a0<span class=\"publisher-date h4\"><small>(<span class=\"date\">Centro Studi Cultura e Immagine di Roma<\/span>)<\/small><\/span><\/p>\n<p class=\"artifact-title\"><a href=\"http:\/\/hdl.handle.net\/10433\/6599\">La donaci\u00f3n de un fragmento del ayate original de Nuestra Se\u00f1ora de Guadalupe para la Catedral de M\u00e9xico en 1673.<\/a><span class=\"Z3988\" title=\"ctx_ver=Z39.88-2004&amp;rft_val_fmt=info%3Aofi%2Ffmt%3Akev%3Amtx%3Adc&amp;rft_id=http%3A%2F%2Fhdl.handle.net%2F10433%2F6599&amp;rfr_id=info%3Asid%2Fdspace.org%3Arepository&amp;\">\u00a0<\/span><br \/>\n<span class=\"author h4\"><small>Gabriela S\u00e1nchez Reyes<\/small><\/span>\u00a0<span class=\"publisher-date h4\"><small>(<span class=\"date\">INAH<\/span>)<\/small><\/span><\/p>\n<p class=\"artifact-title\"><a href=\"http:\/\/hdl.handle.net\/10433\/6598\">\u00bf\u201cUt Sculptura Poesis\u201d?: La Virgen de los Remedios y su imagen en las fuentes literarias en los siglos XVII y XVIII.<\/a><span class=\"Z3988\" title=\"ctx_ver=Z39.88-2004&amp;rft_val_fmt=info%3Aofi%2Ffmt%3Akev%3Amtx%3Adc&amp;rft_id=http%3A%2F%2Fhdl.handle.net%2F10433%2F6598&amp;rfr_id=info%3Asid%2Fdspace.org%3Arepository&amp;\">\u00a0<\/span><br \/>\n<span class=\"author h4\"><small>Luis Javier Cuesta Hern\u00e1ndez<\/small><\/span>\u00a0<span class=\"publisher-date h4\"><small>(<span class=\"date\">Universidad Iberoamericana<\/span>)<\/small><\/span><\/p>\n<p class=\"artifact-title\"><a href=\"http:\/\/hdl.handle.net\/10433\/6597\">Culto, Devoci\u00f3n y Escenograf\u00eda de las Reliquias: \u201cDelineaci\u00f3n\u201d del Relicario del Ochavo de la Catedral Primada de Toledo en 1790.<\/a><span class=\"Z3988\" title=\"ctx_ver=Z39.88-2004&amp;rft_val_fmt=info%3Aofi%2Ffmt%3Akev%3Amtx%3Adc&amp;rft_id=http%3A%2F%2Fhdl.handle.net%2F10433%2F6597&amp;rfr_id=info%3Asid%2Fdspace.org%3Arepository&amp;\">\u00a0<\/span><br \/>\n<span class=\"author h4\"><small>Ignacio Jos\u00e9 Garc\u00eda Zapata<\/small><\/span>\u00a0<span class=\"publisher-date h4\"><small>(Universidad de Murcia)<\/small><\/span><\/p>\n<p class=\"artifact-title\"><a href=\"http:\/\/hdl.handle.net\/10433\/6596\">Pintura mural en los conventos de la Provincia Franciscana de la Santa Fe de Colombia.<\/a><span class=\"Z3988\" title=\"ctx_ver=Z39.88-2004&amp;rft_val_fmt=info%3Aofi%2Ffmt%3Akev%3Amtx%3Adc&amp;rft_id=http%3A%2F%2Fhdl.handle.net%2F10433%2F6596&amp;rfr_id=info%3Asid%2Fdspace.org%3Arepository&amp;\">\u00a0<\/span><br \/>\n<span class=\"author h4\"><small>Jos\u00e9 Manuel Almansa Moreno<\/small><\/span>\u00a0<span class=\"publisher-date h4\"><small>(<span class=\"date\">Universidad de Ja\u00e9n<\/span>)<\/small><\/span><\/p>\n<p class=\"artifact-title\"><a href=\"http:\/\/hdl.handle.net\/10433\/6595\">Duque Cornejo, pintor.<\/a><span class=\"Z3988\" title=\"ctx_ver=Z39.88-2004&amp;rft_val_fmt=info%3Aofi%2Ffmt%3Akev%3Amtx%3Adc&amp;rft_id=http%3A%2F%2Fhdl.handle.net%2F10433%2F6595&amp;rfr_id=info%3Asid%2Fdspace.org%3Arepository&amp;\">\u00a0<\/span><br \/>\n<span class=\"author h4\"><small>Manuel Garc\u00eda Luque<\/small><\/span>\u00a0<span class=\"publisher-date h4\"><small>(<span class=\"date\">Universidad de Granada<\/span>)<\/small><\/span><\/p>\n<div class=\"artifact-info\">\n<p class=\"artifact-title\"><a href=\"http:\/\/hdl.handle.net\/10433\/6594\">La percepci\u00f3n literaria y art\u00edstica del Nuevo Mundo en los Antiguos Estados de Italia (s. XVI-XVII).<\/a><span class=\"Z3988\" title=\"ctx_ver=Z39.88-2004&amp;rft_val_fmt=info%3Aofi%2Ffmt%3Akev%3Amtx%3Adc&amp;rft_id=http%3A%2F%2Fhdl.handle.net%2F10433%2F6594&amp;rfr_id=info%3Asid%2Fdspace.org%3Arepository&amp;\">\u00a0<\/span><br \/>\n<span class=\"author h4\"><small>Macarena Moralejo Ortega<\/small><\/span>\u00a0<span class=\"publisher-date h4\"><small>(Universidad de Granada)<\/small><\/span><\/p>\n<\/div>\n<div class=\"artifact-description\">\n<p class=\"artifact-info\"><a href=\"http:\/\/hdl.handle.net\/10433\/6593\">T\u00e9cnicas jesu\u00edticas de predicaci\u00f3n misional, del Viejo al Nuevo Mundo (c. 1550-1650).<\/a><span class=\"Z3988\" title=\"ctx_ver=Z39.88-2004&amp;rft_val_fmt=info%3Aofi%2Ffmt%3Akev%3Amtx%3Adc&amp;rft_id=http%3A%2F%2Fhdl.handle.net%2F10433%2F6593&amp;rfr_id=info%3Asid%2Fdspace.org%3Arepository&amp;\"><br \/>\n<\/span><small>Juan Luis Gonz\u00e1lez Garc\u00eda<\/small>\u00a0<span class=\"publisher-date h4\"><small>(<span class=\"date\">Universidad Aut\u00f3noma de Madrid<\/span>)<\/small><\/span><\/p>\n<div class=\"artifact-info\">\n<p class=\"artifact-info\"><a href=\"http:\/\/hdl.handle.net\/10433\/6592\">Y al fin: Barroco vivo, barroco continuo. Lecturas de un arte que se resiste a ser -solo- historia.<\/a><span class=\"Z3988\" title=\"ctx_ver=Z39.88-2004&amp;rft_val_fmt=info%3Aofi%2Ffmt%3Akev%3Amtx%3Adc&amp;rft_id=http%3A%2F%2Fhdl.handle.net%2F10433%2F6592&amp;rfr_id=info%3Asid%2Fdspace.org%3Arepository&amp;\">\u00a0<\/span><br \/>\n<span class=\"author h4\"><small>Fernando Quiles Garc\u00eda\u00a0<\/small><\/span><span class=\"publisher-date h4\"><small>(<span class=\"date\">Universidad Pablo de Olavide, Sevilla<\/span>)<\/small><\/span><\/p>\n<\/div>\n<ul>\n<li class=\"artifact-info\">Libro completo:<\/li>\n<\/ul>\n<div class=\"artifact-info\">\n<div class=\"artifact-info\"><span class=\"author h4\"><span class=\"author h4\"><small>Quiles Garc\u00eda, Fernando (coord.);\u00a0L\u00f3pez P\u00e9rez, Mar\u00eda del Pilar (coord.).\u00a0<\/small><\/span><\/span><em><a href=\"http:\/\/hdl.handle.net\/10433\/6614\">Barroco vivo, Barroco continuo.<\/a><span class=\"Z3988\" title=\"ctx_ver=Z39.88-2004&amp;rft_val_fmt=info%3Aofi%2Ffmt%3Akev%3Amtx%3Adc&amp;rft_id=http%3A%2F%2Fhdl.handle.net%2F10433%2F6614&amp;rfr_id=info%3Asid%2Fdspace.org%3Arepository&amp;\">\u00a0<\/span><\/em><span class=\"Z3988\" title=\"ctx_ver=Z39.88-2004&amp;rft_val_fmt=info%3Aofi%2Ffmt%3Akev%3Amtx%3Adc&amp;rft_id=http%3A%2F%2Fhdl.handle.net%2F10433%2F6614&amp;rfr_id=info%3Asid%2Fdspace.org%3Arepository&amp;\">Vol. 5. Universo Barroco Iberoamericano. 2019.<\/span><\/div>\n<\/div>\n<\/div>\n","protected":false},"excerpt":{"rendered":"<p>El Barroco Vivo. Desc\u00fabrelo en Ti Dora Eulalia Ar\u00edzaga Guzm\u00e1n\u00a0(Instituto Metropolitano de Patrimonio. Quito) El cuarto de pesebre en los[&#8230;]<\/p>\n","protected":false},"author":1,"featured_media":0,"parent":41,"menu_order":5,"comment_status":"closed","ping_status":"closed","template":"template-fullwidth.php","meta":{"footnotes":""},"_links":{"self":[{"href":"https:\/\/www.upo.es\/investiga\/enredars\/index.php?rest_route=\/wp\/v2\/pages\/1142"}],"collection":[{"href":"https:\/\/www.upo.es\/investiga\/enredars\/index.php?rest_route=\/wp\/v2\/pages"}],"about":[{"href":"https:\/\/www.upo.es\/investiga\/enredars\/index.php?rest_route=\/wp\/v2\/types\/page"}],"author":[{"embeddable":true,"href":"https:\/\/www.upo.es\/investiga\/enredars\/index.php?rest_route=\/wp\/v2\/users\/1"}],"replies":[{"embeddable":true,"href":"https:\/\/www.upo.es\/investiga\/enredars\/index.php?rest_route=%2Fwp%2Fv2%2Fcomments&post=1142"}],"version-history":[{"count":3,"href":"https:\/\/www.upo.es\/investiga\/enredars\/index.php?rest_route=\/wp\/v2\/pages\/1142\/revisions"}],"predecessor-version":[{"id":2664,"href":"https:\/\/www.upo.es\/investiga\/enredars\/index.php?rest_route=\/wp\/v2\/pages\/1142\/revisions\/2664"}],"up":[{"embeddable":true,"href":"https:\/\/www.upo.es\/investiga\/enredars\/index.php?rest_route=\/wp\/v2\/pages\/41"}],"wp:attachment":[{"href":"https:\/\/www.upo.es\/investiga\/enredars\/index.php?rest_route=%2Fwp%2Fv2%2Fmedia&parent=1142"}],"curies":[{"name":"wp","href":"https:\/\/api.w.org\/{rel}","templated":true}]}}