{"id":1149,"date":"2019-07-24T10:55:49","date_gmt":"2019-07-24T10:55:49","guid":{"rendered":"https:\/\/www.upo.es\/investiga\/enredars\/?page_id=1149"},"modified":"2019-07-24T11:05:45","modified_gmt":"2019-07-24T11:05:45","slug":"1149-2","status":"publish","type":"page","link":"https:\/\/www.upo.es\/investiga\/enredars\/?page_id=1149","title":{"rendered":""},"content":{"rendered":"<h1 class=\"entry-title fn\">Presentaci\u00f3n del quinto volumen de la colecci\u00f3n \u2018Universo Barroco Iberoamericano\u2019<\/h1>\n<h3 class=\"subtitle\">\u2018Barroco Vivo, Barroco Continuo\u2019 culmina la primera etapa editorial de la matriz de proyectos culturales EnRedArs de la Universidad Pablo de Olavide<\/h3>\n<div class=\"entry-meta\"><em><span class=\"entry-date\">A\u00a0<time class=\"entry-date\" datetime=\"2019-07-23T13:11:41+00:00\">23 julio, 2019<\/time><\/span><\/em><\/div>\n<div class=\"entry-meta\"><\/div>\n<div class=\"entry-meta\"><img loading=\"lazy\" decoding=\"async\" class=\"size-full wp-image-1151 aligncenter\" src=\"https:\/\/www.upo.es\/investiga\/enredars\/wp-content\/uploads\/2019\/07\/fotoenredars-1.jpg\" alt=\"\" width=\"750\" height=\"500\" srcset=\"https:\/\/www.upo.es\/investiga\/enredars\/wp-content\/uploads\/2019\/07\/fotoenredars-1.jpg 750w, https:\/\/www.upo.es\/investiga\/enredars\/wp-content\/uploads\/2019\/07\/fotoenredars-1-300x200.jpg 300w, https:\/\/www.upo.es\/investiga\/enredars\/wp-content\/uploads\/2019\/07\/fotoenredars-1-120x80.jpg 120w, https:\/\/www.upo.es\/investiga\/enredars\/wp-content\/uploads\/2019\/07\/fotoenredars-1-360x240.jpg 360w, https:\/\/www.upo.es\/investiga\/enredars\/wp-content\/uploads\/2019\/07\/fotoenredars-1-600x400.jpg 600w, https:\/\/www.upo.es\/investiga\/enredars\/wp-content\/uploads\/2019\/07\/fotoenredars-1-480x320.jpg 480w\" sizes=\"(max-width: 750px) 100vw, 750px\" \/><\/div>\n<div class=\"entry-meta\" style=\"text-align: center;\">De izquierda a derecha, Rafael Gonz\u00e1lez Madrid, Isabel Victoria Lucena Cid y Fernando Quiles.<\/div>\n<div class=\"entry-meta\"><\/div>\n<div class=\"entry-meta\">\n<p>La matriz de proyectos culturales\u00a0<strong>EnRedArs<\/strong>\u00a0de la Universidad Pablo de Olavide culmina su primera etapa editorial con la publicaci\u00f3n de\u00a0<strong>\u2018Barroco Vivo, Barroco Continuo\u2019<\/strong>, quinto volumen de la\u00a0<strong>colecci\u00f3n \u2018Universo Barroco Iberoamericano\u2019<\/strong>\u00a0que ha sido presentado hoy en la UPO por la vicerrectora de Internacionalizaci\u00f3n Isabel Victoria Lucena Cid y por su coeditor, el profesor de Historia del Arte Fernando Quiles, quienes han estado acompa\u00f1ados por Rafael Gonz\u00e1lez Madrid, gestor de contenidos de EnRedArs.<\/p>\n<p>Esta publicaci\u00f3n, que da continuidad al primer tomo de la serie que se public\u00f3 en el a\u00f1o 2016 al cuidado de los mismos editores, recoge en casi 400 p\u00e1ginas 22 estudios sobre el barroco en el \u00e1mbito iberoamericano, incluyendo los pa\u00edses de la Pen\u00ednsula Ib\u00e9rica. \u201cSin entrar a valorar los estudios, resaltamos la diversidad tem\u00e1tica y geogr\u00e1fica, y, ante todo, como refleja el t\u00edtulo del libro, incidimos en el hecho de que el barroco es m\u00e1s que un estilo art\u00edstico e incluso m\u00e1s all\u00e1 de una categor\u00eda creativa, un signo de los nuevos tiempos. El barroco est\u00e1 vivo y goza de enorme popularidad\u201d, explica el profesor Fernando Quiles, editor de la publicaci\u00f3n junto a la profesora de la Universidad Nacional de Colombia Mar\u00eda del Pilar L\u00f3pez.<\/p>\n<p>El libro es, por tanto, un aporte m\u00e1s al conocimiento del barroco iberoamericano y de las relaciones art\u00edsticas entre los pa\u00edses de hablas portuguesa y espa\u00f1ola, as\u00ed como el resultado de la colaboraci\u00f3n interuniversitaria entre la Universidad Pablo de Olavide y la Universidad Nacional de Colombia.<\/p>\n<p><strong>Consolidaci\u00f3n e inicio de una nueva etapa editorial<\/strong><\/p>\n<p><strong>\u2018<\/strong>Barroco Vivo, Barroco Continuo\u2019 es la publicaci\u00f3n n\u00famero 20 de EnRedArs, lo que supone para los integrantes de esta red de docentes, investigadores y profesionales el inicio de una nueva etapa editorial.\u00a0 Desde que esta matriz de proyectos culturales de la UPO iniciara su actividad editora a principios de la d\u00e9cada, ha continuado trabajando para concretar una nueva manera de publicar trabajos de investigaci\u00f3n y divulgaci\u00f3n sobre el arte y el patrimonio cultural iberoamericanos.<\/p>\n<p>Los cuatro primeros t\u00edtulos que conformaron la primera colecci\u00f3n, que datan del 2013, llevan por t\u00edtulo\u00a0<strong>\u2018RedAVI. Colecci\u00f3n textos\u2019<\/strong>, escritos y realizados por la Red de Arquitectura Vern\u00e1cula Iberoamericana (Red-AVI), con el apoyo institucional de la AECID. Luego se cre\u00f3\u00a0<strong>\u2018Cuadernos del Aula\u2019<\/strong>, con los que se hicieron p\u00fablicos documentos de \u2018Aula Latinoamericana de Creaci\u00f3n y Pensamiento Contempor\u00e1neos\u2019. Y, casi al mismo tiempo, las otras dos colecciones que conforman el cat\u00e1logo, hasta el momento:\u00a0<strong>\u2018Acervos. Patrimonio Cultural Iberoamericano\u2019<\/strong>\u00a0y\u00a0<strong>\u2018Universo Barroco Iberoamericano\u2019<\/strong>. Todo ello se present\u00f3 como producto de la Matriz de Proyectos Culturales EnRedArs.<\/p>\n<p>Unido al crecimiento material, la editorial ha podido realizar un avance conceptual en la manera de generar nuevos t\u00edtulos y de presentarlos. Como explica Fernando Quiles \u201chemos trabajado con un soporte tecnol\u00f3gico que al tiempo que permite la mejor difusi\u00f3n de los materiales, facilita la interacci\u00f3n con los autores y autoras. En ese sentido, al tiempo que experimentamos con la plataforma, mejoramos el trabajo de equipo, habiendo incrementado el grupo de trabajo, con nuevas incorporaciones\u201d.<\/p>\n<p>El proyecto cuenta con el apoyo econ\u00f3mico e institucional de la Universidad Pablo de Olavide, que ha prestado todo su apoyo para la definici\u00f3n y materializaci\u00f3n de la web, cuya interfaz ha hospedado en su propio servidor, custodiando los documentos en su Repositorio (RIO).<\/p>\n<p>Para respaldar esta acci\u00f3n editora, EnRedArs se ha asociado con otros colectivos e instituciones como L\u2019 Ecole de Hautes \u00c9tudes en Sciences Sociales en Francia; la Universidade de \u00c9vora en Portugal; el Instituto Zacatecano de Cultura \u2018Ram\u00f3n L\u00f3pez Velarde\u2019 en M\u00e9xico; y en Colombia, la Universidad de Pamplona, la Universidad Javeriana y la Universidad Nacional de Colombia.<\/p>\n<p>Hasta la fecha se han publicado todos los libros sin periodo de espera y sin reservas de acceso, algunos incluso se han impreso. \u201cEn la web hemos habilitado un espacio, con su pesta\u00f1a, para convocatorias p\u00fablicas de libros, en sistema de\u00a0<em>Call for Chapter or Book<\/em>. De momento todas las propuestas efectuadas por este medio han tenido buena acogida, permitiendo que tengamos en los pr\u00f3ximos meses otros t\u00edtulos\u201d, afirma Fernando Quiles. En esta misma direcci\u00f3n apunta la idea que actualmente est\u00e1n desarrollando, la de dar cabida entre las pr\u00f3ximas publicaciones a obras propuestas por entidades ajenas, a trav\u00e9s de argumentos claros y bien definidos.<\/p>\n<p>Otra de las novedades ser\u00eda crear una galer\u00eda de arte asociada al dise\u00f1o de portada de los libros. De momento se ha generado una galer\u00eda de portadas, que pretende mejorar con convocatoria p\u00fablica para nuevos dise\u00f1os de libros.<\/p>\n<p>Finalmente, en un futuro inmediato, la editorial pretende alojar en su portal un espacio de formaci\u00f3n online relacionada con los contenidos y temas de sus publicaciones. \u201cTodo esto requiere un presupuesto que de momento no tenemos, por lo que estamos planeando acudir al micromecenazgo y a la b\u00fasqueda de patrocinios\u201d, argumenta Fernando Quiles. Al fin, todo ha de contribuir a la generaci\u00f3n de t\u00edtulos nuevos, con temas de actualidad, siempre en el marco iberoamericano, fortalecer la red de contactos y mejorar la web para conseguir una mayor proyecci\u00f3n internacional, lograr adem\u00e1s la fidelizaci\u00f3n del mayor n\u00famero posible de seguidores y seguidoras.<\/p>\n<p>El equipo editorial est\u00e1 integrado por Mar\u00eda de los \u00c1ngeles Fern\u00e1ndez Valle, Victoria S\u00e1nchez Mellado, Rafael Molina Mart\u00edn, Zara Ruiz Romero, Juan Ram\u00f3n Rodr\u00edguez-Mateo, Marcelo Mart\u00edn, Rafael Gonz\u00e1lez Madrid y Fernando Quiles, todos miembros del \u00c1rea de Historia del Arte de la Universidad Pablo de Olavide, que respalda este proyecto.<\/p>\n<p>Fuente: <a href=\"https:\/\/www.upo.es\/diario\/docencia-formacion\/2019\/07\/presentacion-del-quinto-volumen-de-la-coleccion-universo-barroco-iberoamericano\/\">DUPO &#8211; Diario de la Universidad Pablo de Olavide<\/a><\/p>\n<\/div>\n","protected":false},"excerpt":{"rendered":"<p>Presentaci\u00f3n del quinto volumen de la colecci\u00f3n \u2018Universo Barroco Iberoamericano\u2019 \u2018Barroco Vivo, Barroco Continuo\u2019 culmina la primera etapa editorial de[&#8230;]<\/p>\n","protected":false},"author":1,"featured_media":0,"parent":746,"menu_order":0,"comment_status":"closed","ping_status":"closed","template":"template-fullwidth.php","meta":{"footnotes":""},"_links":{"self":[{"href":"https:\/\/www.upo.es\/investiga\/enredars\/index.php?rest_route=\/wp\/v2\/pages\/1149"}],"collection":[{"href":"https:\/\/www.upo.es\/investiga\/enredars\/index.php?rest_route=\/wp\/v2\/pages"}],"about":[{"href":"https:\/\/www.upo.es\/investiga\/enredars\/index.php?rest_route=\/wp\/v2\/types\/page"}],"author":[{"embeddable":true,"href":"https:\/\/www.upo.es\/investiga\/enredars\/index.php?rest_route=\/wp\/v2\/users\/1"}],"replies":[{"embeddable":true,"href":"https:\/\/www.upo.es\/investiga\/enredars\/index.php?rest_route=%2Fwp%2Fv2%2Fcomments&post=1149"}],"version-history":[{"count":1,"href":"https:\/\/www.upo.es\/investiga\/enredars\/index.php?rest_route=\/wp\/v2\/pages\/1149\/revisions"}],"predecessor-version":[{"id":1152,"href":"https:\/\/www.upo.es\/investiga\/enredars\/index.php?rest_route=\/wp\/v2\/pages\/1149\/revisions\/1152"}],"up":[{"embeddable":true,"href":"https:\/\/www.upo.es\/investiga\/enredars\/index.php?rest_route=\/wp\/v2\/pages\/746"}],"wp:attachment":[{"href":"https:\/\/www.upo.es\/investiga\/enredars\/index.php?rest_route=%2Fwp%2Fv2%2Fmedia&parent=1149"}],"curies":[{"name":"wp","href":"https:\/\/api.w.org\/{rel}","templated":true}]}}