{"id":1235,"date":"2019-09-26T09:06:14","date_gmt":"2019-09-26T09:06:14","guid":{"rendered":"https:\/\/www.upo.es\/investiga\/enredars\/?page_id=1235"},"modified":"2023-12-30T17:10:37","modified_gmt":"2023-12-30T16:10:37","slug":"las-manifestaciones-rupestres-en-mexico-tecnica-iconografia-y-paisaje","status":"publish","type":"page","link":"https:\/\/www.upo.es\/investiga\/enredars\/?page_id=1235","title":{"rendered":"Las manifestaciones rupestres en M\u00e9xico. T\u00e9cnica, iconograf\u00eda y paisaje."},"content":{"rendered":"<div class=\"artifact-description\">\n<p class=\"artifact-title\"><a href=\"http:\/\/hdl.handle.net\/10433\/6760\">Presentaci\u00f3n<\/a><span class=\"Z3988\" title=\"ctx_ver=Z39.88-2004&amp;rft_val_fmt=info%3Aofi%2Ffmt%3Akev%3Amtx%3Adc&amp;rft_id=http%3A%2F%2Fhdl.handle.net%2F10433%2F6760&amp;rfr_id=info%3Asid%2Fdspace.org%3Arepository&amp;\">\u00a0<\/span><br \/>\n<span class=\"author h4\"><small>Gonz\u00e1lez Biedma, Eduardo<\/small><\/span><\/p>\n<p class=\"artifact-title\"><a href=\"http:\/\/hdl.handle.net\/10433\/6759\">Introducci\u00f3n<\/a><span class=\"Z3988\" title=\"ctx_ver=Z39.88-2004&amp;rft_val_fmt=info%3Aofi%2Ffmt%3Akev%3Amtx%3Adc&amp;rft_id=http%3A%2F%2Fhdl.handle.net%2F10433%2F6759&amp;rfr_id=info%3Asid%2Fdspace.org%3Arepository&amp;\">\u00a0<\/span><br \/>\n<span class=\"author h4\"><small>Lara, Aline; Vi\u00f1as, Ramon; Rubio, Albert<\/small><\/span><\/p>\n<\/div>\n<p class=\"artifact-title\"><a href=\"http:\/\/hdl.handle.net\/10433\/6758\">Pasado y futuro del arte rupestre en M\u00e9xico.<\/a><span class=\"Z3988\" title=\"ctx_ver=Z39.88-2004&amp;rft_val_fmt=info%3Aofi%2Ffmt%3Akev%3Amtx%3Adc&amp;rft_id=http%3A%2F%2Fhdl.handle.net%2F10433%2F6758&amp;rfr_id=info%3Asid%2Fdspace.org%3Arepository&amp;\">\u00a0<\/span><br \/>\n<span class=\"author h4\"><small>Casado L\u00f3pez, Mar\u00eda del Pilar<\/small><\/span><\/p>\n<p class=\"artifact-title\"><a href=\"http:\/\/hdl.handle.net\/10433\/6757\">Los volcanes Tres V\u00edrgenes: agentes sociales en el proceso de culturizaci\u00f3n del paisaje en Baja California Central, M\u00e9xico.<\/a><span class=\"Z3988\" title=\"ctx_ver=Z39.88-2004&amp;rft_val_fmt=info%3Aofi%2Ffmt%3Akev%3Amtx%3Adc&amp;rft_id=http%3A%2F%2Fhdl.handle.net%2F10433%2F6757&amp;rfr_id=info%3Asid%2Fdspace.org%3Arepository&amp;\">\u00a0<\/span><br \/>\n<span class=\"author h4\"><small>Guti\u00e9rrez Mart\u00ednez, Mar\u00eda de la Luz<\/small><\/span><\/p>\n<p class=\"artifact-title\"><a href=\"http:\/\/hdl.handle.net\/10433\/6756\">Los elementos reticulados del Arcaico Gran Mural: Cuevas de La pintada y El rat\u00f3n. Sierra de San Francisco, Baja California Sur, M\u00e9xico.<\/a><span class=\"Z3988\" title=\"ctx_ver=Z39.88-2004&amp;rft_val_fmt=info%3Aofi%2Ffmt%3Akev%3Amtx%3Adc&amp;rft_id=http%3A%2F%2Fhdl.handle.net%2F10433%2F6756&amp;rfr_id=info%3Asid%2Fdspace.org%3Arepository&amp;\">\u00a0<\/span><br \/>\n<span class=\"author h4\"><small>Vi\u00f1as, Ramon; Rubio, Albert; Mendoza, Larissa<\/small><\/span><\/p>\n<p class=\"artifact-title\"><a href=\"http:\/\/hdl.handle.net\/10433\/6755\">Sitios pictogr\u00e1ficos en la Sierra de las Cacachilas, Baja California Sur, M\u00e9xico.<\/a><span class=\"Z3988\" title=\"ctx_ver=Z39.88-2004&amp;rft_val_fmt=info%3Aofi%2Ffmt%3Akev%3Amtx%3Adc&amp;rft_id=http%3A%2F%2Fhdl.handle.net%2F10433%2F6755&amp;rfr_id=info%3Asid%2Fdspace.org%3Arepository&amp;\">\u00a0<\/span><br \/>\n<span class=\"author h4\"><small>Fujita, Harumi;\u00a0Bulhusen Mu\u00f1oz, Karim<\/small><\/span><\/p>\n<p class=\"artifact-title\"><a href=\"http:\/\/hdl.handle.net\/10433\/6754\">Un acercamiento a la pintura rupestre de la Sierra de la Giganta, Baja California Sur, M\u00e9xico.<\/a><span class=\"Z3988\" title=\"ctx_ver=Z39.88-2004&amp;rft_val_fmt=info%3Aofi%2Ffmt%3Akev%3Amtx%3Adc&amp;rft_id=http%3A%2F%2Fhdl.handle.net%2F10433%2F6754&amp;rfr_id=info%3Asid%2Fdspace.org%3Arepository&amp;\">\u00a0<\/span><br \/>\n<span class=\"author h4\"><small>Mandujano \u00c1lvarez, Carlos<\/small><\/span><\/p>\n<p class=\"artifact-title\"><a href=\"http:\/\/hdl.handle.net\/10433\/6753\">Grabados y astros: el papel de los s\u00edmbolos celestes entre las manifestaciones del conjunto rupestre del Arroyo de las flechas (Caborca, Sonora, M\u00e9xico).<\/a><span class=\"Z3988\" title=\"ctx_ver=Z39.88-2004&amp;rft_val_fmt=info%3Aofi%2Ffmt%3Akev%3Amtx%3Adc&amp;rft_id=http%3A%2F%2Fhdl.handle.net%2F10433%2F6753&amp;rfr_id=info%3Asid%2Fdspace.org%3Arepository&amp;\">\u00a0<\/span><br \/>\n<span class=\"author h4\"><small>Men\u00e9ndez Iglesias, Beatriz; Vi\u00f1as Vallverd\u00fa, Ramon; Terrazas Mata, Alejandro; E. Benavente Sanvicente, Martha; Rubio Mora, Albert<\/small><\/span><\/p>\n<p class=\"artifact-title\"><a href=\"http:\/\/hdl.handle.net\/10433\/6752\">Forma &#8211; asociaci\u00f3n &#8211; contexto. Estrategia de estudio del arte rupestre en el occidente mexicano.<\/a><span class=\"Z3988\" title=\"ctx_ver=Z39.88-2004&amp;rft_val_fmt=info%3Aofi%2Ffmt%3Akev%3Amtx%3Adc&amp;rft_id=http%3A%2F%2Fhdl.handle.net%2F10433%2F6752&amp;rfr_id=info%3Asid%2Fdspace.org%3Arepository&amp;\">\u00a0<\/span><br \/>\n<span class=\"author h4\"><small>C\u00e1rdenas Garc\u00eda, Efra\u00edn<\/small><\/span><\/p>\n<p class=\"artifact-title\"><a href=\"http:\/\/hdl.handle.net\/10433\/6751\">Algunas manifestaciones gr\u00e1fico-rupestres de la Ci\u00e9naga de Zacapu, Michoac\u00e1n.<\/a><span class=\"Z3988\" title=\"ctx_ver=Z39.88-2004&amp;rft_val_fmt=info%3Aofi%2Ffmt%3Akev%3Amtx%3Adc&amp;rft_id=http%3A%2F%2Fhdl.handle.net%2F10433%2F6751&amp;rfr_id=info%3Asid%2Fdspace.org%3Arepository&amp;\">\u00a0<\/span><br \/>\n<span class=\"author h4\"><small>Fern\u00e1ndez-Villanueva, Eugenia<\/small><\/span><\/p>\n<p class=\"artifact-title\"><a href=\"http:\/\/hdl.handle.net\/10433\/6750\">Las cruces punteadas, evidencias de interacci\u00f3n y tradiciones regionales de observaci\u00f3n astron\u00f3mica.<\/a><span class=\"Z3988\" title=\"ctx_ver=Z39.88-2004&amp;rft_val_fmt=info%3Aofi%2Ffmt%3Akev%3Amtx%3Adc&amp;rft_id=http%3A%2F%2Fhdl.handle.net%2F10433%2F6750&amp;rfr_id=info%3Asid%2Fdspace.org%3Arepository&amp;\">\u00a0<\/span><br \/>\n<span class=\"author h4\"><small>R\u00e9tiz Garc\u00eda, Mario A.;\u00a0C\u00e1rdenas Garc\u00eda, Efra\u00edn<\/small><\/span><\/p>\n<p class=\"artifact-title\"><a href=\"http:\/\/hdl.handle.net\/10433\/6749\">Las pinturas y grabados rupestres al norte de la Cuenca de Oriental en Puebla, M\u00e9xico.<\/a><span class=\"Z3988\" title=\"ctx_ver=Z39.88-2004&amp;rft_val_fmt=info%3Aofi%2Ffmt%3Akev%3Amtx%3Adc&amp;rft_id=http%3A%2F%2Fhdl.handle.net%2F10433%2F6749&amp;rfr_id=info%3Asid%2Fdspace.org%3Arepository&amp;\">\u00a0<\/span><br \/>\n<span class=\"author h4\"><small>Morales Vigil, Erika<\/small><\/span><\/p>\n<p class=\"artifact-title\"><a href=\"http:\/\/hdl.handle.net\/10433\/6748\">El entorno natural como representaci\u00f3n del espacio mesoamericano, en las manifestaciones rupestres del Valle del Mezquital.<\/a><span class=\"Z3988\" title=\"ctx_ver=Z39.88-2004&amp;rft_val_fmt=info%3Aofi%2Ffmt%3Akev%3Amtx%3Adc&amp;rft_id=http%3A%2F%2Fhdl.handle.net%2F10433%2F6748&amp;rfr_id=info%3Asid%2Fdspace.org%3Arepository&amp;\">\u00a0<\/span><br \/>\n<span class=\"author h4\"><small>Lara Galicia, Aline<\/small><\/span><\/p>\n<p class=\"artifact-title\"><a href=\"http:\/\/hdl.handle.net\/10433\/6747\">El camino de los d\u00edas: las representaciones rupestres del movimiento solar en Xihuingo y otros sitios del sur de Hidalgo (M\u00e9xico).<\/a><span class=\"Z3988\" title=\"ctx_ver=Z39.88-2004&amp;rft_val_fmt=info%3Aofi%2Ffmt%3Akev%3Amtx%3Adc&amp;rft_id=http%3A%2F%2Fhdl.handle.net%2F10433%2F6747&amp;rfr_id=info%3Asid%2Fdspace.org%3Arepository&amp;\">\u00a0<\/span><br \/>\n<span class=\"author h4\"><small>Torres, Alfonso;\u00a0Arriaga, Carlos A.<\/small><\/span><\/p>\n<p class=\"artifact-title\"><a href=\"http:\/\/hdl.handle.net\/10433\/6746\">Algunos datos etnoarqueol\u00f3gicos de la cosmovisi\u00f3n h\u00f1\u00e4h\u00f1u\u0308-otom\u00ed en la pintura rupestre del Mezquital, Hidalgo (M\u00e9xico).<\/a><span class=\"Z3988\" title=\"ctx_ver=Z39.88-2004&amp;rft_val_fmt=info%3Aofi%2Ffmt%3Akev%3Amtx%3Adc&amp;rft_id=http%3A%2F%2Fhdl.handle.net%2F10433%2F6746&amp;rfr_id=info%3Asid%2Fdspace.org%3Arepository&amp;\">\u00a0<\/span><br \/>\n<span class=\"author h4\"><small>Lagunas, David;\u00a0Lara, Aline<\/small><\/span><\/p>\n<p class=\"artifact-title\"><a href=\"http:\/\/hdl.handle.net\/10433\/6745\">Arte rupestre del septentri\u00f3n mesoamericano. Iconograf\u00eda y arqueolog\u00eda del paisaje. El caso de El Ocote, Aguascalientes, M\u00e9xico.<\/a><span class=\"Z3988\" title=\"ctx_ver=Z39.88-2004&amp;rft_val_fmt=info%3Aofi%2Ffmt%3Akev%3Amtx%3Adc&amp;rft_id=http%3A%2F%2Fhdl.handle.net%2F10433%2F6745&amp;rfr_id=info%3Asid%2Fdspace.org%3Arepository&amp;\">\u00a0<\/span><br \/>\n<span class=\"author h4\"><small>Palacio D\u00edaz, Mario Arturo<\/small><\/span><\/p>\n<div class=\"artifact-description\">\n<p class=\"artifact-title\"><a href=\"http:\/\/hdl.handle.net\/10433\/6744\">La comunidad afroamericana de Los Metates y el culto a San Marcos: la reutilizaci\u00f3n ritual de un petrograbado prehisp\u00e1nico.<\/a><span class=\"Z3988\" title=\"ctx_ver=Z39.88-2004&amp;rft_val_fmt=info%3Aofi%2Ffmt%3Akev%3Amtx%3Adc&amp;rft_id=http%3A%2F%2Fhdl.handle.net%2F10433%2F6744&amp;rfr_id=info%3Asid%2Fdspace.org%3Arepository&amp;\">\u00a0<\/span><br \/>\n<span class=\"author h4\"><small>P\u00e9rez, Miguel<\/small><\/span><\/p>\n<h4 class=\"artifact-title\" style=\"text-align: right;\"><em>Libro completo<\/em><\/h4>\n<p class=\"artifact-title\">Lara Galicia, Aline (coord.),<a href=\"http:\/\/hdl.handle.net\/10433\/6761\"> Las manifestaciones rupestres en M\u00e9xico. T\u00e9cnica, iconograf\u00eda y paisaje.<\/a><span class=\"Z3988\" title=\"ctx_ver=Z39.88-2004&amp;rft_val_fmt=info%3Aofi%2Ffmt%3Akev%3Amtx%3Adc&amp;rft_id=http%3A%2F%2Fhdl.handle.net%2F10433%2F6761&amp;rfr_id=info%3Asid%2Fdspace.org%3Arepository&amp;\">\u00a0AcerVos, n\u00ba7. Sevilla, Universidad Pablo de Olavide, 2019.<\/span><\/p>\n<\/div>\n","protected":false},"excerpt":{"rendered":"<p>Presentaci\u00f3n\u00a0 Gonz\u00e1lez Biedma, Eduardo Introducci\u00f3n\u00a0 Lara, Aline; Vi\u00f1as, Ramon; Rubio, Albert Pasado y futuro del arte rupestre en M\u00e9xico.\u00a0 Casado[&#8230;]<\/p>\n","protected":false},"author":1,"featured_media":0,"parent":46,"menu_order":6,"comment_status":"closed","ping_status":"closed","template":"template-fullwidth.php","meta":{"footnotes":""},"_links":{"self":[{"href":"https:\/\/www.upo.es\/investiga\/enredars\/index.php?rest_route=\/wp\/v2\/pages\/1235"}],"collection":[{"href":"https:\/\/www.upo.es\/investiga\/enredars\/index.php?rest_route=\/wp\/v2\/pages"}],"about":[{"href":"https:\/\/www.upo.es\/investiga\/enredars\/index.php?rest_route=\/wp\/v2\/types\/page"}],"author":[{"embeddable":true,"href":"https:\/\/www.upo.es\/investiga\/enredars\/index.php?rest_route=\/wp\/v2\/users\/1"}],"replies":[{"embeddable":true,"href":"https:\/\/www.upo.es\/investiga\/enredars\/index.php?rest_route=%2Fwp%2Fv2%2Fcomments&post=1235"}],"version-history":[{"count":5,"href":"https:\/\/www.upo.es\/investiga\/enredars\/index.php?rest_route=\/wp\/v2\/pages\/1235\/revisions"}],"predecessor-version":[{"id":2755,"href":"https:\/\/www.upo.es\/investiga\/enredars\/index.php?rest_route=\/wp\/v2\/pages\/1235\/revisions\/2755"}],"up":[{"embeddable":true,"href":"https:\/\/www.upo.es\/investiga\/enredars\/index.php?rest_route=\/wp\/v2\/pages\/46"}],"wp:attachment":[{"href":"https:\/\/www.upo.es\/investiga\/enredars\/index.php?rest_route=%2Fwp%2Fv2%2Fmedia&parent=1235"}],"curies":[{"name":"wp","href":"https:\/\/api.w.org\/{rel}","templated":true}]}}