{"id":1299,"date":"2019-12-12T12:02:13","date_gmt":"2019-12-12T12:02:13","guid":{"rendered":"https:\/\/www.upo.es\/investiga\/enredars\/?page_id=1299"},"modified":"2023-12-30T15:42:15","modified_gmt":"2023-12-30T14:42:15","slug":"red-avi-vol-iv-lo-domestico-y-lo-cotidiano-gestion-y-conservacion-del-patrimonio-vernaculo","status":"publish","type":"page","link":"https:\/\/www.upo.es\/investiga\/enredars\/?page_id=1299","title":{"rendered":"Red AVI vol. IV. Lo dom\u00e9stico y lo cotidiano. Gesti\u00f3n y conservaci\u00f3n del patrimonio vern\u00e1culo."},"content":{"rendered":"\n<p><a href=\"http:\/\/hdl.handle.net\/10433\/7433\">Pr\u00f3logo.<\/a> <\/p>\n\n\n\n<p>Marcela Cristina Cu\u00e9llar S\u00e1nchez (Directora de Arquitectura de la Universidad Pontificia Javeriana de Cali)<\/p>\n\n\n\n<p><a href=\"http:\/\/hdl.handle.net\/10433\/7432\">Los Objetos de la Cultura Material Cafetera, valores, significados y categor\u00edas.<\/a>\u00a0 <\/p>\n\n\n\n<p>Yaffa Nahir I.&nbsp;G\u00f3mez Barrera (Dise\u00f1adora Industrial, Universidad Nacional de Colombia)<\/p>\n\n\n\n<p><a href=\"http:\/\/hdl.handle.net\/10433\/7431\">Arquitectura vern\u00e1cula palaf\u00edtica y los pueblos de agua: Santa Rosa de Agua, asentamiento de la etnia A\u00f1\u00fa.<\/a>\u00a0 <\/p>\n\n\n\n<p>B. Espina; J. Jane (Instituto de Investigaciones. Facultad de Arquitectura y Dise\u00f1o Universidad del Zulia, Venezuela)<\/p>\n\n\n\n<p><a href=\"http:\/\/hdl.handle.net\/10433\/7430\">Vivienda vern\u00e1cula: punto focal del h\u00e1bitat sustentable.<\/a>\u00a0<\/p>\n\n\n\n<p>N. Carnevali;&nbsp;N. Mejia; N. Pereira<\/p>\n\n\n\n<p><a href=\"http:\/\/hdl.handle.net\/10433\/7429\">La arquitectura dom\u00e9stica del centro hist\u00f3rico de Cajamarca (Per\u00fa).<\/a>\u00a0<\/p>\n\n\n\n<p>Adriana Scaletti C\u00e1rdenas (Arquitecta. Pontificia Universidad Cat\u00f3lica del Per\u00fa)<\/p>\n\n\n\n<p><a href=\"http:\/\/hdl.handle.net\/10433\/7428\">Arquitectura con uso de la tierra y reconstrucci\u00f3n en la regi\u00f3n de O&#8217;Higgins en Chile.<\/a>\u00a0 <\/p>\n\n\n\n<p>Ricardo Tapia Z.;&nbsp;Magdalena Soto S.&nbsp;<\/p>\n\n\n\n<p><a href=\"http:\/\/hdl.handle.net\/10433\/7427\">Arquitectura vern\u00e1cula y vivienda social: encuentros y desencuentros en la configuraci\u00f3n del h\u00e1bitat en Argentina.<\/a>\u00a0 <\/p>\n\n\n\n<p>Paola Bagnera (Arquitecta. Vivienda Social y Ciudad. FADU &#8211; Universidad Nacional del Litoral)<\/p>\n\n\n\n<p><a href=\"http:\/\/hdl.handle.net\/10433\/7426\">La arquitectura vern\u00e1cula camagu\u00bfeyana como recurso de gesti\u00f3n patrimonial.<\/a>\u00a0 <\/p>\n\n\n\n<p>Henry Mazorra Acosta (Universidad de Camag\u00fcey)<\/p>\n\n\n\n<p><a href=\"http:\/\/hdl.handle.net\/10433\/7425\">Patrimonio cultural y arquitectura vern\u00e1cula, la necesidad de un proyecto integral. Pueblos M\u00e1gicos de M\u00e9xico: los casos de Tapalpa y Mazamitla.<\/a>\u00a0<\/p>\n\n\n\n<p>Carp\u00f3foro Rivero Silva (Universidad Pablo de Olavide)<\/p>\n\n\n\n<p><a href=\"http:\/\/hdl.handle.net\/10433\/7424\">Vivienda social y arquitectura vern\u00e1cula. Capacitaci\u00f3n y gesti\u00f3n para el desarrollo. Amaicha del Valle, Argentina.<\/a>\u00a0 <\/p>\n\n\n\n<p>Henry Mazorra Acosta;&nbsp;Paola Bagnera<\/p>\n\n\n\n<p><a href=\"http:\/\/hdl.handle.net\/10433\/7423\">La conservaci\u00f3n de la arquitectura vern\u00e1cula en Espa\u00f1a. Algunas experiencias del Centro de Investigaci\u00f3n de Arquitectura Tradicional (CIAT).<\/a>\u00a0 <\/p>\n\n\n\n<p>Fernando Vela Cossio (Escuela T\u00e9cnica Superior de Arquitectura de la Universidad Polit\u00e9cnica de Madrid)<\/p>\n\n\n\n<p><em>Libro completo<\/em><\/p>\n\n\n\n<p>Cu\u00e9llar S\u00e1nchez, Marcela Cristina (ed.).\u00a0<a href=\"http:\/\/hdl.handle.net\/10433\/7434\">Lo dom\u00e9stico y lo cotidiano. Gesti\u00f3n y conservaci\u00f3n del patrimonio vern\u00e1culo [libro completo].<\/a>\u00a0Sevilla,\u00a0Red AVI. Arquitectura vern\u00e1cula iberoamericana, 2013.<\/p>\n","protected":false},"excerpt":{"rendered":"<p>Pr\u00f3logo. Marcela Cristina Cu\u00e9llar S\u00e1nchez (Directora de Arquitectura de la Universidad Pontificia Javeriana de Cali) Los Objetos de la Cultura[&#8230;]<\/p>\n","protected":false},"author":1,"featured_media":0,"parent":43,"menu_order":0,"comment_status":"closed","ping_status":"closed","template":"template-fullwidth.php","meta":{"footnotes":""},"_links":{"self":[{"href":"https:\/\/www.upo.es\/investiga\/enredars\/index.php?rest_route=\/wp\/v2\/pages\/1299"}],"collection":[{"href":"https:\/\/www.upo.es\/investiga\/enredars\/index.php?rest_route=\/wp\/v2\/pages"}],"about":[{"href":"https:\/\/www.upo.es\/investiga\/enredars\/index.php?rest_route=\/wp\/v2\/types\/page"}],"author":[{"embeddable":true,"href":"https:\/\/www.upo.es\/investiga\/enredars\/index.php?rest_route=\/wp\/v2\/users\/1"}],"replies":[{"embeddable":true,"href":"https:\/\/www.upo.es\/investiga\/enredars\/index.php?rest_route=%2Fwp%2Fv2%2Fcomments&post=1299"}],"version-history":[{"count":4,"href":"https:\/\/www.upo.es\/investiga\/enredars\/index.php?rest_route=\/wp\/v2\/pages\/1299\/revisions"}],"predecessor-version":[{"id":2710,"href":"https:\/\/www.upo.es\/investiga\/enredars\/index.php?rest_route=\/wp\/v2\/pages\/1299\/revisions\/2710"}],"up":[{"embeddable":true,"href":"https:\/\/www.upo.es\/investiga\/enredars\/index.php?rest_route=\/wp\/v2\/pages\/43"}],"wp:attachment":[{"href":"https:\/\/www.upo.es\/investiga\/enredars\/index.php?rest_route=%2Fwp%2Fv2%2Fmedia&parent=1299"}],"curies":[{"name":"wp","href":"https:\/\/api.w.org\/{rel}","templated":true}]}}