{"id":1390,"date":"2020-03-01T13:29:50","date_gmt":"2020-03-01T13:29:50","guid":{"rendered":"https:\/\/www.upo.es\/investiga\/enredars\/?page_id=1390"},"modified":"2023-12-30T13:49:51","modified_gmt":"2023-12-30T12:49:51","slug":"espacios-y-muros-del-barroco-iberoamericano-2","status":"publish","type":"page","link":"https:\/\/www.upo.es\/investiga\/enredars\/?page_id=1390","title":{"rendered":"Espacios y muros del barroco iberoamericano"},"content":{"rendered":"\n<div class=\"wp-block-group is-layout-flow wp-block-group-is-layout-flow\"><div class=\"wp-block-group__inner-container\">\n<p><a href=\"http:\/\/hdl.handle.net\/10433\/7897\">Sevilla, barroca y renaciente (1649-1675).<\/a>\u00a0Quiles, Fernando\u00a0(2019)<\/p>\n\n\n\n<p><a href=\"http:\/\/hdl.handle.net\/10433\/7896\">Filias y fobias: el historiador Jos\u00e9 Gestoso y la arquitectura barroca sevillana.<\/a>\u00a0de Tena Ram\u00edrez, Carmen\u00a0(2019)<\/p>\n\n\n\n<p><a href=\"http:\/\/hdl.handle.net\/10433\/7895\">Permanencias y transformaciones en la ciudad nobiliaria en los Reinos de C\u00f3rdoba y Sevilla durante el Barroco.<\/a>\u00a0Su\u00e1rez Ar\u00e9valo, Jes\u00fas\u00a0(2019)<\/p>\n\n\n\n<p><a href=\"http:\/\/hdl.handle.net\/10433\/7894\">El establecimiento de casas religiosas en Sanl\u00facar de Barrameda como plataforma misional americana.<\/a>\u00a0Vidal Vargas, Jos\u00e9 Mar\u00eda\u00a0(2019)<\/p>\n\n\n\n<p><a href=\"http:\/\/hdl.handle.net\/10433\/7893\">Motivaciones barrocas. Los benefactores de las misiones jesuitas de la Antigua California (1697-1768).<\/a>\u00a0Mu\u00f1oz Gonz\u00e1lez, Mar\u00eda del Mar\u00a0(2019)<\/p>\n\n\n\n<p><a href=\"http:\/\/hdl.handle.net\/10433\/7892\">La antigua Misi\u00f3n en Ciudad Ju\u00e1rez: patrimonio y ruta literaria.<\/a>\u00a0Montiel, Carlos Urani\u00a0(2019)<\/p>\n\n\n\n<p><a href=\"http:\/\/hdl.handle.net\/10433\/7891\">El valor del trabajo de campo: Enrique Marco Dorta y su recorrido por las tierras andinas del Per\u00fa en 1941.<\/a>\u00a0Garc\u00eda del Real Marco, Berta\u00a0(2019)<\/p>\n\n\n\n<p><a href=\"https:\/\/rio.upo.es\/xmlui\/handle\/10433\/7890\">Notas sobre antiguos caminos, tambos y puentes del Per\u00fa.<\/a>&nbsp;Guti\u00e9rrez, Ram\u00f3n&nbsp;(2019)<\/p>\n\n\n\n<p><a href=\"http:\/\/hdl.handle.net\/10433\/7889\">Estado de las defensas de San Juan de Puerto Rico. El informe y propuestas de mejora de Tom\u00e1s O&#8217;Daly (1762).<\/a>\u00a0Hinarejos Mart\u00edn, Nuria\u00a0(2019)<\/p>\n\n\n\n<p><a href=\"http:\/\/hdl.handle.net\/10433\/7888\">De defensas y fortificaciones: Santiago de Cuba en la estrategia imperial espa\u00f1ola, siglo XVIII.<\/a>\u00a0Padr\u00f3n Reyes, Lilyam\u00a0(2019)<\/p>\n\n\n\n<p><a href=\"http:\/\/hdl.handle.net\/10433\/7743\">Entre lo hist\u00f3rico y lo urbano-arquitect\u00f3nico. El efecto de un templo barroco en la urbe moderna de la Ciudad de M\u00e9xico.<\/a>\u00a0Ru\u00edz Rodr\u00edguez, Christian Miguel\u00a0(2019)<\/p>\n\n\n\n<p><a href=\"http:\/\/hdl.handle.net\/10433\/7742\">Tres iglesias, tres expresiones del barroco centroamericano en la ciudad de Le\u00f3n de Nicaragua.<\/a>\u00a0Ortiz Oviedo, Ana Francis\u00a0(2019)<\/p>\n\n\n\n<p><a href=\"http:\/\/hdl.handle.net\/10433\/7741\">Los conventos femeninos en la Am\u00e9rica Colonial: distintas latitudes, un mismo sentido.<\/a>\u00a0Ch\u00e1vez Vargas, Sissy Vanessa\u00a0(2019)<\/p>\n\n\n\n<p><a href=\"http:\/\/hdl.handle.net\/10433\/7740\">O Barroco na arquitectura religiosa: entre Portugal e o Brasil. O modelo das torres obl\u00edquas.<\/a>\u00a0Seixas, Raquel Alexandra Assun\u00e7\u00e3o do Ros\u00e1rio\u00a0(2019)<\/p>\n\n\n\n<p><a href=\"http:\/\/hdl.handle.net\/10433\/7739\">Arquitectura e ornamento das fachadas de casas nobres durienses do s\u00e9culo XVIII: do barroco classicizante ao r\u00f3coco.<\/a>\u00a0Gl\u00f3ria, Ana Celeste\u00a0(2019)<\/p>\n\n\n\n<p><a href=\"http:\/\/hdl.handle.net\/10433\/7738\">Miguel Custodio Dur\u00e1n y la transici\u00f3n del salom\u00f3nico en el barroco de la Nueva Espa\u00f1a.<\/a>\u00a0Mej\u00eda Ortiz, Edgar Antonio\u00a0(2019)<\/p>\n\n\n\n<p><a href=\"http:\/\/hdl.handle.net\/10433\/7737\">Entre el barroco \u00absalom\u00f3nico\u00bb y el barroco \u00abest\u00edpite\u00bb: nuevas aportaciones sobre la retabl\u00edstica sevillana entre los siglos XVII y XVIII.<\/a>\u00a0Hern\u00e1ndez Gonz\u00e1lez, Salvador;\u00a0Guti\u00e9rrez N\u00fa\u00f1ez, Francisco Javier\u00a0(2019)<\/p>\n\n\n\n<p><a href=\"http:\/\/hdl.handle.net\/10433\/7736\">Noticias de retablos pintados en la regi\u00f3n Puebla-Tlaxcala. \u00bfCategor\u00eda y\/o representaci\u00f3n?<\/a>\u00a0Solano Andrade, Agust\u00edn Ren\u00e9\u00a0(2019)<\/p>\n\n\n\n<p><a href=\"http:\/\/hdl.handle.net\/10433\/7735\">Antequera como la \u00abNueva Roma\u00bb. El ciborio manierista de la parroquia de San Pedro de Antequera y sus relaciones conceptuales con las obras y literatura art\u00edstica del quinientos.<\/a>\u00a0Fern\u00e1ndez Paradas, Antonio Rafael\u00a0(2019)<\/p>\n\n\n\n<p><a href=\"http:\/\/hdl.handle.net\/10433\/7734\">O cinzel de al\u00e9m-mar: Entalhadores portugueses no Brasil setecentista.<\/a>\u00a0Rosada, Mateus\u00a0(2019)<\/p>\n\n\n\n<p><a href=\"http:\/\/hdl.handle.net\/10433\/7733\">A talha deslocada: Circula\u00e7\u00e3o, remontagem e adapta\u00e7\u00e3o de altares barrocos em Portugal e no Brasil.<\/a>\u00a0Ferreira, Silvia;\u00a0Rosada, Mateus\u00a0(2019)<\/p>\n\n\n\n<p><a href=\"http:\/\/hdl.handle.net\/10433\/7732\">O azulejo em Portugal e no Brasil: um meio de representa\u00e7\u00e3o pol\u00edtica em ambos os lados do Atl\u00e2ntico.<\/a>\u00a0Canhoto Ver\u00e3o, Maria Teresa\u00a0(2019)<\/p>\n\n\n\n<p><a href=\"http:\/\/hdl.handle.net\/10433\/7731\">Desde Sevilla y Talavera de la Reina hacia Lima, la difusi\u00f3n de un lenguaje ornamental reflejado en azulejos (1600-1650).<\/a>\u00a0Ventura Teixeira, C\u00e9line\u00a0(2019)<\/p>\n\n\n\n<p><a href=\"http:\/\/hdl.handle.net\/10433\/7730\">Agua y ciudad: la evoluci\u00f3n de los modelos arquitect\u00f3nicos de fuentes en la Asturias barroca.<\/a>\u00a0Heredia Alonso, Cristina\u00a0(2019)<\/p>\n\n\n\n<p><a href=\"http:\/\/hdl.handle.net\/10433\/7729\">Cruces como legado: la V\u00eda Sacra de la Abad\u00eda del Sacro Monte de Granada.<\/a>\u00a0Valverde Tercedor, Jos\u00e9 Mar\u00eda\u00a0(2019)<\/p>\n\n\n\n<p><a href=\"http:\/\/hdl.handle.net\/10433\/7728\">Itinerari virtuali del barocco in Val di Noto: dalla citt\u00e0 antica alla citt\u00e0 nuova.<\/a>\u00a0Gatto, Simona\u00a0(2019)<\/p>\n\n\n\n<p>Fern\u00e1ndez Valle, Mar\u00eda de los \u00c1ngeles, L\u00f3pez Calder\u00f3n, Carme, Rodr\u00edguez Moya, Inmaculada (eds.). <em>Espacios y muros del barroco iberoamericano<\/em>. Vol. VI. Santiago de Compostela, Andavira Editora, Sevilla, Enredars\/Universidad Pablo de Olavide, 2019. ISBN: 978-84-121445-2-9; Dep\u00f3sito Legal: C 2476-2019.<\/p>\n\n\n\n<p><\/p>\n\n\n\n<p><\/p>\n<\/div><\/div>\n\n\n\n<p><\/p>\n","protected":false},"excerpt":{"rendered":"<p>Sevilla, barroca y renaciente (1649-1675).\u00a0Quiles, Fernando\u00a0(2019) Filias y fobias: el historiador Jos\u00e9 Gestoso y la arquitectura barroca sevillana.\u00a0de Tena Ram\u00edrez,[&#8230;]<\/p>\n","protected":false},"author":1,"featured_media":0,"parent":41,"menu_order":6,"comment_status":"closed","ping_status":"closed","template":"template-fullwidth.php","meta":{"footnotes":""},"_links":{"self":[{"href":"https:\/\/www.upo.es\/investiga\/enredars\/index.php?rest_route=\/wp\/v2\/pages\/1390"}],"collection":[{"href":"https:\/\/www.upo.es\/investiga\/enredars\/index.php?rest_route=\/wp\/v2\/pages"}],"about":[{"href":"https:\/\/www.upo.es\/investiga\/enredars\/index.php?rest_route=\/wp\/v2\/types\/page"}],"author":[{"embeddable":true,"href":"https:\/\/www.upo.es\/investiga\/enredars\/index.php?rest_route=\/wp\/v2\/users\/1"}],"replies":[{"embeddable":true,"href":"https:\/\/www.upo.es\/investiga\/enredars\/index.php?rest_route=%2Fwp%2Fv2%2Fcomments&post=1390"}],"version-history":[{"count":19,"href":"https:\/\/www.upo.es\/investiga\/enredars\/index.php?rest_route=\/wp\/v2\/pages\/1390\/revisions"}],"predecessor-version":[{"id":2674,"href":"https:\/\/www.upo.es\/investiga\/enredars\/index.php?rest_route=\/wp\/v2\/pages\/1390\/revisions\/2674"}],"up":[{"embeddable":true,"href":"https:\/\/www.upo.es\/investiga\/enredars\/index.php?rest_route=\/wp\/v2\/pages\/41"}],"wp:attachment":[{"href":"https:\/\/www.upo.es\/investiga\/enredars\/index.php?rest_route=%2Fwp%2Fv2%2Fmedia&parent=1390"}],"curies":[{"name":"wp","href":"https:\/\/api.w.org\/{rel}","templated":true}]}}