{"id":1417,"date":"2020-03-01T16:33:48","date_gmt":"2020-03-01T16:33:48","guid":{"rendered":"https:\/\/www.upo.es\/investiga\/enredars\/?page_id=1417"},"modified":"2023-12-30T13:37:01","modified_gmt":"2023-12-30T12:37:01","slug":"discursos-e-imagenes-del-barroco-iberoamericano-2","status":"publish","type":"page","link":"https:\/\/www.upo.es\/investiga\/enredars\/?page_id=1417","title":{"rendered":"Discursos e im\u00e1genes del barroco iberoamericano"},"content":{"rendered":"\n<p><a href=\"http:\/\/hdl.handle.net\/10433\/7831\">Planisferios y divisas para un orbe habsb\u00fargico.<\/a>\u00a0M\u00ednguez, V\u00edctor\u00a0(2019)<\/p>\n\n\n\n<p><a href=\"http:\/\/hdl.handle.net\/10433\/7830\">Europa y Am\u00e9rica: alegor\u00edas barrocas del Viejo y Nuevo Mundo.<\/a>\u00a0Alemany-Mesas, Noelia\u00a0(2019)<\/p>\n\n\n\n<p><a href=\"https:\/\/rio.upo.es\/xmlui\/handle\/10433\/7829\">Emblematizando Am\u00e9rica: el Nuevo Mundo en la literatura emblem\u00e1tica hispana.<\/a>&nbsp;Cazalla Canto, Silvia&nbsp;(2019)<\/p>\n\n\n\n<p><a href=\"http:\/\/hdl.handle.net\/10433\/7828\">Une vision fran\u00e7aise de la litt\u00e9rature espagnole au XVIIe si\u00e8cle. Jean Baudoin, artisan de la diffusion des Emblemas Morales de Sebasti\u00e1n de Covarrubias en France.<\/a>\u00a0Chaufour, Marie\u00a0(2019)<\/p>\n\n\n\n<p><a href=\"http:\/\/hdl.handle.net\/10433\/7827\">El lenguaje de Ad\u00e1n y el hermetismo de la Creaci\u00f3n: neoplatonismo y emblem\u00e1tica.<\/a>\u00a0Mell\u00e9n Rodr\u00edguez, Isabel\u00a0(2019)<\/p>\n\n\n\n<p><a href=\"http:\/\/hdl.handle.net\/10433\/7826\">Abraham como h\u00e9roe cristiano. A prop\u00f3sito del lienzo El sacrificio de Isaac de Espinosa.<\/a>\u00a0Herraiz Llavador, Andr\u00e9s\u00a0(2019)<\/p>\n\n\n\n<p><a href=\"http:\/\/hdl.handle.net\/10433\/7825\">Pintura e emblema: a teologia do Cora\u00e7\u00e3o no contexto da linguagem pict\u00f3rica barroca portuguesa.<\/a>\u00a0Mendes, Maria do Carmo Raminhas\u00a0(2019)<\/p>\n\n\n\n<p><a href=\"http:\/\/hdl.handle.net\/10433\/7824\">Del libro de emblemas al espacio monacal: emblemas de amor divino en el monasterio de Santa Catalina de Siena (Arequipa, Per\u00fa).<\/a>\u00a0Rodr\u00edguez-Perico, Lina Mar\u00eda\u00a0(2019)<\/p>\n\n\n\n<p><a href=\"http:\/\/hdl.handle.net\/10433\/7823\">Triunfar de la vejez y del olvido: sor Juana In\u00e9s de la Cruz escribe su retrato.<\/a>\u00a0Sanchis Amat, V\u00edctor Manuel\u00a0(2019)<\/p>\n\n\n\n<p><a href=\"http:\/\/hdl.handle.net\/10433\/7822\">Claras voces que en el discurso afloran: la apropiaci\u00f3n del discurso femenino en Para\u00edso occidental de Sig\u00fcenza y G\u00f3ngora.<\/a>\u00a0de la Puente-Herrera Mac\u00edas, Francisco Miguel\u00a0(2019)<\/p>\n\n\n\n<p><a href=\"http:\/\/hdl.handle.net\/10433\/7821\">La estampa y la iconograf\u00eda del Carmelo teresiano en Iberoam\u00e9rica.<\/a>\u00a0Moreno Cuadro, Fernando\u00a0(2019)<\/p>\n\n\n\n<p><a href=\"http:\/\/hdl.handle.net\/10433\/7820\">Circulaci\u00f3n de estampas espa\u00f1olas en la pintura y escultura quite\u00f1as del siglo XVIII.<\/a>\u00a0Justo Estebaranz, \u00c1ngel\u00a0(2019)<\/p>\n\n\n\n<p><a href=\"http:\/\/hdl.handle.net\/10433\/7819\">The Diffusion of L&#8217;Arbor dell&#8217;Ordine by Oliviero Gatti. The Case of Two Paintings of Seventeenth Century S\u00e3o Jo\u00e3o Novo (Porto).<\/a>\u00a0Pontes Santos, Ana Rita\u00a0(2019)<\/p>\n\n\n\n<p><a href=\"http:\/\/hdl.handle.net\/10433\/7818\">A exalta\u00e7\u00e3o da virtude: a ret\u00f3rica do primeiro barroco portugu\u00eas nas artes da cal do Alentejo.<\/a>\u00a0Rodrigues Monteiro, Patr\u00edcia Alexandra\u00a0(2019)<\/p>\n\n\n\n<p><a href=\"http:\/\/hdl.handle.net\/10433\/7817\">Usos do tratado de Andrea Pozzo na produ\u00e7\u00e3o art\u00edstica em Minas Gerais (s\u00e9culos XVIII e XIX).<\/a>\u00a0Silva, Mateus Alves\u00a0(2019)<\/p>\n\n\n\n<p><a href=\"http:\/\/hdl.handle.net\/10433\/7816\">El convento de San Francisco de Puebla y la capilla del Beato Sebasti\u00e1n de Aparicio.<\/a>\u00a0Pizarro G\u00f3mez, Francisco Javier;\u00a0Fern\u00e1ndez Mu\u00f1oz, Yolanda\u00a0(2019)<\/p>\n\n\n\n<p><a href=\"http:\/\/hdl.handle.net\/10433\/7798\">Simbolica Descriptio. El trayecto de una alquimia espiritual Polonia-Italia-Nueva Espa\u00f1a.<\/a>\u00a0Portugal, Vanessa\u00a0(2019)<\/p>\n\n\n\n<p><a href=\"http:\/\/hdl.handle.net\/10433\/7797\">Una extra\u00f1a variedad de barroco: la doble herencia identitaria en la ret\u00f3rica fronteriza del Nican mopohua.<\/a>\u00a0Di Matteo, Angela\u00a0(2019)<\/p>\n\n\n\n<p><a href=\"http:\/\/hdl.handle.net\/10433\/7795\">O firmamento litterario de Diogo Barbosa Machado: uma Bibliotheca que cruza oceanos.<\/a>\u00a0Filipe Neto, Andr\u00e9\u00a0(2019)<\/p>\n\n\n\n<p><a href=\"http:\/\/hdl.handle.net\/10433\/7794\">Mujeres y vinculaciones de bienes: el androcentrismo y el discurso legitimador en los pleitos de mayorazgo.<\/a>\u00a0Melero Mu\u00f1oz, Isabel M.\u00aa\u00a0(2019)<\/p>\n\n\n\n<p><a href=\"http:\/\/hdl.handle.net\/10433\/7793\">La mujer oprimida, la mujer maltratada. Una aproximaci\u00f3n a la violencia contra la mujer a trav\u00e9s de las escrituras notariales de perd\u00f3n.<\/a>\u00a0Garibeh Louze, Antuanett\u00a0(2019)<\/p>\n\n\n\n<p><a href=\"http:\/\/hdl.handle.net\/10433\/7792\">\u00bfInvisibilidad o censura? La ausencia de las mujeres fuertes del Antiguo Testamento en la pintura barroca espa\u00f1ola (1563-1700).<\/a>\u00a0\u00c1lvarez Seijo, Bego\u00f1a\u00a0(2019)<\/p>\n\n\n\n<p><a href=\"http:\/\/hdl.handle.net\/10433\/7791\">El discurso er\u00f3tico del traje femenino y su representaci\u00f3n en el arte espa\u00f1ol (1535-1750).<\/a>\u00a0Mart\u00ednez Bonanad, David\u00a0(2019)<\/p>\n\n\n\n<p><a href=\"http:\/\/hdl.handle.net\/10433\/7790\">El arte de morir: entre el Occidente barroco del P. Vieira y el Oriente de Buda.<\/a>\u00a0Costa de Carvalho, Maria Helena;\u00a0Maia Rego, Rui Gon\u00e7alo\u00a0(2019)<\/p>\n\n\n\n<p><a href=\"http:\/\/hdl.handle.net\/10433\/7789\">El viaje transoce\u00e1nico de la alegor\u00eda de la Rep\u00fablica.<\/a>\u00a0Morente y Mart\u00edn, N\u00e9stor\u00a0(2019)<\/p>\n\n\n\n<p><a href=\"http:\/\/hdl.handle.net\/10433\/7788\">Make America baroque again: Donald Trump, la posverdad y la epistemolog\u00eda barroca.<\/a>\u00a0Vives-Ferr\u00e1ndiz S\u00e1nchez, Luis\u00a0(2019)<\/p>\n\n\n\n<p>Fern\u00e1ndez Valle, Mar\u00eda de los \u00c1ngeles, L\u00f3pez Calder\u00f3n, Carme,  Rodr\u00edguez Moya, Inmaculada (eds.). <em>Discursos e im\u00e1genes del barroco iberoamericano<\/em>. Vol. VIII. Santiago de Compostela, Andavira Editora, Sevilla, Enredars\/Universidad Pablo de Olavide, 2019. ISBN: 978-84-121445-4-3; Dep\u00f3sito Legal: C 2478-2019 .<\/p>\n\n\n\n<p><\/p>\n","protected":false},"excerpt":{"rendered":"<p>Planisferios y divisas para un orbe habsb\u00fargico.\u00a0M\u00ednguez, V\u00edctor\u00a0(2019) Europa y Am\u00e9rica: alegor\u00edas barrocas del Viejo y Nuevo Mundo.\u00a0Alemany-Mesas, Noelia\u00a0(2019) Emblematizando[&#8230;]<\/p>\n","protected":false},"author":1,"featured_media":0,"parent":41,"menu_order":3,"comment_status":"closed","ping_status":"closed","template":"template-fullwidth.php","meta":{"footnotes":""},"_links":{"self":[{"href":"https:\/\/www.upo.es\/investiga\/enredars\/index.php?rest_route=\/wp\/v2\/pages\/1417"}],"collection":[{"href":"https:\/\/www.upo.es\/investiga\/enredars\/index.php?rest_route=\/wp\/v2\/pages"}],"about":[{"href":"https:\/\/www.upo.es\/investiga\/enredars\/index.php?rest_route=\/wp\/v2\/types\/page"}],"author":[{"embeddable":true,"href":"https:\/\/www.upo.es\/investiga\/enredars\/index.php?rest_route=\/wp\/v2\/users\/1"}],"replies":[{"embeddable":true,"href":"https:\/\/www.upo.es\/investiga\/enredars\/index.php?rest_route=%2Fwp%2Fv2%2Fcomments&post=1417"}],"version-history":[{"count":6,"href":"https:\/\/www.upo.es\/investiga\/enredars\/index.php?rest_route=\/wp\/v2\/pages\/1417\/revisions"}],"predecessor-version":[{"id":2670,"href":"https:\/\/www.upo.es\/investiga\/enredars\/index.php?rest_route=\/wp\/v2\/pages\/1417\/revisions\/2670"}],"up":[{"embeddable":true,"href":"https:\/\/www.upo.es\/investiga\/enredars\/index.php?rest_route=\/wp\/v2\/pages\/41"}],"wp:attachment":[{"href":"https:\/\/www.upo.es\/investiga\/enredars\/index.php?rest_route=%2Fwp%2Fv2%2Fmedia&parent=1417"}],"curies":[{"name":"wp","href":"https:\/\/api.w.org\/{rel}","templated":true}]}}