{"id":1419,"date":"2020-03-01T16:34:21","date_gmt":"2020-03-01T16:34:21","guid":{"rendered":"https:\/\/www.upo.es\/investiga\/enredars\/?page_id=1419"},"modified":"2023-12-30T13:31:20","modified_gmt":"2023-12-30T12:31:20","slug":"fastos-y-ceremonias-del-barroco-iberoamericano-2","status":"publish","type":"page","link":"https:\/\/www.upo.es\/investiga\/enredars\/?page_id=1419","title":{"rendered":"Fastos y ceremonias del barroco iberoamericano"},"content":{"rendered":"\n<p><a href=\"http:\/\/hdl.handle.net\/10433\/7854\">\u00abO mundo a seus p\u00e9s\u00bb: representa\u00e7\u00f5es logo-ic\u00f3nicas dos quatro continentes nas celebra\u00e7\u00f5es do duplo himeneu dos Pr\u00edncipes ib\u00e9ricos (1729).<\/a>\u00a0Gon\u00e7alves Medeiros Ara\u00fajo, Filipa Marisa\u00a0(2019)<\/p>\n\n\n\n<p><a href=\"http:\/\/hdl.handle.net\/10433\/7853\">Barcelona, 1750. El marqu\u00e9s de la Mina y la proyecci\u00f3n de la ciudad a trav\u00e9s de la visita de la infanta Mar\u00eda Antonia Fernanda.<\/a>\u00a0Garc\u00eda S\u00e1nchez, Laura\u00a0(2019)<\/p>\n\n\n\n<p><a href=\"http:\/\/hdl.handle.net\/10433\/7852\">El ceremonial de las entradas solemnes de los prelados en sus di\u00f3cesis. Algunos ejemplos de Andaluc\u00eda oriental.<\/a>\u00a0Luque Rodrigo, Laura\u00a0(2019)<\/p>\n\n\n\n<p><a href=\"http:\/\/hdl.handle.net\/10433\/7851\">Fiestas de exaltaci\u00f3n al rey Carlos IV con motivo de su proclamaci\u00f3n en la Ciudad de los Reyes.<\/a>\u00a0Jim\u00e9nez Lozano, Santiago\u00a0(2019)<\/p>\n\n\n\n<p><a href=\"http:\/\/hdl.handle.net\/10433\/7850\">Francisco de Goya y los retratos de Carlos IV y Mar\u00eda Luisa de Parma de la Colecci\u00f3n Altadis (Sevilla). La configuraci\u00f3n de una efigie regia: prototipo, original y copias.<\/a>\u00a0Puig Sanchis, Isidro;\u00a0Herrero-Cortell, Miquel \u00c0ngel\u00a0(2019)<\/p>\n\n\n\n<p><a href=\"http:\/\/hdl.handle.net\/10433\/7849\">Las mascaradas en Andaluc\u00eda y Am\u00e9rica y el fin de la fiesta barroca.<\/a>\u00a0Ollero Lobato, Francisco\u00a0(2019)<\/p>\n\n\n\n<p><a href=\"http:\/\/hdl.handle.net\/10433\/7848\">Desmontando el Barroco: cr\u00edticas a las fiestas p\u00fablicas sevillanas del XVIII.<\/a>\u00a0Montoya Rodr\u00edguez, M.\u00aa Carmen\u00a0(2019)<\/p>\n\n\n\n<p><a href=\"http:\/\/hdl.handle.net\/10433\/7847\">Aproximaci\u00f3n a la ceremonia del bautismo en la di\u00f3cesis de Lugo.<\/a>\u00a0Gonz\u00e1lez L\u00f3pez, Tamara\u00a0(2019)<\/p>\n\n\n\n<p><a href=\"http:\/\/hdl.handle.net\/10433\/7846\">Ideas sobre una cartograf\u00eda de lugares imaginarios en las fiestas novohispanas.<\/a>\u00a0Conde Flores, Luis Abdallan\u00a0(2019)<\/p>\n\n\n\n<p><a href=\"http:\/\/hdl.handle.net\/10433\/7845\">\u00bfEn tu amparo nos acogemos? Sobre el patrocinio fallido de santa Teresa de Jes\u00fas y su recepci\u00f3n por parte del Ayuntamiento de la Ciudad de M\u00e9xico (1617-1620).<\/a>\u00a0Sarmiento Zu\u00f1iga, Mario Carlos\u00a0(2019)<\/p>\n\n\n\n<p><a href=\"http:\/\/hdl.handle.net\/10433\/7844\">Esclavitudes festivas de Santa Teresa: espect\u00e1culos de la luz y la palabra en el ciclo de su beatificaci\u00f3n (1614).<\/a>\u00a0Garc\u00eda Bernal, Jos\u00e9 Jaime\u00a0(2019)<\/p>\n\n\n\n<p><a href=\"http:\/\/hdl.handle.net\/10433\/7843\">Ovunque Roma? Le feste gesuite per la canonizzazione del 1622 in uno scenario globale.<\/a>\u00a0De Marco, Rosa\u00a0(2019)<\/p>\n\n\n\n<p><a href=\"http:\/\/hdl.handle.net\/10433\/7842\">Luisa de Vald\u00e9s y la devoci\u00f3n fernandina.<\/a>\u00a0Garc\u00eda Baeza, Antonio\u00a0(2019)<\/p>\n\n\n\n<p><a href=\"http:\/\/hdl.handle.net\/10433\/7841\">La fiesta a San Miguel Arc\u00e1ngel: memoria colectiva de un pueblo otom\u00ed.<\/a>\u00a0Medina Manrique, Ana Laura\u00a0(2019)<\/p>\n\n\n\n<p><a href=\"http:\/\/hdl.handle.net\/10433\/7840\">El barroco en la mentalidad ind\u00edgena de Guatemala a trav\u00e9s de sus cofrad\u00edas.<\/a>\u00a0Quisquinay Alcor, Edvin\u00a0(2019)<\/p>\n\n\n\n<p><a href=\"http:\/\/hdl.handle.net\/10433\/7839\">Dos cofrad\u00edas sacramentales y las festividades del Corpus durante el siglo XVIII en la Ciudad de M\u00e9xico: un cortejo de signos de distinci\u00f3n.<\/a>\u00a0Ontiveros Vald\u00e9s, Constanza\u00a0(2019)<\/p>\n\n\n\n<p><a href=\"http:\/\/hdl.handle.net\/10433\/7838\">Celebrando el cuerpo de Dios: la puesta en escena de la sociedad gremial en el Corpus Christi compostelano.<\/a>\u00a0P\u00e9rez Varela, Ana\u00a0(2019)<\/p>\n\n\n\n<p><a href=\"http:\/\/hdl.handle.net\/10433\/7837\">Entre o g\u00f3tico, o barroco e a contemporaneidade: pol\u00e9micas em torno das esculturas vestidas da Virgem em Portugal e Espanha.<\/a>\u00a0Pereira, Diana Rafaela Martins\u00a0(2019)<\/p>\n\n\n\n<p><a href=\"http:\/\/hdl.handle.net\/10433\/7836\">Teatralizaci\u00f3n barroca en los actuales pueblos mayas de M\u00e9xico: el traje de la Virgencita de Guadalupe.<\/a>\u00a0Gil Corredor, Claudia Adelaida\u00a0(2019)<\/p>\n\n\n\n<p><a href=\"http:\/\/hdl.handle.net\/10433\/7835\">El Ni\u00f1o de la O en las clausuras de la Real Audiencia de Quito. Una imagen al servicio de la celebraci\u00f3n navide\u00f1a.<\/a>\u00a0Pe\u00f1a Mart\u00edn, \u00c1ngel\u00a0(2019)<\/p>\n\n\n\n<p><a href=\"http:\/\/hdl.handle.net\/10433\/7834\">El Libro de fundaci\u00f3n del Real Monasterio de la Limpia Concepci\u00f3n de Quito entre 1577 y 1666.<\/a>\u00a0Calle Armijos, Francisco Xavier\u00a0(2019)<\/p>\n\n\n\n<p><a href=\"http:\/\/hdl.handle.net\/10433\/7833\">Historia de la educaci\u00f3n y de la expresi\u00f3n art\u00edstica: m\u00fasica en las celebraciones espa\u00f1olas de \u00e9poca moderna.<\/a>\u00a0Cruz Rodr\u00edguez, Javier\u00a0(2019)<\/p>\n\n\n\n<p><a href=\"http:\/\/hdl.handle.net\/10433\/7832\">La m\u00fasica en el lenguaje festivo barroco entre Espa\u00f1a e Hispanoam\u00e9rica.<\/a>\u00a0Bejarano Pellicer, Clara\u00a0(2019)<\/p>\n\n\n\n<p>Fern\u00e1ndez Valle, Mar\u00eda de los \u00c1ngeles, L\u00f3pez Calder\u00f3n, Carme,  Rodr\u00edguez Moya, Inmaculada (eds.). <em> Fastos y ceremonias del barroco iberoamericano<\/em>.  Vol. IX. Santiago de Compostela, Andavira Editora, Sevilla, Enredars\/Universidad Pablo de Olavide, 2019. ISBN: 978-84-121445-5-0; Dep\u00f3sito Legal: C 2479-2019 .<\/p>\n\n\n\n<p><\/p>\n","protected":false},"excerpt":{"rendered":"<p>\u00abO mundo a seus p\u00e9s\u00bb: representa\u00e7\u00f5es logo-ic\u00f3nicas dos quatro continentes nas celebra\u00e7\u00f5es do duplo himeneu dos Pr\u00edncipes ib\u00e9ricos (1729).\u00a0Gon\u00e7alves Medeiros[&#8230;]<\/p>\n","protected":false},"author":1,"featured_media":0,"parent":41,"menu_order":4,"comment_status":"closed","ping_status":"closed","template":"template-fullwidth.php","meta":{"footnotes":""},"_links":{"self":[{"href":"https:\/\/www.upo.es\/investiga\/enredars\/index.php?rest_route=\/wp\/v2\/pages\/1419"}],"collection":[{"href":"https:\/\/www.upo.es\/investiga\/enredars\/index.php?rest_route=\/wp\/v2\/pages"}],"about":[{"href":"https:\/\/www.upo.es\/investiga\/enredars\/index.php?rest_route=\/wp\/v2\/types\/page"}],"author":[{"embeddable":true,"href":"https:\/\/www.upo.es\/investiga\/enredars\/index.php?rest_route=\/wp\/v2\/users\/1"}],"replies":[{"embeddable":true,"href":"https:\/\/www.upo.es\/investiga\/enredars\/index.php?rest_route=%2Fwp%2Fv2%2Fcomments&post=1419"}],"version-history":[{"count":7,"href":"https:\/\/www.upo.es\/investiga\/enredars\/index.php?rest_route=\/wp\/v2\/pages\/1419\/revisions"}],"predecessor-version":[{"id":2668,"href":"https:\/\/www.upo.es\/investiga\/enredars\/index.php?rest_route=\/wp\/v2\/pages\/1419\/revisions\/2668"}],"up":[{"embeddable":true,"href":"https:\/\/www.upo.es\/investiga\/enredars\/index.php?rest_route=\/wp\/v2\/pages\/41"}],"wp:attachment":[{"href":"https:\/\/www.upo.es\/investiga\/enredars\/index.php?rest_route=%2Fwp%2Fv2%2Fmedia&parent=1419"}],"curies":[{"name":"wp","href":"https:\/\/api.w.org\/{rel}","templated":true}]}}