{"id":1460,"date":"2020-03-15T22:21:38","date_gmt":"2020-03-15T22:21:38","guid":{"rendered":"https:\/\/www.upo.es\/investiga\/enredars\/?page_id=1460"},"modified":"2023-12-30T17:06:42","modified_gmt":"2023-12-30T16:06:42","slug":"con-la-casa-a-cuestas-migracion-y-patrimonio-cultural-en-el-mundo-hispano","status":"publish","type":"page","link":"https:\/\/www.upo.es\/investiga\/enredars\/?page_id=1460","title":{"rendered":"Con la casa a cuestas. Migraci\u00f3n y patrimonio cultural en el mundo hispano"},"content":{"rendered":"\n<p><\/p>\n\n\n\n<ul>\n<li><a href=\"http:\/\/hdl.handle.net\/10433\/8044\">Preliminares: Introducci\u00f3n y Pre\u00e1mbulo<\/a>\u00a0Galicia Isasmendi, Berenize;\u00a0Gonz\u00e1lez Le\u00f3n, Erika B.;\u00a0Quiles Garc\u00eda, Fernando\u00a0(Enredars,\u00a02020)<\/li>\n<\/ul>\n\n\n\n<ul>\n<li><a href=\"http:\/\/hdl.handle.net\/10433\/8043\">La devoci\u00f3n de santa Rosa de Santa Mar\u00eda en el mundo hispano, Lima y M\u00e9xico, 1668-1737. Una mirada desde la migraci\u00f3n y el patrimonio cultural<\/a>\u00a0Arias Cuba, Ybeth\u00a0(Enredars,\u00a02020)<\/li>\n<\/ul>\n\n\n\n<ul>\n<li><a href=\"http:\/\/hdl.handle.net\/10433\/8042\">\u00abNo bastaba a tanto h\u00e9roe un solo mundo\u00bb. Sebasti\u00e1n de Aparicio, un santo de Gudi\u00f1a para la Angel\u00f3polis<\/a>\u00a0B\u00e1ez Hern\u00e1ndez, Montserrat A.\u00a0(Enredars,\u00a02020)<\/li>\n<\/ul>\n\n\n\n<ul>\n<li><a href=\"http:\/\/hdl.handle.net\/10433\/8041\">Del cacao al chocolate, entre paladares europeos y novohispanos. Siglos XVI al XVIII<\/a>\u00a0Burgos Garc\u00eda, Miguel \u00c1ngel;\u00a0Galicia Isasmendi, Erika\u00a0(Enredars,\u00a02020)<\/li>\n<\/ul>\n\n\n\n<ul>\n<li><a href=\"http:\/\/hdl.handle.net\/10433\/8040\">Espa\u00f1oles y mexicanos en Filipinas. Siglos XVI a XIX<\/a>\u00a0Garc\u00eda-Ab\u00e1solo, Antonio\u00a0(Enredars,\u00a02020)<\/li>\n<\/ul>\n\n\n\n<ul>\n<li><a href=\"http:\/\/hdl.handle.net\/10433\/8039\">El imaginario americano en Palacio en tiempos de Felipe IV y Carlos II<\/a>\u00a0Prieto Ustio, Ester\u00a0(Enredars,\u00a02020)<\/li>\n<\/ul>\n\n\n\n<ul>\n<li><a href=\"http:\/\/hdl.handle.net\/10433\/8038\">Un viaje necesario<\/a>\u00a0Cruz Rivas, Carmen Yadira\u00a0(Enredars,\u00a02020)<\/li>\n<\/ul>\n\n\n\n<ul>\n<li><a href=\"http:\/\/hdl.handle.net\/10433\/8037\">Identidades, tradiciones y cambios en las fiestas de los migrantes andinos en Andaluc\u00eda y Murcia. Elementos de una aproximaci\u00f3n inicial<\/a>\u00a0Cruz Z\u00fa\u00f1iga, Pilar Guadalupe\u00a0(Enredars,\u00a02020)<\/li>\n<\/ul>\n\n\n\n<ul>\n<li><a href=\"http:\/\/hdl.handle.net\/10433\/8036\">Al grito de guerra. La identidad geogr\u00e1fica como t\u00e1ctica de conservaci\u00f3n del patrimonio cultural en la ciudad de Los \u00c1ngeles<\/a>\u00a0Munguia-Cuen, Xochitl\u00a0(Enredars,\u00a02020)<\/li>\n<\/ul>\n\n\n\n<ul>\n<li><a href=\"http:\/\/hdl.handle.net\/10433\/8035\">La reconfiguraci\u00f3n del espacio en la migraci\u00f3n forzada. Un caso de transterritorialidad<\/a>\u00a0V\u00e1zquez Medeles, Juan Carlos\u00a0(Enredars,\u00a02020)<\/li>\n<\/ul>\n\n\n\n<ul>\n<li><a href=\"http:\/\/hdl.handle.net\/10433\/8034\">La imagen que migra. Apuntes sobre el cinemigratorio<\/a>\u00a0Amar Rodr\u00edguez, V\u00edctor Manuel\u00a0(Enredars,\u00a02020)<\/li>\n<\/ul>\n\n\n\n<ul>\n<li><a href=\"http:\/\/hdl.handle.net\/10433\/8033\">Objetos que trascienden fronteras: Materializando las experiencias migratorias de exilio y retorno<\/a>\u00a0Bonhomme, Macarena\u00a0(Enredars,\u00a02020)<\/li>\n<\/ul>\n\n\n\n<ul>\n<li><a href=\"http:\/\/hdl.handle.net\/10433\/8032\">Un legado escindido por la emigraci\u00f3n, seg\u00fan el arte puertorrique\u00f1o contempor\u00e1neo<\/a>\u00a0Bravo L\u00f3pez, Laura\u00a0(Enredars,\u00a02020)<\/li>\n<\/ul>\n\n\n\n<ul>\n<li><a href=\"http:\/\/hdl.handle.net\/10433\/8031\">Mi infancia son recuerdos de un patio de Sevilla&#8230; Memoria y cultura migrante<\/a>\u00a0Quiles Garc\u00eda, Fernando\u00a0(Enredars,\u00a02020)<\/li>\n<\/ul>\n\n\n\n<ul>\n<li><a href=\"http:\/\/hdl.handle.net\/10433\/8030\">\u00abCon la casa a cuestas. Mi historia, tu historia, nuestra historia\u00bb. Los \u00c1ngeles, California<\/a>\u00a0Munguia-Cuen, Xochitl\u00a0(Enredars,\u00a02020)<\/li>\n<\/ul>\n\n\n\n<ul>\n<li><a href=\"http:\/\/hdl.handle.net\/10433\/8029\">Adonde los pies me lleven: artistas ante la migraci\u00f3n<\/a>\u00a0Gonz\u00e1lez Le\u00f3n, Erika B.\u00a0(Enredars,\u00a02020)<\/li>\n<\/ul>\n\n\n\n<p><strong><a href=\"http:\/\/hdl.handle.net\/10433\/8045\">Con la casa a cuestas. Migraci\u00f3n y patrimonio cultural en el mundo hispano \/ Libro completo<\/a>\u00a0<\/strong> Gonz\u00e1lez Le\u00f3n, Erika B. (ed.)\u00a0(Enredars,\u00a02020)<\/p>\n","protected":false},"excerpt":{"rendered":"<p>Con la casa a cuestas. Migraci\u00f3n y patrimonio cultural en el mundo hispano \/ Libro completo\u00a0 Gonz\u00e1lez Le\u00f3n, Erika B.[&#8230;]<\/p>\n","protected":false},"author":1,"featured_media":0,"parent":46,"menu_order":0,"comment_status":"closed","ping_status":"closed","template":"template-fullwidth.php","meta":{"footnotes":""},"_links":{"self":[{"href":"https:\/\/www.upo.es\/investiga\/enredars\/index.php?rest_route=\/wp\/v2\/pages\/1460"}],"collection":[{"href":"https:\/\/www.upo.es\/investiga\/enredars\/index.php?rest_route=\/wp\/v2\/pages"}],"about":[{"href":"https:\/\/www.upo.es\/investiga\/enredars\/index.php?rest_route=\/wp\/v2\/types\/page"}],"author":[{"embeddable":true,"href":"https:\/\/www.upo.es\/investiga\/enredars\/index.php?rest_route=\/wp\/v2\/users\/1"}],"replies":[{"embeddable":true,"href":"https:\/\/www.upo.es\/investiga\/enredars\/index.php?rest_route=%2Fwp%2Fv2%2Fcomments&post=1460"}],"version-history":[{"count":2,"href":"https:\/\/www.upo.es\/investiga\/enredars\/index.php?rest_route=\/wp\/v2\/pages\/1460\/revisions"}],"predecessor-version":[{"id":2753,"href":"https:\/\/www.upo.es\/investiga\/enredars\/index.php?rest_route=\/wp\/v2\/pages\/1460\/revisions\/2753"}],"up":[{"embeddable":true,"href":"https:\/\/www.upo.es\/investiga\/enredars\/index.php?rest_route=\/wp\/v2\/pages\/46"}],"wp:attachment":[{"href":"https:\/\/www.upo.es\/investiga\/enredars\/index.php?rest_route=%2Fwp%2Fv2%2Fmedia&parent=1460"}],"curies":[{"name":"wp","href":"https:\/\/api.w.org\/{rel}","templated":true}]}}