{"id":1512,"date":"2020-04-13T10:59:07","date_gmt":"2020-04-13T10:59:07","guid":{"rendered":"https:\/\/www.upo.es\/investiga\/enredars\/?page_id=1512"},"modified":"2020-04-14T11:32:03","modified_gmt":"2020-04-14T11:32:03","slug":"directrices-para-autores-as","status":"publish","type":"page","link":"https:\/\/www.upo.es\/investiga\/enredars\/?page_id=1512","title":{"rendered":"Directrices para autores\/as"},"content":{"rendered":"\n<p><\/p>\n\n\n\n<p>Se recomienda a los autores y autoras seguir las siguientes directrices: <\/p>\n\n\n\n<ol><li><strong>Texto de la investigaci\u00f3n<\/strong><\/li><\/ol>\n\n\n\n<ul><li>Los textos deber\u00e1n ser originales e in\u00e9ditos y podr\u00e1n estar escritos en espa\u00f1ol, portugu\u00e9s, ingl\u00e9s, franc\u00e9s o italiano.<\/li><li>Deber\u00e1n presentarse en formato Microsoft Word (.doc), con las siguientes caracter\u00edsticas: m\u00ednimo 15 p\u00e1ginas y m\u00e1ximo 20, espaciado 1,15, texto con tipograf\u00eda Times New Roman 12 y notas a 10.<\/li><li>El t\u00edtulo deber\u00e1 estar en min\u00fasculas, salvo los nombres propios. En dos idiomas: espa\u00f1ol e ingl\u00e9s.<\/li><li>El texto ir\u00e1 acompa\u00f1ado de dos res\u00famenes, uno en espa\u00f1ol y otro en ingl\u00e9s (abstract). Deben tener una extensi\u00f3n de 10 l\u00edneas.<\/li><li>Adem\u00e1s, se escribir\u00e1n 6 palabras clave (keywords) que delimiten el campo tem\u00e1tico y cronol\u00f3gico, tambi\u00e9n en ambos idiomas y separadas por punto y coma.<\/li><li>Las citas a lo largo del texto se pondr\u00e1n entre comillas y sin cursiva. Cuando las citas tengan cien palabras o m\u00e1s se colocar\u00e1n, sin comillas ni cursivas, en un p\u00e1rrafo aparte que se diferenciar\u00e1 del resto del texto por una sangr\u00eda por la izquierda y un tama\u00f1o de letra de 10.<\/li><li>Las notas deber\u00e1n incluirse al pie de p\u00e1gina, numeradas consecutivamente, en Times New Roman 10 y siguiendo las caracter\u00edsticas anteriores. Las referencias bibliogr\u00e1ficas seguir\u00e1n las normas del Manual Chicago (v\u00e9ase\u00a0<strong><a rel=\"noreferrer noopener\" aria-label=\"C\u00f3mo citar las referencias bibliogr\u00e1ficas (se abre en una nueva pesta\u00f1a)\" href=\"https:\/\/www.upo.es\/revistas\/index.php\/atrio\/about\/submissions#referencias\" target=\"_blank\">C\u00f3mo citar las referencias bibliogr\u00e1ficas<\/a><\/strong>).<\/li><li>Al final de cada texto se incluir\u00e1 una lista con las referencias bibliogr\u00e1ficas, ordenadas alfab\u00e9ticamente, con las publicaciones que se citen al pie de p\u00e1gina. Se seguir\u00e1n las normas de estilo del Manual Chicago (v\u00e9ase\u00a0<strong><a rel=\"noreferrer noopener\" aria-label=\"C\u00f3mo citar las referencias bibliogr\u00e1ficas (se abre en una nueva pesta\u00f1a)\" href=\"https:\/\/www.upo.es\/revistas\/index.php\/atrio\/about\/submissions#referencias\" target=\"_blank\">C\u00f3mo citar las referencias bibliogr\u00e1ficas<\/a><\/strong>). No se a\u00f1adir\u00e1n notas al final del texto.<\/li><li>Como se ha indicado, para las notas al pie de p\u00e1gina y las referencias bibliogr\u00e1ficas del final se seguir\u00e1n las normas de estilo Chicago. Se recomienda la consulta de la web de <strong><em><a rel=\"noreferrer noopener\" href=\"https:\/\/www.upo.es\/revistas\/index.php\/atrio\/about\/submissions#referencias\" target=\"_blank\">Atrio. Revista de Historia del Arte<\/a><\/em><\/strong> para conocer con m\u00e1s detalle todas las particularidades del estilo Chicago. Tambi\u00e9n est\u00e1 disponible un <a rel=\"noreferrer noopener\" href=\"https:\/\/www.upo.es\/investiga\/enredars\/wp-content\/uploads\/2020\/04\/Manual-estilo-Chicago.pdf\" target=\"_blank\"><strong>manual<\/strong><\/a> que el equipo editorial ha elaborado con las normas e, igualmente,  pueden obtener m\u00e1s informaci\u00f3n en el <a rel=\"noreferrer noopener\" href=\"http:\/\/www.chicagomanualofstyle.org\/tools_citationguide.html\" target=\"_blank\"><strong>Manual de estilo Chicago (17.\u00aa edici\u00f3n)<\/strong><\/a><strong>, siguiendo el sistema de notas al pie de p\u00e1gina y bibliograf\u00eda.<\/strong>  <\/li><li>A lo largo del texto, los\u00a0<strong>super\u00edndices<\/strong>\u00a0se pondr\u00e1n siempre detr\u00e1s de los signos de puntuaci\u00f3n, sin a\u00f1adir otro signo tras el super\u00edndice para separar frases. Ejemplos:<ul><li>\u2026 Cr\u00f3nica de la Realidad.<sup>2<\/sup>\u00a0Resultan especialmente\u2026<\/li><li>\u2026 para la historiograf\u00eda,<sup>3<\/sup>\u00a0tambi\u00e9n\u2026<\/li><\/ul><\/li><li>Al usar comillas, los signos de puntuaci\u00f3n ir\u00e1n dentro de estas y el super\u00edndice se colocar\u00e1 tras las comillas de cierre (sin estar seguidos por otro signo para separar frases). Ejemplo:<ul><li>\u201c\u2026 sobrio y expresivo.\u201d<sup>1<\/sup>\u00a0El grupo Rotgle\u2026<\/li><\/ul><\/li><li>Para los\u00a0<strong>pies de ilustraciones, tablas, gr\u00e1ficas, mapas<\/strong>, etc. se seguir\u00e1 los siguientes esquemas:<ul><li>Para esculturas y pinturas: Fig. 1. Autor\/a (Nombre Apellidos), T\u00edtulo de la obra (en cursiva), a\u00f1o. Caracter\u00edsticas (separadas por coma). Localizaci\u00f3n, Ciudad. (Cr\u00e9ditos de la ilustraci\u00f3n). Ejemplos:<ul><li>Fig. 2. Natalia Goncharova,\u00a0<em>El Bosque<\/em>, 1913. \u00d3leo sobre lienzo, 130 x 97 cm. Museo Nacional Thyssen-Bornemisza, Madrid.<\/li><li>Fig. 3. Valeriano B\u00e9cquer,\u00a0<em>Gustavo Adolfo B\u00e9cquer leyendo en el campo<\/em>, 1864. Dibujo sobre papel amarillento, l\u00e1piz grafito, 153 x 211 mm. Disponible en Biblioteca Digital Hisp\u00e1nica,\u00a0<a href=\"http:\/\/bdh-rd.bne.es\/viewer.vm?id=0000026301\">http:\/\/bdh-rd.bne.es\/viewer.vm?id=0000026301<\/a>.<\/li><\/ul><\/li><li>Para obras arquitect\u00f3nicas: Fig. 4. Arquitecto\/a (Nombre Apellidos), T\u00edtulo del edificio, a\u00f1o. Caracter\u00edsticas (separadas por comas). Localizaci\u00f3n. (Cr\u00e9ditos de la ilustraci\u00f3n). Ejemplo:<ul><li>Fig. 5. Pedro Machuca, Palacio de Carlos V, 1526. Granada. (Fotograf\u00eda de Zara Ruiz Romero).<\/li><\/ul><\/li><\/ul><\/li><li>Para los\u00a0<strong>pies de ilustraciones, tablas, gr\u00e1ficas, mapas<\/strong>, etc. si no se tienen ninguno de los datos anteriores, otra opci\u00f3n es: Fig. 6. Descripci\u00f3n y caracter\u00edsticas de la obra. (Cr\u00e9ditos de la ilustraci\u00f3n).<\/li><\/ul>\n\n\n\n<ol start=\"2\"><li><strong>Im\u00e1genes<\/strong><\/li><\/ol>\n\n\n\n<ul><li>Se entregar\u00e1n un m\u00e1ximo de diez ilustraciones por texto. En caso de que no sean propiedad del autor\/a deber\u00e1n pedirse los permisos necesarios para su publicaci\u00f3n, siendo los autores\/as quienes se encargar\u00e1n de obtener dichos permisos y eximiendo a la revista de cualquier responsabilidad con relaci\u00f3n a la violaci\u00f3n de derechos de autor. Todas ellas realizadas en cualesquiera de los formatos digitales al uso (JPG, BMP o TIF) y una resoluci\u00f3n m\u00ednima de 300 ppp.<\/li><li>El equipo editorial estudiar\u00e1 en cada caso la necesidad de incrementar el n\u00famero de ilustraciones, si as\u00ed lo requiere el texto. Asimismo, se reserva el derecho a no incluir las im\u00e1genes carentes de la calidad de impresi\u00f3n necesaria, o reducir su n\u00famero si se env\u00edan m\u00e1s de las estrictamente necesarias (en este \u00faltimo caso, se consultar\u00e1n al autor\/a cu\u00e1les deber\u00e1n ser eliminadas).<\/li><\/ul>\n\n\n\n<ol start=\"3\"><li><strong>Documento para las im\u00e1genes<\/strong><\/li><\/ol>\n\n\n\n<ul><li> Se recomienda adjuntar un archivo .doc o .word en el que se incluyan las im\u00e1genes, ilustraciones y tablas ordenadas y acompa\u00f1adas de sus correspondientes pies de fotograf\u00eda.&nbsp; <\/li><\/ul>\n\n\n\n<p> Una vez satisfechos todos los requisitos, el investigador\/a puede proceder al env\u00edo de todos los documentos a trav\u00e9s del correo que se establezca en cada convocatoria. <\/p>\n\n\n\n<p> <strong>Se agradece de antemano el cumplimiento de los requisitos establecidos en estas&nbsp;directrices para autores\/as<\/strong>. <\/p>\n\n\n\n<div class=\"wp-block-image\"><figure class=\"alignright size-large is-resized\"><img loading=\"lazy\" decoding=\"async\" src=\"https:\/\/www.upo.es\/investiga\/enredars\/wp-content\/uploads\/2020\/04\/EnredARS.jpg\" alt=\"\" class=\"wp-image-1529\" width=\"117\" height=\"81\" srcset=\"https:\/\/www.upo.es\/investiga\/enredars\/wp-content\/uploads\/2020\/04\/EnredARS.jpg 752w, https:\/\/www.upo.es\/investiga\/enredars\/wp-content\/uploads\/2020\/04\/EnredARS-300x211.jpg 300w\" sizes=\"(max-width: 117px) 100vw, 117px\" \/><\/figure><\/div>\n","protected":false},"excerpt":{"rendered":"<p>Se recomienda a los autores y autoras seguir las siguientes directrices: Texto de la investigaci\u00f3n Los textos deber\u00e1n ser originales[&#8230;]<\/p>\n","protected":false},"author":1,"featured_media":0,"parent":0,"menu_order":0,"comment_status":"closed","ping_status":"closed","template":"template-centered.php","meta":{"footnotes":""},"_links":{"self":[{"href":"https:\/\/www.upo.es\/investiga\/enredars\/index.php?rest_route=\/wp\/v2\/pages\/1512"}],"collection":[{"href":"https:\/\/www.upo.es\/investiga\/enredars\/index.php?rest_route=\/wp\/v2\/pages"}],"about":[{"href":"https:\/\/www.upo.es\/investiga\/enredars\/index.php?rest_route=\/wp\/v2\/types\/page"}],"author":[{"embeddable":true,"href":"https:\/\/www.upo.es\/investiga\/enredars\/index.php?rest_route=\/wp\/v2\/users\/1"}],"replies":[{"embeddable":true,"href":"https:\/\/www.upo.es\/investiga\/enredars\/index.php?rest_route=%2Fwp%2Fv2%2Fcomments&post=1512"}],"version-history":[{"count":7,"href":"https:\/\/www.upo.es\/investiga\/enredars\/index.php?rest_route=\/wp\/v2\/pages\/1512\/revisions"}],"predecessor-version":[{"id":1541,"href":"https:\/\/www.upo.es\/investiga\/enredars\/index.php?rest_route=\/wp\/v2\/pages\/1512\/revisions\/1541"}],"wp:attachment":[{"href":"https:\/\/www.upo.es\/investiga\/enredars\/index.php?rest_route=%2Fwp%2Fv2%2Fmedia&parent=1512"}],"curies":[{"name":"wp","href":"https:\/\/api.w.org\/{rel}","templated":true}]}}