{"id":1572,"date":"2020-05-22T19:18:57","date_gmt":"2020-05-22T19:18:57","guid":{"rendered":"https:\/\/www.upo.es\/investiga\/enredars\/?page_id=1572"},"modified":"2023-12-30T14:00:51","modified_gmt":"2023-12-30T13:00:51","slug":"tornaviaje-transito-artistico-entre-los-virreinatos-americanos-y-la-metropolis-envios-recientes","status":"publish","type":"page","link":"https:\/\/www.upo.es\/investiga\/enredars\/?page_id=1572","title":{"rendered":"Tornaviaje. Tr\u00e1nsito art\u00edstico entre los virreinatos americanos y la metr\u00f3polis"},"content":{"rendered":"\n<p><a href=\"http:\/\/hdl.handle.net\/10433\/8303\">Pr\u00f3logo<\/a>\u00a0Vargaslugo, Elisa\u00a0(\u00a02020)<\/p>\n\n\n\n<p><a href=\"http:\/\/hdl.handle.net\/10433\/8302\">Trastoques y elipsis en un retrato de tornaviaje: la ductilidad de los mensajes<\/a>\u00a0Katzew, Ilona\u00a0(2020)<\/p>\n\n\n\n<p><a href=\"http:\/\/hdl.handle.net\/10433\/8301\">Viajeros en Am\u00e9rica: la construcci\u00f3n de imaginarios m\u00faltiples<\/a>\u00a0Audefroy, Joel F.\u00a0(2020)<\/p>\n\n\n\n<p><a href=\"http:\/\/hdl.handle.net\/10433\/8300\">Viajeros entre Europa y Am\u00e9rica en el siglo XIX: la percepci\u00f3n del otro<\/a>\u00a0Fern\u00e1ndez Pe\u00f1a, Marta\u00a0(2020)<\/p>\n\n\n\n<p><a href=\"http:\/\/hdl.handle.net\/10433\/8299\">Innocents Abroad? Representations of Aztecs Traveling in Europe in the Age of Discovery<\/a>\u00a0Burgos-Ellis, Helen\u00a0(2020)<\/p>\n\n\n\n<p><a href=\"http:\/\/hdl.handle.net\/10433\/8298\">Antes de Cort\u00e9s: La historia de los primeros objetos preciosos de Motecuzoma que llegaron al rey Carlos I de Espa\u00f1a<\/a>\u00a0Escutia, Erika\u00a0(2020)<\/p>\n\n\n\n<p><a href=\"http:\/\/hdl.handle.net\/10433\/8297\">Mujeres nobles en la Nueva Espa\u00f1a, ajuares femeninos de ida y vuelta: Inventario de bienes de do\u00f1a Juana de la Cerda y Arag\u00f3n, duquesa de Alburquerque<\/a>\u00a0Serrano, Sarah;\u00a0Farr\u00e9 Vidal, Judith\u00a0(2020)<\/p>\n\n\n\n<p><a href=\"http:\/\/hdl.handle.net\/10433\/8296\">\u00abLleg\u00f3 en mal\u00edsimo estado la estatua de San Luis Gonzaga\u00bb. La dificultosa organizaci\u00f3n del env\u00edo de obras de arte en los siglos XVII y XVIII desde Europa a las instituciones jesu\u00edticas de las Am\u00e9ricas<\/a>\u00a0Gramatke, Corinna\u00a0(2020)<\/p>\n\n\n\n<p><a href=\"http:\/\/hdl.handle.net\/10433\/8295\">B\u00facaros de Guadalajara en San Petersburgo<\/a>\u00a0Kondakova, Olga V.\u00a0(2020)<\/p>\n\n\n\n<p><a href=\"http:\/\/hdl.handle.net\/10433\/8294\">La grandiosa remesa de 1789 del Obispo Mart\u00ednez Compa\u00f1\u00f3n desde Per\u00fa: Arte, Bot\u00e1nica, Zoolog\u00eda, Medicina, Nutrici\u00f3n y mucho m\u00e1s<\/a>\u00a0Zab\u00eda de la Mata, Ana\u00a0(2020)<\/p>\n\n\n\n<p><a href=\"http:\/\/hdl.handle.net\/10433\/8293\">Y habiendo dado cuenta al rey de esta preciosa remesa&#8230; El env\u00edo de obras art\u00edsticas de Lima a Madrid por Baltasar Jaime Mart\u00ednez Compa\u00f1\u00f3n<\/a>\u00a0Fern\u00e1ndez Valle, Mar\u00eda de los \u00c1ngeles\u00a0(2020)<\/p>\n\n\n\n<p><a href=\"http:\/\/hdl.handle.net\/10433\/8292\">El taller de Molero en M\u00e9xico. Donaciones para la Catedral Metropolitana<\/a>\u00a0Aguilar D\u00edaz, Jes\u00fas\u00a0(2020)<\/p>\n\n\n\n<p><a href=\"http:\/\/hdl.handle.net\/10433\/8291\">Comparaci\u00f3n entre Sor Juana In\u00e9s de la Cruz y Francisca de Isla y Losada: de M\u00e9xico a Galicia a partir de pol\u00e9micas, versos y sermones (Siglos XVII-XVIII)<\/a>\u00a0Mor\u00e1n Cabanas, Mar\u00eda Isabel\u00a0(2020)<\/p>\n\n\n\n<p><a href=\"http:\/\/hdl.handle.net\/10433\/8290\">Antonio de Torres. Mercado, fama y cr\u00edtica de un pintor guadalupano<\/a>\u00a0Montes Gonz\u00e1lez, Francisco\u00a0(2020)<\/p>\n\n\n\n<p><a href=\"http:\/\/hdl.handle.net\/10433\/8289\">Transferencias devocionales, regalos art\u00edsticos y objetos curiosos en el \u00e1mbito sevillano del barroco (mediados del XVII)<\/a>\u00a0Quiles Garc\u00eda, Fernando\u00a0(2020)<\/p>\n\n\n\n<p><a href=\"http:\/\/hdl.handle.net\/10433\/8288\">Noticias in\u00e9ditas sobre el coleccionismo de pintura europea en la Lima borb\u00f3nica<\/a>\u00a0Holguera Cabrera, Antonio\u00a0(2020)<\/p>\n\n\n\n<p><a href=\"http:\/\/hdl.handle.net\/10433\/8287\">Tras la huella indiana. Patrocinio novohispano en la provincia de Granada<\/a>\u00a0Contreras-Guerrero, Adri\u00e1n\u00a0(\u00a02020)<\/p>\n\n\n\n<p><a href=\"http:\/\/hdl.handle.net\/10433\/8286\">Mecenazgo y patrocinio religioso novohispano en Lebrija (Sevilla)<\/a>\u00a0Garc\u00eda Romero, Mar\u00eda del Castillo\u00a0(2020)<\/p>\n\n\n\n<p><a href=\"http:\/\/hdl.handle.net\/10433\/8285\">Piezas americanas y virreyes en la corte madrile\u00f1a. El testamento e inventario de bienes de la marquesa de Gelves<\/a>\u00a0Prieto Ustio, Ester\u00a0(2020)<\/p>\n\n\n\n<p><a href=\"http:\/\/hdl.handle.net\/10433\/8284\">Nuevos datos de los legados de Don Tom\u00e1s Gallo a la Iglesia de San Mam\u00e9s de Gallejones (Burgos)<\/a>\u00a0S\u00e1nchez-Cortegana, Jos\u00e9 M\u00aa\u00a0(2020)<\/p>\n\n\n\n<p><a href=\"http:\/\/hdl.handle.net\/10433\/8283\">Yarav\u00edes Quite\u00f1os: la colecci\u00f3n de piezas musicales que cautiv\u00f3 a Marcos Jim\u00e9nez de la Espada<\/a>\u00a0Calle Armijos, Francisco Xavier\u00a0(2020)<\/p>\n\n\n\n<p><a href=\"http:\/\/hdl.handle.net\/10433\/8282\">Pedro L\u00f3pez Calder\u00f3n: pintura y devoci\u00f3n en la \u00f3rbita del tornaviaje<\/a>\u00a0Mayorga Chamorro, Jos\u00e9 Ignacio\u00a0(2020)<\/p>\n\n\n\n<p><a href=\"http:\/\/hdl.handle.net\/10433\/8281\">De Camari\u00f1as a Cuzco: La imagen de Nuestra Se\u00f1ora del Monte Farelo, protectora de navegantes<\/a>\u00a0Bruquetas Gal\u00e1n, Roc\u00edo\u00a0(2020)<\/p>\n\n\n\n<p><a href=\"http:\/\/hdl.handle.net\/10433\/8280\">La iconograf\u00eda de la Venerable Madre Mar\u00eda de Jes\u00fas de Puebla de los \u00c1ngeles y su traslado a Europa: un lienzo del convento de San Carlino alle Quattro Fontane de Roma<\/a>\u00a0Ram\u00edrez Gonz\u00e1lez, Sergio\u00a0(2020)<\/p>\n\n\n\n<p><a href=\"http:\/\/hdl.handle.net\/10433\/8279\">Escenas de la vida de Cristo, una serie pict\u00f3rica realizada por Nicol\u00e1s Correa: las singularidades de un conjunto t\u00e9cnicamente excepcional<\/a>\u00a0Romero Asenjo, Rafael;\u00a0Ill\u00e1n Guti\u00e9rrez, Adelina\u00a0(2020)<\/p>\n\n\n\n<p><a href=\"http:\/\/hdl.handle.net\/10433\/8278\">El mestizaje de las artes en la Semana Santa hispanoamericana y espa\u00f1ola<\/a>\u00a0Cecilia Espinosa, Mariano;\u00a0Ruiz \u00c1ngel, Gemma\u00a0(2020)<\/p>\n\n\n\n<p><a href=\"http:\/\/hdl.handle.net\/10433\/8277\">La capilla de Nuestra Se\u00f1ora de Guadalupe de M\u00e9xico, del antiguo convento de San Agust\u00edn (Sevilla): el Capit\u00e1n Domingo de Rojas y el genov\u00e9s Juan Bautista Cavaleri (ss. XVII-XVIII)<\/a>\u00a0Guti\u00e9rrez N\u00fa\u00f1ez, Francisco J.;\u00a0Hern\u00e1ndez Gonz\u00e1lez, Salvador\u00a0(2020)<\/p>\n\n\n\n<p><a href=\"http:\/\/hdl.handle.net\/10433\/8276\">Ventanas de C\u00e1diz que miran a ultramar. Arte guatemalteco en el convento del Reba\u00f1o de Mar\u00eda y su reflexi\u00f3n como obra m\u00faltiple<\/a>\u00a0Amador Marrero, Pablo F.\u00a0(2020)<\/p>\n\n\n\n<p><a href=\"http:\/\/hdl.handle.net\/10433\/8275\">La recepci\u00f3n de crucificados ligeros novohispanos en Castilla y Le\u00f3n: nuevos ejemplos y perspectivas<\/a>\u00a0P\u00e9rez de Castro, Ram\u00f3n;\u00a0Amador Marrero, Pablo F.\u00a0(2020)<\/p>\n\n\n\n<p><a href=\"http:\/\/hdl.handle.net\/10433\/8274\">Elisa Vargaslugo y la historia del arte colonial mexicano<\/a>\u00a0Maqu\u00edvar, Consuelo\u00a0(2020)<\/p>\n\n\n\n<p><a href=\"http:\/\/hdl.handle.net\/10433\/8273\">Ep\u00edlogo. Por marzo del diecinueve ser\u00eda&#8230;<\/a>\u00a0Quiles Garc\u00eda, Fernando;\u00a0Amador, Pablo F.;\u00a0Fern\u00e1ndez, Martha\u00a0(2020)<\/p>\n\n\n\n<p>Quiles, Fernando; Amador, Pablo F.; Fern\u00e1ndez, Matha (eds.).&nbsp;<em>Tornaviaje. Tr\u00e1nsito art\u00edstico entre los virreinatos americanos y la metr\u00f3polis<\/em>. Santiago de Compostela, Andavira Editora; Sevilla, Enredars\/Universidad Pablo de Olavide, 2020. ISBN: 978-84-121881-4-1; Dep\u00f3sito Legal: C 496-2020.<\/p>\n","protected":false},"excerpt":{"rendered":"<p>Pr\u00f3logo\u00a0Vargaslugo, Elisa\u00a0(\u00a02020) Trastoques y elipsis en un retrato de tornaviaje: la ductilidad de los mensajes\u00a0Katzew, Ilona\u00a0(2020) Viajeros en Am\u00e9rica: la[&#8230;]<\/p>\n","protected":false},"author":1,"featured_media":0,"parent":41,"menu_order":1,"comment_status":"closed","ping_status":"closed","template":"template-fullwidth.php","meta":{"footnotes":""},"_links":{"self":[{"href":"https:\/\/www.upo.es\/investiga\/enredars\/index.php?rest_route=\/wp\/v2\/pages\/1572"}],"collection":[{"href":"https:\/\/www.upo.es\/investiga\/enredars\/index.php?rest_route=\/wp\/v2\/pages"}],"about":[{"href":"https:\/\/www.upo.es\/investiga\/enredars\/index.php?rest_route=\/wp\/v2\/types\/page"}],"author":[{"embeddable":true,"href":"https:\/\/www.upo.es\/investiga\/enredars\/index.php?rest_route=\/wp\/v2\/users\/1"}],"replies":[{"embeddable":true,"href":"https:\/\/www.upo.es\/investiga\/enredars\/index.php?rest_route=%2Fwp%2Fv2%2Fcomments&post=1572"}],"version-history":[{"count":8,"href":"https:\/\/www.upo.es\/investiga\/enredars\/index.php?rest_route=\/wp\/v2\/pages\/1572\/revisions"}],"predecessor-version":[{"id":2678,"href":"https:\/\/www.upo.es\/investiga\/enredars\/index.php?rest_route=\/wp\/v2\/pages\/1572\/revisions\/2678"}],"up":[{"embeddable":true,"href":"https:\/\/www.upo.es\/investiga\/enredars\/index.php?rest_route=\/wp\/v2\/pages\/41"}],"wp:attachment":[{"href":"https:\/\/www.upo.es\/investiga\/enredars\/index.php?rest_route=%2Fwp%2Fv2%2Fmedia&parent=1572"}],"curies":[{"name":"wp","href":"https:\/\/api.w.org\/{rel}","templated":true}]}}