{"id":1685,"date":"2020-09-21T18:19:21","date_gmt":"2020-09-21T18:19:21","guid":{"rendered":"https:\/\/www.upo.es\/investiga\/enredars\/?page_id=1685"},"modified":"2023-12-30T14:08:31","modified_gmt":"2023-12-30T13:08:31","slug":"no-embalo-da-rede-trocas-culturais-historia-e-geografia-artistica-do-barroco-na-america-portuguesa","status":"publish","type":"page","link":"https:\/\/www.upo.es\/investiga\/enredars\/?page_id=1685","title":{"rendered":"No embalo da rede. Trocas culturais, hist\u00f3ria e geografia artistica do Barroco na Am\u00e9rica Portuguesa"},"content":{"rendered":"\n<p><a href=\"http:\/\/hdl.handle.net\/10433\/8757\">Apresenta\u00e7\u00e3o<\/a>. Migliaccio, Luciano; de Almeida Martins, Renata Maria (Enredars, 2020)<\/p>\n\n\n\n<p><a href=\"http:\/\/hdl.handle.net\/10433\/8758\">O barroco latino-americano segundo Ram\u00f3n Guti\u00e9rrez<\/a>. Benoit, Alexandre (Enredars, 2020)<\/p>\n\n\n\n<p><a href=\"http:\/\/hdl.handle.net\/10433\/8759\">El Barroco, integraci\u00f3n, s\u00edntesis y modernidad en la cultura americana<\/a>. Guti\u00e9rrez, Ram\u00f3n (Enredars, 2020)<\/p>\n\n\n\n<p><a href=\"http:\/\/hdl.handle.net\/10433\/8760\">O Pal\u00e1cio de Queluz e a Casa de Padre Toledo: um exerc\u00edcio comparativo<\/a>. Brand\u00e3o, Angela (Enredars, 2020)<\/p>\n\n\n\n<p><a href=\"http:\/\/hdl.handle.net\/10433\/8761\">Uma revis\u00e3o historiogr\u00e1fica necess\u00e1ria: o caso do aldeamento jesu\u00edtico de Mboy<\/a>. Brito Silva, Ang\u00e9lica (Enredars, 2020)<\/p>\n\n\n\n<p><a href=\"http:\/\/hdl.handle.net\/10433\/8762\">O Estilo Nacional Portugu\u00eas em Minas Gerais: Povoamento e territorializa\u00e7\u00e3o do Barroco em Minas Gerais no primeiro quartel do s\u00e9culo XVIII<\/a>. Fernandes Bohrer, Alex (Enredars, 2020)<\/p>\n\n\n\n<p><a href=\"http:\/\/hdl.handle.net\/10433\/8763\">A talha ornamental da igreja matriz de Santo Ant\u00f4nio, em Ouro Branco<\/a>. de Oliveira Pedrosa, Aziz Jos\u00e9 (Enredars, 2020)<\/p>\n\n\n\n<p><a href=\"http:\/\/hdl.handle.net\/10433\/8764\">A constru\u00e7\u00e3o de um santo: A figura de Anchieta nas gravuras \u201cromanas\u201d dos s\u00e9culos XVII e XVIII<\/a>. Mascarenhas, Christian (Enredars, 2020)<\/p>\n\n\n\n<p><a href=\"http:\/\/hdl.handle.net\/10433\/8765\">A rede dos assentamentos jesu\u00edtas no Brasil dos s\u00e9culos XVI-XVIII. O caso da Aldeiados Reis Magos na capitania do Esp\u00edrito Santo<\/a>. Gomes Duarte, Cl\u00e1udia Cristina; Garrido de Oliveira, Carla Alexandra; de Almeida Martins, Renata; P\u00f4rto Ribeiro, Nelson (Enredars, 2020)<\/p>\n\n\n\n<p><a href=\"http:\/\/hdl.handle.net\/10433\/8766\">A pintura colonial do forro do vest\u00edbulo da sacristia da Ordem Terceira De Nossa Senhora Do Carmo De Mogi Das Cruzes (SP): \u201cDocumentos e revela\u00e7\u00f5es\u201d<\/a>. dos Santos Pereira, Danielle Manoel (Enredars, 2020)<\/p>\n\n\n\n<p><a href=\"http:\/\/hdl.handle.net\/10433\/8767\">Uma aproxima\u00e7\u00e3o sobre a quest\u00e3o do patrim\u00f4nio hist\u00f3rico: a Capela Nossa Senhora do Pilar em Taubat\u00e9<\/a>. Marcondes Massimino, Denise (Enredars, 2020)<\/p>\n\n\n\n<p><a href=\"http:\/\/hdl.handle.net\/10433\/8768\">Jogos de escalas: a contribui\u00e7\u00e3o de fontes tribut\u00e1rias e censit\u00e1rias para o estudo da arquitetura no final do per\u00edodo colonial<\/a>. Fonseca Borsoi, Diogo (Enredars, 2020)<\/p>\n\n\n\n<p><a href=\"http:\/\/hdl.handle.net\/10433\/8769\">As Igrejas das Irmandades dos Homens Pretos: documentos da cultura religiosa afro-brasileira na cidade de S\u00e3o Paulo<\/a>. Forganes Santos, Fabricio (Enredars, 2020)<\/p>\n\n\n\n<p><a href=\"http:\/\/hdl.handle.net\/10433\/8770\">Fun\u00e7\u00e3o e Iconografia: Estudo de uma Imagem Missioneira de S\u00e3o Francisco de Borja<\/a>. Cardoso Gil, Fl\u00e1vio Ant\u00f4nio (Enredars, 2020)<\/p>\n\n\n\n<p><a href=\"http:\/\/hdl.handle.net\/10433\/8771\">A leitura do barroco real. Uma imprescind\u00edvel coopera\u00e7\u00e3o<\/a>. Corr\u00eaa Dias de Moraes, Julio Eduardo (Enredars, 2020)<\/p>\n\n\n\n<p><a href=\"http:\/\/hdl.handle.net\/10433\/8772\">A parte sem o todo n\u00e3o \u00e9 parte<\/a>. Meiron, Julio (Enredars, 2020)<\/p>\n\n\n\n<p><a href=\"http:\/\/hdl.handle.net\/10433\/8773\">As devo\u00e7\u00f5es marianas e suas rela\u00e7\u00f5es com a cristandade luso-brasileira na S\u00e3o Paulo Colonial<\/a>. Spiteri Tavolaro Passos, Maria Jos\u00e9 (Enredars, 2020)<\/p>\n\n\n\n<p><a href=\"http:\/\/hdl.handle.net\/10433\/8774\">Entalhadores sacros paulistas da Col\u00f4nia: suas caracter\u00edsticas e influ\u00eancias mineiras, fluminenses e portuguesas<\/a>. Rosada, Mateus (Enredars, 2020)<\/p>\n\n\n\n<p><a href=\"http:\/\/hdl.handle.net\/10433\/8775\">O ret\u00e1bulo como marco da passagem do fiel vitorioso<\/a>. Bonazzi da Costa, Mozart Alberto (Enredars, 2020)<\/p>\n\n\n\n<p><a href=\"http:\/\/hdl.handle.net\/10433\/8785\">O programa art\u00edstico das pinturas de forro nas igrejas carmelitas das cidades paulistas de S\u00e3o Paulo, Itu e Mogi das Cruzes<\/a>. Salom\u00e3o, Myriam (Enredars, 2020)<\/p>\n\n\n\n<p><a href=\"http:\/\/hdl.handle.net\/10433\/8777\">Jesu\u00edtas em C\u00f3rdoba e as Est\u00e2ncias<\/a>. Tirapeli, Percival (Enredars, 2020)<\/p>\n\n\n\n<p><a href=\"http:\/\/hdl.handle.net\/10433\/8778\">O Mestre de Angra dos Reis (s\u00e9culo XVII)<\/a>. Schunk, Rafael (Enredars, 2020)<\/p>\n\n\n\n<p><a href=\"http:\/\/hdl.handle.net\/10433\/8779\">Itanha\u00e9m: arquitetura colonial no litoral sul de S\u00e3o Paulo<\/a>. Vieira Santos, Regina Helena (Enredars, 2020)<\/p>\n\n\n\n<p><a href=\"http:\/\/hdl.handle.net\/10433\/8780\">Pr\u00e1ticas de Re-exist\u00eancia e Op\u00e7\u00e3o Decolonial nas artes da Amaz\u00f4nia: ind\u00edgenas pintoras e redes de circula\u00e7\u00f5es locais\/globais de saberes e objetos<\/a>. De Almeida Martins, Renata Maria (Enredars, 2020)<\/p>\n\n\n\n<p><a href=\"http:\/\/hdl.handle.net\/10433\/8781\">Vermelhos, Celestes e Mesti\u00e7os: A Capela de S\u00e3o Miguel Paulista e a difus\u00e3o cultural entre S\u00e3o Paulo e Am\u00e9rica Hisp\u00e2nica<\/a>. Montanari, Thais Cristina (Enredars, 2020)<\/p>\n\n\n\n<p><a href=\"http:\/\/hdl.handle.net\/10433\/8782\">Para uma poss\u00edvel (e necess\u00e1ria!) hist\u00f3ria dos serm\u00f5es na Am\u00e9rica Portuguesa<\/a>. Pena Ferreira, Val\u00e9ria Maria (Enredars, 2020)<\/p>\n\n\n\n<p>Migliaccio, Luciano; de Almeida Martins, Renata Maria (eds). <em><a href=\"http:\/\/hdl.handle.net\/10433\/8786\">No embalo da rede. Trocas culturais, hist\u00f3ria e geografia artistica do Barroco na Am\u00e9rica Portuguesa<\/a><\/em>. Vol. XIII, S\u00e3o Paulo, Faculdade de Arquitectura. Unversidade de S\u00e3o Paulo, Sevilla, Enredars\/Universidad Pablo de Olavide, 2020. ISBN: 978-84-09-23433-2.<\/p>\n","protected":false},"excerpt":{"rendered":"<p>Apresenta\u00e7\u00e3o. Migliaccio, Luciano; de Almeida Martins, Renata Maria (Enredars, 2020) O barroco latino-americano segundo Ram\u00f3n Guti\u00e9rrez. Benoit, Alexandre (Enredars, 2020)[&#8230;]<\/p>\n","protected":false},"author":1,"featured_media":0,"parent":0,"menu_order":0,"comment_status":"closed","ping_status":"closed","template":"template-fullwidth.php","meta":{"footnotes":""},"_links":{"self":[{"href":"https:\/\/www.upo.es\/investiga\/enredars\/index.php?rest_route=\/wp\/v2\/pages\/1685"}],"collection":[{"href":"https:\/\/www.upo.es\/investiga\/enredars\/index.php?rest_route=\/wp\/v2\/pages"}],"about":[{"href":"https:\/\/www.upo.es\/investiga\/enredars\/index.php?rest_route=\/wp\/v2\/types\/page"}],"author":[{"embeddable":true,"href":"https:\/\/www.upo.es\/investiga\/enredars\/index.php?rest_route=\/wp\/v2\/users\/1"}],"replies":[{"embeddable":true,"href":"https:\/\/www.upo.es\/investiga\/enredars\/index.php?rest_route=%2Fwp%2Fv2%2Fcomments&post=1685"}],"version-history":[{"count":6,"href":"https:\/\/www.upo.es\/investiga\/enredars\/index.php?rest_route=\/wp\/v2\/pages\/1685\/revisions"}],"predecessor-version":[{"id":2680,"href":"https:\/\/www.upo.es\/investiga\/enredars\/index.php?rest_route=\/wp\/v2\/pages\/1685\/revisions\/2680"}],"wp:attachment":[{"href":"https:\/\/www.upo.es\/investiga\/enredars\/index.php?rest_route=%2Fwp%2Fv2%2Fmedia&parent=1685"}],"curies":[{"name":"wp","href":"https:\/\/api.w.org\/{rel}","templated":true}]}}