{"id":1743,"date":"2020-10-10T08:30:32","date_gmt":"2020-10-10T08:30:32","guid":{"rendered":"https:\/\/www.upo.es\/investiga\/enredars\/?page_id=1743"},"modified":"2023-12-30T12:47:14","modified_gmt":"2023-12-30T11:47:14","slug":"a-la-luz-de-roma-santos-y-santidad-en-el-barroco-iberoamericano-iii-tierra-de-santidad","status":"publish","type":"page","link":"https:\/\/www.upo.es\/investiga\/enredars\/?page_id=1743","title":{"rendered":"A la luz de Roma. Santos y Santidad en el Barroco Iberoamericano III. Tierra de santidad"},"content":{"rendered":"\n<p><a href=\"http:\/\/hdl.handle.net\/10433\/8834\">Sobre santos y santas en los virreinatos hay mucho que contar: Presentaci\u00f3n<\/a>. Quiles, Fernando (Enredars, 2020)<\/p>\n\n\n\n<p><a href=\"http:\/\/hdl.handle.net\/10433\/8835\">Da Roma all\u2019Ibero-America: il secolo della Santit\u00e0 nel panorama dei nuovi studi sul Barocco<\/a>. Fagiolo, Marcello (Enredars, 2020)<\/p>\n\n\n\n<p><a href=\"https:\/\/rio.upo.es\/xmlui\/handle\/10433\/8836\">La santidad politizada. La utilizaci\u00f3n de un santoral ins\u00f3lito en la construcci\u00f3n de las identidades del clero regular novohispano en el siglo XVIII<\/a>. Rubial Garc\u00eda, Antonio (Enredars, 2020)<\/p>\n\n\n\n<p><a href=\"http:\/\/hdl.handle.net\/10433\/8837\">Pol\u00edticas y modelos de santidad en la \u00c9poca Moderna. El caso de Toribio de Mogrovejo<\/a>. Millar Carvacho, Ren\u00e9 (Enredars, 2020)<\/p>\n\n\n\n<p><a href=\"http:\/\/hdl.handle.net\/10433\/8838\">Forjar santos en el Per\u00fa del siglo XVII. Representaci\u00f3n pol\u00edtica, agencia criolla y cultura letrada virreinal<\/a>. G\u00e1lvez Pe\u00f1a, Carlos M. (Enredars, 2020)<\/p>\n\n\n\n<p><a href=\"http:\/\/hdl.handle.net\/10433\/8839\">Fray Agust\u00edn de la Madre de Dios y su imagen de santidad del carmelita descalzo en el siglo XVII. Una aproximaci\u00f3n hist\u00f3rica<\/a>. Tlacxani Segura, Gonzalo (Enredars, 2020)<\/p>\n\n\n\n<p><a href=\"http:\/\/hdl.handle.net\/10433\/8840\">La fama de santidad del m\u00e9dico novohispano Pedro L\u00f3pez (1527-1597)<\/a>. Mart\u00ednez Ferrer, Luis (Enredars, 2020)<\/p>\n\n\n\n<p><a href=\"http:\/\/hdl.handle.net\/10433\/8841\">Mosaico iconogr\u00e1fico de San Benito de Palermo en la Nueva Espa\u00f1a<\/a>. Chaput Manni, Marlene M. (Enredars, 2020)<\/p>\n\n\n\n<p><a href=\"http:\/\/hdl.handle.net\/10433\/8842\">Death on the Cross; the Beatification of the Twenty-Six Martyrs of Nagasaki (1627) and the Iconography of the Crucifixion<\/a>. Omata Rappo, Hitomi (Enredars, 2020)<\/p>\n\n\n\n<p><a href=\"http:\/\/hdl.handle.net\/10433\/8843\">De m\u00e1rtires jesuitas y h\u00e9roes chamorros en los m\u00e1rgenes del imperio hisp\u00e1nico: las islas Marianas (1668-1700)<\/a>. Coello de la Rosa, Alexandre (Enredars, 2020)<\/p>\n\n\n\n<p><a href=\"http:\/\/hdl.handle.net\/10433\/8844\">La ardua canonizaci\u00f3n de los m\u00e1rtires de Nagasaki<\/a>. Ca\u00f1eque, Alejandro (Enredars, 2020)<\/p>\n\n\n\n<p><a href=\"http:\/\/hdl.handle.net\/10433\/8845\">La codificaci\u00f3n de la imagen de Jun\u00edpero Serra. Herramientas visuales para una campa\u00f1a de santidad<\/a>. Chiva Beltr\u00e1n, Juan (Enredars, 2020)<\/p>\n\n\n\n<p><a href=\"http:\/\/hdl.handle.net\/10433\/8846\">Rasgos de perfecci\u00f3n oratoriana. Los santos de la Congregaci\u00f3n de San Felipe Neri<\/a>. Gonz\u00e1lez Le\u00f3n, Erika (Enredars, 2020)<\/p>\n\n\n\n<p><a href=\"http:\/\/hdl.handle.net\/10433\/8847\">\u201cUn m\u00e1rtir de nuestra tierra mexicana:\u201d la vida y beatificaci\u00f3n del primer beato americano, San Felipe de Jes\u00fas<\/a>. Conover, Cornelius (Enredars, 2020)<\/p>\n\n\n\n<p><a href=\"http:\/\/hdl.handle.net\/10433\/8848\">Las estampas de santos franciscanos en el Virreinato de Nueva Espa\u00f1a, durante el siglo XVIII<\/a>. Calvo Portela, Juan Isaac (Enredars, 2020)<\/p>\n\n\n\n<p><a href=\"http:\/\/hdl.handle.net\/10433\/8849\">Im\u00e1genes del beato Toribio de Mogrovejo. Otra perspectiva<\/a>. Rup\u00e9rez Almajano, M\u00aa Nieves (Enredars, 2020)<\/p>\n\n\n\n<p><a href=\"http:\/\/hdl.handle.net\/10433\/8850\">Los santos coronados y la \u201cCofrad\u00eda de Nuestra Se\u00f1ora de los Gozos y Santos Architectos\u201d de la ciudad de M\u00e9xico en el siglo XVIII<\/a>. Fern\u00e1ndez, Martha (Enredars, 2020)<\/p>\n\n\n\n<p><a href=\"http:\/\/hdl.handle.net\/10433\/8851\">\u201cCarne jugosa y olores ricos del cielo\u201d. Las inspecciones al cuerpo incorrupto de fray Sebasti\u00e1n de Aparicio en el inicio y desarrollo de su causa de beatificaci\u00f3n (1600-1770)<\/a>. B\u00e1ez Hern\u00e1ndez, Montserrat A. (Enredars, 2020)<\/p>\n\n\n\n<p><a href=\"http:\/\/hdl.handle.net\/10433\/8852\">Florido jard\u00edn emblem\u00e1tico para una beata Rosa, en el 350 aniversario de su beatificaci\u00f3n<\/a>. Cazalla Canto, Silvia; Azanza L\u00f3pez, Jos\u00e9 Javier (Enredars, 2020)<\/p>\n\n\n\n<p><a href=\"http:\/\/hdl.handle.net\/10433\/8853\">\u00bfLa santidad de Rosa de Santa Mar\u00eda como modelo del vasallo hispano? Lima y M\u00e9xico, 1668-1737<\/a>. Arias Cuba, Ybeth (Enredars, 2020)<\/p>\n\n\n\n<p><a href=\"http:\/\/hdl.handle.net\/10433\/8854\">Il Culto di Santa Rosa da Lima nei dipinti tra Sei e Settecento nell\u2019Italia meridionale<\/a>. Di Liddo, Isabella (Enredars, 2020)<\/p>\n\n\n\n<p><a href=\"http:\/\/hdl.handle.net\/10433\/8855\">Celebraciones y devociones por las canonizaciones de los santos mercedarios en el obispado de Michoac\u00e1n, 1624-1637<\/a>. Guzm\u00e1n Guzm\u00e1n, Yolanda (Enredars, 2020)<\/p>\n\n\n\n<p><a href=\"http:\/\/hdl.handle.net\/10433\/8856\">La promoci\u00f3n del culto a san Jos\u00e9 en Nueva Espa\u00f1a (siglos XVII y XVIII)<\/a>. Ragon, Pierre (Enredars, 2020)<\/p>\n\n\n\n<p><a href=\"http:\/\/hdl.handle.net\/10433\/8857\">De \u00c1vila a Roma, de Roma a Cuzco: la santidad concentrada en una pintura cuzque\u00f1a de Santa Teresa<\/a>. Penhos, Marta (Enredars, 2020) <\/p>\n\n\n\n<p><a href=\"http:\/\/hdl.handle.net\/10433\/8859\">Un proceso de santidad inconcluso en Chile. El corpus hagiogr\u00e1fico en torno al jesuita Ignacio Garc\u00eda (siglo XVIII)<\/a>. De La Taille-Tr\u00e9tinville, Alexandrine (Enredars, 2020)<\/p>\n\n\n\n<p>Quiles Garc\u00eda, Fernando;\u00a0Garc\u00eda Bernal, Jos\u00e9 Jaime;\u00a0Broggio, Paolo;\u00a0Fagiolo Dell&#8217;Arco, Marcello (eds.).\u00a0<a href=\"http:\/\/hdl.handle.net\/10433\/8858\"><em>A la luz de Roma. Santos y Santidad en el Barroco Iberoamericano III. Tierra de santidad<\/em>.<\/a> Vol. XVI. Roma, Roma Tre-Press; Sevilla, Enredars\/Universidad Pablo de Olavide, 2020. ISBN: 978-84-09-23677-0.<\/p>\n","protected":false},"excerpt":{"rendered":"<p>Sobre santos y santas en los virreinatos hay mucho que contar: Presentaci\u00f3n. Quiles, Fernando (Enredars, 2020) Da Roma all\u2019Ibero-America: il[&#8230;]<\/p>\n","protected":false},"author":1,"featured_media":0,"parent":0,"menu_order":0,"comment_status":"closed","ping_status":"closed","template":"template-fullwidth.php","meta":{"footnotes":""},"_links":{"self":[{"href":"https:\/\/www.upo.es\/investiga\/enredars\/index.php?rest_route=\/wp\/v2\/pages\/1743"}],"collection":[{"href":"https:\/\/www.upo.es\/investiga\/enredars\/index.php?rest_route=\/wp\/v2\/pages"}],"about":[{"href":"https:\/\/www.upo.es\/investiga\/enredars\/index.php?rest_route=\/wp\/v2\/types\/page"}],"author":[{"embeddable":true,"href":"https:\/\/www.upo.es\/investiga\/enredars\/index.php?rest_route=\/wp\/v2\/users\/1"}],"replies":[{"embeddable":true,"href":"https:\/\/www.upo.es\/investiga\/enredars\/index.php?rest_route=%2Fwp%2Fv2%2Fcomments&post=1743"}],"version-history":[{"count":3,"href":"https:\/\/www.upo.es\/investiga\/enredars\/index.php?rest_route=\/wp\/v2\/pages\/1743\/revisions"}],"predecessor-version":[{"id":2652,"href":"https:\/\/www.upo.es\/investiga\/enredars\/index.php?rest_route=\/wp\/v2\/pages\/1743\/revisions\/2652"}],"wp:attachment":[{"href":"https:\/\/www.upo.es\/investiga\/enredars\/index.php?rest_route=%2Fwp%2Fv2%2Fmedia&parent=1743"}],"curies":[{"name":"wp","href":"https:\/\/api.w.org\/{rel}","templated":true}]}}