{"id":1849,"date":"2020-11-27T15:22:32","date_gmt":"2020-11-27T14:22:32","guid":{"rendered":"https:\/\/www.upo.es\/investiga\/enredars\/?page_id=1849"},"modified":"2020-12-29T10:46:41","modified_gmt":"2020-12-29T09:46:41","slug":"educame-primero-peru-y-la-prevencion-del-trabajo-infantil","status":"publish","type":"page","link":"https:\/\/www.upo.es\/investiga\/enredars\/?page_id=1849","title":{"rendered":"Ed\u00facame Primero. Per\u00fa y la prevenci\u00f3n del trabajo infantil"},"content":{"rendered":"\t\t<div data-elementor-type=\"wp-page\" data-elementor-id=\"1849\" class=\"elementor elementor-1849\" data-elementor-settings=\"[]\">\n\t\t\t<div class=\"elementor-inner\">\n\t\t\t\t<div class=\"elementor-section-wrap\">\n\t\t\t\t\t\t\t<section class=\"elementor-element elementor-element-a3a3db0 elementor-section-boxed elementor-section-height-default elementor-section-height-default elementor-section elementor-top-section\" data-id=\"a3a3db0\" data-element_type=\"section\">\n\t\t\t\t\t\t<div class=\"elementor-container elementor-column-gap-default\">\n\t\t\t\t<div class=\"elementor-row\">\n\t\t\t\t<div class=\"elementor-element elementor-element-64e06bf elementor-column elementor-col-100 elementor-top-column\" data-id=\"64e06bf\" data-element_type=\"column\">\n\t\t\t<div class=\"elementor-column-wrap  elementor-element-populated\">\n\t\t\t\t\t<div class=\"elementor-widget-wrap\">\n\t\t\t\t<div class=\"elementor-element elementor-element-8ab13a9 elementor-widget elementor-widget-spacer\" data-id=\"8ab13a9\" data-element_type=\"widget\" data-widget_type=\"spacer.default\">\n\t\t\t\t<div class=\"elementor-widget-container\">\n\t\t\t\t\t<div class=\"elementor-spacer\">\n\t\t\t<div class=\"elementor-spacer-inner\"><\/div>\n\t\t<\/div>\n\t\t\t\t<\/div>\n\t\t\t\t<\/div>\n\t\t\t\t\t\t<\/div>\n\t\t\t<\/div>\n\t\t<\/div>\n\t\t\t\t\t\t<\/div>\n\t\t\t<\/div>\n\t\t<\/section>\n\t\t\t\t<section class=\"elementor-element elementor-element-82324ad elementor-section-boxed elementor-section-height-default elementor-section-height-default elementor-section elementor-top-section\" data-id=\"82324ad\" data-element_type=\"section\">\n\t\t\t\t\t\t<div class=\"elementor-container elementor-column-gap-default\">\n\t\t\t\t<div class=\"elementor-row\">\n\t\t\t\t<div class=\"elementor-element elementor-element-41fff09 elementor-column elementor-col-50 elementor-top-column\" data-id=\"41fff09\" data-element_type=\"column\">\n\t\t\t<div class=\"elementor-column-wrap  elementor-element-populated\">\n\t\t\t\t\t<div class=\"elementor-widget-wrap\">\n\t\t\t\t<div class=\"elementor-element elementor-element-b895d2f elementor-widget elementor-widget-image\" data-id=\"b895d2f\" data-element_type=\"widget\" data-widget_type=\"image.default\">\n\t\t\t\t<div class=\"elementor-widget-container\">\n\t\t\t\t\t<div class=\"elementor-image\">\n\t\t\t\t\t\t\t\t\t\t\t<a href=\"https:\/\/rio.upo.es\/xmlui\/handle\/10433\/9019\">\n\t\t\t\t\t\t\t<img loading=\"lazy\" decoding=\"async\" width=\"213\" height=\"300\" src=\"https:\/\/www.upo.es\/investiga\/enredars\/wp-content\/uploads\/2020\/11\/Ed\u00facame_portada-213x300.jpg\" class=\"elementor-animation-bounce-in attachment-medium size-medium\" alt=\"\" srcset=\"https:\/\/www.upo.es\/investiga\/enredars\/wp-content\/uploads\/2020\/11\/Ed\u00facame_portada-213x300.jpg 213w, https:\/\/www.upo.es\/investiga\/enredars\/wp-content\/uploads\/2020\/11\/Ed\u00facame_portada-725x1024.jpg 725w, https:\/\/www.upo.es\/investiga\/enredars\/wp-content\/uploads\/2020\/11\/Ed\u00facame_portada-768x1084.jpg 768w, https:\/\/www.upo.es\/investiga\/enredars\/wp-content\/uploads\/2020\/11\/Ed\u00facame_portada-1088x1536.jpg 1088w, https:\/\/www.upo.es\/investiga\/enredars\/wp-content\/uploads\/2020\/11\/Ed\u00facame_portada.jpg 1339w\" sizes=\"(max-width: 213px) 100vw, 213px\" \/>\t\t\t\t\t\t\t\t<\/a>\n\t\t\t\t\t\t\t\t\t\t\t<\/div>\n\t\t\t\t<\/div>\n\t\t\t\t<\/div>\n\t\t\t\t\t\t<\/div>\n\t\t\t<\/div>\n\t\t<\/div>\n\t\t\t\t<div class=\"elementor-element elementor-element-821b628 elementor-column elementor-col-50 elementor-top-column\" data-id=\"821b628\" data-element_type=\"column\">\n\t\t\t<div class=\"elementor-column-wrap  elementor-element-populated\">\n\t\t\t\t\t<div class=\"elementor-widget-wrap\">\n\t\t\t\t<div class=\"elementor-element elementor-element-56ea302 elementor-widget elementor-widget-text-editor\" data-id=\"56ea302\" data-element_type=\"widget\" data-widget_type=\"text-editor.default\">\n\t\t\t\t<div class=\"elementor-widget-container\">\n\t\t\t\t\t<div class=\"elementor-text-editor elementor-clearfix\"><p>Detalles del libro<\/p><ul><li>Autora: Esperanza M\u00e1rquez L\u00f3pez<\/li><li>Editorial: IEAL y Enredars Publicaciones<\/li><li>12.\u00ba volumen de la colecci\u00f3n AcerVos<\/li><li>ISBN: 978-84-09-25430-9<\/li><li>A\u00f1o de publicaci\u00f3n: 2020<\/li><li>N\u00famero de p\u00e1ginas: 114<\/li><\/ul><h3 style=\"text-align: center;\">\u00a0<\/h3><\/div>\n\t\t\t\t<\/div>\n\t\t\t\t<\/div>\n\t\t\t\t\t\t<\/div>\n\t\t\t<\/div>\n\t\t<\/div>\n\t\t\t\t\t\t<\/div>\n\t\t\t<\/div>\n\t\t<\/section>\n\t\t\t\t<section class=\"elementor-element elementor-element-94c7203 elementor-section-boxed elementor-section-height-default elementor-section-height-default elementor-section elementor-top-section\" data-id=\"94c7203\" data-element_type=\"section\">\n\t\t\t\t\t\t<div class=\"elementor-container elementor-column-gap-default\">\n\t\t\t\t<div class=\"elementor-row\">\n\t\t\t\t<div class=\"elementor-element elementor-element-9bd65ab elementor-column elementor-col-100 elementor-top-column\" data-id=\"9bd65ab\" data-element_type=\"column\">\n\t\t\t<div class=\"elementor-column-wrap  elementor-element-populated\">\n\t\t\t\t\t<div class=\"elementor-widget-wrap\">\n\t\t\t\t<div class=\"elementor-element elementor-element-8a50230 elementor-widget elementor-widget-spacer\" data-id=\"8a50230\" data-element_type=\"widget\" data-widget_type=\"spacer.default\">\n\t\t\t\t<div class=\"elementor-widget-container\">\n\t\t\t\t\t<div class=\"elementor-spacer\">\n\t\t\t<div class=\"elementor-spacer-inner\"><\/div>\n\t\t<\/div>\n\t\t\t\t<\/div>\n\t\t\t\t<\/div>\n\t\t\t\t\t\t<\/div>\n\t\t\t<\/div>\n\t\t<\/div>\n\t\t\t\t\t\t<\/div>\n\t\t\t<\/div>\n\t\t<\/section>\n\t\t\t\t<section class=\"elementor-element elementor-element-4bf016b elementor-section-boxed elementor-section-height-default elementor-section-height-default elementor-section elementor-top-section\" data-id=\"4bf016b\" data-element_type=\"section\">\n\t\t\t\t\t\t<div class=\"elementor-container elementor-column-gap-default\">\n\t\t\t\t<div class=\"elementor-row\">\n\t\t\t\t<div class=\"elementor-element elementor-element-60d6b14 elementor-column elementor-col-100 elementor-top-column\" data-id=\"60d6b14\" data-element_type=\"column\">\n\t\t\t<div class=\"elementor-column-wrap  elementor-element-populated\">\n\t\t\t\t\t<div class=\"elementor-widget-wrap\">\n\t\t\t\t<div class=\"elementor-element elementor-element-453cf8d elementor-widget elementor-widget-text-editor\" data-id=\"453cf8d\" data-element_type=\"widget\" data-widget_type=\"text-editor.default\">\n\t\t\t\t<div class=\"elementor-widget-container\">\n\t\t\t\t\t<div class=\"elementor-text-editor elementor-clearfix\"><p>M\u00e1rquez L\u00f3pez, Esperanza. <a href=\"https:\/\/www.upo.es\/investiga\/enredars\/wp-content\/uploads\/2020\/12\/EDUCAMEPERU_WEB_DEF.pdf\">Ed\u00facame Primero. Per\u00fa y la prevenci\u00f3n del trabajo infantil<\/a>. Vol. XII, Sevilla, IEAL, Universidad de Sevilla y Enredars\/Universidad Pablo de Olavide, 2020. ISBN: 978-84-09-25430-9.<\/p><\/div>\n\t\t\t\t<\/div>\n\t\t\t\t<\/div>\n\t\t\t\t\t\t<\/div>\n\t\t\t<\/div>\n\t\t<\/div>\n\t\t\t\t\t\t<\/div>\n\t\t\t<\/div>\n\t\t<\/section>\n\t\t\t\t\t\t<\/div>\n\t\t\t<\/div>\n\t\t<\/div>\n\t\t","protected":false},"excerpt":{"rendered":"<p>Detalles del libro Autora: Esperanza M\u00e1rquez L\u00f3pez Editorial: IEAL y Enredars Publicaciones 12.\u00ba volumen de la colecci\u00f3n AcerVos ISBN: 978-84-09-25430-9[&#8230;]<\/p>\n","protected":false},"author":1,"featured_media":0,"parent":0,"menu_order":0,"comment_status":"closed","ping_status":"closed","template":"template-fullwidth.php","meta":{"footnotes":""},"_links":{"self":[{"href":"https:\/\/www.upo.es\/investiga\/enredars\/index.php?rest_route=\/wp\/v2\/pages\/1849"}],"collection":[{"href":"https:\/\/www.upo.es\/investiga\/enredars\/index.php?rest_route=\/wp\/v2\/pages"}],"about":[{"href":"https:\/\/www.upo.es\/investiga\/enredars\/index.php?rest_route=\/wp\/v2\/types\/page"}],"author":[{"embeddable":true,"href":"https:\/\/www.upo.es\/investiga\/enredars\/index.php?rest_route=\/wp\/v2\/users\/1"}],"replies":[{"embeddable":true,"href":"https:\/\/www.upo.es\/investiga\/enredars\/index.php?rest_route=%2Fwp%2Fv2%2Fcomments&post=1849"}],"version-history":[{"count":6,"href":"https:\/\/www.upo.es\/investiga\/enredars\/index.php?rest_route=\/wp\/v2\/pages\/1849\/revisions"}],"predecessor-version":[{"id":1883,"href":"https:\/\/www.upo.es\/investiga\/enredars\/index.php?rest_route=\/wp\/v2\/pages\/1849\/revisions\/1883"}],"wp:attachment":[{"href":"https:\/\/www.upo.es\/investiga\/enredars\/index.php?rest_route=%2Fwp%2Fv2%2Fmedia&parent=1849"}],"curies":[{"name":"wp","href":"https:\/\/api.w.org\/{rel}","templated":true}]}}