{"id":1967,"date":"2021-04-29T08:00:38","date_gmt":"2021-04-29T07:00:38","guid":{"rendered":"https:\/\/www.upo.es\/investiga\/enredars\/?page_id=1967"},"modified":"2023-12-30T12:34:10","modified_gmt":"2023-12-30T11:34:10","slug":"a-la-luz-de-roma-santos-y-santidad-en-el-barroco-iberoamericano-ii-espana-espejo-de-santos","status":"publish","type":"page","link":"https:\/\/www.upo.es\/investiga\/enredars\/?page_id=1967","title":{"rendered":"A la luz de Roma. Santos y Santidad en el Barroco Iberoamericano II. Espa\u00f1a, espejo de santos"},"content":{"rendered":"\t\t<div data-elementor-type=\"wp-page\" data-elementor-id=\"1967\" class=\"elementor elementor-1967\" data-elementor-settings=\"[]\">\n\t\t\t<div class=\"elementor-inner\">\n\t\t\t\t<div class=\"elementor-section-wrap\">\n\t\t\t\t\t\t\t<section class=\"elementor-element elementor-element-a834b06 elementor-section-boxed elementor-section-height-default elementor-section-height-default elementor-section elementor-top-section\" data-id=\"a834b06\" data-element_type=\"section\">\n\t\t\t\t\t\t<div class=\"elementor-container elementor-column-gap-default\">\n\t\t\t\t<div class=\"elementor-row\">\n\t\t\t\t<div class=\"elementor-element elementor-element-2b1f111 elementor-column elementor-col-100 elementor-top-column\" data-id=\"2b1f111\" data-element_type=\"column\">\n\t\t\t<div class=\"elementor-column-wrap  elementor-element-populated\">\n\t\t\t\t\t<div class=\"elementor-widget-wrap\">\n\t\t\t\t<div class=\"elementor-element elementor-element-f829bef elementor-widget elementor-widget-spacer\" data-id=\"f829bef\" data-element_type=\"widget\" data-widget_type=\"spacer.default\">\n\t\t\t\t<div class=\"elementor-widget-container\">\n\t\t\t\t\t<div class=\"elementor-spacer\">\n\t\t\t<div class=\"elementor-spacer-inner\"><\/div>\n\t\t<\/div>\n\t\t\t\t<\/div>\n\t\t\t\t<\/div>\n\t\t\t\t\t\t<\/div>\n\t\t\t<\/div>\n\t\t<\/div>\n\t\t\t\t\t\t<\/div>\n\t\t\t<\/div>\n\t\t<\/section>\n\t\t\t\t<section class=\"elementor-element elementor-element-bf300ad elementor-section-boxed elementor-section-height-default elementor-section-height-default elementor-section elementor-top-section\" data-id=\"bf300ad\" data-element_type=\"section\">\n\t\t\t\t\t\t<div class=\"elementor-container elementor-column-gap-default\">\n\t\t\t\t<div class=\"elementor-row\">\n\t\t\t\t<div class=\"elementor-element elementor-element-cdef271 elementor-column elementor-col-50 elementor-top-column\" data-id=\"cdef271\" data-element_type=\"column\">\n\t\t\t<div class=\"elementor-column-wrap  elementor-element-populated\">\n\t\t\t\t\t<div class=\"elementor-widget-wrap\">\n\t\t\t\t<div class=\"elementor-element elementor-element-359d892 elementor-widget elementor-widget-image\" data-id=\"359d892\" data-element_type=\"widget\" data-widget_type=\"image.default\">\n\t\t\t\t<div class=\"elementor-widget-container\">\n\t\t\t\t\t<div class=\"elementor-image\">\n\t\t\t\t\t\t\t\t\t\t\t<a href=\"https:\/\/rio.upo.es\/xmlui\/handle\/10433\/10028\">\n\t\t\t\t\t\t\t<img loading=\"lazy\" decoding=\"async\" width=\"212\" height=\"300\" src=\"https:\/\/www.upo.es\/investiga\/enredars\/wp-content\/uploads\/2021\/04\/Portada_A-la-luz-de-Roma.-Vol-II-212x300.jpg\" class=\"elementor-animation-bounce-in attachment-medium size-medium\" alt=\"\" srcset=\"https:\/\/www.upo.es\/investiga\/enredars\/wp-content\/uploads\/2021\/04\/Portada_A-la-luz-de-Roma.-Vol-II-212x300.jpg 212w, https:\/\/www.upo.es\/investiga\/enredars\/wp-content\/uploads\/2021\/04\/Portada_A-la-luz-de-Roma.-Vol-II-722x1024.jpg 722w, https:\/\/www.upo.es\/investiga\/enredars\/wp-content\/uploads\/2021\/04\/Portada_A-la-luz-de-Roma.-Vol-II-768x1089.jpg 768w, https:\/\/www.upo.es\/investiga\/enredars\/wp-content\/uploads\/2021\/04\/Portada_A-la-luz-de-Roma.-Vol-II.jpg 1000w\" sizes=\"(max-width: 212px) 100vw, 212px\" \/>\t\t\t\t\t\t\t\t<\/a>\n\t\t\t\t\t\t\t\t\t\t\t<\/div>\n\t\t\t\t<\/div>\n\t\t\t\t<\/div>\n\t\t\t\t\t\t<\/div>\n\t\t\t<\/div>\n\t\t<\/div>\n\t\t\t\t<div class=\"elementor-element elementor-element-6bf4a83 elementor-column elementor-col-50 elementor-top-column\" data-id=\"6bf4a83\" data-element_type=\"column\">\n\t\t\t<div class=\"elementor-column-wrap  elementor-element-populated\">\n\t\t\t\t\t<div class=\"elementor-widget-wrap\">\n\t\t\t\t<div class=\"elementor-element elementor-element-c9b36a5 elementor-widget elementor-widget-text-editor\" data-id=\"c9b36a5\" data-element_type=\"widget\" data-widget_type=\"text-editor.default\">\n\t\t\t\t<div class=\"elementor-widget-container\">\n\t\t\t\t\t<div class=\"elementor-text-editor elementor-clearfix\"><p>Detalles del libro<\/p><ul><li>Editores: Fernando Quiles Garc\u00eda, Jos\u00e9 Jaime Garc\u00eda Bernal, Paolo Broggio y\u00a0Marcello Fagiolo Dell\u2019Arco<\/li><li>Editoriales: Roma Tre-Press y Enredars Publicaciones<\/li><li>15.\u00ba volumen de la colecci\u00f3n Universo Barroco Iberoamericano<\/li><li>ISBN: 978-84-09-23851-4<\/li><li>A\u00f1o de publicaci\u00f3n: 2020<\/li><li>N\u00famero de p\u00e1ginas: 638<br \/><h3 style=\"text-align: center;\"><a href=\"http:\/\/hdl.handle.net\/10433\/10028\"><strong>Acceder ahora al libro<\/strong><\/a><\/h3><h3 style=\"text-align: center;\"><strong>Tambi\u00e9n disponible en\u00a0<a href=\"https:\/\/romatrepress.uniroma3.it\/libro\/a-la-luz-de-roma-santos-y-santidad-en-el-barroco-iberoamericano-volume-ii-espana-espejo-de-santos\/\">Roma TrE-Pres<\/a><\/strong><\/h3><\/li><\/ul><\/div>\n\t\t\t\t<\/div>\n\t\t\t\t<\/div>\n\t\t\t\t\t\t<\/div>\n\t\t\t<\/div>\n\t\t<\/div>\n\t\t\t\t\t\t<\/div>\n\t\t\t<\/div>\n\t\t<\/section>\n\t\t\t\t<section class=\"elementor-element elementor-element-54642d4 elementor-section-boxed elementor-section-height-default elementor-section-height-default elementor-section elementor-top-section\" data-id=\"54642d4\" data-element_type=\"section\">\n\t\t\t\t\t\t<div class=\"elementor-container elementor-column-gap-default\">\n\t\t\t\t<div class=\"elementor-row\">\n\t\t\t\t<div class=\"elementor-element elementor-element-fad888c elementor-column elementor-col-100 elementor-top-column\" data-id=\"fad888c\" data-element_type=\"column\">\n\t\t\t<div class=\"elementor-column-wrap  elementor-element-populated\">\n\t\t\t\t\t<div class=\"elementor-widget-wrap\">\n\t\t\t\t<div class=\"elementor-element elementor-element-6946db8 elementor-widget elementor-widget-spacer\" data-id=\"6946db8\" data-element_type=\"widget\" data-widget_type=\"spacer.default\">\n\t\t\t\t<div class=\"elementor-widget-container\">\n\t\t\t\t\t<div class=\"elementor-spacer\">\n\t\t\t<div class=\"elementor-spacer-inner\"><\/div>\n\t\t<\/div>\n\t\t\t\t<\/div>\n\t\t\t\t<\/div>\n\t\t\t\t\t\t<\/div>\n\t\t\t<\/div>\n\t\t<\/div>\n\t\t\t\t\t\t<\/div>\n\t\t\t<\/div>\n\t\t<\/section>\n\t\t\t\t<section class=\"elementor-element elementor-element-d59f8c8 elementor-section-boxed elementor-section-height-default elementor-section-height-default elementor-section elementor-top-section\" data-id=\"d59f8c8\" data-element_type=\"section\">\n\t\t\t\t\t\t<div class=\"elementor-container elementor-column-gap-default\">\n\t\t\t\t<div class=\"elementor-row\">\n\t\t\t\t<div class=\"elementor-element elementor-element-2202513 elementor-column elementor-col-100 elementor-top-column\" data-id=\"2202513\" data-element_type=\"column\">\n\t\t\t<div class=\"elementor-column-wrap  elementor-element-populated\">\n\t\t\t\t\t<div class=\"elementor-widget-wrap\">\n\t\t\t\t<div class=\"elementor-element elementor-element-1cf8bfd elementor-widget elementor-widget-text-editor\" data-id=\"1cf8bfd\" data-element_type=\"widget\" data-widget_type=\"text-editor.default\">\n\t\t\t\t<div class=\"elementor-widget-container\">\n\t\t\t\t\t<div class=\"elementor-text-editor elementor-clearfix\"><p><a href=\"http:\/\/hdl.handle.net\/10433\/9922\">Presentaci\u00f3n: Entre el Mediterr\u00e1neo y el Atl\u00e1ntico. Espa\u00f1a, espejo de santos<\/a>. Garc\u00eda Bernal, Jos\u00e9 Jaime (Roma Tre-Press y Enredars, 2020)<\/p><p><a href=\"http:\/\/hdl.handle.net\/10433\/9923\">La declaraci\u00f3n de antigua santidad de San Juan de Mata y San F\u00e9lix de Valois. Celebrando santos inciertos. Valencia, 1668<\/a>. M\u00ednguez, V\u00edctor (Roma Tre-Press y Enredars, 2020)<\/p><p><a href=\"http:\/\/hdl.handle.net\/10433\/9924\">Virtudes heroicas y promoci\u00f3n pol\u00edtica. La ascensi\u00f3n a los altares de Raimundo de Pe\u00f1afort<\/a>. Dilla Mart\u00ed, Ram\u00f3n (Roma Tre-Press y Enredars, 2020)<\/p><p><a href=\"http:\/\/hdl.handle.net\/10433\/9925\">Cavaliere inglese, martire africano o santo catalano? L\u2019intreccio di identit\u00e0 nella canonizzazione di San Serapio<\/a>. Caredda, Sara (Roma Tre-Press y Enredars, 2020)<\/p><p><a href=\"http:\/\/hdl.handle.net\/10433\/9926\">La reconstrucci\u00f3n del santo medieval post-trento: el caso de Mar\u00eda de Ajofr\u00edn<\/a>. Redondo Blasco, Celia (Roma Tre-Press y Enredars, 2020)<\/p><p><a href=\"http:\/\/hdl.handle.net\/10433\/9927\"><em>Flos desertum<\/em>: La evoluci\u00f3n del <em>Flos Sanctorum<\/em> en Espa\u00f1a en el caso de san Antonio Abad (ss. XVI-XVIII)<\/a>. Molina Oliver, Miguel (Roma Tre-Press y Enredars, 2020)<\/p><p><a href=\"http:\/\/hdl.handle.net\/10433\/9928\">El peso de la tradici\u00f3n frente a la renovaci\u00f3n tridentina: la devoci\u00f3n a San Juli\u00e1n en la Galicia del Barroco<\/a>. Gonz\u00e1lez Lopo, Domingo L. (Roma Tre-Press y Enredars, 2020)<\/p><p><a href=\"http:\/\/hdl.handle.net\/10433\/9929\">En torno a la creaci\u00f3n de im\u00e1genes en el barroco. Iconograf\u00eda de Santa Librada en la Di\u00f3cesis de Tui<\/a>. Novo S\u00e1nchez, Francisco Javier (Roma Tre-Press y Enredars, 2020)<\/p><p><a href=\"http:\/\/hdl.handle.net\/10433\/9930\">Santidad y sanidad: San Vicente Ferrer <em>abogado contra la pestilencia<\/em><\/a>. Ortiz Garc\u00eda, Jos\u00e9 A. (Roma Tre-Press y Enredars, 2020)<\/p><p><a href=\"http:\/\/hdl.handle.net\/10433\/9931\"><em>Admiratio<\/em> del santo y teatralidad: dos miradas convergentes en la Espa\u00f1a barroca. El caso de San Luis Beltr\u00e1n<\/a>. Fern\u00e1ndez Rodr\u00edguez, Natalia (Roma Tre-Press y Enredars, 2020)<\/p><p><a href=\"http:\/\/hdl.handle.net\/10433\/9932\">Action &amp; Contemplation in Teresa of Avila\u2019s Official Saintly Persona, 1622<\/a>. Jones, Pamela M. (Roma Tre-Press y Enredars, 2020)<\/p><p><a href=\"http:\/\/hdl.handle.net\/10433\/9933\">Santa Teresa, \u201cmaestra y doctora\u201d: relaciones entre cultura escrita y santidad en sus procesos de beatificaci\u00f3n y canonizaci\u00f3n (1591-1622)<\/a>. Lopes dos Santos, Luciana (Roma Tre-Press y Enredars, 2020)<\/p><p><a href=\"http:\/\/hdl.handle.net\/10433\/9934\">San Juan de la Cruz o la recreaci\u00f3n inocua de una imagen<\/a>. Moreno Mendoza, Arsenio (Roma Tre-Press y Enredars, 2020)<\/p><p><a href=\"http:\/\/hdl.handle.net\/10433\/9935\">Local roots of the universal representation of the triumph: the aesthetic invention of the sacred during the canonisation of the first Jesuit saints (1622)<\/a>. \u00a0Dekoninck, Ralph; Delfosse, Annick; De Marco, Rosa y Heering, Caroline (Roma Tre-Press y Enredars, 2020)<\/p><p><a href=\"http:\/\/hdl.handle.net\/10433\/9937\"><em>Vita Ignatii<\/em>: An\u00e1lise iconogr\u00e1fica das pinturas de Crist\u00f3bal Villalpando<\/a>. Tirapeli, Percival (Roma Tre-Press y Enredars, 2020)<\/p><p><a href=\"http:\/\/hdl.handle.net\/10433\/9938\">Mortificaci\u00f3n y martirio. La espiritualidad de los jesuitas en la imagen de santa Mariana de Jes\u00fas, Azucena de Quito<\/a>. de Tena Ram\u00edrez, Carmen (Roma Tre-Press y Enredars, 2020)<\/p><p><a href=\"http:\/\/hdl.handle.net\/10433\/9939\">\u201cRespondi\u00f3 Espa\u00f1a con festivos ecos\u201d: el culto a santa Rosa de Lima en los siglos XVII y XVIII<\/a>. Fern\u00e1ndez Valle, Mar\u00eda de los \u00c1ngeles (Roma Tre-Press y Enredars, 2020)<\/p><p><a href=\"http:\/\/hdl.handle.net\/10433\/9940\">Santidad y clero secular en la Espa\u00f1a de los siglos modernos. O la complicada subida a los altares del \u201ch\u00e1bito de San Pedro\u201d<\/a>. Labarga, Ferm\u00edn (Roma Tre-Press y Enredars, 2020)<\/p><p><a href=\"http:\/\/hdl.handle.net\/10433\/9941\">Santidades femeninas olvidadas del barroco<\/a>. Alabr\u00fas Iglesias, Rosa Mar\u00eda (Roma Tre-Press y Enredars, 2020)<\/p><p><a href=\"http:\/\/hdl.handle.net\/10433\/9942\">Autoridad, santidad femenina y vida cotidiana en la Edad Moderna espa\u00f1ola<\/a>. Morte Ac\u00edn, Ana (Roma Tre-Press y Enredars, 2020)<\/p><p><a href=\"http:\/\/hdl.handle.net\/10433\/9943\">El proceso de beatificaci\u00f3n de la religiosa valenciana In\u00e9s de Benig\u00e0nim<\/a>. Guinot Ferri, Laura (Roma Tre-Press y Enredars, 2020)<\/p><p><a href=\"http:\/\/hdl.handle.net\/10433\/9944\">La canonizaci\u00f3n de San Isidro Labrador, un proceso singular<\/a>. Cotillo Torrej\u00f3n, Esteban \u00c1ngel (Roma Tre-Press y Enredars, 2020)<\/p><p><a href=\"http:\/\/hdl.handle.net\/10433\/9945\">M\u00fasica, conventos y festividades de beatificaci\u00f3n en el mundo hisp\u00e1nico en torno a 1600<\/a>. Mazuela-Anguita, Ascensi\u00f3n (Roma Tre-Press y Enredars, 2020)<\/p><p><a href=\"http:\/\/hdl.handle.net\/10433\/9946\">M\u00fasica para santificar: el papel de la m\u00fasica en la exaltaci\u00f3n de los nuevos santos del siglo XVII<\/a>. Bejarano Pellicer, Clara (Roma Tre-Press y Enredars, 2020)<\/p><p><a href=\"http:\/\/hdl.handle.net\/10433\/9947\">L\u2019architettura della santit\u00e0. La canonizzazione di Teresa d\u2019Avila e la divulgazione universale di tipologie contemplative e cultura t\u00e9cnica<\/a>. Sturm, Saverio (Roma Tre-Press y Enredars, 2020)<\/p><p><a href=\"http:\/\/hdl.handle.net\/10433\/9948\">Tras el Rey Santo. Fiestas p\u00fablicas y canonizaciones en la Sevilla Barroca (1672-1750)<\/a>. Ollero Lobato, Francisco (Roma Tre-Press y Enredars, 2020)<\/p><p><a href=\"http:\/\/hdl.handle.net\/10433\/9949\">De un d\u00eda para otro. Un itinerario entre dos fechas, marzo de 1622 y abril de 1671<\/a>. Quiles, Fernando (Roma Tre-Press y Enredars, 2020)<\/p><p><a href=\"http:\/\/hdl.handle.net\/10433\/9950\">Santos y venerables en Sevilla en el universo de Bernardo de Toro (1570-1643)<\/a>. Campese Gallego, Fernando J. (Roma Tre-Press y Enredars, 2020)<\/p><p><a href=\"http:\/\/hdl.handle.net\/10433\/9952\">Santidad menor y ciudad barroca: la <em>Vida<\/em> de fray Pablo de Santa Mar\u00eda<\/a>. Garc\u00eda Bernal, Jos\u00e9 Jaime (Roma Tre-Press y Enredars, 2020)<\/p><p>Quiles Garc\u00eda, Fernando; Garc\u00eda Bernal, Jos\u00e9 Jaime; Broggio, Paolo; Fagiolo Dell\u2019Arco, Marcello (eds.). <a href=\"http:\/\/hdl.handle.net\/10433\/10028\"><em>A la luz de Roma. Santos y Santidad en el Barroco Iberoamericano II. Espa\u00f1a, espejo de santos<\/em><\/a>. Vol. XV. Roma, Roma Tre-Press; Sevilla, Enredars\/Universidad Pablo de Olavide, 2020. ISBN: 978-84-09-23851-4.<\/p><\/div>\n\t\t\t\t<\/div>\n\t\t\t\t<\/div>\n\t\t\t\t\t\t<\/div>\n\t\t\t<\/div>\n\t\t<\/div>\n\t\t\t\t\t\t<\/div>\n\t\t\t<\/div>\n\t\t<\/section>\n\t\t\t\t\t\t<\/div>\n\t\t\t<\/div>\n\t\t<\/div>\n\t\t","protected":false},"excerpt":{"rendered":"<p>Detalles del libro Editores: Fernando Quiles Garc\u00eda, Jos\u00e9 Jaime Garc\u00eda Bernal, Paolo Broggio y\u00a0Marcello Fagiolo Dell\u2019Arco Editoriales: Roma Tre-Press y[&#8230;]<\/p>\n","protected":false},"author":1,"featured_media":0,"parent":0,"menu_order":0,"comment_status":"closed","ping_status":"closed","template":"template-fullwidth.php","meta":{"footnotes":""},"_links":{"self":[{"href":"https:\/\/www.upo.es\/investiga\/enredars\/index.php?rest_route=\/wp\/v2\/pages\/1967"}],"collection":[{"href":"https:\/\/www.upo.es\/investiga\/enredars\/index.php?rest_route=\/wp\/v2\/pages"}],"about":[{"href":"https:\/\/www.upo.es\/investiga\/enredars\/index.php?rest_route=\/wp\/v2\/types\/page"}],"author":[{"embeddable":true,"href":"https:\/\/www.upo.es\/investiga\/enredars\/index.php?rest_route=\/wp\/v2\/users\/1"}],"replies":[{"embeddable":true,"href":"https:\/\/www.upo.es\/investiga\/enredars\/index.php?rest_route=%2Fwp%2Fv2%2Fcomments&post=1967"}],"version-history":[{"count":8,"href":"https:\/\/www.upo.es\/investiga\/enredars\/index.php?rest_route=\/wp\/v2\/pages\/1967\/revisions"}],"predecessor-version":[{"id":2649,"href":"https:\/\/www.upo.es\/investiga\/enredars\/index.php?rest_route=\/wp\/v2\/pages\/1967\/revisions\/2649"}],"wp:attachment":[{"href":"https:\/\/www.upo.es\/investiga\/enredars\/index.php?rest_route=%2Fwp%2Fv2%2Fmedia&parent=1967"}],"curies":[{"name":"wp","href":"https:\/\/api.w.org\/{rel}","templated":true}]}}