{"id":2001,"date":"2021-05-27T14:35:17","date_gmt":"2021-05-27T13:35:17","guid":{"rendered":"https:\/\/www.upo.es\/investiga\/enredars\/?page_id=2001"},"modified":"2023-12-30T14:26:44","modified_gmt":"2023-12-30T13:26:44","slug":"faisal-husseini-un-relato-de-la-historia-palestina","status":"publish","type":"page","link":"https:\/\/www.upo.es\/investiga\/enredars\/?page_id=2001","title":{"rendered":"Faisal Husseini, un relato de la historia palestina"},"content":{"rendered":"\t\t<div data-elementor-type=\"wp-page\" data-elementor-id=\"2001\" class=\"elementor elementor-2001\" data-elementor-settings=\"[]\">\n\t\t\t<div class=\"elementor-inner\">\n\t\t\t\t<div class=\"elementor-section-wrap\">\n\t\t\t\t\t\t\t<section class=\"elementor-element elementor-element-8a12d51 elementor-section-boxed elementor-section-height-default elementor-section-height-default elementor-section elementor-top-section\" data-id=\"8a12d51\" data-element_type=\"section\">\n\t\t\t\t\t\t<div class=\"elementor-container elementor-column-gap-default\">\n\t\t\t\t<div class=\"elementor-row\">\n\t\t\t\t<div class=\"elementor-element elementor-element-fd97868 elementor-column elementor-col-100 elementor-top-column\" data-id=\"fd97868\" data-element_type=\"column\">\n\t\t\t<div class=\"elementor-column-wrap  elementor-element-populated\">\n\t\t\t\t\t<div class=\"elementor-widget-wrap\">\n\t\t\t\t<div class=\"elementor-element elementor-element-b3bc158 elementor-widget elementor-widget-spacer\" data-id=\"b3bc158\" data-element_type=\"widget\" data-widget_type=\"spacer.default\">\n\t\t\t\t<div class=\"elementor-widget-container\">\n\t\t\t\t\t<div class=\"elementor-spacer\">\n\t\t\t<div class=\"elementor-spacer-inner\"><\/div>\n\t\t<\/div>\n\t\t\t\t<\/div>\n\t\t\t\t<\/div>\n\t\t\t\t\t\t<\/div>\n\t\t\t<\/div>\n\t\t<\/div>\n\t\t\t\t\t\t<\/div>\n\t\t\t<\/div>\n\t\t<\/section>\n\t\t\t\t<section class=\"elementor-element elementor-element-6719ba5 elementor-section-boxed elementor-section-height-default elementor-section-height-default elementor-section elementor-top-section\" data-id=\"6719ba5\" data-element_type=\"section\">\n\t\t\t\t\t\t<div class=\"elementor-container elementor-column-gap-default\">\n\t\t\t\t<div class=\"elementor-row\">\n\t\t\t\t<div class=\"elementor-element elementor-element-596ea51 elementor-column elementor-col-50 elementor-top-column\" data-id=\"596ea51\" data-element_type=\"column\">\n\t\t\t<div class=\"elementor-column-wrap  elementor-element-populated\">\n\t\t\t\t\t<div class=\"elementor-widget-wrap\">\n\t\t\t\t<div class=\"elementor-element elementor-element-a60936a elementor-widget elementor-widget-image\" data-id=\"a60936a\" data-element_type=\"widget\" data-widget_type=\"image.default\">\n\t\t\t\t<div class=\"elementor-widget-container\">\n\t\t\t\t\t<div class=\"elementor-image\">\n\t\t\t\t\t\t\t\t\t\t\t<a href=\"https:\/\/rio.upo.es\/xmlui\/handle\/10433\/10364\">\n\t\t\t\t\t\t\t<img loading=\"lazy\" decoding=\"async\" width=\"213\" height=\"300\" src=\"https:\/\/www.upo.es\/investiga\/enredars\/wp-content\/uploads\/2021\/05\/FAISAL_portada-213x300.jpg\" class=\"elementor-animation-bounce-in attachment-medium size-medium\" alt=\"\" srcset=\"https:\/\/www.upo.es\/investiga\/enredars\/wp-content\/uploads\/2021\/05\/FAISAL_portada-213x300.jpg 213w, https:\/\/www.upo.es\/investiga\/enredars\/wp-content\/uploads\/2021\/05\/FAISAL_portada-725x1024.jpg 725w, https:\/\/www.upo.es\/investiga\/enredars\/wp-content\/uploads\/2021\/05\/FAISAL_portada-768x1084.jpg 768w, https:\/\/www.upo.es\/investiga\/enredars\/wp-content\/uploads\/2021\/05\/FAISAL_portada-1088x1536.jpg 1088w, https:\/\/www.upo.es\/investiga\/enredars\/wp-content\/uploads\/2021\/05\/FAISAL_portada.jpg 1339w\" sizes=\"(max-width: 213px) 100vw, 213px\" \/>\t\t\t\t\t\t\t\t<\/a>\n\t\t\t\t\t\t\t\t\t\t\t<\/div>\n\t\t\t\t<\/div>\n\t\t\t\t<\/div>\n\t\t\t\t\t\t<\/div>\n\t\t\t<\/div>\n\t\t<\/div>\n\t\t\t\t<div class=\"elementor-element elementor-element-a829232 elementor-column elementor-col-50 elementor-top-column\" data-id=\"a829232\" data-element_type=\"column\">\n\t\t\t<div class=\"elementor-column-wrap  elementor-element-populated\">\n\t\t\t\t\t<div class=\"elementor-widget-wrap\">\n\t\t\t\t<div class=\"elementor-element elementor-element-81339cc elementor-widget elementor-widget-text-editor\" data-id=\"81339cc\" data-element_type=\"widget\" data-widget_type=\"text-editor.default\">\n\t\t\t\t<div class=\"elementor-widget-container\">\n\t\t\t\t\t<div class=\"elementor-text-editor elementor-clearfix\"><p>Detalles del libro<\/p><ul><li>Autora: Inmaculada Santos de la Rosa<\/li><li>Editorial: Enredars Publicaciones<\/li><li><span style=\"font-size: 1.0625rem;\">ISBN: 978-84-09-30981-8<\/span><\/li><li>A\u00f1o de publicaci\u00f3n: 2021<\/li><li>N\u00famero de p\u00e1ginas: 96<br \/><h3 style=\"text-align: center;\"><a href=\"http:\/\/hdl.handle.net\/10433\/10364\"><strong>Acceder ahora al libro<\/strong><\/a><\/h3><\/li><\/ul><\/div>\n\t\t\t\t<\/div>\n\t\t\t\t<\/div>\n\t\t\t\t\t\t<\/div>\n\t\t\t<\/div>\n\t\t<\/div>\n\t\t\t\t\t\t<\/div>\n\t\t\t<\/div>\n\t\t<\/section>\n\t\t\t\t<section class=\"elementor-element elementor-element-352a525 elementor-section-boxed elementor-section-height-default elementor-section-height-default elementor-section elementor-top-section\" data-id=\"352a525\" data-element_type=\"section\">\n\t\t\t\t\t\t<div class=\"elementor-container elementor-column-gap-default\">\n\t\t\t\t<div class=\"elementor-row\">\n\t\t\t\t<div class=\"elementor-element elementor-element-cb488af elementor-column elementor-col-100 elementor-top-column\" data-id=\"cb488af\" data-element_type=\"column\">\n\t\t\t<div class=\"elementor-column-wrap  elementor-element-populated\">\n\t\t\t\t\t<div class=\"elementor-widget-wrap\">\n\t\t\t\t<div class=\"elementor-element elementor-element-b824f88 elementor-widget elementor-widget-spacer\" data-id=\"b824f88\" data-element_type=\"widget\" data-widget_type=\"spacer.default\">\n\t\t\t\t<div class=\"elementor-widget-container\">\n\t\t\t\t\t<div class=\"elementor-spacer\">\n\t\t\t<div class=\"elementor-spacer-inner\"><\/div>\n\t\t<\/div>\n\t\t\t\t<\/div>\n\t\t\t\t<\/div>\n\t\t\t\t\t\t<\/div>\n\t\t\t<\/div>\n\t\t<\/div>\n\t\t\t\t\t\t<\/div>\n\t\t\t<\/div>\n\t\t<\/section>\n\t\t\t\t<section class=\"elementor-element elementor-element-ea7a2f3 elementor-section-boxed elementor-section-height-default elementor-section-height-default elementor-section elementor-top-section\" data-id=\"ea7a2f3\" data-element_type=\"section\">\n\t\t\t\t\t\t<div class=\"elementor-container elementor-column-gap-default\">\n\t\t\t\t<div class=\"elementor-row\">\n\t\t\t\t<div class=\"elementor-element elementor-element-606d2a6 elementor-column elementor-col-100 elementor-top-column\" data-id=\"606d2a6\" data-element_type=\"column\">\n\t\t\t<div class=\"elementor-column-wrap  elementor-element-populated\">\n\t\t\t\t\t<div class=\"elementor-widget-wrap\">\n\t\t\t\t<div class=\"elementor-element elementor-element-bb2c446 elementor-widget elementor-widget-text-editor\" data-id=\"bb2c446\" data-element_type=\"widget\" data-widget_type=\"text-editor.default\">\n\t\t\t\t<div class=\"elementor-widget-container\">\n\t\t\t\t\t<div class=\"elementor-text-editor elementor-clearfix\"><p>Santos de la Rosa, Inmaculada. <em><a href=\"http:\/\/hdl.handle.net\/10433\/10364\">Faisal Husseini, un relato de la historia palestina<\/a><\/em>. Sevilla, Enredars, Universidad Pablo de Olavide, 2021. ISBN: 978-84-09-30981-8.<\/p><\/div>\n\t\t\t\t<\/div>\n\t\t\t\t<\/div>\n\t\t\t\t\t\t<\/div>\n\t\t\t<\/div>\n\t\t<\/div>\n\t\t\t\t\t\t<\/div>\n\t\t\t<\/div>\n\t\t<\/section>\n\t\t\t\t\t\t<\/div>\n\t\t\t<\/div>\n\t\t<\/div>\n\t\t","protected":false},"excerpt":{"rendered":"<p>Detalles del libro Autora: Inmaculada Santos de la Rosa Editorial: Enredars Publicaciones ISBN: 978-84-09-30981-8 A\u00f1o de publicaci\u00f3n: 2021 N\u00famero de[&#8230;]<\/p>\n","protected":false},"author":1,"featured_media":0,"parent":0,"menu_order":0,"comment_status":"closed","ping_status":"closed","template":"template-fullwidth.php","meta":{"footnotes":""},"_links":{"self":[{"href":"https:\/\/www.upo.es\/investiga\/enredars\/index.php?rest_route=\/wp\/v2\/pages\/2001"}],"collection":[{"href":"https:\/\/www.upo.es\/investiga\/enredars\/index.php?rest_route=\/wp\/v2\/pages"}],"about":[{"href":"https:\/\/www.upo.es\/investiga\/enredars\/index.php?rest_route=\/wp\/v2\/types\/page"}],"author":[{"embeddable":true,"href":"https:\/\/www.upo.es\/investiga\/enredars\/index.php?rest_route=\/wp\/v2\/users\/1"}],"replies":[{"embeddable":true,"href":"https:\/\/www.upo.es\/investiga\/enredars\/index.php?rest_route=%2Fwp%2Fv2%2Fcomments&post=2001"}],"version-history":[{"count":7,"href":"https:\/\/www.upo.es\/investiga\/enredars\/index.php?rest_route=\/wp\/v2\/pages\/2001\/revisions"}],"predecessor-version":[{"id":2695,"href":"https:\/\/www.upo.es\/investiga\/enredars\/index.php?rest_route=\/wp\/v2\/pages\/2001\/revisions\/2695"}],"wp:attachment":[{"href":"https:\/\/www.upo.es\/investiga\/enredars\/index.php?rest_route=%2Fwp%2Fv2%2Fmedia&parent=2001"}],"curies":[{"name":"wp","href":"https:\/\/api.w.org\/{rel}","templated":true}]}}