{"id":2035,"date":"2021-06-14T12:29:58","date_gmt":"2021-06-14T11:29:58","guid":{"rendered":"https:\/\/www.upo.es\/investiga\/enredars\/?page_id=2035"},"modified":"2023-12-30T14:27:58","modified_gmt":"2023-12-30T13:27:58","slug":"la-huella-literaria-en-la-ensenanza-de-espanol-en-los-estados-unidos","status":"publish","type":"page","link":"https:\/\/www.upo.es\/investiga\/enredars\/?page_id=2035","title":{"rendered":"La huella literaria en la ense\u00f1anza de espa\u00f1ol en los Estados Unidos"},"content":{"rendered":"\t\t<div data-elementor-type=\"wp-page\" data-elementor-id=\"2035\" class=\"elementor elementor-2035\" data-elementor-settings=\"[]\">\n\t\t\t<div class=\"elementor-inner\">\n\t\t\t\t<div class=\"elementor-section-wrap\">\n\t\t\t\t\t\t\t<section class=\"elementor-element elementor-element-ab1c5e7 elementor-section-boxed elementor-section-height-default elementor-section-height-default elementor-section elementor-top-section\" data-id=\"ab1c5e7\" data-element_type=\"section\">\n\t\t\t\t\t\t<div class=\"elementor-container elementor-column-gap-default\">\n\t\t\t\t<div class=\"elementor-row\">\n\t\t\t\t<div class=\"elementor-element elementor-element-d39335e elementor-column elementor-col-50 elementor-top-column\" data-id=\"d39335e\" data-element_type=\"column\">\n\t\t\t<div class=\"elementor-column-wrap  elementor-element-populated\">\n\t\t\t\t\t<div class=\"elementor-widget-wrap\">\n\t\t\t\t<div class=\"elementor-element elementor-element-146ab54 elementor-widget elementor-widget-image\" data-id=\"146ab54\" data-element_type=\"widget\" data-widget_type=\"image.default\">\n\t\t\t\t<div class=\"elementor-widget-container\">\n\t\t\t\t\t<div class=\"elementor-image\">\n\t\t\t\t\t\t\t\t\t\t\t<a href=\"https:\/\/rio.upo.es\/xmlui\/handle\/10433\/10514\">\n\t\t\t\t\t\t\t<img loading=\"lazy\" decoding=\"async\" width=\"213\" height=\"300\" src=\"https:\/\/www.upo.es\/investiga\/enredars\/wp-content\/uploads\/2021\/06\/Portada_Huella_literaria_ense\u00f1anza_espa\u00f1ol_Estados_Unidos-213x300.jpg\" class=\"elementor-animation-bounce-in attachment-medium size-medium\" alt=\"\" srcset=\"https:\/\/www.upo.es\/investiga\/enredars\/wp-content\/uploads\/2021\/06\/Portada_Huella_literaria_ense\u00f1anza_espa\u00f1ol_Estados_Unidos-213x300.jpg 213w, https:\/\/www.upo.es\/investiga\/enredars\/wp-content\/uploads\/2021\/06\/Portada_Huella_literaria_ense\u00f1anza_espa\u00f1ol_Estados_Unidos-726x1024.jpg 726w, https:\/\/www.upo.es\/investiga\/enredars\/wp-content\/uploads\/2021\/06\/Portada_Huella_literaria_ense\u00f1anza_espa\u00f1ol_Estados_Unidos-768x1084.jpg 768w, https:\/\/www.upo.es\/investiga\/enredars\/wp-content\/uploads\/2021\/06\/Portada_Huella_literaria_ense\u00f1anza_espa\u00f1ol_Estados_Unidos.jpg 844w\" sizes=\"(max-width: 213px) 100vw, 213px\" \/>\t\t\t\t\t\t\t\t<\/a>\n\t\t\t\t\t\t\t\t\t\t\t<\/div>\n\t\t\t\t<\/div>\n\t\t\t\t<\/div>\n\t\t\t\t\t\t<\/div>\n\t\t\t<\/div>\n\t\t<\/div>\n\t\t\t\t<div class=\"elementor-element elementor-element-6457c63 elementor-column elementor-col-50 elementor-top-column\" data-id=\"6457c63\" data-element_type=\"column\">\n\t\t\t<div class=\"elementor-column-wrap  elementor-element-populated\">\n\t\t\t\t\t<div class=\"elementor-widget-wrap\">\n\t\t\t\t<div class=\"elementor-element elementor-element-eb415c9 elementor-widget elementor-widget-text-editor\" data-id=\"eb415c9\" data-element_type=\"widget\" data-widget_type=\"text-editor.default\">\n\t\t\t\t<div class=\"elementor-widget-container\">\n\t\t\t\t\t<div class=\"elementor-text-editor elementor-clearfix\"><p>Detalles del libro<\/p><ul><li>Autora: Iv\u00e1n A. Sanch\u00eds Pedregosa<\/li><li>Editorial: Enredars Publicaciones<\/li><li><span style=\"font-size: 1.0625rem;\">ISBN: 978-84-09-31429-4<\/span><\/li><li>A\u00f1o de publicaci\u00f3n: 2021<\/li><li>N\u00famero de p\u00e1ginas: 307<br \/><h3 style=\"text-align: center;\"><a href=\"http:\/\/hdl.handle.net\/10433\/10514\"><strong>Acceder ahora al libro<\/strong><\/a><\/h3><\/li><\/ul><\/div>\n\t\t\t\t<\/div>\n\t\t\t\t<\/div>\n\t\t\t\t\t\t<\/div>\n\t\t\t<\/div>\n\t\t<\/div>\n\t\t\t\t\t\t<\/div>\n\t\t\t<\/div>\n\t\t<\/section>\n\t\t\t\t<section class=\"elementor-element elementor-element-84d61f9 elementor-section-boxed elementor-section-height-default elementor-section-height-default elementor-section elementor-top-section\" data-id=\"84d61f9\" data-element_type=\"section\">\n\t\t\t\t\t\t<div class=\"elementor-container elementor-column-gap-default\">\n\t\t\t\t<div class=\"elementor-row\">\n\t\t\t\t<div class=\"elementor-element elementor-element-52176c7 elementor-column elementor-col-100 elementor-top-column\" data-id=\"52176c7\" data-element_type=\"column\">\n\t\t\t<div class=\"elementor-column-wrap  elementor-element-populated\">\n\t\t\t\t\t<div class=\"elementor-widget-wrap\">\n\t\t\t\t<div class=\"elementor-element elementor-element-028ab9a elementor-widget elementor-widget-spacer\" data-id=\"028ab9a\" data-element_type=\"widget\" data-widget_type=\"spacer.default\">\n\t\t\t\t<div class=\"elementor-widget-container\">\n\t\t\t\t\t<div class=\"elementor-spacer\">\n\t\t\t<div class=\"elementor-spacer-inner\"><\/div>\n\t\t<\/div>\n\t\t\t\t<\/div>\n\t\t\t\t<\/div>\n\t\t\t\t\t\t<\/div>\n\t\t\t<\/div>\n\t\t<\/div>\n\t\t\t\t\t\t<\/div>\n\t\t\t<\/div>\n\t\t<\/section>\n\t\t\t\t<section class=\"elementor-element elementor-element-6c31f47 elementor-section-boxed elementor-section-height-default elementor-section-height-default elementor-section elementor-top-section\" data-id=\"6c31f47\" data-element_type=\"section\">\n\t\t\t\t\t\t<div class=\"elementor-container elementor-column-gap-default\">\n\t\t\t\t<div class=\"elementor-row\">\n\t\t\t\t<div class=\"elementor-element elementor-element-e573891 elementor-column elementor-col-100 elementor-top-column\" data-id=\"e573891\" data-element_type=\"column\">\n\t\t\t<div class=\"elementor-column-wrap  elementor-element-populated\">\n\t\t\t\t\t<div class=\"elementor-widget-wrap\">\n\t\t\t\t<div class=\"elementor-element elementor-element-007c0f1 elementor-widget elementor-widget-text-editor\" data-id=\"007c0f1\" data-element_type=\"widget\" data-widget_type=\"text-editor.default\">\n\t\t\t\t<div class=\"elementor-widget-container\">\n\t\t\t\t\t<div class=\"elementor-text-editor elementor-clearfix\"><p>Sanch\u00eds Pedregosa, Iv\u00e1n A. <a href=\"http:\/\/hdl.handle.net\/10433\/10514\"><em>La huella literaria en la ense\u00f1anza de espa\u00f1ol en los Estados Unidos<\/em><\/a>. Vol. III. Sevilla, Enredars, Universidad Pablo de Olavide, 2021. ISBN: 978-84-09-31429-4.<\/p><\/div>\n\t\t\t\t<\/div>\n\t\t\t\t<\/div>\n\t\t\t\t\t\t<\/div>\n\t\t\t<\/div>\n\t\t<\/div>\n\t\t\t\t\t\t<\/div>\n\t\t\t<\/div>\n\t\t<\/section>\n\t\t\t\t\t\t<\/div>\n\t\t\t<\/div>\n\t\t<\/div>\n\t\t","protected":false},"excerpt":{"rendered":"<p>Detalles del libro Autora: Iv\u00e1n A. Sanch\u00eds Pedregosa Editorial: Enredars Publicaciones ISBN: 978-84-09-31429-4 A\u00f1o de publicaci\u00f3n: 2021 N\u00famero de p\u00e1ginas:[&#8230;]<\/p>\n","protected":false},"author":1,"featured_media":0,"parent":0,"menu_order":0,"comment_status":"closed","ping_status":"closed","template":"template-fullwidth.php","meta":{"footnotes":""},"_links":{"self":[{"href":"https:\/\/www.upo.es\/investiga\/enredars\/index.php?rest_route=\/wp\/v2\/pages\/2035"}],"collection":[{"href":"https:\/\/www.upo.es\/investiga\/enredars\/index.php?rest_route=\/wp\/v2\/pages"}],"about":[{"href":"https:\/\/www.upo.es\/investiga\/enredars\/index.php?rest_route=\/wp\/v2\/types\/page"}],"author":[{"embeddable":true,"href":"https:\/\/www.upo.es\/investiga\/enredars\/index.php?rest_route=\/wp\/v2\/users\/1"}],"replies":[{"embeddable":true,"href":"https:\/\/www.upo.es\/investiga\/enredars\/index.php?rest_route=%2Fwp%2Fv2%2Fcomments&post=2035"}],"version-history":[{"count":5,"href":"https:\/\/www.upo.es\/investiga\/enredars\/index.php?rest_route=\/wp\/v2\/pages\/2035\/revisions"}],"predecessor-version":[{"id":2697,"href":"https:\/\/www.upo.es\/investiga\/enredars\/index.php?rest_route=\/wp\/v2\/pages\/2035\/revisions\/2697"}],"wp:attachment":[{"href":"https:\/\/www.upo.es\/investiga\/enredars\/index.php?rest_route=%2Fwp%2Fv2%2Fmedia&parent=2035"}],"curies":[{"name":"wp","href":"https:\/\/api.w.org\/{rel}","templated":true}]}}