{"id":2066,"date":"2021-07-06T17:49:49","date_gmt":"2021-07-06T16:49:49","guid":{"rendered":"https:\/\/www.upo.es\/investiga\/enredars\/?page_id=2066"},"modified":"2023-12-30T12:28:09","modified_gmt":"2023-12-30T11:28:09","slug":"esencias-y-pervivencias-barrocas-colombia-en-el-nuevo-reino-de-granada","status":"publish","type":"page","link":"https:\/\/www.upo.es\/investiga\/enredars\/?page_id=2066","title":{"rendered":"Esencias y pervivencias barrocas. Colombia en el Nuevo Reino de Granada \ufeff"},"content":{"rendered":"\t\t<div data-elementor-type=\"wp-page\" data-elementor-id=\"2066\" class=\"elementor elementor-2066\" data-elementor-settings=\"[]\">\n\t\t\t<div class=\"elementor-inner\">\n\t\t\t\t<div class=\"elementor-section-wrap\">\n\t\t\t\t\t\t\t<section class=\"elementor-element elementor-element-39cd96b elementor-section-boxed elementor-section-height-default elementor-section-height-default elementor-section elementor-top-section\" data-id=\"39cd96b\" data-element_type=\"section\">\n\t\t\t\t\t\t<div class=\"elementor-container elementor-column-gap-default\">\n\t\t\t\t<div class=\"elementor-row\">\n\t\t\t\t<div class=\"elementor-element elementor-element-50194b2 elementor-column elementor-col-100 elementor-top-column\" data-id=\"50194b2\" data-element_type=\"column\">\n\t\t\t<div class=\"elementor-column-wrap  elementor-element-populated\">\n\t\t\t\t\t<div class=\"elementor-widget-wrap\">\n\t\t\t\t<div class=\"elementor-element elementor-element-0e6064c elementor-widget elementor-widget-spacer\" data-id=\"0e6064c\" data-element_type=\"widget\" data-widget_type=\"spacer.default\">\n\t\t\t\t<div class=\"elementor-widget-container\">\n\t\t\t\t\t<div class=\"elementor-spacer\">\n\t\t\t<div class=\"elementor-spacer-inner\"><\/div>\n\t\t<\/div>\n\t\t\t\t<\/div>\n\t\t\t\t<\/div>\n\t\t\t\t\t\t<\/div>\n\t\t\t<\/div>\n\t\t<\/div>\n\t\t\t\t\t\t<\/div>\n\t\t\t<\/div>\n\t\t<\/section>\n\t\t\t\t<section class=\"elementor-element elementor-element-334974d elementor-section-boxed elementor-section-height-default elementor-section-height-default elementor-section elementor-top-section\" data-id=\"334974d\" data-element_type=\"section\">\n\t\t\t\t\t\t<div class=\"elementor-container elementor-column-gap-default\">\n\t\t\t\t<div class=\"elementor-row\">\n\t\t\t\t<div class=\"elementor-element elementor-element-496c3ae elementor-column elementor-col-50 elementor-top-column\" data-id=\"496c3ae\" data-element_type=\"column\">\n\t\t\t<div class=\"elementor-column-wrap  elementor-element-populated\">\n\t\t\t\t\t<div class=\"elementor-widget-wrap\">\n\t\t\t\t<div class=\"elementor-element elementor-element-eb49e73 elementor-widget elementor-widget-image\" data-id=\"eb49e73\" data-element_type=\"widget\" data-widget_type=\"image.default\">\n\t\t\t\t<div class=\"elementor-widget-container\">\n\t\t\t\t\t<div class=\"elementor-image\">\n\t\t\t\t\t\t\t\t\t\t\t<a href=\"https:\/\/rio.upo.es\/xmlui\/handle\/10433\/11201\">\n\t\t\t\t\t\t\t<img loading=\"lazy\" decoding=\"async\" width=\"212\" height=\"300\" src=\"https:\/\/www.upo.es\/investiga\/enredars\/wp-content\/uploads\/2021\/07\/Esencias-y-pervivencias_Portada-212x300.jpg\" class=\"elementor-animation-bounce-in attachment-medium size-medium\" alt=\"\" srcset=\"https:\/\/www.upo.es\/investiga\/enredars\/wp-content\/uploads\/2021\/07\/Esencias-y-pervivencias_Portada-212x300.jpg 212w, https:\/\/www.upo.es\/investiga\/enredars\/wp-content\/uploads\/2021\/07\/Esencias-y-pervivencias_Portada-725x1024.jpg 725w, https:\/\/www.upo.es\/investiga\/enredars\/wp-content\/uploads\/2021\/07\/Esencias-y-pervivencias_Portada-768x1085.jpg 768w, https:\/\/www.upo.es\/investiga\/enredars\/wp-content\/uploads\/2021\/07\/Esencias-y-pervivencias_Portada.jpg 1004w\" sizes=\"(max-width: 212px) 100vw, 212px\" \/>\t\t\t\t\t\t\t\t<\/a>\n\t\t\t\t\t\t\t\t\t\t\t<\/div>\n\t\t\t\t<\/div>\n\t\t\t\t<\/div>\n\t\t\t\t\t\t<\/div>\n\t\t\t<\/div>\n\t\t<\/div>\n\t\t\t\t<div class=\"elementor-element elementor-element-3c42f88 elementor-column elementor-col-50 elementor-top-column\" data-id=\"3c42f88\" data-element_type=\"column\">\n\t\t\t<div class=\"elementor-column-wrap  elementor-element-populated\">\n\t\t\t\t\t<div class=\"elementor-widget-wrap\">\n\t\t\t\t<div class=\"elementor-element elementor-element-00b0747 elementor-widget elementor-widget-text-editor\" data-id=\"00b0747\" data-element_type=\"widget\" data-widget_type=\"text-editor.default\">\n\t\t\t\t<div class=\"elementor-widget-container\">\n\t\t\t\t\t<div class=\"elementor-text-editor elementor-clearfix\"><p>Detalles del libro<\/p><ul><li>Editores: Adri\u00e1n Contreras-Guerrero y Jaime Humberto Borja<\/li><li>Editorial: Enredars Publicaciones<\/li><li>17.\u00ba volumen de la colecci\u00f3n Universo Barroco Iberoamericano<\/li><li>ISBN: 978-84-09-32246-6<\/li><li>A\u00f1o de publicaci\u00f3n: 2021<\/li><li>N\u00famero de p\u00e1ginas: 624<br \/><h3 style=\"text-align: center;\"><a href=\"http:\/\/hdl.handle.net\/10433\/11201\"><strong>Acceder ahora al libro<\/strong><\/a><\/h3><h3 style=\"text-align: center;\">\u00a0<\/h3><\/li><\/ul><\/div>\n\t\t\t\t<\/div>\n\t\t\t\t<\/div>\n\t\t\t\t\t\t<\/div>\n\t\t\t<\/div>\n\t\t<\/div>\n\t\t\t\t\t\t<\/div>\n\t\t\t<\/div>\n\t\t<\/section>\n\t\t\t\t<section class=\"elementor-element elementor-element-0edc91d elementor-section-boxed elementor-section-height-default elementor-section-height-default elementor-section elementor-top-section\" data-id=\"0edc91d\" data-element_type=\"section\">\n\t\t\t\t\t\t<div class=\"elementor-container elementor-column-gap-default\">\n\t\t\t\t<div class=\"elementor-row\">\n\t\t\t\t<div class=\"elementor-element elementor-element-785844e elementor-column elementor-col-100 elementor-top-column\" data-id=\"785844e\" data-element_type=\"column\">\n\t\t\t<div class=\"elementor-column-wrap  elementor-element-populated\">\n\t\t\t\t\t<div class=\"elementor-widget-wrap\">\n\t\t\t\t<div class=\"elementor-element elementor-element-146614c elementor-widget elementor-widget-spacer\" data-id=\"146614c\" data-element_type=\"widget\" data-widget_type=\"spacer.default\">\n\t\t\t\t<div class=\"elementor-widget-container\">\n\t\t\t\t\t<div class=\"elementor-spacer\">\n\t\t\t<div class=\"elementor-spacer-inner\"><\/div>\n\t\t<\/div>\n\t\t\t\t<\/div>\n\t\t\t\t<\/div>\n\t\t\t\t\t\t<\/div>\n\t\t\t<\/div>\n\t\t<\/div>\n\t\t\t\t\t\t<\/div>\n\t\t\t<\/div>\n\t\t<\/section>\n\t\t\t\t<section class=\"elementor-element elementor-element-255cb49 elementor-section-boxed elementor-section-height-default elementor-section-height-default elementor-section elementor-top-section\" data-id=\"255cb49\" data-element_type=\"section\">\n\t\t\t\t\t\t<div class=\"elementor-container elementor-column-gap-default\">\n\t\t\t\t<div class=\"elementor-row\">\n\t\t\t\t<div class=\"elementor-element elementor-element-7e7ab69 elementor-column elementor-col-100 elementor-top-column\" data-id=\"7e7ab69\" data-element_type=\"column\">\n\t\t\t<div class=\"elementor-column-wrap  elementor-element-populated\">\n\t\t\t\t\t<div class=\"elementor-widget-wrap\">\n\t\t\t\t<div class=\"elementor-element elementor-element-9556859 elementor-widget elementor-widget-text-editor\" data-id=\"9556859\" data-element_type=\"widget\" data-widget_type=\"text-editor.default\">\n\t\t\t\t<div class=\"elementor-widget-container\">\n\t\t\t\t\t<div class=\"elementor-text-editor elementor-clearfix\"><p><a href=\"http:\/\/hdl.handle.net\/10433\/11206\">Corsarios iconoclastas en Cartagena de Indias, 1586<\/a>. Acosta Luna, Olga Isabel y Nakashima, Roxana (Enredars, 2021)<\/p><p><a href=\"http:\/\/hdl.handle.net\/10433\/11207\">La visi\u00f3n del enemigo. Cartagena de Indias a trav\u00e9s de la cartograf\u00eda europea (1739 -1743)<\/a>. G\u00e1mez Casado, Manuel (Enredars, 2021)<\/p><p><a href=\"http:\/\/hdl.handle.net\/10433\/11208\">\u00cddolos en da\u00f1o de las \u00e1nimas: Transiciones de la imagen en tiempos de doctrina en el Nuevo Reino de Granada<\/a>. Herrera Garc\u00eda, Francisco J. y Vargas Murcia, Laura Liliana (Enredars, 2021)<\/p><p><a href=\"http:\/\/hdl.handle.net\/10433\/11209\">Etnograf\u00eda y experiencia en las im\u00e1genes jesuitas del Orinoco en la segunda mitad del siglo XVIII<\/a>. Rojas Cocoma, Carlos (Enredars, 2021)<\/p><p><a href=\"http:\/\/hdl.handle.net\/10433\/11210\">Inventarios de Bienes y Alhajas. Altiplano Cundiboyacense. Siglos XVII y XVIII. De fuentes materiales a fuentes culturales<\/a>. Leal del C., Mar\u00eda del Rosario (Enredars, 2021)<\/p><p><a href=\"http:\/\/hdl.handle.net\/10433\/11211\">\u00bfS\u00f3lo enjabelgado? La pintura mural en las iglesias doctrineras de Cundinamarca y Boyac\u00e1 en la primera mitad del siglo XVII. Nuevos aportes documentales a su estudio<\/a>. Romero-S\u00e1nchez, Guadalupe (Enredars, 2021)<\/p><p><a href=\"http:\/\/hdl.handle.net\/10433\/11212\">Los temas de la pintura colonial neogranadina. Observaciones desde la miner\u00eda de datos<\/a>. Borja G\u00f3mez, Jaime Humberto (Enredars, 2021)<\/p><p><a href=\"http:\/\/hdl.handle.net\/10433\/11213\">Atisbos de una nobleza contenida. \u00bfPintura liberal en el Nuevo Reino de Granada?<\/a> V\u00e9lez Saldarriaga, Luis Bernardo (Enredars, 2021)<\/p><p><a href=\"http:\/\/hdl.handle.net\/10433\/11214\">L\u2019impronta italiana nell\u2019arte neogranadina<\/a>. Contreras-Guerrero, Adri\u00e1n y de Nicolo, Francesco (Enredars, 2021)<\/p><p><a href=\"http:\/\/hdl.handle.net\/10433\/11215\">\u201cEn la Sala Capitular como lo han de uso y costumbre\u201d. Reconstruyendo un espacio barroco en la Santaf\u00e9 del siglo XVIII<\/a>. Moreno Bogoya, Camilo Andr\u00e9s (Enredars, 2021)<\/p><p><a href=\"http:\/\/hdl.handle.net\/10433\/11216\">MI-RE-MI-SOL escondido. Poes\u00eda cantada en la Catedral de Bogot\u00e1<\/a>. Le\u00f3n, Sebasti\u00e1n (Enredars, 2021)<\/p><p><a href=\"http:\/\/hdl.handle.net\/10433\/11217\">El mundo de la mujer en el Nuevo Reino de Granada a trav\u00e9s del vestuario de su cuerpo y de su casa descrito en el ajuar de dote<\/a>. L\u00f3pez P\u00e9rez, Mar\u00eda del Pilar (Enredars, 2021)<\/p><p><a href=\"http:\/\/hdl.handle.net\/10433\/11218\">Las maravillas vistas en el virginal cuerpo de Sor Mar\u00eda Gertrudis Teresa de Santa In\u00e9s. La serie de retratos de un cuerpo santo<\/a>. Villalobos A., Mar\u00eda Constanza (Enredars, 2021)<\/p><p><a href=\"http:\/\/hdl.handle.net\/10433\/11219\">La exaltaci\u00f3n de la Eucarist\u00eda. Custodias neogranadinas del siglo XVIII<\/a>. Paniagua P\u00e9rez, Jes\u00fas (Enredars, 2021)<\/p><p><a href=\"http:\/\/hdl.handle.net\/10433\/11220\"><em>Amore regio<\/em> en \u201ccuerpo\u201d y \u201calma\u201d. Un caso de emblem\u00e1tica jesuita neogranadina del siglo XVIII<\/a>. Rey-M\u00e1rquez, Juan Ricardo (Enredars, 2021)<\/p><p><a href=\"http:\/\/hdl.handle.net\/10433\/11221\">\u00a1Santa m\u00eda, santa Marta! \u201ccon el ysopo y la cruz y el agua bendita, bendita tres veces los santiguastes y a vuestra \u00e7inta los atastes\u201d: devoci\u00f3n y hechicer\u00eda de amor en Colombia<\/a>. Franco L\u00f3pez, Lorena (Enredars, 2021)<\/p><p><a href=\"http:\/\/hdl.handle.net\/10433\/11222\">La f\u00e1brica de im\u00e1genes barroca, los claustros y los cuerpos femenino. Tres momentos: Sor Josefa del Castillo, Clemencia Echeverri y Mar\u00eda Teresa Hincapi\u00e9<\/a>. Giraldo Escobar, Sol Astrid (Enredars, 2021)<\/p><p><a href=\"http:\/\/hdl.handle.net\/10433\/11223\">Reflexiones en torno a la idea del No-Barroco en la Nueva Granada<\/a>. Su\u00e1rez, Carlos Felipe (Enredars, 2021)<\/p><p>Contreras-Guerrero, Adri\u00e1n; Borja G\u00f3mez, Jaime Humbero (eds.). <em><a href=\"http:\/\/hdl.handle.net\/10433\/11201\">Esencias y pervivencias barrocas. Colombia en el Nuevo Reino de Granada<\/a><\/em>. Vol. XVII, Sevilla, Enredars, Universidad Pablo de Olavide, 2021. ISBN: 978-84-09-32246-6.<\/p><\/div>\n\t\t\t\t<\/div>\n\t\t\t\t<\/div>\n\t\t\t\t\t\t<\/div>\n\t\t\t<\/div>\n\t\t<\/div>\n\t\t\t\t\t\t<\/div>\n\t\t\t<\/div>\n\t\t<\/section>\n\t\t\t\t\t\t<\/div>\n\t\t\t<\/div>\n\t\t<\/div>\n\t\t","protected":false},"excerpt":{"rendered":"<p>Detalles del libro Editores: Adri\u00e1n Contreras-Guerrero y Jaime Humberto Borja Editorial: Enredars Publicaciones 17.\u00ba volumen de la colecci\u00f3n Universo Barroco[&#8230;]<\/p>\n","protected":false},"author":1,"featured_media":0,"parent":0,"menu_order":0,"comment_status":"closed","ping_status":"closed","template":"template-fullwidth.php","meta":{"footnotes":""},"_links":{"self":[{"href":"https:\/\/www.upo.es\/investiga\/enredars\/index.php?rest_route=\/wp\/v2\/pages\/2066"}],"collection":[{"href":"https:\/\/www.upo.es\/investiga\/enredars\/index.php?rest_route=\/wp\/v2\/pages"}],"about":[{"href":"https:\/\/www.upo.es\/investiga\/enredars\/index.php?rest_route=\/wp\/v2\/types\/page"}],"author":[{"embeddable":true,"href":"https:\/\/www.upo.es\/investiga\/enredars\/index.php?rest_route=\/wp\/v2\/users\/1"}],"replies":[{"embeddable":true,"href":"https:\/\/www.upo.es\/investiga\/enredars\/index.php?rest_route=%2Fwp%2Fv2%2Fcomments&post=2066"}],"version-history":[{"count":9,"href":"https:\/\/www.upo.es\/investiga\/enredars\/index.php?rest_route=\/wp\/v2\/pages\/2066\/revisions"}],"predecessor-version":[{"id":2647,"href":"https:\/\/www.upo.es\/investiga\/enredars\/index.php?rest_route=\/wp\/v2\/pages\/2066\/revisions\/2647"}],"wp:attachment":[{"href":"https:\/\/www.upo.es\/investiga\/enredars\/index.php?rest_route=%2Fwp%2Fv2%2Fmedia&parent=2066"}],"curies":[{"name":"wp","href":"https:\/\/api.w.org\/{rel}","templated":true}]}}