{"id":2167,"date":"2022-03-03T20:11:21","date_gmt":"2022-03-03T19:11:21","guid":{"rendered":"https:\/\/www.upo.es\/investiga\/enredars\/?page_id=2167"},"modified":"2023-12-30T16:41:23","modified_gmt":"2023-12-30T15:41:23","slug":"contrapunteo-el-camino-del-patrimonio-cultural-en-la-mayor-de-las-antillas","status":"publish","type":"page","link":"https:\/\/www.upo.es\/investiga\/enredars\/?page_id=2167","title":{"rendered":"Contrapunteo El camino del patrimonio cultural en la Mayor de las Antillas"},"content":{"rendered":"\t\t<div data-elementor-type=\"wp-page\" data-elementor-id=\"2167\" class=\"elementor elementor-2167\" data-elementor-settings=\"[]\">\n\t\t\t<div class=\"elementor-inner\">\n\t\t\t\t<div class=\"elementor-section-wrap\">\n\t\t\t\t\t\t\t<section class=\"elementor-element elementor-element-3cc0259 elementor-section-boxed elementor-section-height-default elementor-section-height-default elementor-section elementor-top-section\" data-id=\"3cc0259\" data-element_type=\"section\">\n\t\t\t\t\t\t<div class=\"elementor-container elementor-column-gap-default\">\n\t\t\t\t<div class=\"elementor-row\">\n\t\t\t\t<div class=\"elementor-element elementor-element-04c5723 elementor-column elementor-col-100 elementor-top-column\" data-id=\"04c5723\" data-element_type=\"column\">\n\t\t\t<div class=\"elementor-column-wrap  elementor-element-populated\">\n\t\t\t\t\t<div class=\"elementor-widget-wrap\">\n\t\t\t\t<div class=\"elementor-element elementor-element-7792849 elementor-widget elementor-widget-spacer\" data-id=\"7792849\" data-element_type=\"widget\" data-widget_type=\"spacer.default\">\n\t\t\t\t<div class=\"elementor-widget-container\">\n\t\t\t\t\t<div class=\"elementor-spacer\">\n\t\t\t<div class=\"elementor-spacer-inner\"><\/div>\n\t\t<\/div>\n\t\t\t\t<\/div>\n\t\t\t\t<\/div>\n\t\t\t\t\t\t<\/div>\n\t\t\t<\/div>\n\t\t<\/div>\n\t\t\t\t\t\t<\/div>\n\t\t\t<\/div>\n\t\t<\/section>\n\t\t\t\t<section class=\"elementor-element elementor-element-7c7ada1 elementor-section-boxed elementor-section-height-default elementor-section-height-default elementor-section elementor-top-section\" data-id=\"7c7ada1\" data-element_type=\"section\">\n\t\t\t\t\t\t<div class=\"elementor-container elementor-column-gap-default\">\n\t\t\t\t<div class=\"elementor-row\">\n\t\t\t\t<div class=\"elementor-element elementor-element-4cf8808 elementor-column elementor-col-50 elementor-top-column\" data-id=\"4cf8808\" data-element_type=\"column\">\n\t\t\t<div class=\"elementor-column-wrap  elementor-element-populated\">\n\t\t\t\t\t<div class=\"elementor-widget-wrap\">\n\t\t\t\t<div class=\"elementor-element elementor-element-793d54a elementor-widget elementor-widget-image\" data-id=\"793d54a\" data-element_type=\"widget\" data-widget_type=\"image.default\">\n\t\t\t\t<div class=\"elementor-widget-container\">\n\t\t\t\t\t<div class=\"elementor-image\">\n\t\t\t\t\t\t\t\t\t\t\t<a href=\"https:\/\/rio.upo.es\/xmlui\/handle\/10433\/12543\">\n\t\t\t\t\t\t\t<img loading=\"lazy\" decoding=\"async\" width=\"213\" height=\"300\" src=\"https:\/\/www.upo.es\/investiga\/enredars\/wp-content\/uploads\/2022\/03\/CONTRAPUNTEO_portada-213x300.jpg\" class=\"elementor-animation-bounce-in attachment-medium size-medium\" alt=\"\" srcset=\"https:\/\/www.upo.es\/investiga\/enredars\/wp-content\/uploads\/2022\/03\/CONTRAPUNTEO_portada-213x300.jpg 213w, https:\/\/www.upo.es\/investiga\/enredars\/wp-content\/uploads\/2022\/03\/CONTRAPUNTEO_portada-725x1024.jpg 725w, https:\/\/www.upo.es\/investiga\/enredars\/wp-content\/uploads\/2022\/03\/CONTRAPUNTEO_portada-768x1084.jpg 768w, https:\/\/www.upo.es\/investiga\/enredars\/wp-content\/uploads\/2022\/03\/CONTRAPUNTEO_portada-1088x1536.jpg 1088w, https:\/\/www.upo.es\/investiga\/enredars\/wp-content\/uploads\/2022\/03\/CONTRAPUNTEO_portada.jpg 1339w\" sizes=\"(max-width: 213px) 100vw, 213px\" \/>\t\t\t\t\t\t\t\t<\/a>\n\t\t\t\t\t\t\t\t\t\t\t<\/div>\n\t\t\t\t<\/div>\n\t\t\t\t<\/div>\n\t\t\t\t\t\t<\/div>\n\t\t\t<\/div>\n\t\t<\/div>\n\t\t\t\t<div class=\"elementor-element elementor-element-61e1aca elementor-column elementor-col-50 elementor-top-column\" data-id=\"61e1aca\" data-element_type=\"column\">\n\t\t\t<div class=\"elementor-column-wrap  elementor-element-populated\">\n\t\t\t\t\t<div class=\"elementor-widget-wrap\">\n\t\t\t\t<div class=\"elementor-element elementor-element-925ef65 elementor-widget elementor-widget-text-editor\" data-id=\"925ef65\" data-element_type=\"widget\" data-widget_type=\"text-editor.default\">\n\t\t\t\t<div class=\"elementor-widget-container\">\n\t\t\t\t\t<div class=\"elementor-text-editor elementor-clearfix\"><p>Detalles del libro<\/p><ul><li>Coordinadora: Yeni Yeisi Ad\u00e1n Casta\u00f1os<\/li><li>Editorial: Enredars Publicaciones<\/li><li>19.\u00ba volumen de la colecci\u00f3n AcerVos<\/li><li>ISBN: 978-84-09-38873-8<\/li><li>A\u00f1o de publicaci\u00f3n: 2021<\/li><li>N\u00famero de p\u00e1ginas: 452<br \/><h3 style=\"text-align: center;\"><a href=\"http:\/\/hdl.handle.net\/10433\/12543\"><strong>Acceder ahora al libro<\/strong><\/a><\/h3><h3 style=\"text-align: center;\">\u00a0<\/h3><\/li><\/ul><\/div>\n\t\t\t\t<\/div>\n\t\t\t\t<\/div>\n\t\t\t\t\t\t<\/div>\n\t\t\t<\/div>\n\t\t<\/div>\n\t\t\t\t\t\t<\/div>\n\t\t\t<\/div>\n\t\t<\/section>\n\t\t\t\t<section class=\"elementor-element elementor-element-bc05341 elementor-section-boxed elementor-section-height-default elementor-section-height-default elementor-section elementor-top-section\" data-id=\"bc05341\" data-element_type=\"section\">\n\t\t\t\t\t\t<div class=\"elementor-container elementor-column-gap-default\">\n\t\t\t\t<div class=\"elementor-row\">\n\t\t\t\t<div class=\"elementor-element elementor-element-88eba82 elementor-column elementor-col-100 elementor-top-column\" data-id=\"88eba82\" data-element_type=\"column\">\n\t\t\t<div class=\"elementor-column-wrap  elementor-element-populated\">\n\t\t\t\t\t<div class=\"elementor-widget-wrap\">\n\t\t\t\t<div class=\"elementor-element elementor-element-bdd7571 elementor-widget elementor-widget-spacer\" data-id=\"bdd7571\" data-element_type=\"widget\" data-widget_type=\"spacer.default\">\n\t\t\t\t<div class=\"elementor-widget-container\">\n\t\t\t\t\t<div class=\"elementor-spacer\">\n\t\t\t<div class=\"elementor-spacer-inner\"><\/div>\n\t\t<\/div>\n\t\t\t\t<\/div>\n\t\t\t\t<\/div>\n\t\t\t\t\t\t<\/div>\n\t\t\t<\/div>\n\t\t<\/div>\n\t\t\t\t\t\t<\/div>\n\t\t\t<\/div>\n\t\t<\/section>\n\t\t\t\t<section class=\"elementor-element elementor-element-45503ce elementor-section-boxed elementor-section-height-default elementor-section-height-default elementor-section elementor-top-section\" data-id=\"45503ce\" data-element_type=\"section\">\n\t\t\t\t\t\t<div class=\"elementor-container elementor-column-gap-default\">\n\t\t\t\t<div class=\"elementor-row\">\n\t\t\t\t<div class=\"elementor-element elementor-element-e769303 elementor-column elementor-col-100 elementor-top-column\" data-id=\"e769303\" data-element_type=\"column\">\n\t\t\t<div class=\"elementor-column-wrap  elementor-element-populated\">\n\t\t\t\t\t<div class=\"elementor-widget-wrap\">\n\t\t\t\t<div class=\"elementor-element elementor-element-6f37fb9 elementor-widget elementor-widget-text-editor\" data-id=\"6f37fb9\" data-element_type=\"widget\" data-widget_type=\"text-editor.default\">\n\t\t\t\t<div class=\"elementor-widget-container\">\n\t\t\t\t\t<div class=\"elementor-text-editor elementor-clearfix\"><p><a href=\"http:\/\/hdl.handle.net\/10433\/12536\">Pr\u00f3logo<\/a>. Ad\u00e1n Casta\u00f1os, Yeni Yeisi (Publicaciones Enredars, 2021)<\/p><p><em><strong>MIRADAS HACIA EL ETNOS CUBANO<\/strong><\/em><\/p><p><a href=\"http:\/\/hdl.handle.net\/10433\/12544\">La pervivencia en la cultura cubana del componente aborigen<\/a>. Ruiz Alp\u00edzar, Claudia y Caballero Ag\u00fcero, Omelio (Publicaciones Enredars, 2021)<\/p><p><a href=\"http:\/\/hdl.handle.net\/10433\/12537\">El tratamiento de la inmigraci\u00f3n espa\u00f1ola en Cuba de 1800 a 1933 desde la biopol\u00edtica<\/a>. Ad\u00e1n Casta\u00f1os, Yeni Yeisi (Publicaciones Enredars, 2021)<\/p><p><em><strong>CIUDAD CONSTRUIDA EN PIEDRAS<\/strong><\/em><\/p><p><a href=\"http:\/\/hdl.handle.net\/10433\/12538\">Construcciones palaf\u00edticas en Cuba<\/a>. Orihuela Le\u00f3n, Johanset y Cotarelo Crego, Ram\u00f3n (Publicaciones Enredars, 2021)<\/p><p><a href=\"http:\/\/hdl.handle.net\/10433\/12539\">La Ilustraci\u00f3n en la construcci\u00f3n de obras arquitect\u00f3nicas del siglo XIX camag\u00fceyano, hacia un bien com\u00fan<\/a>. Ojeda Hern\u00e1ndez, Beysy, Sotomayor Gil, Yudith de la Caridad y Mart\u00ednez Cabal\u00e9, Sonia (Publicaciones Enredars, 2021)<\/p><p><a href=\"http:\/\/hdl.handle.net\/10433\/12560\">La arquitectura militar en el Camag\u00fcey colonial<\/a>. Mazorra Acosta, Henry (Publicaciones Enredars, 2021)<\/p><p><em><strong>DEL PATRIMONIO DOCUMENTAL CUBANO<\/strong><\/em><\/p><p><a href=\"http:\/\/hdl.handle.net\/10433\/12561\">El patrimonio documental cubano en la era de las humanidades digitales. Experiencias en l\u00ednea y perspectivas desde Cuba<\/a>. Ar\u00e9valo Salazar, Adri\u00e1n Ludet (Publicaciones Enredars, 2021)<\/p><p><a href=\"http:\/\/hdl.handle.net\/10433\/12562\">Carteles, un espacio de convergencia cultural<\/a>. Rojas Tamayo, Yudith (Publicaciones Enredars, 2021)<\/p><p><strong><em>TRADICI\u00d3N Y FOLCLORE. DEL IMAGINARIO POPULAR A LAS CREENCIAS RELIGIOSAS<\/em><\/strong><\/p><p><a href=\"http:\/\/hdl.handle.net\/10433\/12563\">Parrandas en Camajuan\u00ed: memoria cultural, patrimonio hist\u00f3rico de la humanidad<\/a>. Hern\u00e1ndez Monterrey, Daniel Alejandro, Pulido C\u00e1rdenas, Miguel y Jacomino Ruiz, Alegna (Publicaciones Enredars, 2021)<\/p><p><a href=\"http:\/\/hdl.handle.net\/10433\/12564\">Los tambores Dun Dun, su significado en la ceremonia inici\u00e1tica religiosa de la Sociedad San Roque en Palmira, Cienfuegos<\/a>. Hidalgo Mederos, Hiosvany, Soler March\u00e1n, Salvador David y Moya Padilla, Nereyda Emelia (Publicaciones Enredars, 2021)<\/p><p><a href=\"http:\/\/hdl.handle.net\/10433\/12565\">Especificidades de las fiestas religiosas a Santa B\u00e1rbara y Chang\u00f3 en el municipio de Cruces<\/a>. Ib\u00e1\u00f1ez Hern\u00e1ndez, Adisbey y L\u00f3pez Ara\u00f1a, Olga Lidia (Publicaciones Enredars, 2021)<\/p><p><a href=\"http:\/\/hdl.handle.net\/10433\/12566\">Influencia de la espiritualidad mercedaria en el camino de liberaci\u00f3n e integraci\u00f3n social del negro africano en el Camag\u00fcey colonial<\/a>. Ram\u00edrez Fern\u00e1ndez, Pedro Enrique (Publicaciones Enredars, 2021)<\/p><p><em><strong>DEL COLECCIONISMO A LA MUSEOLOG\u00cdA<\/strong><\/em><\/p><p><a href=\"http:\/\/hdl.handle.net\/10433\/12567\">Del coleccionismo a la museolog\u00eda en Cuba<\/a>. Mac\u00edas Aguiar, Yamir (Publicaciones Enredars, 2021)<\/p><p><em><strong>EL PATRIMONIO Y LAS ARTES VISUALES<\/strong><\/em><\/p><p><a href=\"http:\/\/hdl.handle.net\/10433\/12574\">Una mirada hacia Cuba en la segunda mitad del siglo XIX desde la colecci\u00f3n fotogr\u00e1fica del ingeniero militar y arque\u00f3logo Santiago Moreno Tovillas<\/a>. Cecilia Espinosa, Mariano y Ruiz \u00c1ngel, Gemma (Publicaciones Enredars, 2021)<\/p><p><em><strong>EDUCACI\u00d3N, COMUNIDAD Y PATRIMONIO<\/strong><\/em><\/p><p><a href=\"http:\/\/hdl.handle.net\/10433\/12568\">El itinerario patrimonial de las construcciones conmemorativas del centro hist\u00f3rico urbano de Cienfuegos<\/a>. Jim\u00e9nez Izquierdo, Lisandra, Hern\u00e1ndez Moreno, Esther M. y Soler March\u00e1n, Salvador David (Publicaciones Enredars, 2021)<\/p><p><a href=\"http:\/\/hdl.handle.net\/10433\/12545\">Glorieta del Parque Mart\u00ed: al rescate de su funci\u00f3n social<\/a>. Neninger Vega, Beatriz (Publicaciones Enredars, 2021)<\/p><p><a href=\"http:\/\/hdl.handle.net\/10433\/12546\">El comportamiento de la industria azucarera en la regi\u00f3n hist\u00f3rica de Camag\u00fcey entre 1837 y 1948<\/a>. Ad\u00e1n Casta\u00f1os, Yeni Yeisi (Publicaciones Enredars, 2021)<\/p><p><em><strong>PENSAR EL PATRIMONIO: VOCES CUBANAS EN ARAS DE LA IDENTIDAD NACIONAL<\/strong><\/em><\/p><p><a href=\"http:\/\/hdl.handle.net\/10433\/12569\">El legado de Justo Germ\u00e1n Cantero al patrimonio hist\u00f3rico-culturaal de Trinidad<\/a>. Polo Conesa, Gretter y Hern\u00e1ndez Moreno, Esther Mar\u00eda (Publicaciones Enredars, 2021)<\/p><p><a href=\"http:\/\/hdl.handle.net\/10433\/12570\">Alberto Vega Falc\u00f3n, patrimonio vivo de la ciudad de Cienfuegos<\/a>. Russo Reyes, Alina (Publicaciones Enredars, 2021)<\/p><p><a href=\"http:\/\/hdl.handle.net\/10433\/12571\">Eneida Sosa, vivo exponente de la tonada en Camag\u00fcey<\/a>. Fern\u00e1ndez D\u00edaz, Ver\u00f3nica Elvira (Publicaciones Enredars, 2021)<\/p><p><a href=\"http:\/\/hdl.handle.net\/a10433\/12572\">Juan Carlos Cabal\u00e9 Reyes, oficio y amor<\/a>. Toledo Cabarcos, Yalim Yohana (Publicaciones Enredars, 2021)<\/p><p>Ad\u00e1n Casta\u00f1os, Yeni Yeisi, (coord.).a <em><a href=\"http:\/\/hdl.handle.net\/10433\/12543\">Contrapunteo El camino del patrimonio cultural en la Mayor de las Antillas<\/a><\/em>. Vol XIX. Sevilla, Enredars, Universidad Pablo de Olavide, 2021. ISBN: 978-84-09-38873-8.<\/p><\/div>\n\t\t\t\t<\/div>\n\t\t\t\t<\/div>\n\t\t\t\t\t\t<\/div>\n\t\t\t<\/div>\n\t\t<\/div>\n\t\t\t\t\t\t<\/div>\n\t\t\t<\/div>\n\t\t<\/section>\n\t\t\t\t\t\t<\/div>\n\t\t\t<\/div>\n\t\t<\/div>\n\t\t","protected":false},"excerpt":{"rendered":"<p>Detalles del libro Coordinadora: Yeni Yeisi Ad\u00e1n Casta\u00f1os Editorial: Enredars Publicaciones 19.\u00ba volumen de la colecci\u00f3n AcerVos ISBN: 978-84-09-38873-8 A\u00f1o[&#8230;]<\/p>\n","protected":false},"author":1,"featured_media":0,"parent":0,"menu_order":0,"comment_status":"closed","ping_status":"closed","template":"template-fullwidth.php","meta":{"footnotes":""},"_links":{"self":[{"href":"https:\/\/www.upo.es\/investiga\/enredars\/index.php?rest_route=\/wp\/v2\/pages\/2167"}],"collection":[{"href":"https:\/\/www.upo.es\/investiga\/enredars\/index.php?rest_route=\/wp\/v2\/pages"}],"about":[{"href":"https:\/\/www.upo.es\/investiga\/enredars\/index.php?rest_route=\/wp\/v2\/types\/page"}],"author":[{"embeddable":true,"href":"https:\/\/www.upo.es\/investiga\/enredars\/index.php?rest_route=\/wp\/v2\/users\/1"}],"replies":[{"embeddable":true,"href":"https:\/\/www.upo.es\/investiga\/enredars\/index.php?rest_route=%2Fwp%2Fv2%2Fcomments&post=2167"}],"version-history":[{"count":11,"href":"https:\/\/www.upo.es\/investiga\/enredars\/index.php?rest_route=\/wp\/v2\/pages\/2167\/revisions"}],"predecessor-version":[{"id":2739,"href":"https:\/\/www.upo.es\/investiga\/enredars\/index.php?rest_route=\/wp\/v2\/pages\/2167\/revisions\/2739"}],"wp:attachment":[{"href":"https:\/\/www.upo.es\/investiga\/enredars\/index.php?rest_route=%2Fwp%2Fv2%2Fmedia&parent=2167"}],"curies":[{"name":"wp","href":"https:\/\/api.w.org\/{rel}","templated":true}]}}