{"id":2188,"date":"2022-03-06T19:19:50","date_gmt":"2022-03-06T18:19:50","guid":{"rendered":"https:\/\/www.upo.es\/investiga\/enredars\/?page_id=2188"},"modified":"2023-12-30T11:43:09","modified_gmt":"2023-12-30T10:43:09","slug":"lady-ann-y-el-embajador-viajan-a-sevilla-primavera-de-1664","status":"publish","type":"page","link":"https:\/\/www.upo.es\/investiga\/enredars\/?page_id=2188","title":{"rendered":"Lady Ann y el embajador viajan a Sevilla (Primavera de 1664)"},"content":{"rendered":"\t\t<div data-elementor-type=\"wp-page\" data-elementor-id=\"2188\" class=\"elementor elementor-2188\" data-elementor-settings=\"[]\">\n\t\t\t<div class=\"elementor-inner\">\n\t\t\t\t<div class=\"elementor-section-wrap\">\n\t\t\t\t\t\t\t<section class=\"elementor-element elementor-element-f332c14 elementor-section-boxed elementor-section-height-default elementor-section-height-default elementor-section elementor-top-section\" data-id=\"f332c14\" data-element_type=\"section\">\n\t\t\t\t\t\t<div class=\"elementor-container elementor-column-gap-default\">\n\t\t\t\t<div class=\"elementor-row\">\n\t\t\t\t<div class=\"elementor-element elementor-element-a330246 elementor-column elementor-col-100 elementor-top-column\" data-id=\"a330246\" data-element_type=\"column\">\n\t\t\t<div class=\"elementor-column-wrap  elementor-element-populated\">\n\t\t\t\t\t<div class=\"elementor-widget-wrap\">\n\t\t\t\t<div class=\"elementor-element elementor-element-224be4e elementor-widget elementor-widget-spacer\" data-id=\"224be4e\" data-element_type=\"widget\" data-widget_type=\"spacer.default\">\n\t\t\t\t<div class=\"elementor-widget-container\">\n\t\t\t\t\t<div class=\"elementor-spacer\">\n\t\t\t<div class=\"elementor-spacer-inner\"><\/div>\n\t\t<\/div>\n\t\t\t\t<\/div>\n\t\t\t\t<\/div>\n\t\t\t\t\t\t<\/div>\n\t\t\t<\/div>\n\t\t<\/div>\n\t\t\t\t\t\t<\/div>\n\t\t\t<\/div>\n\t\t<\/section>\n\t\t\t\t<section class=\"elementor-element elementor-element-2ccec02 elementor-section-boxed elementor-section-height-default elementor-section-height-default elementor-section elementor-top-section\" data-id=\"2ccec02\" data-element_type=\"section\">\n\t\t\t\t\t\t<div class=\"elementor-container elementor-column-gap-default\">\n\t\t\t\t<div class=\"elementor-row\">\n\t\t\t\t<div class=\"elementor-element elementor-element-307bab4 elementor-column elementor-col-50 elementor-top-column\" data-id=\"307bab4\" data-element_type=\"column\">\n\t\t\t<div class=\"elementor-column-wrap  elementor-element-populated\">\n\t\t\t\t\t<div class=\"elementor-widget-wrap\">\n\t\t\t\t<div class=\"elementor-element elementor-element-2780794 elementor-widget elementor-widget-image\" data-id=\"2780794\" data-element_type=\"widget\" data-widget_type=\"image.default\">\n\t\t\t\t<div class=\"elementor-widget-container\">\n\t\t\t\t\t<div class=\"elementor-image\">\n\t\t\t\t\t\t\t\t\t\t\t<a href=\"https:\/\/rio.upo.es\/xmlui\/handle\/10433\/11858\">\n\t\t\t\t\t\t\t<img loading=\"lazy\" decoding=\"async\" width=\"218\" height=\"300\" src=\"https:\/\/www.upo.es\/investiga\/enredars\/wp-content\/uploads\/2022\/03\/Portada-Lady-Ann-218x300.jpg\" class=\"elementor-animation-bounce-in attachment-medium size-medium\" alt=\"\" srcset=\"https:\/\/www.upo.es\/investiga\/enredars\/wp-content\/uploads\/2022\/03\/Portada-Lady-Ann-218x300.jpg 218w, https:\/\/www.upo.es\/investiga\/enredars\/wp-content\/uploads\/2022\/03\/Portada-Lady-Ann-743x1024.jpg 743w, https:\/\/www.upo.es\/investiga\/enredars\/wp-content\/uploads\/2022\/03\/Portada-Lady-Ann-768x1059.jpg 768w, https:\/\/www.upo.es\/investiga\/enredars\/wp-content\/uploads\/2022\/03\/Portada-Lady-Ann-1114x1536.jpg 1114w, https:\/\/www.upo.es\/investiga\/enredars\/wp-content\/uploads\/2022\/03\/Portada-Lady-Ann-1485x2048.jpg 1485w, https:\/\/www.upo.es\/investiga\/enredars\/wp-content\/uploads\/2022\/03\/Portada-Lady-Ann-scaled.jpg 1856w\" sizes=\"(max-width: 218px) 100vw, 218px\" \/>\t\t\t\t\t\t\t\t<\/a>\n\t\t\t\t\t\t\t\t\t\t\t<\/div>\n\t\t\t\t<\/div>\n\t\t\t\t<\/div>\n\t\t\t\t\t\t<\/div>\n\t\t\t<\/div>\n\t\t<\/div>\n\t\t\t\t<div class=\"elementor-element elementor-element-60ce8cf elementor-column elementor-col-50 elementor-top-column\" data-id=\"60ce8cf\" data-element_type=\"column\">\n\t\t\t<div class=\"elementor-column-wrap  elementor-element-populated\">\n\t\t\t\t\t<div class=\"elementor-widget-wrap\">\n\t\t\t\t<div class=\"elementor-element elementor-element-fa4c47b elementor-widget elementor-widget-text-editor\" data-id=\"fa4c47b\" data-element_type=\"widget\" data-widget_type=\"text-editor.default\">\n\t\t\t\t<div class=\"elementor-widget-container\">\n\t\t\t\t\t<div class=\"elementor-text-editor elementor-clearfix\"><p>Detalles del libro<\/p><ul><li>Editores: Cristina Bravo Lozano y Fernando Quiles<\/li><li>Editorial: Enredars Publicaciones y Andavira Editora<\/li><li>22.\u00ba volumen de la colecci\u00f3n Universo Barroco Iberoamericano<\/li><li>ISBN: 978-84-124831-6-1<\/li><li>A\u00f1o de publicaci\u00f3n: 2022<\/li><li>N\u00famero de p\u00e1ginas: 364<br \/><h3 style=\"text-align: center;\"><a href=\"http:\/\/hdl.handle.net\/10433\/11858\"><strong>Acceder ahora al libro<\/strong><\/a><\/h3><\/li><\/ul><\/div>\n\t\t\t\t<\/div>\n\t\t\t\t<\/div>\n\t\t\t\t\t\t<\/div>\n\t\t\t<\/div>\n\t\t<\/div>\n\t\t\t\t\t\t<\/div>\n\t\t\t<\/div>\n\t\t<\/section>\n\t\t\t\t<section class=\"elementor-element elementor-element-4d3eeca elementor-section-boxed elementor-section-height-default elementor-section-height-default elementor-section elementor-top-section\" data-id=\"4d3eeca\" data-element_type=\"section\">\n\t\t\t\t\t\t<div class=\"elementor-container elementor-column-gap-default\">\n\t\t\t\t<div class=\"elementor-row\">\n\t\t\t\t<div class=\"elementor-element elementor-element-f0de448 elementor-column elementor-col-100 elementor-top-column\" data-id=\"f0de448\" data-element_type=\"column\">\n\t\t\t<div class=\"elementor-column-wrap  elementor-element-populated\">\n\t\t\t\t\t<div class=\"elementor-widget-wrap\">\n\t\t\t\t<div class=\"elementor-element elementor-element-0aae3d6 elementor-widget elementor-widget-spacer\" data-id=\"0aae3d6\" data-element_type=\"widget\" data-widget_type=\"spacer.default\">\n\t\t\t\t<div class=\"elementor-widget-container\">\n\t\t\t\t\t<div class=\"elementor-spacer\">\n\t\t\t<div class=\"elementor-spacer-inner\"><\/div>\n\t\t<\/div>\n\t\t\t\t<\/div>\n\t\t\t\t<\/div>\n\t\t\t\t\t\t<\/div>\n\t\t\t<\/div>\n\t\t<\/div>\n\t\t\t\t\t\t<\/div>\n\t\t\t<\/div>\n\t\t<\/section>\n\t\t\t\t<section class=\"elementor-element elementor-element-f1758a1 elementor-section-boxed elementor-section-height-default elementor-section-height-default elementor-section elementor-top-section\" data-id=\"f1758a1\" data-element_type=\"section\">\n\t\t\t\t\t\t<div class=\"elementor-container elementor-column-gap-default\">\n\t\t\t\t<div class=\"elementor-row\">\n\t\t\t\t<div class=\"elementor-element elementor-element-88c254e elementor-column elementor-col-100 elementor-top-column\" data-id=\"88c254e\" data-element_type=\"column\">\n\t\t\t<div class=\"elementor-column-wrap  elementor-element-populated\">\n\t\t\t\t\t<div class=\"elementor-widget-wrap\">\n\t\t\t\t<div class=\"elementor-element elementor-element-4d23fa6 elementor-widget elementor-widget-text-editor\" data-id=\"4d23fa6\" data-element_type=\"widget\" data-widget_type=\"text-editor.default\">\n\t\t\t\t<div class=\"elementor-widget-container\">\n\t\t\t\t\t<div class=\"elementor-text-editor elementor-clearfix\"><p><a href=\"http:\/\/hdl.handle.net\/10433\/12576\">Cottington and Fanshawe: Introduction<\/a>. Murphy, Martin (Publicaciones Enredars, 2022)<\/p><p><a href=\"http:\/\/hdl.handle.net\/10433\/12577\">Spain and England in the later Seventeenth Century: Transnational Cultural and Political Contexts<\/a>. Baker-Bates, Piers y Malcolm, Alistair (Publicaciones Enredars, 2022)<\/p><p><a href=\"http:\/\/hdl.handle.net\/10433\/12578\">\u201cAll this ceremony I hope is not instead of substance\u201d: Las entradas de Francis Cottington y Richard Fanshawe en Sevilla<\/a>. Sell Maestro, Alejandro (Publicaciones Enredars, 2022)<\/p><p><a href=\"http:\/\/hdl.handle.net\/10433\/12580\">Ecos de la <em>Restoration<\/em>. La misi\u00f3n diplom\u00e1tica de Sir Richard Fanshawe en Espa\u00f1a<\/a>. Bravo Lozano, Cristina (Publicaciones Enredars \/ Andavira Editora, 2022)<\/p><p><a href=\"http:\/\/hdl.handle.net\/10433\/12581\">Diplomacia y ceremonial cortesano: la embajadora lady Ann Fanshaw en Madrid (1664-1666)<\/a>. Casta\u00f1eda Fern\u00e1ndez, Mar\u00eda (Publicaciones Enredars \/ Andavira Editora, 2022)<\/p><p><a href=\"http:\/\/hdl.handle.net\/10433\/12579\">Mujer y escritura de historia en la Restauraci\u00f3n. El caso de Ann Fanshawe<\/a>. Robles Ballesteros, Tania (Publicaciones Enredars \/ Andavira Editora, 2022)<\/p><p><a href=\"http:\/\/hdl.handle.net\/10433\/12582\">Las carrozas inglesas del embajador: El coche como <em>alter ego<\/em> en la ceremonia de entrega de cartas credenciales y el gobierno de los carruajes<\/a>. Recio Mir, \u00c1lvaro (Publicaciones Enredars \/ Andavira Editora, 2022)<\/p><p><a href=\"http:\/\/hdl.handle.net\/10433\/12600\">Una semana en Sevilla (marzo-abril de 1664). El Embajador y Lady Ann Fanshawe en una ciudad tan grande como decadente (<em>great and much decayed<\/em>)<\/a>. Quiles, Fernando (Publicaciones Enredars \/ Andavira Editora, 2022)<\/p><p><a href=\"http:\/\/hdl.handle.net\/10433\/12601\">La colonia mercantil inglesa de Sevilla en una \u00e9poca de transici\u00f3n (1660-1666)<\/a>. Grove Gordillo, Mar\u00eda y Gamero Rojas, Mercedes (Publicaciones Enredars \/ Andavira Editora, 2022)<\/p><p><a href=\"http:\/\/hdl.handle.net\/10433\/12583\">La colonia de comerciantes ingleses de Sanl\u00facar de Barrameda (C\u00e1diz) durante el se\u00f1or\u00edo de los P\u00e9rez de Guzm\u00e1n, duques de Medina Sidonia. El colegio ingl\u00e9s de San Jorge: espacio de representaci\u00f3n y adoctrinamiento cat\u00f3lico<\/a>. Cruz Isidoro, Fernando (Publicaciones Enredars \/ Andavira Editora, 2022)<\/p><p><a href=\"http:\/\/hdl.handle.net\/10433\/12584\">Jos\u00e9 Rom\u00e1n de la Torre y Peralta: una carrera literaria en la Sevilla del Bajo Barroco<\/a>. L\u00f3pez Lorenzo, Cipriano y S\u00e1nchez Jim\u00e9nez, Antonio (Publicaciones Enredars \/ Andavira Editora, 2022)<\/p><p><a href=\"http:\/\/hdl.handle.net\/10433\/12602\">La <em>Festiva trompa al c\u00e9lebre aparatoso recibimiento del excelent\u00edsimo se\u00f1or don Ricardo Fanshau, dign\u00edsimo embajador de Inglaterra a Espa\u00f1a<\/em> (1664), de Jos\u00e9 Rom\u00e1n de la Torre y Peralta: texto e introducci\u00f3n<\/a>. S\u00e1nchez Jim\u00e9nez, Antonio y L\u00f3pez Lorenzo, Cipriano (Publicaciones Enredars \/ Andavira Editora, 2022)<\/p><p><a href=\"http:\/\/hdl.handle.net\/10433\/12585\">From Seville to New York: How Archer Huntington Came to Buy the <em>Festiva Trompa<\/em> and Create the Hispanic Society<\/a>. Lenaghan, Patrick (Publicaciones Enredars \/ Andavira Editora, 2022)<\/p><p><a href=\"http:\/\/hdl.handle.net\/10433\/12622\">C\u00e1diz: enclave estrat\u00e9gico ingl\u00e9s a mediados del siglo XVII<\/a>. Amor Mart\u00edn, Francisco (Publicaciones Enredars \/ Andavira Editora, 2022)<\/p><p><a href=\"http:\/\/hdl.handle.net\/10433\/12603\">Colof\u00f3n<\/a>. Bravo Lozano, Cristina y Quiles, Fernando (Publicaciones Enredars \/ Andavira Editora, 2022)<\/p><p>Bravo Lozano, Cristina; Quiles, Fernando (eds.). <a href=\"http:\/\/hdl.handle.net\/10433\/11858\"><em>Lady Ann y el embajador viajan a Sevilla (Primavera de 1664)<\/em><\/a>. Vol. XXII. Santiago de Compostela, Andavira Editora, Sevilla, Enredars\/Universidad Pablo de Olavide, 2022. ISBN: 978-84-124831-6-1.<\/p><\/div>\n\t\t\t\t<\/div>\n\t\t\t\t<\/div>\n\t\t\t\t\t\t<\/div>\n\t\t\t<\/div>\n\t\t<\/div>\n\t\t\t\t\t\t<\/div>\n\t\t\t<\/div>\n\t\t<\/section>\n\t\t\t\t\t\t<\/div>\n\t\t\t<\/div>\n\t\t<\/div>\n\t\t","protected":false},"excerpt":{"rendered":"<p>Detalles del libro Editores: Cristina Bravo Lozano y Fernando Quiles Editorial: Enredars Publicaciones y Andavira Editora 22.\u00ba volumen de la[&#8230;]<\/p>\n","protected":false},"author":1,"featured_media":0,"parent":0,"menu_order":0,"comment_status":"closed","ping_status":"closed","template":"template-fullwidth.php","meta":{"footnotes":""},"_links":{"self":[{"href":"https:\/\/www.upo.es\/investiga\/enredars\/index.php?rest_route=\/wp\/v2\/pages\/2188"}],"collection":[{"href":"https:\/\/www.upo.es\/investiga\/enredars\/index.php?rest_route=\/wp\/v2\/pages"}],"about":[{"href":"https:\/\/www.upo.es\/investiga\/enredars\/index.php?rest_route=\/wp\/v2\/types\/page"}],"author":[{"embeddable":true,"href":"https:\/\/www.upo.es\/investiga\/enredars\/index.php?rest_route=\/wp\/v2\/users\/1"}],"replies":[{"embeddable":true,"href":"https:\/\/www.upo.es\/investiga\/enredars\/index.php?rest_route=%2Fwp%2Fv2%2Fcomments&post=2188"}],"version-history":[{"count":6,"href":"https:\/\/www.upo.es\/investiga\/enredars\/index.php?rest_route=\/wp\/v2\/pages\/2188\/revisions"}],"predecessor-version":[{"id":2636,"href":"https:\/\/www.upo.es\/investiga\/enredars\/index.php?rest_route=\/wp\/v2\/pages\/2188\/revisions\/2636"}],"wp:attachment":[{"href":"https:\/\/www.upo.es\/investiga\/enredars\/index.php?rest_route=%2Fwp%2Fv2%2Fmedia&parent=2188"}],"curies":[{"name":"wp","href":"https:\/\/api.w.org\/{rel}","templated":true}]}}