{"id":2233,"date":"2022-04-06T19:00:48","date_gmt":"2022-04-06T18:00:48","guid":{"rendered":"https:\/\/www.upo.es\/investiga\/enredars\/?page_id=2233"},"modified":"2023-12-30T11:55:46","modified_gmt":"2023-12-30T10:55:46","slug":"catedrales-mundo-iberoamericano-siglos-xvii-xviii-vol-1","status":"publish","type":"page","link":"https:\/\/www.upo.es\/investiga\/enredars\/?page_id=2233","title":{"rendered":"Catedrales. Mundo iberoamericano. Siglos XVII-XVIII. Vol. 1"},"content":{"rendered":"\t\t<div data-elementor-type=\"wp-page\" data-elementor-id=\"2233\" class=\"elementor elementor-2233\" data-elementor-settings=\"[]\">\n\t\t\t<div class=\"elementor-inner\">\n\t\t\t\t<div class=\"elementor-section-wrap\">\n\t\t\t\t\t\t\t<section class=\"elementor-element elementor-element-62bba17 elementor-section-boxed elementor-section-height-default elementor-section-height-default elementor-section elementor-top-section\" data-id=\"62bba17\" data-element_type=\"section\">\n\t\t\t\t\t\t<div class=\"elementor-container elementor-column-gap-default\">\n\t\t\t\t<div class=\"elementor-row\">\n\t\t\t\t<div class=\"elementor-element elementor-element-b5adbc3 elementor-column elementor-col-100 elementor-top-column\" data-id=\"b5adbc3\" data-element_type=\"column\">\n\t\t\t<div class=\"elementor-column-wrap  elementor-element-populated\">\n\t\t\t\t\t<div class=\"elementor-widget-wrap\">\n\t\t\t\t<div class=\"elementor-element elementor-element-ad029ef elementor-widget elementor-widget-spacer\" data-id=\"ad029ef\" data-element_type=\"widget\" data-widget_type=\"spacer.default\">\n\t\t\t\t<div class=\"elementor-widget-container\">\n\t\t\t\t\t<div class=\"elementor-spacer\">\n\t\t\t<div class=\"elementor-spacer-inner\"><\/div>\n\t\t<\/div>\n\t\t\t\t<\/div>\n\t\t\t\t<\/div>\n\t\t\t\t\t\t<\/div>\n\t\t\t<\/div>\n\t\t<\/div>\n\t\t\t\t\t\t<\/div>\n\t\t\t<\/div>\n\t\t<\/section>\n\t\t\t\t<section class=\"elementor-element elementor-element-ae34ef6 elementor-section-boxed elementor-section-height-default elementor-section-height-default elementor-section elementor-top-section\" data-id=\"ae34ef6\" data-element_type=\"section\">\n\t\t\t\t\t\t<div class=\"elementor-container elementor-column-gap-default\">\n\t\t\t\t<div class=\"elementor-row\">\n\t\t\t\t<div class=\"elementor-element elementor-element-3359ce6 elementor-column elementor-col-50 elementor-top-column\" data-id=\"3359ce6\" data-element_type=\"column\">\n\t\t\t<div class=\"elementor-column-wrap  elementor-element-populated\">\n\t\t\t\t\t<div class=\"elementor-widget-wrap\">\n\t\t\t\t<div class=\"elementor-element elementor-element-86075f2 elementor-widget elementor-widget-image\" data-id=\"86075f2\" data-element_type=\"widget\" data-widget_type=\"image.default\">\n\t\t\t\t<div class=\"elementor-widget-container\">\n\t\t\t\t\t<div class=\"elementor-image\">\n\t\t\t\t\t\t\t\t\t\t\t<a href=\"https:\/\/rio.upo.es\/xmlui\/handle\/10433\/12785\">\n\t\t\t\t\t\t\t<img loading=\"lazy\" decoding=\"async\" width=\"213\" height=\"300\" src=\"https:\/\/www.upo.es\/investiga\/enredars\/wp-content\/uploads\/2022\/04\/Portada_catedrales-213x300.jpg\" class=\"elementor-animation-bounce-in attachment-medium size-medium\" alt=\"\" srcset=\"https:\/\/www.upo.es\/investiga\/enredars\/wp-content\/uploads\/2022\/04\/Portada_catedrales-213x300.jpg 213w, https:\/\/www.upo.es\/investiga\/enredars\/wp-content\/uploads\/2022\/04\/Portada_catedrales-728x1024.jpg 728w, https:\/\/www.upo.es\/investiga\/enredars\/wp-content\/uploads\/2022\/04\/Portada_catedrales-768x1081.jpg 768w, https:\/\/www.upo.es\/investiga\/enredars\/wp-content\/uploads\/2022\/04\/Portada_catedrales-1091x1536.jpg 1091w, https:\/\/www.upo.es\/investiga\/enredars\/wp-content\/uploads\/2022\/04\/Portada_catedrales.jpg 1343w\" sizes=\"(max-width: 213px) 100vw, 213px\" \/>\t\t\t\t\t\t\t\t<\/a>\n\t\t\t\t\t\t\t\t\t\t\t<\/div>\n\t\t\t\t<\/div>\n\t\t\t\t<\/div>\n\t\t\t\t\t\t<\/div>\n\t\t\t<\/div>\n\t\t<\/div>\n\t\t\t\t<div class=\"elementor-element elementor-element-9aca840 elementor-column elementor-col-50 elementor-top-column\" data-id=\"9aca840\" data-element_type=\"column\">\n\t\t\t<div class=\"elementor-column-wrap  elementor-element-populated\">\n\t\t\t\t\t<div class=\"elementor-widget-wrap\">\n\t\t\t\t<div class=\"elementor-element elementor-element-4988780 elementor-widget elementor-widget-text-editor\" data-id=\"4988780\" data-element_type=\"widget\" data-widget_type=\"text-editor.default\">\n\t\t\t\t<div class=\"elementor-widget-container\">\n\t\t\t\t\t<div class=\"elementor-text-editor elementor-clearfix\"><p>Detalles del libro<\/p><ul><li>Editores: Laura Illescas, Juan Manuel Monterroso, Ren\u00e9 Jes\u00fas Payo y Fernando Quiles<\/li><li>Editorial: Enredars Publicaciones y Andavira Editora<\/li><li>20.\u00ba volumen de la colecci\u00f3n Universo Barroco Iberoamericano<\/li><li>ISBN: 978-84-124831-7-8<\/li><li>A\u00f1o de publicaci\u00f3n: 2022<\/li><li>N\u00famero de p\u00e1ginas: 465<br \/><h3 style=\"text-align: center;\"><a href=\"http:\/\/hdl.handle.net\/10433\/12785\"><strong>Acceder ahora al libro<\/strong><\/a><\/h3><\/li><\/ul><\/div>\n\t\t\t\t<\/div>\n\t\t\t\t<\/div>\n\t\t\t\t\t\t<\/div>\n\t\t\t<\/div>\n\t\t<\/div>\n\t\t\t\t\t\t<\/div>\n\t\t\t<\/div>\n\t\t<\/section>\n\t\t\t\t<section class=\"elementor-element elementor-element-4095f56 elementor-section-boxed elementor-section-height-default elementor-section-height-default elementor-section elementor-top-section\" data-id=\"4095f56\" data-element_type=\"section\">\n\t\t\t\t\t\t<div class=\"elementor-container elementor-column-gap-default\">\n\t\t\t\t<div class=\"elementor-row\">\n\t\t\t\t<div class=\"elementor-element elementor-element-1affde2 elementor-column elementor-col-100 elementor-top-column\" data-id=\"1affde2\" data-element_type=\"column\">\n\t\t\t<div class=\"elementor-column-wrap  elementor-element-populated\">\n\t\t\t\t\t<div class=\"elementor-widget-wrap\">\n\t\t\t\t<div class=\"elementor-element elementor-element-a89a2be elementor-widget elementor-widget-spacer\" data-id=\"a89a2be\" data-element_type=\"widget\" data-widget_type=\"spacer.default\">\n\t\t\t\t<div class=\"elementor-widget-container\">\n\t\t\t\t\t<div class=\"elementor-spacer\">\n\t\t\t<div class=\"elementor-spacer-inner\"><\/div>\n\t\t<\/div>\n\t\t\t\t<\/div>\n\t\t\t\t<\/div>\n\t\t\t\t\t\t<\/div>\n\t\t\t<\/div>\n\t\t<\/div>\n\t\t\t\t\t\t<\/div>\n\t\t\t<\/div>\n\t\t<\/section>\n\t\t\t\t<section class=\"elementor-element elementor-element-1b2e255 elementor-section-boxed elementor-section-height-default elementor-section-height-default elementor-section elementor-top-section\" data-id=\"1b2e255\" data-element_type=\"section\">\n\t\t\t\t\t\t<div class=\"elementor-container elementor-column-gap-default\">\n\t\t\t\t<div class=\"elementor-row\">\n\t\t\t\t<div class=\"elementor-element elementor-element-284ced3 elementor-column elementor-col-100 elementor-top-column\" data-id=\"284ced3\" data-element_type=\"column\">\n\t\t\t<div class=\"elementor-column-wrap  elementor-element-populated\">\n\t\t\t\t\t<div class=\"elementor-widget-wrap\">\n\t\t\t\t<div class=\"elementor-element elementor-element-0d86249 elementor-widget elementor-widget-text-editor\" data-id=\"0d86249\" data-element_type=\"widget\" data-widget_type=\"text-editor.default\">\n\t\t\t\t<div class=\"elementor-widget-container\">\n\t\t\t\t\t<div class=\"elementor-text-editor elementor-clearfix\"><p><a href=\"http:\/\/hdl.handle.net\/10433\/12825\"><em>Lux in tenebris lucet<\/em><\/a>. Payo Hernanz, Ren\u00e9 Jes\u00fas (Publicaciones Enredars \/ Andavira Editora, 2022)<\/p><p><a href=\"http:\/\/hdl.handle.net\/10433\/12826\">\u00a1Viene el se\u00f1or ar\u00e7obispo&#8230;! Nombramientos, tomas de posesi\u00f3n y entradas episcopales en Valencia durante los siglos XVI y XVII<\/a>. Callado Estela, Emilio (Publicaciones Enredars \/ Andavira Editora, 2022)<\/p><p><a href=\"http:\/\/hdl.handle.net\/10433\/12827\">La Catedral de M\u00e1laga, entre tradici\u00f3n e innovaci\u00f3n<\/a>. Camacho Mart\u00ednez, M\u00aa. del Rosario (Publicaciones Enredars \/ Andavira Editora, 2022)<\/p><p><a href=\"http:\/\/hdl.handle.net\/10433\/12828\">La cultura art\u00edstica de dos sacerdotes de la Catedral de Sevilla en la primera mitad del siglo XVII: Diego Vidal de Liendo y Mateo V\u00e1zquez de Leca<\/a>. Romero Torres, Jos\u00e9 Luis (Publicaciones Enredars\/ Andavira Editora, 2022)<\/p><p><a href=\"http:\/\/hdl.handle.net\/10433\/12829\">Mas all\u00e1 de la aparici\u00f3n de Clavijo. Identidad, culto y restauraci\u00f3n del legado jacobeo en la Catedral nueva de L\u00e9rida<\/a>. Rega Castro, Iv\u00e1n (Publicaciones Enredars \/ Andavira Editora, 2022)<\/p><p><a href=\"http:\/\/hdl.handle.net\/10433\/12830\">Reivindicar una catedral: la Seo de Zaragoza en los siglos XVII-XVIII<\/a>. Lozano L\u00f3pez, Juan Carlos (Publicaciones Enredars \/ Andavira Editora, 2022)<\/p><p><a href=\"http:\/\/hdl.handle.net\/10433\/12831\">Regalos de indianos para la capilla de Nuestra Se\u00f1ora de lahttp:\/\/hdl.handle.net\/ Antigua de la Catedral de Sevilla en los siglos XVII y XVIII<\/a>. S\u00e1nchez-Cortegana, Jos\u00e9 Mar\u00eda (Publicaciones Enredars \/ Andavira Editora, 2022)<\/p><p><a href=\"http:\/\/hdl.handle.net\/10433\/12832\">Entre la <em>concinnitas<\/em> vitrubiana y la apuesta por la modernidad en los inicios de la arquitectura de la Ilustraci\u00f3n en Espa\u00f1a. Las intervenciones e informes del arquitecto Juan de Sagarbinaga en cinco catedrales y una colegiata hispanas<\/a>. Azofra Agust\u00edn, Eduardo (Publicaciones Enredars \/ Andavira Editora, 2022)<\/p><p><a href=\"http:\/\/hdl.handle.net\/10433\/12833\">Catedral Bas\u00edlica de S\u00e3o Salvador da Bahia<\/a>. Tirapeli, Percival (Publicaciones Enredars \/ Andavira Editora, 2022)<\/p><p><a href=\"http:\/\/hdl.handle.net\/10433\/12840\">Actividad art\u00edstica durante el siglo XVII en la Catedral de Valencia<\/a>. P\u00e9rez Gim\u00e9nez, Juan Ignacio (Publicaciones Enredars \/ Andavira Editora, 2022)<\/p><p><a href=\"http:\/\/hdl.handle.net\/10433\/12834\">El coro y las ceremonias en la catedral de Michoac\u00e1n durante el siglo XVIII<\/a>. F\u00e9lix Rocha, Hugo Armando (Publicaciones Enredars \/ Andavira Editora, 2022)<\/p><p><a href=\"http:\/\/hdl.handle.net\/10433\/12835\">La huella del Barroco en Centroam\u00e9rica: Catedral de Le\u00f3n de Nicaragua<\/a>. Ortiz Oviedo, Ana Francis; Rodr\u00edguez V\u00e1squez, Eduardo Antonio (Publicaciones Enredars \/ Andavira Editora, 2022)<\/p><p><a href=\"http:\/\/hdl.handle.net\/10433\/12836\">La catedral de Astorga durante el Barroco: Un di\u00e1logo entre tradici\u00f3n y novedad<\/a>. Morais Vallejo, Emilio (Publicaciones Enredars \/ Andavira Editora, 2022)<\/p><p><a href=\"http:\/\/hdl.handle.net\/10433\/12837\">Juan G\u00f3mez de Trasmonte en las catedrales de M\u00e9xico y Puebla<\/a>. Fern\u00e1ndez, Martha (Publicaciones Enredars \/ Andavira Editora, 2022)<\/p><p><a href=\"http:\/\/hdl.handle.net\/10433\/12838\">Imagen visual del poder pol\u00edtico en la Catedral de Orihuel<\/a>a. Cecilia Espinosa, Mariano; Ruiz \u00c1ngel, Gemma (Publicaciones Enredars \/ Andavira Editora, 2022)<\/p><p><a href=\"http:\/\/hdl.handle.net\/10433\/12839\">La presencia de maestros de arquitectura en la catedral de Guadalajara en Nueva Galicia durante los siglos XVII y XVIII<\/a>. Camacho C\u00e1rdenas, Enrique (Publicaciones Enredars \/ Andavira Editora, 2022)<\/p><p><a href=\"http:\/\/hdl.handle.net\/10433\/12841\">La obra de Francisco Becerra en la catedral de Lima<\/a>. Fern\u00e1ndez Mu\u00f1oz, Yolanda (Publicaciones Enredars \/ Andavira Editora, 2022)<\/p><p>Illescas, Laura; Monterroso, Juan Manuel; Payo, Ren\u00e9 Jes\u00fas; Quiles, Fernando (eds). <a href=\"http:\/\/hdl.handle.net\/10433\/12785\"><em>Catedrales. Mundo iberoamericano. Siglos XVII-XVIII<\/em><\/a>. Vol. I. Santiago de Compostela, Andavira Editora, Sevilla, Enredars\/Universidad Pablo de Olavide, 2022. ISBN: 978-84-124831-7-8.<\/p><\/div>\n\t\t\t\t<\/div>\n\t\t\t\t<\/div>\n\t\t\t\t\t\t<\/div>\n\t\t\t<\/div>\n\t\t<\/div>\n\t\t\t\t\t\t<\/div>\n\t\t\t<\/div>\n\t\t<\/section>\n\t\t\t\t\t\t<\/div>\n\t\t\t<\/div>\n\t\t<\/div>\n\t\t","protected":false},"excerpt":{"rendered":"<p>Detalles del libro Editores: Laura Illescas, Juan Manuel Monterroso, Ren\u00e9 Jes\u00fas Payo y Fernando Quiles Editorial: Enredars Publicaciones y Andavira[&#8230;]<\/p>\n","protected":false},"author":1,"featured_media":0,"parent":0,"menu_order":0,"comment_status":"closed","ping_status":"closed","template":"template-fullwidth.php","meta":{"footnotes":""},"_links":{"self":[{"href":"https:\/\/www.upo.es\/investiga\/enredars\/index.php?rest_route=\/wp\/v2\/pages\/2233"}],"collection":[{"href":"https:\/\/www.upo.es\/investiga\/enredars\/index.php?rest_route=\/wp\/v2\/pages"}],"about":[{"href":"https:\/\/www.upo.es\/investiga\/enredars\/index.php?rest_route=\/wp\/v2\/types\/page"}],"author":[{"embeddable":true,"href":"https:\/\/www.upo.es\/investiga\/enredars\/index.php?rest_route=\/wp\/v2\/users\/1"}],"replies":[{"embeddable":true,"href":"https:\/\/www.upo.es\/investiga\/enredars\/index.php?rest_route=%2Fwp%2Fv2%2Fcomments&post=2233"}],"version-history":[{"count":5,"href":"https:\/\/www.upo.es\/investiga\/enredars\/index.php?rest_route=\/wp\/v2\/pages\/2233\/revisions"}],"predecessor-version":[{"id":2640,"href":"https:\/\/www.upo.es\/investiga\/enredars\/index.php?rest_route=\/wp\/v2\/pages\/2233\/revisions\/2640"}],"wp:attachment":[{"href":"https:\/\/www.upo.es\/investiga\/enredars\/index.php?rest_route=%2Fwp%2Fv2%2Fmedia&parent=2233"}],"curies":[{"name":"wp","href":"https:\/\/api.w.org\/{rel}","templated":true}]}}