{"id":2265,"date":"2022-06-03T19:20:31","date_gmt":"2022-06-03T18:20:31","guid":{"rendered":"https:\/\/www.upo.es\/investiga\/enredars\/?page_id=2265"},"modified":"2023-12-30T16:35:35","modified_gmt":"2023-12-30T15:35:35","slug":"honduras-sabor-de-sueno-su-legado-cultural","status":"publish","type":"page","link":"https:\/\/www.upo.es\/investiga\/enredars\/?page_id=2265","title":{"rendered":"Honduras sabor de sue\u00f1o. Su legado cultural"},"content":{"rendered":"\t\t<div data-elementor-type=\"wp-page\" data-elementor-id=\"2265\" class=\"elementor elementor-2265\" data-elementor-settings=\"[]\">\n\t\t\t<div class=\"elementor-inner\">\n\t\t\t\t<div class=\"elementor-section-wrap\">\n\t\t\t\t\t\t\t<section class=\"elementor-element elementor-element-26335f0 elementor-section-boxed elementor-section-height-default elementor-section-height-default elementor-section elementor-top-section\" data-id=\"26335f0\" data-element_type=\"section\">\n\t\t\t\t\t\t<div class=\"elementor-container elementor-column-gap-default\">\n\t\t\t\t<div class=\"elementor-row\">\n\t\t\t\t<div class=\"elementor-element elementor-element-e4576c0 elementor-column elementor-col-100 elementor-top-column\" data-id=\"e4576c0\" data-element_type=\"column\">\n\t\t\t<div class=\"elementor-column-wrap  elementor-element-populated\">\n\t\t\t\t\t<div class=\"elementor-widget-wrap\">\n\t\t\t\t<div class=\"elementor-element elementor-element-5d36d13 elementor-widget elementor-widget-spacer\" data-id=\"5d36d13\" data-element_type=\"widget\" data-widget_type=\"spacer.default\">\n\t\t\t\t<div class=\"elementor-widget-container\">\n\t\t\t\t\t<div class=\"elementor-spacer\">\n\t\t\t<div class=\"elementor-spacer-inner\"><\/div>\n\t\t<\/div>\n\t\t\t\t<\/div>\n\t\t\t\t<\/div>\n\t\t\t\t\t\t<\/div>\n\t\t\t<\/div>\n\t\t<\/div>\n\t\t\t\t\t\t<\/div>\n\t\t\t<\/div>\n\t\t<\/section>\n\t\t\t\t<section class=\"elementor-element elementor-element-34ff771 elementor-section-boxed elementor-section-height-default elementor-section-height-default elementor-section elementor-top-section\" data-id=\"34ff771\" data-element_type=\"section\">\n\t\t\t\t\t\t<div class=\"elementor-container elementor-column-gap-default\">\n\t\t\t\t<div class=\"elementor-row\">\n\t\t\t\t<div class=\"elementor-element elementor-element-2accda8 elementor-column elementor-col-50 elementor-top-column\" data-id=\"2accda8\" data-element_type=\"column\">\n\t\t\t<div class=\"elementor-column-wrap  elementor-element-populated\">\n\t\t\t\t\t<div class=\"elementor-widget-wrap\">\n\t\t\t\t<div class=\"elementor-element elementor-element-678d062 elementor-widget elementor-widget-image\" data-id=\"678d062\" data-element_type=\"widget\" data-widget_type=\"image.default\">\n\t\t\t\t<div class=\"elementor-widget-container\">\n\t\t\t\t\t<div class=\"elementor-image\">\n\t\t\t\t\t\t\t\t\t\t\t<a href=\"https:\/\/rio.upo.es\/xmlui\/handle\/10433\/13440\">\n\t\t\t\t\t\t\t<img loading=\"lazy\" decoding=\"async\" width=\"212\" height=\"300\" src=\"https:\/\/www.upo.es\/investiga\/enredars\/wp-content\/uploads\/2022\/06\/Portada_Honduras-212x300.jpg\" class=\"elementor-animation-bounce-in attachment-medium size-medium\" alt=\"\" srcset=\"https:\/\/www.upo.es\/investiga\/enredars\/wp-content\/uploads\/2022\/06\/Portada_Honduras-212x300.jpg 212w, https:\/\/www.upo.es\/investiga\/enredars\/wp-content\/uploads\/2022\/06\/Portada_Honduras-725x1024.jpg 725w, https:\/\/www.upo.es\/investiga\/enredars\/wp-content\/uploads\/2022\/06\/Portada_Honduras-768x1085.jpg 768w, https:\/\/www.upo.es\/investiga\/enredars\/wp-content\/uploads\/2022\/06\/Portada_Honduras.jpg 1004w\" sizes=\"(max-width: 212px) 100vw, 212px\" \/>\t\t\t\t\t\t\t\t<\/a>\n\t\t\t\t\t\t\t\t\t\t\t<\/div>\n\t\t\t\t<\/div>\n\t\t\t\t<\/div>\n\t\t\t\t\t\t<\/div>\n\t\t\t<\/div>\n\t\t<\/div>\n\t\t\t\t<div class=\"elementor-element elementor-element-5f0b848 elementor-column elementor-col-50 elementor-top-column\" data-id=\"5f0b848\" data-element_type=\"column\">\n\t\t\t<div class=\"elementor-column-wrap  elementor-element-populated\">\n\t\t\t\t\t<div class=\"elementor-widget-wrap\">\n\t\t\t\t<div class=\"elementor-element elementor-element-628f647 elementor-widget elementor-widget-text-editor\" data-id=\"628f647\" data-element_type=\"widget\" data-widget_type=\"text-editor.default\">\n\t\t\t\t<div class=\"elementor-widget-container\">\n\t\t\t\t\t<div class=\"elementor-text-editor elementor-clearfix\"><p>Detalles del libro<\/p><ul><li>Editora: Carmen Yadira Cruz Rivas<\/li><li>Editoriales: Enredars Publicaciones<\/li><li>19.\u00ba volumen de la colecci\u00f3n AcerVos<\/li><li>ISBN: 978-84-09-41837-4<\/li><li>A\u00f1o de publicaci\u00f3n: 2022<\/li><li>N\u00famero de p\u00e1ginas: 243<\/li><\/ul><h3 style=\"text-align: center;\"><a href=\"http:\/\/hdl.handle.net\/10433\/13440\"><strong>Acceder ahora al lhttp:\/\/hdl.handle.net\/ibro<\/strong><\/a><\/h3><\/div>\n\t\t\t\t<\/div>\n\t\t\t\t<\/div>\n\t\t\t\t\t\t<\/div>\n\t\t\t<\/div>\n\t\t<\/div>\n\t\t\t\t\t\t<\/div>\n\t\t\t<\/div>\n\t\t<\/section>\n\t\t\t\t<section class=\"elementor-element elementor-element-294de32 elementor-section-boxed elementor-section-height-default elementor-section-height-default elementor-section elementor-top-section\" data-id=\"294de32\" data-element_type=\"section\">\n\t\t\t\t\t\t<div class=\"elementor-container elementor-column-gap-default\">\n\t\t\t\t<div class=\"elementor-row\">\n\t\t\t\t<div class=\"elementor-element elementor-element-a6942bd elementor-column elementor-col-100 elementor-top-column\" data-id=\"a6942bd\" data-element_type=\"column\">\n\t\t\t<div class=\"elementor-column-wrap  elementor-element-populated\">\n\t\t\t\t\t<div class=\"elementor-widget-wrap\">\n\t\t\t\t<div class=\"elementor-element elementor-element-304f0f7 elementor-widget elementor-widget-spacer\" data-id=\"304f0f7\" data-element_type=\"widget\" data-widget_type=\"spacer.default\">\n\t\t\t\t<div class=\"elementor-widget-container\">\n\t\t\t\t\t<div class=\"elementor-spacer\">\n\t\t\t<div class=\"elementor-spacer-inner\"><\/div>\n\t\t<\/div>\n\t\t\t\t<\/div>\n\t\t\t\t<\/div>\n\t\t\t\t\t\t<\/div>\n\t\t\t<\/div>\n\t\t<\/div>\n\t\t\t\t\t\t<\/div>\n\t\t\t<\/div>\n\t\t<\/section>\n\t\t\t\t<section class=\"elementor-element elementor-element-9462b60 elementor-section-boxed elementor-section-height-default elementor-section-height-default elementor-section elementor-top-section\" data-id=\"9462b60\" data-element_type=\"section\">\n\t\t\t\t\t\t<div class=\"elementor-container elementor-column-gap-default\">\n\t\t\t\t<div class=\"elementor-row\">\n\t\t\t\t<div class=\"elementor-element elementor-element-93e7f66 elementor-column elementor-col-100 elementor-top-column\" data-id=\"93e7f66\" data-element_type=\"column\">\n\t\t\t<div class=\"elementor-column-wrap  elementor-element-populated\">\n\t\t\t\t\t<div class=\"elementor-widget-wrap\">\n\t\t\t\t<div class=\"elementor-element elementor-element-436d9a8 elementor-widget elementor-widget-text-editor\" data-id=\"436d9a8\" data-element_type=\"widget\" data-widget_type=\"text-editor.default\">\n\t\t\t\t<div class=\"elementor-widget-container\">\n\t\t\t\t\t<div class=\"elementor-text-editor elementor-clearfix\"><p><a href=\"http:\/\/hdl.handle.net\/10433\/13544\">Honduras sabor de sue\u00f1o<\/a>. Cruz Rivas, Carmen Yadira\u00a0(Publicaciones Enredars,\u00a02022)<\/p><p><em><strong>Puentes<\/strong><\/em><\/p><p><a href=\"http:\/\/hdl.handle.net\/10433\/13545\">Tegucigalpa\/ Comayag\u00fcela: un centro hist\u00f3rico como hogar p\u00fablico para el arte<\/a>. Mart\u00ednez Ferrari, Ariel Astur\u00a0(Publicaciones Enredars,\u00a02022)<\/p><p><a href=\"http:\/\/hdl.handle.net\/10433\/13546\">La Orquesta Sinf\u00f3nica de Tegucigalpa<\/a>. Valladares Hern\u00e1ndez, Cindy Paola\u00a0(Publicaciones Enredars,\u00a02022)<\/p><p><a href=\"http:\/\/hdl.handle.net\/10433\/13547\">La Tempestad: hacia un teatro antropol\u00f3gico<\/a>. Ochoa Camacho, Tito Antonio\u00a0(2022)<\/p><p><a href=\"http:\/\/hdl.handle.net\/10433\/13548\">Aproximaci\u00f3n a una Historia Cr\u00edtica del Cine y el Audiovisual en Honduras<\/a>. Medrano Matamoros, Nolban\u00a0(Publicaciones Enredars,\u00a02022)<\/p><p><em><strong>La vida en vigilia<\/strong><\/em><\/p><p><a href=\"http:\/\/hdl.handle.net\/10433\/13549\">Recuerdos alborotados de la Avenida Jerez: tejiendo la vida cotidiana en la vida nacional<\/a>. Lara Pinto, Gloria\u00a0(Publicaciones Enredars,\u00a02022)<\/p><p><a href=\"http:\/\/hdl.handle.net\/10433\/13550\">Obra art\u00edstica<\/a>. Mungu\u00eda, Kathy\u00a0(2022)<\/p><p><a href=\"http:\/\/hdl.handle.net\/10433\/13523\">Reasignaci\u00f3n +Resignaci\u00f3n<\/a>. Barahona, Miguel\u00a0(Publicaciones Enredars,\u00a02022)<\/p><p><a href=\"http:\/\/hdl.handle.net\/10433\/13524\">Honduras Sabor de sue\u00f1o<\/a>. Flores, Celsa\u00a0(Publicaciones Enredars,\u00a02022)<\/p><p><a href=\"http:\/\/hdl.handle.net\/10433\/13525\">Honduras en el Bicentenario: Construir Patria<\/a>. Falck, Mayra\u00a0(Publicaciones Enredars,\u00a02022)<\/p><p><em><strong>Estar vivo no basta<\/strong><\/em><\/p><p><a href=\"http:\/\/hdl.handle.net\/10433\/13551\">Arboretum<\/a>. Lara Hidalgo, Armando\u00a0(2022)<\/p><p><a href=\"http:\/\/hdl.handle.net\/10433\/13552\">Poemas<\/a>. B\u00fa, Xiomara\u00a0(Publicaciones Enredars,\u00a02022)<\/p><p><a href=\"http:\/\/hdl.handle.net\/10433\/13553\">El Sur<\/a>. Sosa, Arturo\u00a0(Publicaciones Enredars,\u00a02022)<\/p><p><a href=\"http:\/\/hdl.handle.net\/10433\/13554\">Apuntes sobre la historia de la moda en Honduras<\/a>. Paredes Lardiz\u00e1bal, Alejandra\u00a0(Publicaciones Enredars,\u00a02022)<\/p><p><a href=\"http:\/\/hdl.handle.net\/10433\/13526\">Poemas<\/a>. Campos, Gustavo\u00a0(Publicaciones Enredars,\u00a02022)<\/p><p><em><strong>Confrontaci\u00f3n con las sombras<\/strong><\/em><\/p><p><a href=\"http:\/\/hdl.handle.net\/10433\/13527\">Representaci\u00f3n de la violencia de g\u00e9nero en cuatro cuentos hondure\u00f1os del siglo XXI<\/a>. Ramos, Mar\u00eda Eugenia\u00a0(Publicaciones Enredars,\u00a02022)<\/p><p><a href=\"http:\/\/hdl.handle.net\/10433\/13555\">Cr\u00f3nicas del tiempo<\/a>. Montero-Matamoros, Johanna\u00a0(Publicaciones Enredars,\u00a02022)<\/p><p><a href=\"http:\/\/hdl.handle.net\/10433\/13556\">Cuando el amanecer empieza<\/a>. Cacho, Xiomara\u00a0(Publicaciones Enredars,\u00a02022)<\/p><p><a href=\"http:\/\/hdl.handle.net\/10433\/13557\">Poemas<\/a>. Ortez, Ingrid\u00a0(Publicaciones Enredars,\u00a02022)<\/p><p><a href=\"http:\/\/hdl.handle.net\/10433\/13558\">Palabras que no sustituyen la m\u00fasica. M\u00fasica en tiempos de pandemia<\/a>. Mej\u00eda, Maestro Jorge\u00a0(Publicaciones Enredars,\u00a02022)<\/p><p><a href=\"http:\/\/hdl.handle.net\/10433\/13559\">Reflexiones sobre el Bicentenario de la independencia de Centroam\u00e9rica en contexto de la pandemia<\/a>. Amaya Banegas, Jorge Alberto\u00a0(Publicaciones Enredars,\u00a02022)<\/p><p><a href=\"http:\/\/hdl.handle.net\/10433\/13560\">Abrir el coraz\u00f3n aal viento<\/a>. Dobinger-\u00c1lvarez Quioto, Josefina\u00a0(Publicaciones Enredars,\u00a02022)<\/p><p>Cruz Rivas, Carmen Yadira, (ed.).\u00a0<em><a href=\"http:\/\/hdl.handle.net\/10433\/13561\">Honduras sabor de sue\u00f1o. Sua legado cultural<\/a><\/em>. Vol. XIX. Sevilla, Enredars\/Universidad Pablo de Olavide, 2022. ISBN: 978-84-09-41837-4.<\/p><\/div>\n\t\t\t\t<\/div>\n\t\t\t\t<\/div>\n\t\t\t\t\t\t<\/div>\n\t\t\t<\/div>\n\t\t<\/div>\n\t\t\t\t\t\t<\/div>\n\t\t\t<\/div>\n\t\t<\/section>\n\t\t\t\t\t\t<\/div>\n\t\t\t<\/div>\n\t\t<\/div>\n\t\t","protected":false},"excerpt":{"rendered":"<p>Detalles del libro Editora: Carmen Yadira Cruz Rivas Editoriales: Enredars Publicaciones 19.\u00ba volumen de la colecci\u00f3n AcerVos ISBN: 978-84-09-41837-4 A\u00f1o[&#8230;]<\/p>\n","protected":false},"author":1,"featured_media":0,"parent":0,"menu_order":0,"comment_status":"closed","ping_status":"closed","template":"template-fullwidth.php","meta":{"footnotes":""},"_links":{"self":[{"href":"https:\/\/www.upo.es\/investiga\/enredars\/index.php?rest_route=\/wp\/v2\/pages\/2265"}],"collection":[{"href":"https:\/\/www.upo.es\/investiga\/enredars\/index.php?rest_route=\/wp\/v2\/pages"}],"about":[{"href":"https:\/\/www.upo.es\/investiga\/enredars\/index.php?rest_route=\/wp\/v2\/types\/page"}],"author":[{"embeddable":true,"href":"https:\/\/www.upo.es\/investiga\/enredars\/index.php?rest_route=\/wp\/v2\/users\/1"}],"replies":[{"embeddable":true,"href":"https:\/\/www.upo.es\/investiga\/enredars\/index.php?rest_route=%2Fwp%2Fv2%2Fcomments&post=2265"}],"version-history":[{"count":4,"href":"https:\/\/www.upo.es\/investiga\/enredars\/index.php?rest_route=\/wp\/v2\/pages\/2265\/revisions"}],"predecessor-version":[{"id":2735,"href":"https:\/\/www.upo.es\/investiga\/enredars\/index.php?rest_route=\/wp\/v2\/pages\/2265\/revisions\/2735"}],"wp:attachment":[{"href":"https:\/\/www.upo.es\/investiga\/enredars\/index.php?rest_route=%2Fwp%2Fv2%2Fmedia&parent=2265"}],"curies":[{"name":"wp","href":"https:\/\/api.w.org\/{rel}","templated":true}]}}