{"id":2281,"date":"2022-10-01T05:52:17","date_gmt":"2022-10-01T04:52:17","guid":{"rendered":"https:\/\/www.upo.es\/investiga\/enredars\/?page_id=2281"},"modified":"2023-12-30T15:45:11","modified_gmt":"2023-12-30T14:45:11","slug":"las-travesias-del-desierto-la-generacion-sevillana-de-los-anos-80-1982-2015-treinta-anos-de-evolucion-profesional-en-diez-artistas","status":"publish","type":"page","link":"https:\/\/www.upo.es\/investiga\/enredars\/?page_id=2281","title":{"rendered":"Las traves\u00edas del desierto. La Generaci\u00f3n sevillana de los a\u00f1os 80. 1982-2015. Treinta a\u00f1os de evoluci\u00f3n profesional en diez artistas"},"content":{"rendered":"\t\t<div data-elementor-type=\"wp-page\" data-elementor-id=\"2281\" class=\"elementor elementor-2281\" data-elementor-settings=\"[]\">\n\t\t\t<div class=\"elementor-inner\">\n\t\t\t\t<div class=\"elementor-section-wrap\">\n\t\t\t\t\t\t\t<section class=\"elementor-element elementor-element-fd8c863 elementor-section-boxed elementor-section-height-default elementor-section-height-default elementor-section elementor-top-section\" data-id=\"fd8c863\" data-element_type=\"section\">\n\t\t\t\t\t\t<div class=\"elementor-container elementor-column-gap-default\">\n\t\t\t\t<div class=\"elementor-row\">\n\t\t\t\t<div class=\"elementor-element elementor-element-a86cf15 elementor-column elementor-col-100 elementor-top-column\" data-id=\"a86cf15\" data-element_type=\"column\">\n\t\t\t<div class=\"elementor-column-wrap  elementor-element-populated\">\n\t\t\t\t\t<div class=\"elementor-widget-wrap\">\n\t\t\t\t<div class=\"elementor-element elementor-element-894c5bb elementor-widget elementor-widget-spacer\" data-id=\"894c5bb\" data-element_type=\"widget\" data-widget_type=\"spacer.default\">\n\t\t\t\t<div class=\"elementor-widget-container\">\n\t\t\t\t\t<div class=\"elementor-spacer\">\n\t\t\t<div class=\"elementor-spacer-inner\"><\/div>\n\t\t<\/div>\n\t\t\t\t<\/div>\n\t\t\t\t<\/div>\n\t\t\t\t\t\t<\/div>\n\t\t\t<\/div>\n\t\t<\/div>\n\t\t\t\t\t\t<\/div>\n\t\t\t<\/div>\n\t\t<\/section>\n\t\t\t\t<section class=\"elementor-element elementor-element-6eb9ba9 elementor-section-boxed elementor-section-height-default elementor-section-height-default elementor-section elementor-top-section\" data-id=\"6eb9ba9\" data-element_type=\"section\">\n\t\t\t\t\t\t<div class=\"elementor-container elementor-column-gap-default\">\n\t\t\t\t<div class=\"elementor-row\">\n\t\t\t\t<div class=\"elementor-element elementor-element-ac9dd29 elementor-column elementor-col-50 elementor-top-column\" data-id=\"ac9dd29\" data-element_type=\"column\">\n\t\t\t<div class=\"elementor-column-wrap  elementor-element-populated\">\n\t\t\t\t\t<div class=\"elementor-widget-wrap\">\n\t\t\t\t<div class=\"elementor-element elementor-element-8e67800 elementor-widget elementor-widget-image\" data-id=\"8e67800\" data-element_type=\"widget\" data-widget_type=\"image.default\">\n\t\t\t\t<div class=\"elementor-widget-container\">\n\t\t\t\t\t<div class=\"elementor-image\">\n\t\t\t\t\t\t\t\t\t\t\t<a href=\"https:\/\/rio.upo.es\/xmlui\/handle\/10433\/14503\">\n\t\t\t\t\t\t\t<img loading=\"lazy\" decoding=\"async\" width=\"212\" height=\"300\" src=\"https:\/\/www.upo.es\/investiga\/enredars\/wp-content\/uploads\/2022\/10\/Las-traves\u00edas_portada-212x300.jpg\" class=\"elementor-animation-bounce-in attachment-medium size-medium\" alt=\"\" srcset=\"https:\/\/www.upo.es\/investiga\/enredars\/wp-content\/uploads\/2022\/10\/Las-traves\u00edas_portada-212x300.jpg 212w, https:\/\/www.upo.es\/investiga\/enredars\/wp-content\/uploads\/2022\/10\/Las-traves\u00edas_portada-725x1024.jpg 725w, https:\/\/www.upo.es\/investiga\/enredars\/wp-content\/uploads\/2022\/10\/Las-traves\u00edas_portada-768x1084.jpg 768w, https:\/\/www.upo.es\/investiga\/enredars\/wp-content\/uploads\/2022\/10\/Las-traves\u00edas_portada-1088x1536.jpg 1088w, https:\/\/www.upo.es\/investiga\/enredars\/wp-content\/uploads\/2022\/10\/Las-traves\u00edas_portada.jpg 1352w\" sizes=\"(max-width: 212px) 100vw, 212px\" \/>\t\t\t\t\t\t\t\t<\/a>\n\t\t\t\t\t\t\t\t\t\t\t<\/div>\n\t\t\t\t<\/div>\n\t\t\t\t<\/div>\n\t\t\t\t\t\t<\/div>\n\t\t\t<\/div>\n\t\t<\/div>\n\t\t\t\t<div class=\"elementor-element elementor-element-2478bfc elementor-column elementor-col-50 elementor-top-column\" data-id=\"2478bfc\" data-element_type=\"column\">\n\t\t\t<div class=\"elementor-column-wrap  elementor-element-populated\">\n\t\t\t\t\t<div class=\"elementor-widget-wrap\">\n\t\t\t\t<div class=\"elementor-element elementor-element-56db6e4 elementor-widget elementor-widget-text-editor\" data-id=\"56db6e4\" data-element_type=\"widget\" data-widget_type=\"text-editor.default\">\n\t\t\t\t<div class=\"elementor-widget-container\">\n\t\t\t\t\t<div class=\"elementor-text-editor elementor-clearfix\"><p>Detalles del libro<\/p><ul><li>Autor: Juan Ram\u00f3n Rodr\u00edguez-Mateo<\/li><li>Editorial: Enredars Publicaciones y Diputaci\u00f3n Provincial de Sevilla<\/li><li>6.\u00ba volumen de la colecci\u00f3n Cuadernos del Aula<\/li><li>ISBN: 978-84-7798-494-8<\/li><li>A\u00f1o de publicaci\u00f3n: 2022<\/li><li>N\u00famero de p\u00e1ginas: 181<br \/><h3 style=\"text-align: center;\"><a href=\"http:\/\/hdl.handle.net\/10433\/14503\"><strong>Acceder ahora al libro<\/strong><\/a><\/h3><\/li><\/ul><\/div>\n\t\t\t\t<\/div>\n\t\t\t\t<\/div>\n\t\t\t\t\t\t<\/div>\n\t\t\t<\/div>\n\t\t<\/div>\n\t\t\t\t\t\t<\/div>\n\t\t\t<\/div>\n\t\t<\/section>\n\t\t\t\t<section class=\"elementor-element elementor-element-1efa384 elementor-section-boxed elementor-section-height-default elementor-section-height-default elementor-section elementor-top-section\" data-id=\"1efa384\" data-element_type=\"section\">\n\t\t\t\t\t\t<div class=\"elementor-container elementor-column-gap-default\">\n\t\t\t\t<div class=\"elementor-row\">\n\t\t\t\t<div class=\"elementor-element elementor-element-d2eb235 elementor-column elementor-col-100 elementor-top-column\" data-id=\"d2eb235\" data-element_type=\"column\">\n\t\t\t<div class=\"elementor-column-wrap  elementor-element-populated\">\n\t\t\t\t\t<div class=\"elementor-widget-wrap\">\n\t\t\t\t<div class=\"elementor-element elementor-element-4bc3df0 elementor-widget elementor-widget-spacer\" data-id=\"4bc3df0\" data-element_type=\"widget\" data-widget_type=\"spacer.default\">\n\t\t\t\t<div class=\"elementor-widget-container\">\n\t\t\t\t\t<div class=\"elementor-spacer\">\n\t\t\t<div class=\"elementor-spacer-inner\"><\/div>\n\t\t<\/div>\n\t\t\t\t<\/div>\n\t\t\t\t<\/div>\n\t\t\t\t\t\t<\/div>\n\t\t\t<\/div>\n\t\t<\/div>\n\t\t\t\t\t\t<\/div>\n\t\t\t<\/div>\n\t\t<\/section>\n\t\t\t\t<section class=\"elementor-element elementor-element-52d9c79 elementor-section-boxed elementor-section-height-default elementor-section-height-default elementor-section elementor-top-section\" data-id=\"52d9c79\" data-element_type=\"section\">\n\t\t\t\t\t\t<div class=\"elementor-container elementor-column-gap-default\">\n\t\t\t\t<div class=\"elementor-row\">\n\t\t\t\t<div class=\"elementor-element elementor-element-ee20b9e elementor-column elementor-col-100 elementor-top-column\" data-id=\"ee20b9e\" data-element_type=\"column\">\n\t\t\t<div class=\"elementor-column-wrap  elementor-element-populated\">\n\t\t\t\t\t<div class=\"elementor-widget-wrap\">\n\t\t\t\t<div class=\"elementor-element elementor-element-b8a0e20 elementor-widget elementor-widget-text-editor\" data-id=\"b8a0e20\" data-element_type=\"widget\" data-widget_type=\"text-editor.default\">\n\t\t\t\t<div class=\"elementor-widget-container\">\n\t\t\t\t\t<div class=\"elementor-text-editor elementor-clearfix\"><p>Rodr\u00edguez-Mateo, Juan Ram\u00f3n. <em><a href=\"http:\/\/hdl.handle.net\/10433\/14503\">Las traves\u00edas del desierto. La Generaci\u00f3n sevillana de los a\u00f1os 80. 1982-2015. Treinta a\u00f1os de evoluci\u00f3n profesional en diez artistas<\/a>.<\/em>\u00a0 Vol VI. Sevilla, Enredars, Universidad Pablo de Olavide, Diputaci\u00f3n Provincial de Sevilla, 2022. ISBN: 978-84-7798-494-8.<\/p><p><strong>M\u00e1s informaci\u00f3n en:<\/strong><\/p><p><a href=\"https:\/\/archivoypublicaciones.dipusevilla.es\/actualidad\/noticias\/Las-travesias-del-desierto.-La-Generacion-sevillana-de-los-anos-80.-1982-2015.\/\">https:\/\/archivoypublicaciones.dipusevilla.es\/actualidad\/noticias\/Las-travesias-del-desierto.-La-Generacion-sevillana-de-los-anos-80.-1982-2015.\/<\/a><\/p><p><a href=\"https:\/\/www.unebook.es\/es\/especial\/arte-lengua-y-literatura-23-09-2022\/1655\/\">https:\/\/www.unebook.es\/es\/especial\/arte-lengua-y-literatura-23-09-2022\/1655\/<\/a><\/p><\/div>\n\t\t\t\t<\/div>\n\t\t\t\t<\/div>\n\t\t\t\t\t\t<\/div>\n\t\t\t<\/div>\n\t\t<\/div>\n\t\t\t\t\t\t<\/div>\n\t\t\t<\/div>\n\t\t<\/section>\n\t\t\t\t\t\t<\/div>\n\t\t\t<\/div>\n\t\t<\/div>\n\t\t","protected":false},"excerpt":{"rendered":"<p>Detalles del libro Autor: Juan Ram\u00f3n Rodr\u00edguez-Mateo Editorial: Enredars Publicaciones y Diputaci\u00f3n Provincial de Sevilla 6.\u00ba volumen de la colecci\u00f3n[&#8230;]<\/p>\n","protected":false},"author":1,"featured_media":0,"parent":0,"menu_order":0,"comment_status":"closed","ping_status":"closed","template":"template-fullwidth.php","meta":{"footnotes":""},"_links":{"self":[{"href":"https:\/\/www.upo.es\/investiga\/enredars\/index.php?rest_route=\/wp\/v2\/pages\/2281"}],"collection":[{"href":"https:\/\/www.upo.es\/investiga\/enredars\/index.php?rest_route=\/wp\/v2\/pages"}],"about":[{"href":"https:\/\/www.upo.es\/investiga\/enredars\/index.php?rest_route=\/wp\/v2\/types\/page"}],"author":[{"embeddable":true,"href":"https:\/\/www.upo.es\/investiga\/enredars\/index.php?rest_route=\/wp\/v2\/users\/1"}],"replies":[{"embeddable":true,"href":"https:\/\/www.upo.es\/investiga\/enredars\/index.php?rest_route=%2Fwp%2Fv2%2Fcomments&post=2281"}],"version-history":[{"count":9,"href":"https:\/\/www.upo.es\/investiga\/enredars\/index.php?rest_route=\/wp\/v2\/pages\/2281\/revisions"}],"predecessor-version":[{"id":2714,"href":"https:\/\/www.upo.es\/investiga\/enredars\/index.php?rest_route=\/wp\/v2\/pages\/2281\/revisions\/2714"}],"wp:attachment":[{"href":"https:\/\/www.upo.es\/investiga\/enredars\/index.php?rest_route=%2Fwp%2Fv2%2Fmedia&parent=2281"}],"curies":[{"name":"wp","href":"https:\/\/api.w.org\/{rel}","templated":true}]}}