{"id":2380,"date":"2023-02-14T08:08:37","date_gmt":"2023-02-14T07:08:37","guid":{"rendered":"https:\/\/www.upo.es\/investiga\/enredars\/?page_id=2380"},"modified":"2023-12-30T14:20:56","modified_gmt":"2023-12-30T13:20:56","slug":"territorios-rupestres-en-america-latina","status":"publish","type":"page","link":"https:\/\/www.upo.es\/investiga\/enredars\/?page_id=2380","title":{"rendered":"Territorios rupestres en Am\u00e9rica Latina"},"content":{"rendered":"\t\t<div data-elementor-type=\"wp-page\" data-elementor-id=\"2380\" class=\"elementor elementor-2380\" data-elementor-settings=\"[]\">\n\t\t\t<div class=\"elementor-inner\">\n\t\t\t\t<div class=\"elementor-section-wrap\">\n\t\t\t\t\t\t\t<section class=\"elementor-element elementor-element-cb14ca4 elementor-section-boxed elementor-section-height-default elementor-section-height-default elementor-section elementor-top-section\" data-id=\"cb14ca4\" data-element_type=\"section\">\n\t\t\t\t\t\t<div class=\"elementor-container elementor-column-gap-default\">\n\t\t\t\t<div class=\"elementor-row\">\n\t\t\t\t<div class=\"elementor-element elementor-element-6afb5ec elementor-column elementor-col-100 elementor-top-column\" data-id=\"6afb5ec\" data-element_type=\"column\">\n\t\t\t<div class=\"elementor-column-wrap  elementor-element-populated\">\n\t\t\t\t\t<div class=\"elementor-widget-wrap\">\n\t\t\t\t<div class=\"elementor-element elementor-element-83ea424 elementor-widget elementor-widget-spacer\" data-id=\"83ea424\" data-element_type=\"widget\" data-widget_type=\"spacer.default\">\n\t\t\t\t<div class=\"elementor-widget-container\">\n\t\t\t\t\t<div class=\"elementor-spacer\">\n\t\t\t<div class=\"elementor-spacer-inner\"><\/div>\n\t\t<\/div>\n\t\t\t\t<\/div>\n\t\t\t\t<\/div>\n\t\t\t\t\t\t<\/div>\n\t\t\t<\/div>\n\t\t<\/div>\n\t\t\t\t\t\t<\/div>\n\t\t\t<\/div>\n\t\t<\/section>\n\t\t\t\t<section class=\"elementor-element elementor-element-de46d86 elementor-section-boxed elementor-section-height-default elementor-section-height-default elementor-section elementor-top-section\" data-id=\"de46d86\" data-element_type=\"section\">\n\t\t\t\t\t\t<div class=\"elementor-container elementor-column-gap-default\">\n\t\t\t\t<div class=\"elementor-row\">\n\t\t\t\t<div class=\"elementor-element elementor-element-e3de6b7 elementor-column elementor-col-50 elementor-top-column\" data-id=\"e3de6b7\" data-element_type=\"column\">\n\t\t\t<div class=\"elementor-column-wrap  elementor-element-populated\">\n\t\t\t\t\t<div class=\"elementor-widget-wrap\">\n\t\t\t\t<div class=\"elementor-element elementor-element-7ed1318 elementor-widget elementor-widget-image\" data-id=\"7ed1318\" data-element_type=\"widget\" data-widget_type=\"image.default\">\n\t\t\t\t<div class=\"elementor-widget-container\">\n\t\t\t\t\t<div class=\"elementor-image\">\n\t\t\t\t\t\t\t\t\t\t\t<a href=\"https:\/\/rio.upo.es\/xmlui\/handle\/10433\/15702\">\n\t\t\t\t\t\t\t<img loading=\"lazy\" decoding=\"async\" width=\"232\" height=\"300\" src=\"https:\/\/www.upo.es\/investiga\/enredars\/wp-content\/uploads\/2023\/02\/Territorios-Rupestres_portada-232x300.jpg\" class=\"elementor-animation-bounce-in attachment-medium size-medium\" alt=\"\" srcset=\"https:\/\/www.upo.es\/investiga\/enredars\/wp-content\/uploads\/2023\/02\/Territorios-Rupestres_portada-232x300.jpg 232w, https:\/\/www.upo.es\/investiga\/enredars\/wp-content\/uploads\/2023\/02\/Territorios-Rupestres_portada-791x1024.jpg 791w, https:\/\/www.upo.es\/investiga\/enredars\/wp-content\/uploads\/2023\/02\/Territorios-Rupestres_portada-768x994.jpg 768w, https:\/\/www.upo.es\/investiga\/enredars\/wp-content\/uploads\/2023\/02\/Territorios-Rupestres_portada-1187x1536.jpg 1187w, https:\/\/www.upo.es\/investiga\/enredars\/wp-content\/uploads\/2023\/02\/Territorios-Rupestres_portada.jpg 1275w\" sizes=\"(max-width: 232px) 100vw, 232px\" \/>\t\t\t\t\t\t\t\t<\/a>\n\t\t\t\t\t\t\t\t\t\t\t<\/div>\n\t\t\t\t<\/div>\n\t\t\t\t<\/div>\n\t\t\t\t\t\t<\/div>\n\t\t\t<\/div>\n\t\t<\/div>\n\t\t\t\t<div class=\"elementor-element elementor-element-5f4276c elementor-column elementor-col-50 elementor-top-column\" data-id=\"5f4276c\" data-element_type=\"column\">\n\t\t\t<div class=\"elementor-column-wrap  elementor-element-populated\">\n\t\t\t\t\t<div class=\"elementor-widget-wrap\">\n\t\t\t\t<div class=\"elementor-element elementor-element-7793bf1 elementor-widget elementor-widget-text-editor\" data-id=\"7793bf1\" data-element_type=\"widget\" data-widget_type=\"text-editor.default\">\n\t\t\t\t<div class=\"elementor-widget-container\">\n\t\t\t\t\t<div class=\"elementor-text-editor elementor-clearfix\"><p>Detalles del libro<\/p><ul><li>Editores: Aline Lara Galicia y Luis A. Martos L\u00f3pez<\/li><li>Editorial: Enredars Publicaciones<\/li><li>4.\u00ba volumen de la colecci\u00f3n Culturas Originarias<\/li><li>ISBN: 978-84-09-48468-3<\/li><li>A\u00f1o de publicaci\u00f3n: 2023<\/li><li>N\u00famero de p\u00e1ginas: 281<\/li><\/ul><h3 style=\"text-align: center;\"><a href=\"http:\/\/hdl.handle.net\/10433\/15702\"><strong>Acceder ahora al libro<\/strong><\/a><\/h3><\/div>\n\t\t\t\t<\/div>\n\t\t\t\t<\/div>\n\t\t\t\t\t\t<\/div>\n\t\t\t<\/div>\n\t\t<\/div>\n\t\t\t\t\t\t<\/div>\n\t\t\t<\/div>\n\t\t<\/section>\n\t\t\t\t<section class=\"elementor-element elementor-element-0cb8d54 elementor-section-boxed elementor-section-height-default elementor-section-height-default elementor-section elementor-top-section\" data-id=\"0cb8d54\" data-element_type=\"section\">\n\t\t\t\t\t\t<div class=\"elementor-container elementor-column-gap-default\">\n\t\t\t\t<div class=\"elementor-row\">\n\t\t\t\t<div class=\"elementor-element elementor-element-9b0a8dc elementor-column elementor-col-100 elementor-top-column\" data-id=\"9b0a8dc\" data-element_type=\"column\">\n\t\t\t<div class=\"elementor-column-wrap  elementor-element-populated\">\n\t\t\t\t\t<div class=\"elementor-widget-wrap\">\n\t\t\t\t<div class=\"elementor-element elementor-element-28a5fd7 elementor-widget elementor-widget-spacer\" data-id=\"28a5fd7\" data-element_type=\"widget\" data-widget_type=\"spacer.default\">\n\t\t\t\t<div class=\"elementor-widget-container\">\n\t\t\t\t\t<div class=\"elementor-spacer\">\n\t\t\t<div class=\"elementor-spacer-inner\"><\/div>\n\t\t<\/div>\n\t\t\t\t<\/div>\n\t\t\t\t<\/div>\n\t\t\t\t\t\t<\/div>\n\t\t\t<\/div>\n\t\t<\/div>\n\t\t\t\t\t\t<\/div>\n\t\t\t<\/div>\n\t\t<\/section>\n\t\t\t\t<section class=\"elementor-element elementor-element-af96ba3 elementor-section-boxed elementor-section-height-default elementor-section-height-default elementor-section elementor-top-section\" data-id=\"af96ba3\" data-element_type=\"section\">\n\t\t\t\t\t\t<div class=\"elementor-container elementor-column-gap-default\">\n\t\t\t\t<div class=\"elementor-row\">\n\t\t\t\t<div class=\"elementor-element elementor-element-724113e elementor-column elementor-col-100 elementor-top-column\" data-id=\"724113e\" data-element_type=\"column\">\n\t\t\t<div class=\"elementor-column-wrap  elementor-element-populated\">\n\t\t\t\t\t<div class=\"elementor-widget-wrap\">\n\t\t\t\t<div class=\"elementor-element elementor-element-efaee86 elementor-widget elementor-widget-text-editor\" data-id=\"efaee86\" data-element_type=\"widget\" data-widget_type=\"text-editor.default\">\n\t\t\t\t<div class=\"elementor-widget-container\">\n\t\t\t\t\t<div class=\"elementor-text-editor elementor-clearfix\"><p><a href=\"http:\/\/hdl.handle.net\/10433\/15704\">En el vientre de la tierra: Las cuevas mayas en el corredor k\u00e1rstico de Yucat\u00e1n, M\u00e9xico<\/a>. Martos L\u00f3pez, Luis\u00a0(Publicaciones Enredars,\u00a02023)<\/p><p><a href=\"http:\/\/hdl.handle.net\/10433\/15705\">Cuevas y gemelos en el arte rupestre de El Tepoz\u00e1n, Guanajuato, M\u00e9xico<\/a>. Viramontes Anzures, Carlos\u00a0(Publicaciones Enredars,\u00a02023)<\/p><p><a href=\"http:\/\/hdl.handle.net\/10433\/15706\">Llantos de lluvia. Cuevas de Palancares, umbral del principio dual de los pueblos de la Tierra de Hule, sur de Veracruz, M\u00e9xico<\/a>. Hern\u00e1ndez Jim\u00e9nez, Mar\u00eda de Lourdes;\u00a0Moreno D\u00edaz, Manuel\u00a0(Publicaciones Enredars,\u00a02023)<\/p><p><a href=\"http:\/\/hdl.handle.net\/10433\/15707\">Tres im\u00e1genes que hechizan en el arte rupestre de tradici\u00f3n Olmeca, en las cuevas del Estado de Guerrero, M\u00e9xico<\/a>. Cabrera Guerrero, Martha\u00a0(Publicaciones Enredars,\u00a02023)<\/p><p><a href=\"http:\/\/hdl.handle.net\/10433\/15708\">Im\u00e1genes, espacios y tiempo en Oaxaca, M\u00e9xico. El arte rupestre y los usos del medio natural como expresi\u00f3n cultural<\/a>. Ram\u00edrez Barrera, Sandra Liliana\u00a0(Publicaciones Enredars,\u00a02023)<\/p><p><a href=\"http:\/\/hdl.handle.net\/10433\/15709\">Arte rupestre, territorios y cronolog\u00eda en El Salvador prehisp\u00e1nico<\/a>. Costa, Philippe\u00a0(Publicaciones Enredars,\u00a02023)<\/p><p><a href=\"http:\/\/hdl.handle.net\/10433\/15710\">Paisaje y arte rupestre en la cuenca alta del r\u00edo Nepe\u00f1a, Ancash, Per\u00fa<\/a>. P\u00e9rez Maestro, Carmen\u00a0(Publicaciones Enredars,\u00a02023)<\/p><p><a href=\"http:\/\/hdl.handle.net\/10433\/15711\"><em>Wak&#8217;as<\/em> poderosas: Manifestaciones rupestres y paisajes sacralizados en el Altiplano Norte de Bolivia<\/a>. Rivera Casanovas, Claudia\u00a0(Publicaciones Enredars,\u00a02023)<\/p><p><a href=\"http:\/\/hdl.handle.net\/10433\/15712\">Arte rupestre de Paraguay: Grabados de pisadas y abstractos<\/a>. Fat\u00e1s Monforte, Pilar\u00a0(Publicaciones Enredars,\u00a02023)<\/p><p><a href=\"http:\/\/hdl.handle.net\/10433\/15713\">Nuevos territorios rupestres en el Norte de Uruguay<\/a>. Cabrera P\u00e9rez, Leonel\u00a0(Publicaciones Enredars,\u00a02023)<\/p><p><a href=\"http:\/\/hdl.handle.net\/10433\/15714\">Arte rupestre de Tastil (provincia de Salta, Argentina). Propuesta metodol\u00f3gica y resultados preliminares<\/a>. Vitry Di Bello, Christian;\u00a0Cornejo Maltz, Bernardo Gabriel;\u00a0Vitry, Gast\u00f3n;\u00a0Cevidanes, Ana Paula;\u00a0Cornejo, Mariano;\u00a0Martos L\u00f3pez, Luis Alberto\u00a0(Publicaciones Enredars,\u00a02023)<\/p><p>Lara Galicia, Aline; Martos L\u00f3pez, Luis A., (eds.). <a href=\"http:\/\/hdl.handle.net\/10433\/15702\"><em>Territorios rupestres en Am\u00e9rica Latina<\/em><\/a>. Vol. IV. Sevilla, Enredars\/Universidad Pablo de Olavide, 2023. ISBN:\u00a0978-84-09-48468-3.<\/p><\/div>\n\t\t\t\t<\/div>\n\t\t\t\t<\/div>\n\t\t\t\t\t\t<\/div>\n\t\t\t<\/div>\n\t\t<\/div>\n\t\t\t\t\t\t<\/div>\n\t\t\t<\/div>\n\t\t<\/section>\n\t\t\t\t\t\t<\/div>\n\t\t\t<\/div>\n\t\t<\/div>\n\t\t","protected":false},"excerpt":{"rendered":"<p>Detalles del libro Editores: Aline Lara Galicia y Luis A. Martos L\u00f3pez Editorial: Enredars Publicaciones 4.\u00ba volumen de la colecci\u00f3n[&#8230;]<\/p>\n","protected":false},"author":1,"featured_media":0,"parent":0,"menu_order":0,"comment_status":"closed","ping_status":"closed","template":"template-fullwidth.php","meta":{"footnotes":""},"_links":{"self":[{"href":"https:\/\/www.upo.es\/investiga\/enredars\/index.php?rest_route=\/wp\/v2\/pages\/2380"}],"collection":[{"href":"https:\/\/www.upo.es\/investiga\/enredars\/index.php?rest_route=\/wp\/v2\/pages"}],"about":[{"href":"https:\/\/www.upo.es\/investiga\/enredars\/index.php?rest_route=\/wp\/v2\/types\/page"}],"author":[{"embeddable":true,"href":"https:\/\/www.upo.es\/investiga\/enredars\/index.php?rest_route=\/wp\/v2\/users\/1"}],"replies":[{"embeddable":true,"href":"https:\/\/www.upo.es\/investiga\/enredars\/index.php?rest_route=%2Fwp%2Fv2%2Fcomments&post=2380"}],"version-history":[{"count":6,"href":"https:\/\/www.upo.es\/investiga\/enredars\/index.php?rest_route=\/wp\/v2\/pages\/2380\/revisions"}],"predecessor-version":[{"id":2689,"href":"https:\/\/www.upo.es\/investiga\/enredars\/index.php?rest_route=\/wp\/v2\/pages\/2380\/revisions\/2689"}],"wp:attachment":[{"href":"https:\/\/www.upo.es\/investiga\/enredars\/index.php?rest_route=%2Fwp%2Fv2%2Fmedia&parent=2380"}],"curies":[{"name":"wp","href":"https:\/\/api.w.org\/{rel}","templated":true}]}}