{"id":2391,"date":"2023-04-04T10:45:23","date_gmt":"2023-04-04T09:45:23","guid":{"rendered":"https:\/\/www.upo.es\/investiga\/enredars\/?page_id=2391"},"modified":"2023-12-30T10:27:02","modified_gmt":"2023-12-30T09:27:02","slug":"valdes-leal-en-escena","status":"publish","type":"page","link":"https:\/\/www.upo.es\/investiga\/enredars\/?page_id=2391","title":{"rendered":"Vald\u00e9s Leal en escena"},"content":{"rendered":"\t\t<div data-elementor-type=\"wp-page\" data-elementor-id=\"2391\" class=\"elementor elementor-2391\" data-elementor-settings=\"[]\">\n\t\t\t<div class=\"elementor-inner\">\n\t\t\t\t<div class=\"elementor-section-wrap\">\n\t\t\t\t\t\t\t<section class=\"elementor-element elementor-element-92fe4fd elementor-section-boxed elementor-section-height-default elementor-section-height-default elementor-section elementor-top-section\" data-id=\"92fe4fd\" data-element_type=\"section\">\n\t\t\t\t\t\t<div class=\"elementor-container elementor-column-gap-default\">\n\t\t\t\t<div class=\"elementor-row\">\n\t\t\t\t<div class=\"elementor-element elementor-element-9738dca elementor-column elementor-col-100 elementor-top-column\" data-id=\"9738dca\" data-element_type=\"column\">\n\t\t\t<div class=\"elementor-column-wrap  elementor-element-populated\">\n\t\t\t\t\t<div class=\"elementor-widget-wrap\">\n\t\t\t\t<div class=\"elementor-element elementor-element-4ff86a9 elementor-widget elementor-widget-spacer\" data-id=\"4ff86a9\" data-element_type=\"widget\" data-widget_type=\"spacer.default\">\n\t\t\t\t<div class=\"elementor-widget-container\">\n\t\t\t\t\t<div class=\"elementor-spacer\">\n\t\t\t<div class=\"elementor-spacer-inner\"><\/div>\n\t\t<\/div>\n\t\t\t\t<\/div>\n\t\t\t\t<\/div>\n\t\t\t\t\t\t<\/div>\n\t\t\t<\/div>\n\t\t<\/div>\n\t\t\t\t\t\t<\/div>\n\t\t\t<\/div>\n\t\t<\/section>\n\t\t\t\t<section class=\"elementor-element elementor-element-48d5092 elementor-section-boxed elementor-section-height-default elementor-section-height-default elementor-section elementor-top-section\" data-id=\"48d5092\" data-element_type=\"section\">\n\t\t\t\t\t\t<div class=\"elementor-container elementor-column-gap-default\">\n\t\t\t\t<div class=\"elementor-row\">\n\t\t\t\t<div class=\"elementor-element elementor-element-b7f1656 elementor-column elementor-col-50 elementor-top-column\" data-id=\"b7f1656\" data-element_type=\"column\">\n\t\t\t<div class=\"elementor-column-wrap  elementor-element-populated\">\n\t\t\t\t\t<div class=\"elementor-widget-wrap\">\n\t\t\t\t<div class=\"elementor-element elementor-element-1448304 elementor-widget elementor-widget-image\" data-id=\"1448304\" data-element_type=\"widget\" data-widget_type=\"image.default\">\n\t\t\t\t<div class=\"elementor-widget-container\">\n\t\t\t\t\t<div class=\"elementor-image\">\n\t\t\t\t\t\t\t\t\t\t\t<a href=\"https:\/\/rio.upo.es\/xmlui\/handle\/10433\/15816\">\n\t\t\t\t\t\t\t<img loading=\"lazy\" decoding=\"async\" width=\"217\" height=\"300\" src=\"https:\/\/www.upo.es\/investiga\/enredars\/wp-content\/uploads\/2023\/04\/Vald\u00e9s-Leal-en-escena_portada-217x300.jpg\" class=\"elementor-animation-bounce-in attachment-medium size-medium\" alt=\"\" srcset=\"https:\/\/www.upo.es\/investiga\/enredars\/wp-content\/uploads\/2023\/04\/Vald\u00e9s-Leal-en-escena_portada-217x300.jpg 217w, https:\/\/www.upo.es\/investiga\/enredars\/wp-content\/uploads\/2023\/04\/Vald\u00e9s-Leal-en-escena_portada-739x1024.jpg 739w, https:\/\/www.upo.es\/investiga\/enredars\/wp-content\/uploads\/2023\/04\/Vald\u00e9s-Leal-en-escena_portada.jpg 750w\" sizes=\"(max-width: 217px) 100vw, 217px\" \/>\t\t\t\t\t\t\t\t<\/a>\n\t\t\t\t\t\t\t\t\t\t\t<\/div>\n\t\t\t\t<\/div>\n\t\t\t\t<\/div>\n\t\t\t\t\t\t<\/div>\n\t\t\t<\/div>\n\t\t<\/div>\n\t\t\t\t<div class=\"elementor-element elementor-element-831b56f elementor-column elementor-col-50 elementor-top-column\" data-id=\"831b56f\" data-element_type=\"column\">\n\t\t\t<div class=\"elementor-column-wrap  elementor-element-populated\">\n\t\t\t\t\t<div class=\"elementor-widget-wrap\">\n\t\t\t\t<div class=\"elementor-element elementor-element-9565dba elementor-widget elementor-widget-text-editor\" data-id=\"9565dba\" data-element_type=\"widget\" data-widget_type=\"text-editor.default\">\n\t\t\t\t<div class=\"elementor-widget-container\">\n\t\t\t\t\t<div class=\"elementor-text-editor elementor-clearfix\"><p>Detalles del libro<\/p><ul><li>Editores: Esther Merino y Fernando Quiles<\/li><li>Editorial: Enredars Publicaciones\u00a0<\/li><li>27.\u00ba volumen de la colecci\u00f3n Universo Barroco Iberoamericano<\/li><li>ISBN: 978-84-09-50088-8<\/li><li>A\u00f1o de publicaci\u00f3n: 2023<\/li><li>N\u00famero de p\u00e1ginas: 212<br \/><h3 style=\"text-align: center;\"><a href=\"http:\/http:\/\/hdl.handle.net\/10433\/15816\" data-wplink-url-error=\"true\"><strong>Acceder ahora al libro<\/strong><\/a><\/h3><\/li><\/ul><\/div>\n\t\t\t\t<\/div>\n\t\t\t\t<\/div>\n\t\t\t\t\t\t<\/div>\n\t\t\t<\/div>\n\t\t<\/div>\n\t\t\t\t\t\t<\/div>\n\t\t\t<\/div>\n\t\t<\/section>\n\t\t\t\t<section class=\"elementor-element elementor-element-5ddf28a elementor-section-boxed elementor-section-height-default elementor-section-height-default elementor-section elementor-top-section\" data-id=\"5ddf28a\" data-element_type=\"section\">\n\t\t\t\t\t\t<div class=\"elementor-container elementor-column-gap-default\">\n\t\t\t\t<div class=\"elementor-row\">\n\t\t\t\t<div class=\"elementor-element elementor-element-4aedbd1 elementor-column elementor-col-100 elementor-top-column\" data-id=\"4aedbd1\" data-element_type=\"column\">\n\t\t\t<div class=\"elementor-column-wrap  elementor-element-populated\">\n\t\t\t\t\t<div class=\"elementor-widget-wrap\">\n\t\t\t\t<div class=\"elementor-element elementor-element-e04061e elementor-widget elementor-widget-spacer\" data-id=\"e04061e\" data-element_type=\"widget\" data-widget_type=\"spacer.default\">\n\t\t\t\t<div class=\"elementor-widget-container\">\n\t\t\t\t\t<div class=\"elementor-spacer\">\n\t\t\t<div class=\"elementor-spacer-inner\"><\/div>\n\t\t<\/div>\n\t\t\t\t<\/div>\n\t\t\t\t<\/div>\n\t\t\t\t\t\t<\/div>\n\t\t\t<\/div>\n\t\t<\/div>\n\t\t\t\t\t\t<\/div>\n\t\t\t<\/div>\n\t\t<\/section>\n\t\t\t\t<section class=\"elementor-element elementor-element-45f86b3 elementor-section-boxed elementor-section-height-default elementor-section-height-default elementor-section elementor-top-section\" data-id=\"45f86b3\" data-element_type=\"section\">\n\t\t\t\t\t\t<div class=\"elementor-container elementor-column-gap-default\">\n\t\t\t\t<div class=\"elementor-row\">\n\t\t\t\t<div class=\"elementor-element elementor-element-777c753 elementor-column elementor-col-100 elementor-top-column\" data-id=\"777c753\" data-element_type=\"column\">\n\t\t\t<div class=\"elementor-column-wrap  elementor-element-populated\">\n\t\t\t\t\t<div class=\"elementor-widget-wrap\">\n\t\t\t\t<div class=\"elementor-element elementor-element-123e924 elementor-widget elementor-widget-text-editor\" data-id=\"123e924\" data-element_type=\"widget\" data-widget_type=\"text-editor.default\">\n\t\t\t\t<div class=\"elementor-widget-container\">\n\t\t\t\t\t<div class=\"elementor-text-editor elementor-clearfix\"><p><a href=\"http:\/\/hdl.handle.net\/10433\/15818\">Teatralidad del Barroco <em>sive<\/em> Cosmograf\u00eda Art\u00edstica. Vald\u00e9s Leal: epatar o morir<\/a>. Merino, Esther\u00a0(Publicaciones Enredars,\u00a02023)<\/p><p><a href=\"http:\/\/hdl.handle.net\/10433\/15819\">Ut Pictura Theatrum. Vald\u00e9s Leal o el Gran Teatro de las Pasiones<\/a>. Mart\u00ednez Zamora, M. Eulalia\u00a0(Publicaciones Enredars,\u00a02023)<\/p><p><a href=\"http:\/\/hdl.handle.net\/10433\/15820\">Vald\u00e9s Leal y el teatro sevillano de su \u00e9poca<\/a>. Cornejo, Francisco J.\u00a0(Publicaciones Enredars,\u00a02023)<\/p><p><a href=\"http:\/\/hdl.handle.net\/10433\/15821\">La Pasi\u00f3n de Cristo seg\u00fan Juan de Vald\u00e9s Leal: teatro y penitencia<\/a>. Jap\u00f3n, Rafael\u00a0(Publicaciones Enredars,\u00a02023)<\/p><p><a href=\"http:\/\/hdl.handle.net\/10433\/15822\">Proceso de restauraci\u00f3n de las pinturas al \u00f3leo sobre lienzo <em>Santa clara con la Sagrada Forma y La retirada de los sarracenos<\/em>, de Juan de Vald\u00e9s Leal (1652-1653)<\/a>. Gonz\u00e1lez Gonz\u00e1lez, M\u00aa del Mar\u00a0(Publicaciones Enredars,\u00a02023)<\/p><p><a href=\"http:\/\/hdl.handle.net\/10433\/15823\">Vald\u00e9s Leal y su formulaci\u00f3n espacial. El arduo aprendizaje de la pintura escenogr\u00e1fica<\/a>. Quiles, Fernando\u00a0(Publicaciones Enredars,\u00a02023)<\/p><p><a href=\"http:\/\/hdl.handle.net\/10433\/15825\">El Triunfo de la Santa Cruz desde una geometr\u00eda de relaciones<\/a>. Maure-Rubio, Miguel \u00c1ngel\u00a0(Publicaciones Enredars,\u00a02023)<\/p><p><a href=\"http:\/\/hdl.handle.net\/10433\/15824\">Vald\u00e9s Leal: breves notas sobre arte y ciencia<\/a>. Marcaida L\u00f3pez, Jos\u00e9 Ram\u00f3n\u00a0(Publicaciones Enredars,\u00a02023)<\/p><p><a href=\"http:\/\/hdl.handle.net\/10433\/15826\">La perspectiva en la obra de Vald\u00e9s Leal<\/a>. Cordero Ruiz, Juan\u00a0(Publicaciones Enredars,\u00a02023)<\/p><p>Merino, Esther;\u00a0Quiles, Fernando (eds.). <em><a href=\"http:\/\/hdl.handle.net\/10433\/15816\">Vald\u00e9s Leal en escena<\/a><\/em>. Vol. XXVII. Sevilla, Enredars\/Universidad Pablo de Olavide, 2023. ISBN: 978-84-09-50088-8.<\/p><\/div>\n\t\t\t\t<\/div>\n\t\t\t\t<\/div>\n\t\t\t\t\t\t<\/div>\n\t\t\t<\/div>\n\t\t<\/div>\n\t\t\t\t\t\t<\/div>\n\t\t\t<\/div>\n\t\t<\/section>\n\t\t\t\t\t\t<\/div>\n\t\t\t<\/div>\n\t\t<\/div>\n\t\t","protected":false},"excerpt":{"rendered":"<p>Detalles del libro Editores: Esther Merino y Fernando Quiles Editorial: Enredars Publicaciones\u00a0 27.\u00ba volumen de la colecci\u00f3n Universo Barroco Iberoamericano[&#8230;]<\/p>\n","protected":false},"author":1,"featured_media":0,"parent":0,"menu_order":0,"comment_status":"closed","ping_status":"closed","template":"template-fullwidth.php","meta":{"footnotes":""},"_links":{"self":[{"href":"https:\/\/www.upo.es\/investiga\/enredars\/index.php?rest_route=\/wp\/v2\/pages\/2391"}],"collection":[{"href":"https:\/\/www.upo.es\/investiga\/enredars\/index.php?rest_route=\/wp\/v2\/pages"}],"about":[{"href":"https:\/\/www.upo.es\/investiga\/enredars\/index.php?rest_route=\/wp\/v2\/types\/page"}],"author":[{"embeddable":true,"href":"https:\/\/www.upo.es\/investiga\/enredars\/index.php?rest_route=\/wp\/v2\/users\/1"}],"replies":[{"embeddable":true,"href":"https:\/\/www.upo.es\/investiga\/enredars\/index.php?rest_route=%2Fwp%2Fv2%2Fcomments&post=2391"}],"version-history":[{"count":6,"href":"https:\/\/www.upo.es\/investiga\/enredars\/index.php?rest_route=\/wp\/v2\/pages\/2391\/revisions"}],"predecessor-version":[{"id":2630,"href":"https:\/\/www.upo.es\/investiga\/enredars\/index.php?rest_route=\/wp\/v2\/pages\/2391\/revisions\/2630"}],"wp:attachment":[{"href":"https:\/\/www.upo.es\/investiga\/enredars\/index.php?rest_route=%2Fwp%2Fv2%2Fmedia&parent=2391"}],"curies":[{"name":"wp","href":"https:\/\/api.w.org\/{rel}","templated":true}]}}