{"id":2470,"date":"2023-09-06T10:02:43","date_gmt":"2023-09-06T09:02:43","guid":{"rendered":"https:\/\/www.upo.es\/investiga\/enredars\/?page_id=2470"},"modified":"2023-12-30T16:10:49","modified_gmt":"2023-12-30T15:10:49","slug":"mulheres-do-brasil-artes-e-artistas","status":"publish","type":"page","link":"https:\/\/www.upo.es\/investiga\/enredars\/?page_id=2470","title":{"rendered":"Mulheres do Brasil: Artes e Artistas"},"content":{"rendered":"\t\t<div data-elementor-type=\"wp-page\" data-elementor-id=\"2470\" class=\"elementor elementor-2470\" data-elementor-settings=\"[]\">\n\t\t\t<div class=\"elementor-inner\">\n\t\t\t\t<div class=\"elementor-section-wrap\">\n\t\t\t\t\t\t\t<section class=\"elementor-element elementor-element-bfa988d elementor-section-boxed elementor-section-height-default elementor-section-height-default elementor-section elementor-top-section\" data-id=\"bfa988d\" data-element_type=\"section\">\n\t\t\t\t\t\t<div class=\"elementor-container elementor-column-gap-default\">\n\t\t\t\t<div class=\"elementor-row\">\n\t\t\t\t<div class=\"elementor-element elementor-element-63910a3 elementor-column elementor-col-100 elementor-top-column\" data-id=\"63910a3\" data-element_type=\"column\">\n\t\t\t<div class=\"elementor-column-wrap  elementor-element-populated\">\n\t\t\t\t\t<div class=\"elementor-widget-wrap\">\n\t\t\t\t<div class=\"elementor-element elementor-element-e923646 elementor-widget elementor-widget-spacer\" data-id=\"e923646\" data-element_type=\"widget\" data-widget_type=\"spacer.default\">\n\t\t\t\t<div class=\"elementor-widget-container\">\n\t\t\t\t\t<div class=\"elementor-spacer\">\n\t\t\t<div class=\"elementor-spacer-inner\"><\/div>\n\t\t<\/div>\n\t\t\t\t<\/div>\n\t\t\t\t<\/div>\n\t\t\t\t\t\t<\/div>\n\t\t\t<\/div>\n\t\t<\/div>\n\t\t\t\t\t\t<\/div>\n\t\t\t<\/div>\n\t\t<\/section>\n\t\t\t\t<section class=\"elementor-element elementor-element-0de2d90 elementor-section-boxed elementor-section-height-default elementor-section-height-default elementor-section elementor-top-section\" data-id=\"0de2d90\" data-element_type=\"section\">\n\t\t\t\t\t\t<div class=\"elementor-container elementor-column-gap-default\">\n\t\t\t\t<div class=\"elementor-row\">\n\t\t\t\t<div class=\"elementor-element elementor-element-4db46f5 elementor-column elementor-col-50 elementor-top-column\" data-id=\"4db46f5\" data-element_type=\"column\">\n\t\t\t<div class=\"elementor-column-wrap  elementor-element-populated\">\n\t\t\t\t\t<div class=\"elementor-widget-wrap\">\n\t\t\t\t<div class=\"elementor-element elementor-element-b463038 elementor-widget elementor-widget-image\" data-id=\"b463038\" data-element_type=\"widget\" data-widget_type=\"image.default\">\n\t\t\t\t<div class=\"elementor-widget-container\">\n\t\t\t\t\t<div class=\"elementor-image\">\n\t\t\t\t\t\t\t\t\t\t\t<a href=\"https:\/\/rio.upo.es\/xmlui\/handle\/10433\/16389\">\n\t\t\t\t\t\t\t<img loading=\"lazy\" decoding=\"async\" width=\"213\" height=\"300\" src=\"https:\/\/www.upo.es\/investiga\/enredars\/wp-content\/uploads\/2023\/09\/Mulheres-do-Brasil_portada-213x300.jpg\" class=\"elementor-animation-bounce-in attachment-medium size-medium\" alt=\"\" srcset=\"https:\/\/www.upo.es\/investiga\/enredars\/wp-content\/uploads\/2023\/09\/Mulheres-do-Brasil_portada-213x300.jpg 213w, https:\/\/www.upo.es\/investiga\/enredars\/wp-content\/uploads\/2023\/09\/Mulheres-do-Brasil_portada.jpg 428w\" sizes=\"(max-width: 213px) 100vw, 213px\" \/>\t\t\t\t\t\t\t\t<\/a>\n\t\t\t\t\t\t\t\t\t\t\t<\/div>\n\t\t\t\t<\/div>\n\t\t\t\t<\/div>\n\t\t\t\t\t\t<\/div>\n\t\t\t<\/div>\n\t\t<\/div>\n\t\t\t\t<div class=\"elementor-element elementor-element-3c3fd0f elementor-column elementor-col-50 elementor-top-column\" data-id=\"3c3fd0f\" data-element_type=\"column\">\n\t\t\t<div class=\"elementor-column-wrap  elementor-element-populated\">\n\t\t\t\t\t<div class=\"elementor-widget-wrap\">\n\t\t\t\t<div class=\"elementor-element elementor-element-2d0df9e elementor-widget elementor-widget-text-editor\" data-id=\"2d0df9e\" data-element_type=\"widget\" data-widget_type=\"text-editor.default\">\n\t\t\t\t<div class=\"elementor-widget-container\">\n\t\t\t\t\t<div class=\"elementor-text-editor elementor-clearfix\"><p>Detalles del libro<\/p><ul><li>Coordinadoras: Maria Cl\u00e1udia Almeida Orlando Magnani y Maria de Lourdes Santos Ferreira<\/li><li>Editoriales: Enredars Publicaciones y Roma TrE-Press<\/li><li>23.\u00ba volumen de la colecci\u00f3n AcerVos<\/li><li>ISBN: 978-84-09-53776-1<\/li><li>A\u00f1o de publicaci\u00f3n: 2023<\/li><li style=\"text-align: left;\">N\u00famero de p\u00e1ginas: 306<br \/><h3 style=\"text-align: center;\"><a href=\"http:\/\/hdl.handle.net\/10433\/16389\"><strong>Acceder ahora al libro<\/strong><\/a><\/h3><h3 style=\"text-align: center;\"><strong>Tambi\u00e9n disponible en\u00a0<a href=\"https:\/\/romatrepress.uniroma3.it\/libro\/mulheres-do-brasil-artes-e-artistas\/\">Roma TrE-Pres<\/a><\/strong><\/h3><\/li><\/ul><\/div>\n\t\t\t\t<\/div>\n\t\t\t\t<\/div>\n\t\t\t\t\t\t<\/div>\n\t\t\t<\/div>\n\t\t<\/div>\n\t\t\t\t\t\t<\/div>\n\t\t\t<\/div>\n\t\t<\/section>\n\t\t\t\t<section class=\"elementor-element elementor-element-b0f1796 elementor-section-boxed elementor-section-height-default elementor-section-height-default elementor-section elementor-top-section\" data-id=\"b0f1796\" data-element_type=\"section\">\n\t\t\t\t\t\t<div class=\"elementor-container elementor-column-gap-default\">\n\t\t\t\t<div class=\"elementor-row\">\n\t\t\t\t<div class=\"elementor-element elementor-element-14ef6c9 elementor-column elementor-col-100 elementor-top-column\" data-id=\"14ef6c9\" data-element_type=\"column\">\n\t\t\t<div class=\"elementor-column-wrap  elementor-element-populated\">\n\t\t\t\t\t<div class=\"elementor-widget-wrap\">\n\t\t\t\t<div class=\"elementor-element elementor-element-4335c7c elementor-widget elementor-widget-spacer\" data-id=\"4335c7c\" data-element_type=\"widget\" data-widget_type=\"spacer.default\">\n\t\t\t\t<div class=\"elementor-widget-container\">\n\t\t\t\t\t<div class=\"elementor-spacer\">\n\t\t\t<div class=\"elementor-spacer-inner\"><\/div>\n\t\t<\/div>\n\t\t\t\t<\/div>\n\t\t\t\t<\/div>\n\t\t\t\t\t\t<\/div>\n\t\t\t<\/div>\n\t\t<\/div>\n\t\t\t\t\t\t<\/div>\n\t\t\t<\/div>\n\t\t<\/section>\n\t\t\t\t<section class=\"elementor-element elementor-element-ed98ed7 elementor-section-boxed elementor-section-height-default elementor-section-height-default elementor-section elementor-top-section\" data-id=\"ed98ed7\" data-element_type=\"section\">\n\t\t\t\t\t\t<div class=\"elementor-container elementor-column-gap-default\">\n\t\t\t\t<div class=\"elementor-row\">\n\t\t\t\t<div class=\"elementor-element elementor-element-82b5385 elementor-column elementor-col-100 elementor-top-column\" data-id=\"82b5385\" data-element_type=\"column\">\n\t\t\t<div class=\"elementor-column-wrap  elementor-element-populated\">\n\t\t\t\t\t<div class=\"elementor-widget-wrap\">\n\t\t\t\t<div class=\"elementor-element elementor-element-d6ef8b7 elementor-widget elementor-widget-text-editor\" data-id=\"d6ef8b7\" data-element_type=\"widget\" data-widget_type=\"text-editor.default\">\n\t\t\t\t<div class=\"elementor-widget-container\">\n\t\t\t\t\t<div class=\"elementor-text-editor elementor-clearfix\"><p><a href=\"http:\/\/hdl.handle.net\/10433\/16535\">Apresenta\u00e7\u00e3o<\/a>. Almeida Orlando Magnani, Maria Cl\u00e1udia;\u00a0Santos Ferreira, Maria de Lourdes\u00a0(Publicaciones Enredars \/ Roma TrE-Press,\u00a02023)<\/p><p><a href=\"http:\/\/hdl.handle.net\/10433\/16536\">Sim, eu sou uma Artista<\/a>. Santos Ferreira, Maria de Lourdes;\u00a0Barroso Queiroz Lima, Jos\u00e9lia\u00a0(Publicaciones Enredars \/ Roma TrE-Press,\u00a02023)<\/p><p><a href=\"http:\/\/hdl.handle.net\/10433\/16537\">Sibilas do Tijuco: a centralidade das profetisas seculares na arte colonial<\/a>. Almeida Orlando Magnani, Maria Cl\u00e1udia\u00a0(Publicaciones Enredars \/ Roma TrE-Press,\u00a02023)<\/p><p><a href=\"http:\/\/hdl.handle.net\/10433\/16538\">As mulheres nas artes da Am\u00e9rica Portuguesa: ind\u00edgenas pintoras da regi\u00e3o do Baixo Amazonas no Par\u00e1<\/a>. R\u00fcegger Saldanha, Ana Livia;\u00a0de Almeida Martins, Renata Maria\u00a0(Publicaciones Enredars \/ Roma TrE-Press,\u00a02023)<\/p><p><a href=\"http:\/\/hdl.handle.net\/10433\/16539\">Uma mestra pintora e douradora em S\u00e3o Paulo no s\u00e9culo XIX<\/a>. Dos Santos Pereira, Danielle Manoel\u00a0(Publicaciones Enredars \/ Roma TrE-Press,\u00a02023)<\/p><p><a href=\"http:\/\/hdl.handle.net\/10433\/16540\">Insurg\u00eancias e resist\u00eancias no fazer art\u00edstico educativo de Raquel Trindade, a Kambinda<\/a>. Sardelich, Maria Emilia;\u00a0Silva dos Santos, Cicera Edv\u00e2nia\u00a0(Publicaciones Enredars \/ Roma TrE-Press,\u00a02023)<\/p><p><a href=\"http:\/\/hdl.handle.net\/10433\/16541\">Ra\u00edzes e frutos: a atua\u00e7\u00e3o feminina no mundo do samba (c. 1900 &#8211; c. 2020)<\/a>. Gomes Coelho, Bruna Aparecida\u00a0(Publicaciones Enredars \/ Roma TrE-Press,\u00a02023)<\/p><p><a href=\"http:\/\/hdl.handle.net\/10433\/16542\">Aqu\u00ed Existo: Visibilidad Arte y Feminismo<\/a>. Oliva Barboza, Patricia\u00a0(Publicaciones Enredars \/ Roma TrE-Press,\u00a02023)<\/p><p><a href=\"http:\/\/hdl.handle.net\/10433\/16543\">O espa\u00e7o delas: uma visada feminista sobre as artistas que participaram das edi\u00e7\u00f5es tridimensionais do Panorama de Arte Atual Brasileira do MAM-SP (1972-1991)<\/a>. Sampaio Ferraz, Tatiana\u00a0(Publicaciones Enredars \/ Roma TrE-Press,\u00a02023)<\/p><p><a href=\"http:\/\/hdl.handle.net\/10433\/16544\">Mulheres na literatura brasileira: o corpo como territ\u00f3rio de mem\u00f3ria em Ponci\u00e1 Vic\u00eancio<\/a>. C\u00f4rtes Miguel, Fernanda Valim\u00a0(Publicaciones Enredars \/ Roma TrE-Press,\u00a02023)<\/p><p><a href=\"http:\/\/hdl.handle.net\/10433\/16545\">Silenciamento e viol\u00eancia no cinema e na literatura: as personagens femininas em Lavoura Arcaica<\/a>. Prates Oliveira, Renato C\u00e9sar;\u00a0C\u00f4rtes Miguel, Fernanda Valim\u00a0(Publicaciones Enredars \/ Roma TrE-Press,\u00a02023)<\/p><p><a href=\"http:\/\/hdl.handle.net\/10433\/16546\">Interpelaciones al circuito art\u00edstico de la Casa Grande: arte afrobrasile\u00f1o, arte feminista y pr\u00e1cticas art\u00edsticas realizadas por mujeres y cuerpos fluidos<\/a>. Marug\u00e1n Ricart, Paola Mar\u00eda\u00a0(Publicaciones Enredars \/ Roma TrE-Press,\u00a02023)<\/p><p><a href=\"http:\/\/hdl.handle.net\/10433\/16548\">Imag\u00e9ticas de mim: um olhar sobre a desfigura\u00e7\u00e3o da autoimagem na fotografia<\/a>. Jahn, Ursula\u00a0(Publicaciones Enredars \/ Roma TrE-Press,\u00a02023)<\/p><p>Almeida Orlando Magnani, Maria Cl\u00e1udia; Santos Ferreira, Maria de Lourdes (coords.). <em><a href=\"http:\/\/hdl.handle.net\/10433\/16534\">Mulheres do Brasil: Artes e Artistas<\/a><\/em>. Vol. XXIII. Sevilla, Enredars\/Universidad Pablo de Olavide, Roma, Roma TrE-Press\/Universit\u00e0 degli studi Roma Tre, 2023. ISBN: 978-84-09-53776-1.<\/p><\/div>\n\t\t\t\t<\/div>\n\t\t\t\t<\/div>\n\t\t\t\t\t\t<\/div>\n\t\t\t<\/div>\n\t\t<\/div>\n\t\t\t\t\t\t<\/div>\n\t\t\t<\/div>\n\t\t<\/section>\n\t\t\t\t\t\t<\/div>\n\t\t\t<\/div>\n\t\t<\/div>\n\t\t","protected":false},"excerpt":{"rendered":"<p>Detalles del libro Coordinadoras: Maria Cl\u00e1udia Almeida Orlando Magnani y Maria de Lourdes Santos Ferreira Editoriales: Enredars Publicaciones y Roma[&#8230;]<\/p>\n","protected":false},"author":1,"featured_media":0,"parent":0,"menu_order":0,"comment_status":"closed","ping_status":"closed","template":"template-fullwidth.php","meta":{"footnotes":""},"_links":{"self":[{"href":"https:\/\/www.upo.es\/investiga\/enredars\/index.php?rest_route=\/wp\/v2\/pages\/2470"}],"collection":[{"href":"https:\/\/www.upo.es\/investiga\/enredars\/index.php?rest_route=\/wp\/v2\/pages"}],"about":[{"href":"https:\/\/www.upo.es\/investiga\/enredars\/index.php?rest_route=\/wp\/v2\/types\/page"}],"author":[{"embeddable":true,"href":"https:\/\/www.upo.es\/investiga\/enredars\/index.php?rest_route=\/wp\/v2\/users\/1"}],"replies":[{"embeddable":true,"href":"https:\/\/www.upo.es\/investiga\/enredars\/index.php?rest_route=%2Fwp%2Fv2%2Fcomments&post=2470"}],"version-history":[{"count":12,"href":"https:\/\/www.upo.es\/investiga\/enredars\/index.php?rest_route=\/wp\/v2\/pages\/2470\/revisions"}],"predecessor-version":[{"id":2727,"href":"https:\/\/www.upo.es\/investiga\/enredars\/index.php?rest_route=\/wp\/v2\/pages\/2470\/revisions\/2727"}],"wp:attachment":[{"href":"https:\/\/www.upo.es\/investiga\/enredars\/index.php?rest_route=%2Fwp%2Fv2%2Fmedia&parent=2470"}],"curies":[{"name":"wp","href":"https:\/\/api.w.org\/{rel}","templated":true}]}}