{"id":2520,"date":"2023-10-10T07:22:20","date_gmt":"2023-10-10T06:22:20","guid":{"rendered":"https:\/\/www.upo.es\/investiga\/enredars\/?page_id=2520"},"modified":"2024-04-02T09:08:01","modified_gmt":"2024-04-02T08:08:01","slug":"nuevas-letras-con-antigua-caligrafia-martires-romanos-en-altares-barrocos","status":"publish","type":"page","link":"https:\/\/www.upo.es\/investiga\/enredars\/?page_id=2520","title":{"rendered":"Nuevas letras con antigua caligraf\u00eda. M\u00e1rtires romanos en altares barrocos"},"content":{"rendered":"\t\t<div data-elementor-type=\"wp-page\" data-elementor-id=\"2520\" class=\"elementor elementor-2520\" data-elementor-settings=\"[]\">\n\t\t\t<div class=\"elementor-inner\">\n\t\t\t\t<div class=\"elementor-section-wrap\">\n\t\t\t\t\t\t\t<section class=\"elementor-element elementor-element-acda5fa elementor-section-boxed elementor-section-height-default elementor-section-height-default elementor-section elementor-top-section\" data-id=\"acda5fa\" data-element_type=\"section\">\n\t\t\t\t\t\t<div class=\"elementor-container elementor-column-gap-default\">\n\t\t\t\t<div class=\"elementor-row\">\n\t\t\t\t<div class=\"elementor-element elementor-element-2e13b47 elementor-column elementor-col-100 elementor-top-column\" data-id=\"2e13b47\" data-element_type=\"column\">\n\t\t\t<div class=\"elementor-column-wrap  elementor-element-populated\">\n\t\t\t\t\t<div class=\"elementor-widget-wrap\">\n\t\t\t\t<div class=\"elementor-element elementor-element-02d19b0 elementor-widget elementor-widget-spacer\" data-id=\"02d19b0\" data-element_type=\"widget\" data-widget_type=\"spacer.default\">\n\t\t\t\t<div class=\"elementor-widget-container\">\n\t\t\t\t\t<div class=\"elementor-spacer\">\n\t\t\t<div class=\"elementor-spacer-inner\"><\/div>\n\t\t<\/div>\n\t\t\t\t<\/div>\n\t\t\t\t<\/div>\n\t\t\t\t\t\t<\/div>\n\t\t\t<\/div>\n\t\t<\/div>\n\t\t\t\t\t\t<\/div>\n\t\t\t<\/div>\n\t\t<\/section>\n\t\t\t\t<section class=\"elementor-element elementor-element-5b7760e elementor-section-boxed elementor-section-height-default elementor-section-height-default elementor-section elementor-top-section\" data-id=\"5b7760e\" data-element_type=\"section\">\n\t\t\t\t\t\t<div class=\"elementor-container elementor-column-gap-default\">\n\t\t\t\t<div class=\"elementor-row\">\n\t\t\t\t<div class=\"elementor-element elementor-element-baacd9c elementor-column elementor-col-50 elementor-top-column\" data-id=\"baacd9c\" data-element_type=\"column\">\n\t\t\t<div class=\"elementor-column-wrap  elementor-element-populated\">\n\t\t\t\t\t<div class=\"elementor-widget-wrap\">\n\t\t\t\t<div class=\"elementor-element elementor-element-2b4753a elementor-widget elementor-widget-image\" data-id=\"2b4753a\" data-element_type=\"widget\" data-widget_type=\"image.default\">\n\t\t\t\t<div class=\"elementor-widget-container\">\n\t\t\t\t\t<div class=\"elementor-image\">\n\t\t\t\t\t\t\t\t\t\t\t<a href=\"https:\/\/rio.upo.es\/xmlui\/handle\/10433\/16391\">\n\t\t\t\t\t\t\t<img loading=\"lazy\" decoding=\"async\" width=\"214\" height=\"300\" src=\"https:\/\/www.upo.es\/investiga\/enredars\/wp-content\/uploads\/2023\/10\/M\u00e1rtires_portada-214x300.jpg\" class=\"elementor-animation-bounce-in attachment-medium size-medium\" alt=\"\" srcset=\"https:\/\/www.upo.es\/investiga\/enredars\/wp-content\/uploads\/2023\/10\/M\u00e1rtires_portada-214x300.jpg 214w, https:\/\/www.upo.es\/investiga\/enredars\/wp-content\/uploads\/2023\/10\/M\u00e1rtires_portada-730x1024.jpg 730w, https:\/\/www.upo.es\/investiga\/enredars\/wp-content\/uploads\/2023\/10\/M\u00e1rtires_portada-768x1077.jpg 768w, https:\/\/www.upo.es\/investiga\/enredars\/wp-content\/uploads\/2023\/10\/M\u00e1rtires_portada.jpg 1011w\" sizes=\"(max-width: 214px) 100vw, 214px\" \/>\t\t\t\t\t\t\t\t<\/a>\n\t\t\t\t\t\t\t\t\t\t\t<\/div>\n\t\t\t\t<\/div>\n\t\t\t\t<\/div>\n\t\t\t\t\t\t<\/div>\n\t\t\t<\/div>\n\t\t<\/div>\n\t\t\t\t<div class=\"elementor-element elementor-element-46babf4 elementor-column elementor-col-50 elementor-top-column\" data-id=\"46babf4\" data-element_type=\"column\">\n\t\t\t<div class=\"elementor-column-wrap  elementor-element-populated\">\n\t\t\t\t\t<div class=\"elementor-widget-wrap\">\n\t\t\t\t<div class=\"elementor-element elementor-element-c2a4a8d elementor-widget elementor-widget-text-editor\" data-id=\"c2a4a8d\" data-element_type=\"widget\" data-widget_type=\"text-editor.default\">\n\t\t\t\t<div class=\"elementor-widget-container\">\n\t\t\t\t\t<div class=\"elementor-text-editor elementor-clearfix\"><p>Detalles del libro<\/p><ul><li>Editores: Fernando Quiles y Jos\u00e9 Jaime Garc\u00eda Bernal<\/li><li>Editoriales: Roma TrE-Press y Enredars Publicaciones<\/li><li>30.\u00ba volumen de la colecci\u00f3n Universo Barroco Iberoamericano<\/li><li>ISBN: 978-84-09-52989-6<\/li><li>A\u00f1o de publicaci\u00f3n: 2023<\/li><li style=\"text-align: left;\">N\u00famero de p\u00e1ginas: 484<br \/><h3 style=\"text-align: center;\"><a href=\"http:\/\/hdl.handle.net\/10433\/16391\"><strong>Acceder ahora al libro<\/strong><\/a><\/h3><\/li><\/ul><h3 style=\"text-align: center;\"><strong>Tambi\u00e9n disponible en\u00a0<a href=\"https:\/\/romatrepress.uniroma3.it\/libro\/nuevas-letras-con-antigua-caligrafia-martires-romanos-en-altares-barrocos\/\">Roma TrE-Pres<\/a><\/strong><\/h3><\/div>\n\t\t\t\t<\/div>\n\t\t\t\t<\/div>\n\t\t\t\t\t\t<\/div>\n\t\t\t<\/div>\n\t\t<\/div>\n\t\t\t\t\t\t<\/div>\n\t\t\t<\/div>\n\t\t<\/section>\n\t\t\t\t<section class=\"elementor-element elementor-element-b3b37d9 elementor-section-boxed elementor-section-height-default elementor-section-height-default elementor-section elementor-top-section\" data-id=\"b3b37d9\" data-element_type=\"section\">\n\t\t\t\t\t\t<div class=\"elementor-container elementor-column-gap-default\">\n\t\t\t\t<div class=\"elementor-row\">\n\t\t\t\t<div class=\"elementor-element elementor-element-3794b88 elementor-column elementor-col-100 elementor-top-column\" data-id=\"3794b88\" data-element_type=\"column\">\n\t\t\t<div class=\"elementor-column-wrap  elementor-element-populated\">\n\t\t\t\t\t<div class=\"elementor-widget-wrap\">\n\t\t\t\t<div class=\"elementor-element elementor-element-434a718 elementor-widget elementor-widget-spacer\" data-id=\"434a718\" data-element_type=\"widget\" data-widget_type=\"spacer.default\">\n\t\t\t\t<div class=\"elementor-widget-container\">\n\t\t\t\t\t<div class=\"elementor-spacer\">\n\t\t\t<div class=\"elementor-spacer-inner\"><\/div>\n\t\t<\/div>\n\t\t\t\t<\/div>\n\t\t\t\t<\/div>\n\t\t\t\t\t\t<\/div>\n\t\t\t<\/div>\n\t\t<\/div>\n\t\t\t\t\t\t<\/div>\n\t\t\t<\/div>\n\t\t<\/section>\n\t\t\t\t<section class=\"elementor-element elementor-element-ab88c1b elementor-section-boxed elementor-section-height-default elementor-section-height-default elementor-section elementor-top-section\" data-id=\"ab88c1b\" data-element_type=\"section\">\n\t\t\t\t\t\t<div class=\"elementor-container elementor-column-gap-default\">\n\t\t\t\t<div class=\"elementor-row\">\n\t\t\t\t<div class=\"elementor-element elementor-element-955446f elementor-column elementor-col-100 elementor-top-column\" data-id=\"955446f\" data-element_type=\"column\">\n\t\t\t<div class=\"elementor-column-wrap  elementor-element-populated\">\n\t\t\t\t\t<div class=\"elementor-widget-wrap\">\n\t\t\t\t<div class=\"elementor-element elementor-element-a42ce33 elementor-widget elementor-widget-text-editor\" data-id=\"a42ce33\" data-element_type=\"widget\" data-widget_type=\"text-editor.default\">\n\t\t\t\t<div class=\"elementor-widget-container\">\n\t\t\t\t\t<div class=\"elementor-text-editor elementor-clearfix\"><p><a href=\"http:\/\/hdl.handle.net\/10433\/16591\">El martirio en \u00e9poca romana: caracter\u00edsticas, fuentes y transmisi\u00f3n<\/a>. Mateo, Mar\u00eda Amparo\u00a0(Roma Tre Press \/ Publicaciones Enredars,\u00a02023)<\/p><p><a href=\"http:\/\/hdl.handle.net\/10433\/16592\">Arqueolog\u00eda de los h\u00e9roes cristianos: las reliquias de los m\u00e1rtires<\/a>. Verdugo Santos, Javier\u00a0(Roma Tre Press \/ Publicaciones Enredars,\u00a02023)<\/p><p><a href=\"http:\/\/hdl.handle.net\/10433\/16593\">Santos y reliquias en Andaluc\u00eda: <em>Inventiones, traslationes<\/em> y otras vicisitudes desde la Tardoantig\u00fcedad hasta la modernidad<\/a>. Cerrato-Casado, Eduardo\u00a0(Roma Tre Press \/ Publicaciones Enredars,\u00a02023)<\/p><p><a href=\"http:\/\/hdl.handle.net\/10433\/16594\">Perfilando la idea de m\u00e1rtir y martirio en la Antig\u00fcedad a trav\u00e9s de la <em>Passio Seruandi et Germani<\/em><\/a>. G\u00f3mez Torres, Natalia\u00a0(Roma Tre Press \/ Publicaciones Enredars,\u00a02023)<\/p><p><a href=\"http:\/\/hdl.handle.net\/10433\/16595\">La exaltaci\u00f3n art\u00edstica de los m\u00e1rtires en la catalu\u00f1a del barroco: la catedral de Barcelona y otros ejemplos<\/a>. Gargant\u00e9 Llanes, Mar\u00eda\u00a0(Roma Tre Press \/ Publicaciones Enredars,\u00a02023)<\/p><p><a href=\"http:\/\/hdl.handle.net\/10433\/16596\">Fray Juan Bernal, m\u00e1rtir de caridad<\/a>. Garc\u00eda Bernal, Jos\u00e9 Jaime\u00a0(Roma Tre Press \/ Publicaciones Enredars,\u00a02023)<\/p><p><a href=\"http:\/\/hdl.handle.net\/10433\/16597\">La victoria sobre la muerte: La palma del martirio y la visualidad del dolor en el Barroco<\/a>. Zuriaga Senent, Vicent F.\u00a0(Roma Tre Press \/ Publicaciones Enredars,\u00a02023)<\/p><p><a href=\"http:\/\/hdl.handle.net\/10433\/16598\">La representaci\u00f3n del martirio femenino en la comedia hagiogr\u00e1fica barroca. Sobre la Santa Engracia de Andr\u00e9s de Claramonte<\/a>. Fern\u00e1ndez Rodr\u00edguez, Natalia\u00a0(Roma Tre Press \/ Publicaciones Enredars,\u00a02023)<\/p><p><a href=\"http:\/\/hdl.handle.net\/10433\/16599\">M\u00e1rtires misioneros: una mirada a la traslaci\u00f3n de modelo en Am\u00e9rica<\/a>. Franco L\u00f3pez, Lorena\u00a0(Roma Tre Press \/ Publicaciones Enredars,\u00a02023)<\/p><p><a href=\"http:\/\/hdl.handle.net\/10433\/16600\">Del martirio a la imprenta: la misi\u00f3n en Jap\u00f3n en las relaciones de sucesos sevillanas<\/a>. Rufo Olivares, Manuel\u00a0(Roma Tre Press \/ Publicaciones Enredars,\u00a02023)<\/p><p><a href=\"http:\/\/hdl.handle.net\/10433\/16601\">Reliquias para la compa\u00f1\u00eda. Devoci\u00f3n, legitimaci\u00f3n y patrocinio art\u00edstico en el culto a las reliquias de Santos M\u00e1rtires en la casa profesa de la ciudad de M\u00e9xico en el siglo XVII<\/a>. Cuesta Hern\u00e1ndez, Luis Javier\u00a0(Roma Tre Press \/ Publicaciones Enredars,\u00a02023)<\/p><p><a href=\"http:\/\/hdl.handle.net\/10433\/16602\">Desde las catacumbas del Pontiano a la Andaluc\u00eda del siglo xviii. La ermita de San Gaudencio m\u00e1rtir en Alhaur\u00edn el Grande<\/a>. P\u00e9rez Gonz\u00e1lez, Salvador David\u00a0(Roma Tre Press \/ Publicaciones Enredars,\u00a02023)<\/p><p><a href=\"http:\/\/hdl.handle.net\/10433\/16603\">M\u00e1rtires de la Alpujarra (1568-1569): reflexiones y testimonios de diversidad<\/a>. L\u00f3pez-Guadalupe Mu\u00f1oz, Miguel Luis\u00a0(Roma Tre Press \/ Publicaciones Enredars,\u00a02023)<\/p><p><a href=\"http:\/\/hdl.handle.net\/10433\/16604\">Sanguis per signum crucis: martirio y cruz en la rebeli\u00f3n morisca de la Alpujarra<\/a>. S\u00e1nchez Ramos, Valeriano\u00a0(Roma Tre Press \/ Publicaciones Enredars,\u00a02023)<\/p><p><a href=\"http:\/\/hdl.handle.net\/10433\/16605\">Juan de Prado (1563?-1631). De la controversia inmaculista al martirio por la fe<\/a>. Campese Gallego, Fernando J.\u00a0(Roma Tre Press \/ Publicaciones Enredars,\u00a02023)<\/p><p><a href=\"http:\/\/hdl.handle.net\/10433\/16606\">Siguiendo los preceptos de Trento, pero sin olvidar el pasado: los condes de Olivares y la devoci\u00f3n a las reliquias<\/a>. Ortega Jim\u00e9nez, Jos\u00e9 Manuel\u00a0(Roma Tre Press \/ Publicaciones Enredars,\u00a02023)<\/p><p><a href=\"http:\/\/hdl.handle.net\/10433\/16607\">M\u00e1rtires en el crisol sevillano<\/a>. Quiles, Fernando\u00a0(Roma Tre Press \/ Publicaciones Enredars,\u00a02023)<\/p><p><a href=\"http:\/\/hdl.handle.net\/10433\/16608\">La Casa Ducal de Medina Sidonia y el culto a las reliquias. El Santuario de Ntra. Sra. de la Caridad de Sanl\u00facar de Barrameda (C\u00e1diz)<\/a>. Cruz Isidoro, Fernando\u00a0(Roma Tre Press \/ Publicaciones Enredars,\u00a02023)<\/p><p>Quiles, Fernando;\u00a0Garc\u00eda Bernal, Jos\u00e9 Jaime (eds.). <em><a href=\"http:\/\/hdl.handle.net\/10433\/16609\">Nuevas letras con antigua caligraf\u00eda. M\u00e1rtires romanos en altares barrocos<\/a><\/em>. Vol. XXX. Roma, Roma TrE-Press\/Universit\u00e0 degli studi Roma Tre, Sevilla, Enredars\/Universidad Pablo de Olavide, 2023. ISBN: 978-84-09-52989-6.<\/p><\/div>\n\t\t\t\t<\/div>\n\t\t\t\t<\/div>\n\t\t\t\t\t\t<\/div>\n\t\t\t<\/div>\n\t\t<\/div>\n\t\t\t\t\t\t<\/div>\n\t\t\t<\/div>\n\t\t<\/section>\n\t\t\t\t\t\t<\/div>\n\t\t\t<\/div>\n\t\t<\/div>\n\t\t","protected":false},"excerpt":{"rendered":"<p>Detalles del libro Editores: Fernando Quiles y Jos\u00e9 Jaime Garc\u00eda Bernal Editoriales: Roma TrE-Press y Enredars Publicaciones 30.\u00ba volumen de[&#8230;]<\/p>\n","protected":false},"author":1,"featured_media":0,"parent":0,"menu_order":0,"comment_status":"closed","ping_status":"closed","template":"template-fullwidth.php","meta":{"footnotes":""},"_links":{"self":[{"href":"https:\/\/www.upo.es\/investiga\/enredars\/index.php?rest_route=\/wp\/v2\/pages\/2520"}],"collection":[{"href":"https:\/\/www.upo.es\/investiga\/enredars\/index.php?rest_route=\/wp\/v2\/pages"}],"about":[{"href":"https:\/\/www.upo.es\/investiga\/enredars\/index.php?rest_route=\/wp\/v2\/types\/page"}],"author":[{"embeddable":true,"href":"https:\/\/www.upo.es\/investiga\/enredars\/index.php?rest_route=\/wp\/v2\/users\/1"}],"replies":[{"embeddable":true,"href":"https:\/\/www.upo.es\/investiga\/enredars\/index.php?rest_route=%2Fwp%2Fv2%2Fcomments&post=2520"}],"version-history":[{"count":15,"href":"https:\/\/www.upo.es\/investiga\/enredars\/index.php?rest_route=\/wp\/v2\/pages\/2520\/revisions"}],"predecessor-version":[{"id":2825,"href":"https:\/\/www.upo.es\/investiga\/enredars\/index.php?rest_route=\/wp\/v2\/pages\/2520\/revisions\/2825"}],"wp:attachment":[{"href":"https:\/\/www.upo.es\/investiga\/enredars\/index.php?rest_route=%2Fwp%2Fv2%2Fmedia&parent=2520"}],"curies":[{"name":"wp","href":"https:\/\/api.w.org\/{rel}","templated":true}]}}