{"id":2548,"date":"2023-12-01T08:16:15","date_gmt":"2023-12-01T07:16:15","guid":{"rendered":"https:\/\/www.upo.es\/investiga\/enredars\/?page_id=2548"},"modified":"2024-02-22T16:54:18","modified_gmt":"2024-02-22T15:54:18","slug":"colaboraciones","status":"publish","type":"page","link":"https:\/\/www.upo.es\/investiga\/enredars\/?page_id=2548","title":{"rendered":"Colaboraciones"},"content":{"rendered":"\t\t<div data-elementor-type=\"wp-page\" data-elementor-id=\"2548\" class=\"elementor elementor-2548\" data-elementor-settings=\"[]\">\n\t\t\t<div class=\"elementor-inner\">\n\t\t\t\t<div class=\"elementor-section-wrap\">\n\t\t\t\t\t\t\t<section class=\"elementor-element elementor-element-2624ebf elementor-section-boxed elementor-section-height-default elementor-section-height-default elementor-section elementor-top-section\" data-id=\"2624ebf\" data-element_type=\"section\">\n\t\t\t\t\t\t<div class=\"elementor-container elementor-column-gap-default\">\n\t\t\t\t<div class=\"elementor-row\">\n\t\t\t\t<div class=\"elementor-element elementor-element-1209f17 elementor-column elementor-col-100 elementor-top-column\" data-id=\"1209f17\" data-element_type=\"column\">\n\t\t\t<div class=\"elementor-column-wrap  elementor-element-populated\">\n\t\t\t\t\t<div class=\"elementor-widget-wrap\">\n\t\t\t\t<div class=\"elementor-element elementor-element-69d1b4b elementor-widget elementor-widget-spacer\" data-id=\"69d1b4b\" data-element_type=\"widget\" data-widget_type=\"spacer.default\">\n\t\t\t\t<div class=\"elementor-widget-container\">\n\t\t\t\t\t<div class=\"elementor-spacer\">\n\t\t\t<div class=\"elementor-spacer-inner\"><\/div>\n\t\t<\/div>\n\t\t\t\t<\/div>\n\t\t\t\t<\/div>\n\t\t\t\t\t\t<\/div>\n\t\t\t<\/div>\n\t\t<\/div>\n\t\t\t\t\t\t<\/div>\n\t\t\t<\/div>\n\t\t<\/section>\n\t\t\t\t<section class=\"elementor-element elementor-element-239710c elementor-section-boxed elementor-section-height-default elementor-section-height-default elementor-section elementor-top-section\" data-id=\"239710c\" data-element_type=\"section\">\n\t\t\t\t\t\t<div class=\"elementor-container elementor-column-gap-default\">\n\t\t\t\t<div class=\"elementor-row\">\n\t\t\t\t<div class=\"elementor-element elementor-element-7781133 elementor-column elementor-col-100 elementor-top-column\" data-id=\"7781133\" data-element_type=\"column\">\n\t\t\t<div class=\"elementor-column-wrap  elementor-element-populated\">\n\t\t\t\t\t<div class=\"elementor-widget-wrap\">\n\t\t\t\t<div class=\"elementor-element elementor-element-90be298 elementor-widget elementor-widget-heading\" data-id=\"90be298\" data-element_type=\"widget\" data-widget_type=\"heading.default\">\n\t\t\t\t<div class=\"elementor-widget-container\">\n\t\t\t<h2 class=\"elementor-heading-title elementor-size-default\">Coediciones<\/h2>\t\t<\/div>\n\t\t\t\t<\/div>\n\t\t\t\t\t\t<\/div>\n\t\t\t<\/div>\n\t\t<\/div>\n\t\t\t\t\t\t<\/div>\n\t\t\t<\/div>\n\t\t<\/section>\n\t\t\t\t<section class=\"elementor-element elementor-element-09bdb63 elementor-section-boxed elementor-section-height-default elementor-section-height-default elementor-section elementor-top-section\" data-id=\"09bdb63\" data-element_type=\"section\">\n\t\t\t\t\t\t<div class=\"elementor-container elementor-column-gap-default\">\n\t\t\t\t<div class=\"elementor-row\">\n\t\t\t\t<div class=\"elementor-element elementor-element-8e165eb elementor-column elementor-col-100 elementor-top-column\" data-id=\"8e165eb\" data-element_type=\"column\">\n\t\t\t<div class=\"elementor-column-wrap  elementor-element-populated\">\n\t\t\t\t\t<div class=\"elementor-widget-wrap\">\n\t\t\t\t<div class=\"elementor-element elementor-element-cbba009 elementor-widget elementor-widget-spacer\" data-id=\"cbba009\" data-element_type=\"widget\" data-widget_type=\"spacer.default\">\n\t\t\t\t<div class=\"elementor-widget-container\">\n\t\t\t\t\t<div class=\"elementor-spacer\">\n\t\t\t<div class=\"elementor-spacer-inner\"><\/div>\n\t\t<\/div>\n\t\t\t\t<\/div>\n\t\t\t\t<\/div>\n\t\t\t\t\t\t<\/div>\n\t\t\t<\/div>\n\t\t<\/div>\n\t\t\t\t\t\t<\/div>\n\t\t\t<\/div>\n\t\t<\/section>\n\t\t\t\t<section class=\"elementor-element elementor-element-2cffc94 elementor-section-boxed elementor-section-height-default elementor-section-height-default elementor-section elementor-top-section\" data-id=\"2cffc94\" data-element_type=\"section\">\n\t\t\t\t\t\t<div class=\"elementor-container elementor-column-gap-default\">\n\t\t\t\t<div class=\"elementor-row\">\n\t\t\t\t<div class=\"elementor-element elementor-element-fc83763 elementor-column elementor-col-50 elementor-top-column\" data-id=\"fc83763\" data-element_type=\"column\">\n\t\t\t<div class=\"elementor-column-wrap  elementor-element-populated\">\n\t\t\t\t\t<div class=\"elementor-widget-wrap\">\n\t\t\t\t<div class=\"elementor-element elementor-element-1595558 elementor-widget elementor-widget-text-editor\" data-id=\"1595558\" data-element_type=\"widget\" data-widget_type=\"text-editor.default\">\n\t\t\t\t<div class=\"elementor-widget-container\">\n\t\t\t\t\t<div class=\"elementor-text-editor elementor-clearfix\"><p><em>Porta Appia e le Mura Aureliane. Fasi costruttive e risarcimenti delle strutture murarie<\/em><\/p><p><strong>Autora<\/strong> Maria Gabriella d&#8217;Ippolito<\/p><p><strong>Edita<\/strong>: Roma Tre Press y Enredars Publicaciones<br \/>2023<\/p><h3 style=\"text-align: center;\"><a href=\"https:\/\/rio.upo.es\/entities\/publication\/4104753d-f247-4231-b7ef-d6fb8259a0a7\"><strong>Acceso al libro<\/strong><\/a><\/h3><h3 style=\"text-align: center;\"><strong>Tambi\u00e9n disponible en\u00a0<a href=\"https:\/\/romatrepress.uniroma3.it\/libro\/porta-appia-e-le-mura-aureliane-fasi-costruttive-e-risarcimenti-delle-strutture-murarie\/\">Roma TrE-Pres<\/a><\/strong><\/h3><\/div>\n\t\t\t\t<\/div>\n\t\t\t\t<\/div>\n\t\t\t\t\t\t<\/div>\n\t\t\t<\/div>\n\t\t<\/div>\n\t\t\t\t<div class=\"elementor-element elementor-element-7de7535 elementor-column elementor-col-50 elementor-top-column\" data-id=\"7de7535\" data-element_type=\"column\">\n\t\t\t<div class=\"elementor-column-wrap  elementor-element-populated\">\n\t\t\t\t\t<div class=\"elementor-widget-wrap\">\n\t\t\t\t<div class=\"elementor-element elementor-element-29508ce elementor-widget elementor-widget-image\" data-id=\"29508ce\" data-element_type=\"widget\" data-widget_type=\"image.default\">\n\t\t\t\t<div class=\"elementor-widget-container\">\n\t\t\t\t\t<div class=\"elementor-image\">\n\t\t\t\t\t\t\t\t\t\t\t<a href=\"https:\/\/rio.upo.es\/entities\/publication\/4104753d-f247-4231-b7ef-d6fb8259a0a7\">\n\t\t\t\t\t\t\t<img loading=\"lazy\" decoding=\"async\" width=\"244\" height=\"300\" src=\"https:\/\/www.upo.es\/investiga\/enredars\/wp-content\/uploads\/2024\/02\/1000010688-244x300.jpg\" class=\"elementor-animation-bounce-in attachment-medium size-medium\" alt=\"\" srcset=\"https:\/\/www.upo.es\/investiga\/enredars\/wp-content\/uploads\/2024\/02\/1000010688-244x300.jpg 244w, https:\/\/www.upo.es\/investiga\/enredars\/wp-content\/uploads\/2024\/02\/1000010688-833x1024.jpg 833w, https:\/\/www.upo.es\/investiga\/enredars\/wp-content\/uploads\/2024\/02\/1000010688-768x944.jpg 768w, https:\/\/www.upo.es\/investiga\/enredars\/wp-content\/uploads\/2024\/02\/1000010688.jpg 1085w\" sizes=\"(max-width: 244px) 100vw, 244px\" \/>\t\t\t\t\t\t\t\t<\/a>\n\t\t\t\t\t\t\t\t\t\t\t<\/div>\n\t\t\t\t<\/div>\n\t\t\t\t<\/div>\n\t\t\t\t\t\t<\/div>\n\t\t\t<\/div>\n\t\t<\/div>\n\t\t\t\t\t\t<\/div>\n\t\t\t<\/div>\n\t\t<\/section>\n\t\t\t\t<section class=\"elementor-element elementor-element-47b5348 elementor-section-boxed elementor-section-height-default elementor-section-height-default elementor-section elementor-top-section\" data-id=\"47b5348\" data-element_type=\"section\">\n\t\t\t\t\t\t<div class=\"elementor-container elementor-column-gap-default\">\n\t\t\t\t<div class=\"elementor-row\">\n\t\t\t\t<div class=\"elementor-element elementor-element-cac952f elementor-column elementor-col-100 elementor-top-column\" data-id=\"cac952f\" data-element_type=\"column\">\n\t\t\t<div class=\"elementor-column-wrap\">\n\t\t\t\t\t<div class=\"elementor-widget-wrap\">\n\t\t\t\t\t\t<\/div>\n\t\t\t<\/div>\n\t\t<\/div>\n\t\t\t\t\t\t<\/div>\n\t\t\t<\/div>\n\t\t<\/section>\n\t\t\t\t<section class=\"elementor-element elementor-element-722b389 elementor-section-boxed elementor-section-height-default elementor-section-height-default elementor-section elementor-top-section\" data-id=\"722b389\" data-element_type=\"section\">\n\t\t\t\t\t\t<div class=\"elementor-container elementor-column-gap-default\">\n\t\t\t\t<div class=\"elementor-row\">\n\t\t\t\t<div class=\"elementor-element elementor-element-066bd28 elementor-column elementor-col-33 elementor-top-column\" data-id=\"066bd28\" data-element_type=\"column\">\n\t\t\t<div class=\"elementor-column-wrap  elementor-element-populated\">\n\t\t\t\t\t<div class=\"elementor-widget-wrap\">\n\t\t\t\t<div class=\"elementor-element elementor-element-8eb5391 elementor-widget elementor-widget-image\" data-id=\"8eb5391\" data-element_type=\"widget\" data-widget_type=\"image.default\">\n\t\t\t\t<div class=\"elementor-widget-container\">\n\t\t\t\t\t<div class=\"elementor-image\">\n\t\t\t\t\t\t\t\t\t\t\t<a href=\"http:\/\/hdl.handle.net\/10433\/16787\">\n\t\t\t\t\t\t\t<img loading=\"lazy\" decoding=\"async\" width=\"240\" height=\"300\" src=\"https:\/\/www.upo.es\/investiga\/enredars\/wp-content\/uploads\/2023\/12\/2024-11_Il-Progetto_portada-240x300.jpg\" class=\"elementor-animation-bounce-in attachment-medium size-medium\" alt=\"\" srcset=\"https:\/\/www.upo.es\/investiga\/enredars\/wp-content\/uploads\/2023\/12\/2024-11_Il-Progetto_portada-240x300.jpg 240w, https:\/\/www.upo.es\/investiga\/enredars\/wp-content\/uploads\/2023\/12\/2024-11_Il-Progetto_portada.jpg 466w\" sizes=\"(max-width: 240px) 100vw, 240px\" \/>\t\t\t\t\t\t\t\t<\/a>\n\t\t\t\t\t\t\t\t\t\t\t<\/div>\n\t\t\t\t<\/div>\n\t\t\t\t<\/div>\n\t\t\t\t\t\t<\/div>\n\t\t\t<\/div>\n\t\t<\/div>\n\t\t\t\t<div class=\"elementor-element elementor-element-02e7a2e elementor-column elementor-col-66 elementor-top-column\" data-id=\"02e7a2e\" data-element_type=\"column\">\n\t\t\t<div class=\"elementor-column-wrap  elementor-element-populated\">\n\t\t\t\t\t<div class=\"elementor-widget-wrap\">\n\t\t\t\t<div class=\"elementor-element elementor-element-34e0fc5 elementor-widget elementor-widget-text-editor\" data-id=\"34e0fc5\" data-element_type=\"widget\" data-widget_type=\"text-editor.default\">\n\t\t\t\t<div class=\"elementor-widget-container\">\n\t\t\t\t\t<div class=\"elementor-text-editor elementor-clearfix\"><p><em>Il progetto opera: Conoscere, rappresentare, intervenire. Un protocollo pilota per la prevenzione e la mitigazione dei rischi ambientali <\/em><\/p><p><strong>A cura di<\/strong> Giovanna Spadafora<\/p><p><strong>Edita<\/strong>: Roma Tre Press y Enredars Publicaciones<br \/>2023<\/p><h3 style=\"text-align: center;\"><a href=\"http:\/\/hdl.handle.net\/10433\/16787\"><strong>Acceso al libro<\/strong><\/a><\/h3><h3 style=\"text-align: center;\"><strong>Tambi\u00e9n disponible en\u00a0<a href=\"https:\/\/romatrepress.uniroma3.it\/libro\/il-progetto-opera-conoscere-rappresentare-intervenire-un-protocollo-pilota-per-la-prevenzione-e-la-mitigazione-dei-rischi-ambientali-2\/\">Roma TrE-Pres<\/a><\/strong><\/h3><\/div>\n\t\t\t\t<\/div>\n\t\t\t\t<\/div>\n\t\t\t\t\t\t<\/div>\n\t\t\t<\/div>\n\t\t<\/div>\n\t\t\t\t\t\t<\/div>\n\t\t\t<\/div>\n\t\t<\/section>\n\t\t\t\t<section class=\"elementor-element elementor-element-145d112 elementor-section-boxed elementor-section-height-default elementor-section-height-default elementor-section elementor-top-section\" data-id=\"145d112\" data-element_type=\"section\">\n\t\t\t\t\t\t<div class=\"elementor-container elementor-column-gap-default\">\n\t\t\t\t<div class=\"elementor-row\">\n\t\t\t\t<div class=\"elementor-element elementor-element-67093e8 elementor-column elementor-col-100 elementor-top-column\" data-id=\"67093e8\" data-element_type=\"column\">\n\t\t\t<div class=\"elementor-column-wrap  elementor-element-populated\">\n\t\t\t\t\t<div class=\"elementor-widget-wrap\">\n\t\t\t\t<div class=\"elementor-element elementor-element-6cd12a3 elementor-widget elementor-widget-spacer\" data-id=\"6cd12a3\" data-element_type=\"widget\" data-widget_type=\"spacer.default\">\n\t\t\t\t<div class=\"elementor-widget-container\">\n\t\t\t\t\t<div class=\"elementor-spacer\">\n\t\t\t<div class=\"elementor-spacer-inner\"><\/div>\n\t\t<\/div>\n\t\t\t\t<\/div>\n\t\t\t\t<\/div>\n\t\t\t\t\t\t<\/div>\n\t\t\t<\/div>\n\t\t<\/div>\n\t\t\t\t\t\t<\/div>\n\t\t\t<\/div>\n\t\t<\/section>\n\t\t\t\t<section class=\"elementor-element elementor-element-3b42024 elementor-section-boxed elementor-section-height-default elementor-section-height-default elementor-section elementor-top-section\" data-id=\"3b42024\" data-element_type=\"section\">\n\t\t\t\t\t\t<div class=\"elementor-container elementor-column-gap-default\">\n\t\t\t\t<div class=\"elementor-row\">\n\t\t\t\t<div class=\"elementor-element elementor-element-f342eff elementor-column elementor-col-100 elementor-top-column\" data-id=\"f342eff\" data-element_type=\"column\">\n\t\t\t<div class=\"elementor-column-wrap  elementor-element-populated\">\n\t\t\t\t\t<div class=\"elementor-widget-wrap\">\n\t\t\t\t<div class=\"elementor-element elementor-element-04dcf19 elementor-widget elementor-widget-heading\" data-id=\"04dcf19\" data-element_type=\"widget\" data-widget_type=\"heading.default\">\n\t\t\t\t<div class=\"elementor-widget-container\">\n\t\t\t<h2 class=\"elementor-heading-title elementor-size-default\">Colaboraciones<\/h2>\t\t<\/div>\n\t\t\t\t<\/div>\n\t\t\t\t\t\t<\/div>\n\t\t\t<\/div>\n\t\t<\/div>\n\t\t\t\t\t\t<\/div>\n\t\t\t<\/div>\n\t\t<\/section>\n\t\t\t\t<section class=\"elementor-element elementor-element-b0c1dc8 elementor-section-boxed elementor-section-height-default elementor-section-height-default elementor-section elementor-top-section\" data-id=\"b0c1dc8\" data-element_type=\"section\">\n\t\t\t\t\t\t<div class=\"elementor-container elementor-column-gap-default\">\n\t\t\t\t<div class=\"elementor-row\">\n\t\t\t\t<div class=\"elementor-element elementor-element-cb45c0f elementor-column elementor-col-100 elementor-top-column\" data-id=\"cb45c0f\" data-element_type=\"column\">\n\t\t\t<div class=\"elementor-column-wrap  elementor-element-populated\">\n\t\t\t\t\t<div class=\"elementor-widget-wrap\">\n\t\t\t\t<div class=\"elementor-element elementor-element-dba4b74 elementor-widget elementor-widget-spacer\" data-id=\"dba4b74\" data-element_type=\"widget\" data-widget_type=\"spacer.default\">\n\t\t\t\t<div class=\"elementor-widget-container\">\n\t\t\t\t\t<div class=\"elementor-spacer\">\n\t\t\t<div class=\"elementor-spacer-inner\"><\/div>\n\t\t<\/div>\n\t\t\t\t<\/div>\n\t\t\t\t<\/div>\n\t\t\t\t\t\t<\/div>\n\t\t\t<\/div>\n\t\t<\/div>\n\t\t\t\t\t\t<\/div>\n\t\t\t<\/div>\n\t\t<\/section>\n\t\t\t\t<section class=\"elementor-element elementor-element-dd822b8 elementor-section-boxed elementor-section-height-default elementor-section-height-default elementor-section elementor-top-section\" data-id=\"dd822b8\" data-element_type=\"section\">\n\t\t\t\t\t\t<div class=\"elementor-container elementor-column-gap-default\">\n\t\t\t\t<div class=\"elementor-row\">\n\t\t\t\t<div class=\"elementor-element elementor-element-db85a23 elementor-column elementor-col-66 elementor-top-column\" data-id=\"db85a23\" data-element_type=\"column\">\n\t\t\t<div class=\"elementor-column-wrap  elementor-element-populated\">\n\t\t\t\t\t<div class=\"elementor-widget-wrap\">\n\t\t\t\t<div class=\"elementor-element elementor-element-f2d96f1 elementor-widget elementor-widget-text-editor\" data-id=\"f2d96f1\" data-element_type=\"widget\" data-widget_type=\"text-editor.default\">\n\t\t\t\t<div class=\"elementor-widget-container\">\n\t\t\t\t\t<div class=\"elementor-text-editor elementor-clearfix\"><p><em>El legado. Antolog\u00eda de leyendas <\/em><\/p><p><strong>Editores<\/strong>: Victoria Mar\u00edn Fallas, Ariel Cambronero Zumbado, F\u00e9lix Alejandro Cristi\u00e1 y Carlos Alberto Garc\u00eda Pi\u00f1ero<\/p><p><strong>Edita<\/strong>: Revista Virtual Quimera<br \/>2023<\/p><h3 style=\"text-align: center;\"><a href=\"http:\/\/hdl.handle.net\/10433\/16786\"><strong>Acceso al libro<\/strong><\/a><\/h3><\/div>\n\t\t\t\t<\/div>\n\t\t\t\t<\/div>\n\t\t\t\t\t\t<\/div>\n\t\t\t<\/div>\n\t\t<\/div>\n\t\t\t\t<div class=\"elementor-element elementor-element-be424d7 elementor-column elementor-col-33 elementor-top-column\" data-id=\"be424d7\" data-element_type=\"column\">\n\t\t\t<div class=\"elementor-column-wrap  elementor-element-populated\">\n\t\t\t\t\t<div class=\"elementor-widget-wrap\">\n\t\t\t\t<div class=\"elementor-element elementor-element-6ac6be9 elementor-widget elementor-widget-image\" data-id=\"6ac6be9\" data-element_type=\"widget\" data-widget_type=\"image.default\">\n\t\t\t\t<div class=\"elementor-widget-container\">\n\t\t\t\t\t<div class=\"elementor-image\">\n\t\t\t\t\t\t\t\t\t\t\t<a href=\"http:\/\/hdl.handle.net\/10433\/16786\">\n\t\t\t\t\t\t\t<img loading=\"lazy\" decoding=\"async\" width=\"192\" height=\"300\" src=\"https:\/\/www.upo.es\/investiga\/enredars\/wp-content\/uploads\/2023\/12\/2024-11_El-Legado_portada-192x300.jpg\" class=\"elementor-animation-bounce-in attachment-medium size-medium\" alt=\"\" srcset=\"https:\/\/www.upo.es\/investiga\/enredars\/wp-content\/uploads\/2023\/12\/2024-11_El-Legado_portada-192x300.jpg 192w, https:\/\/www.upo.es\/investiga\/enredars\/wp-content\/uploads\/2023\/12\/2024-11_El-Legado_portada.jpg 385w\" sizes=\"(max-width: 192px) 100vw, 192px\" \/>\t\t\t\t\t\t\t\t<\/a>\n\t\t\t\t\t\t\t\t\t\t\t<\/div>\n\t\t\t\t<\/div>\n\t\t\t\t<\/div>\n\t\t\t\t\t\t<\/div>\n\t\t\t<\/div>\n\t\t<\/div>\n\t\t\t\t\t\t<\/div>\n\t\t\t<\/div>\n\t\t<\/section>\n\t\t\t\t\t\t<\/div>\n\t\t\t<\/div>\n\t\t<\/div>\n\t\t","protected":false},"excerpt":{"rendered":"<p>Coediciones Porta Appia e le Mura Aureliane. Fasi costruttive e risarcimenti delle strutture murarie Autora Maria Gabriella d&#8217;Ippolito Edita: Roma[&#8230;]<\/p>\n","protected":false},"author":1,"featured_media":0,"parent":0,"menu_order":0,"comment_status":"closed","ping_status":"closed","template":"template-fullwidth.php","meta":{"footnotes":""},"_links":{"self":[{"href":"https:\/\/www.upo.es\/investiga\/enredars\/index.php?rest_route=\/wp\/v2\/pages\/2548"}],"collection":[{"href":"https:\/\/www.upo.es\/investiga\/enredars\/index.php?rest_route=\/wp\/v2\/pages"}],"about":[{"href":"https:\/\/www.upo.es\/investiga\/enredars\/index.php?rest_route=\/wp\/v2\/types\/page"}],"author":[{"embeddable":true,"href":"https:\/\/www.upo.es\/investiga\/enredars\/index.php?rest_route=\/wp\/v2\/users\/1"}],"replies":[{"embeddable":true,"href":"https:\/\/www.upo.es\/investiga\/enredars\/index.php?rest_route=%2Fwp%2Fv2%2Fcomments&post=2548"}],"version-history":[{"count":11,"href":"https:\/\/www.upo.es\/investiga\/enredars\/index.php?rest_route=\/wp\/v2\/pages\/2548\/revisions"}],"predecessor-version":[{"id":2780,"href":"https:\/\/www.upo.es\/investiga\/enredars\/index.php?rest_route=\/wp\/v2\/pages\/2548\/revisions\/2780"}],"wp:attachment":[{"href":"https:\/\/www.upo.es\/investiga\/enredars\/index.php?rest_route=%2Fwp%2Fv2%2Fmedia&parent=2548"}],"curies":[{"name":"wp","href":"https:\/\/api.w.org\/{rel}","templated":true}]}}