{"id":2849,"date":"2024-05-08T19:18:54","date_gmt":"2024-05-08T18:18:54","guid":{"rendered":"https:\/\/www.upo.es\/investiga\/enredars\/?page_id=2849"},"modified":"2024-05-09T14:04:19","modified_gmt":"2024-05-09T13:04:19","slug":"jose-soares-de-araujo-a-grande-decoracao-barroca-em-diamantina-no-seculo-xviii","status":"publish","type":"page","link":"https:\/\/www.upo.es\/investiga\/enredars\/?page_id=2849","title":{"rendered":"Jos\u00e9 Soares de Ara\u00fajo. A grande decora\u00e7\u00e3o barroca em Diamantina, no s\u00e9culo XVIII"},"content":{"rendered":"\n<div class=\"wp-block-media-text is-stacked-on-mobile\" style=\"grid-template-columns:29% auto\"><figure class=\"wp-block-media-text__media\"><a href=\"https:\/\/rio.upo.es\/entities\/publication\/8fbd285c-3cfe-4dbc-bacc-14aba1271b09\"><img loading=\"lazy\" decoding=\"async\" width=\"423\" height=\"600\" src=\"https:\/\/www.upo.es\/investiga\/enredars\/wp-content\/uploads\/2024\/05\/Jose\u0301-Soares-de-Arau\u0301jo_portada.jpg\" alt=\"\" class=\"wp-image-2850 size-full\" srcset=\"https:\/\/www.upo.es\/investiga\/enredars\/wp-content\/uploads\/2024\/05\/Jose\u0301-Soares-de-Arau\u0301jo_portada.jpg 423w, https:\/\/www.upo.es\/investiga\/enredars\/wp-content\/uploads\/2024\/05\/Jose\u0301-Soares-de-Arau\u0301jo_portada-212x300.jpg 212w\" sizes=\"(max-width: 423px) 100vw, 423px\" \/><\/a><\/figure><div class=\"wp-block-media-text__content\">\n<p>Detalles del libro<\/p>\n\n\n\n<ul>\n<li>Autora: Maria Claudia Almeida Orlando Magnani<\/li>\n\n\n\n<li>Editoriales: Enredars Publicaciones y Roma TrE-Press \/ Universit\u00e0 degli studi Roma Tre<\/li>\n\n\n\n<li>34.\u00ba volumen de la colecci\u00f3n Universo Barroco Iberoamericano<\/li>\n\n\n\n<li>ISBN: 978-84-09-61254-3<\/li>\n\n\n\n<li>A\u00f1o de publicaci\u00f3n: 2024<\/li>\n\n\n\n<li>N\u00famero de p\u00e1ginas: 211<\/li>\n<\/ul>\n\n\n\n<p><a href=\"https:\/\/rio.upo.es\/entities\/publication\/8fbd285c-3cfe-4dbc-bacc-14aba1271b09\">Acceder ahora al libro<\/a><\/p>\n\n\n\n<p><a href=\"https:\/\/romatrepress.uniroma3.it\/libro\/jose-soares-de-araujo-a-grande-decoracao-barroca-em-diamantina-no-seculo-xviii\/\">Tambi\u00e9n disponible en Roma TrE-Pres<\/a><\/p>\n<\/div><\/div>\n\n\n\n<p>Magnani, Maria Cl\u00e1udia Almeida Orlando .&nbsp;<em><a href=\"https:\/\/rio.upo.es\/entities\/publication\/8fbd285c-3cfe-4dbc-bacc-14aba1271b09\">Jos\u00e9 Soares de Ara\u00fajo. A grande decora\u00e7\u00e3o barroca em Diamantina, no s\u00e9culo XVIII<\/a><\/em>. Vol. 34. Sevilla, Enredars, Universidad Pablo de Olavide,Roma, Roma TrE-Press \/ Universit\u00e0 degli studi Roma Tre, 2024. ISBN: 978-84-09-61254-3.<\/p>\n","protected":false},"excerpt":{"rendered":"<p>Magnani, Maria Cl\u00e1udia Almeida Orlando .&nbsp;Jos\u00e9 Soares de Ara\u00fajo. A grande decora\u00e7\u00e3o barroca em Diamantina, no s\u00e9culo XVIII. Vol. 34.[&#8230;]<\/p>\n","protected":false},"author":1,"featured_media":0,"parent":0,"menu_order":0,"comment_status":"closed","ping_status":"closed","template":"template-fullwidth.php","meta":{"footnotes":""},"_links":{"self":[{"href":"https:\/\/www.upo.es\/investiga\/enredars\/index.php?rest_route=\/wp\/v2\/pages\/2849"}],"collection":[{"href":"https:\/\/www.upo.es\/investiga\/enredars\/index.php?rest_route=\/wp\/v2\/pages"}],"about":[{"href":"https:\/\/www.upo.es\/investiga\/enredars\/index.php?rest_route=\/wp\/v2\/types\/page"}],"author":[{"embeddable":true,"href":"https:\/\/www.upo.es\/investiga\/enredars\/index.php?rest_route=\/wp\/v2\/users\/1"}],"replies":[{"embeddable":true,"href":"https:\/\/www.upo.es\/investiga\/enredars\/index.php?rest_route=%2Fwp%2Fv2%2Fcomments&post=2849"}],"version-history":[{"count":3,"href":"https:\/\/www.upo.es\/investiga\/enredars\/index.php?rest_route=\/wp\/v2\/pages\/2849\/revisions"}],"predecessor-version":[{"id":2863,"href":"https:\/\/www.upo.es\/investiga\/enredars\/index.php?rest_route=\/wp\/v2\/pages\/2849\/revisions\/2863"}],"wp:attachment":[{"href":"https:\/\/www.upo.es\/investiga\/enredars\/index.php?rest_route=%2Fwp%2Fv2%2Fmedia&parent=2849"}],"curies":[{"name":"wp","href":"https:\/\/api.w.org\/{rel}","templated":true}]}}