{"id":2856,"date":"2024-05-09T14:00:14","date_gmt":"2024-05-09T13:00:14","guid":{"rendered":"https:\/\/www.upo.es\/investiga\/enredars\/?page_id=2856"},"modified":"2024-05-09T14:00:38","modified_gmt":"2024-05-09T13:00:38","slug":"fauna-y-manifestaciones-rupestres-en-america-latina","status":"publish","type":"page","link":"https:\/\/www.upo.es\/investiga\/enredars\/?page_id=2856","title":{"rendered":"Fauna y manifestaciones rupestres en Am\u00e9rica Latina"},"content":{"rendered":"\n<div class=\"wp-block-media-text is-stacked-on-mobile\" style=\"grid-template-columns:32% auto\"><figure class=\"wp-block-media-text__media\"><a href=\"https:\/\/rio.upo.es\/collections\/92eebe90-ae16-4c83-aa19-5f3e55608bce\"><img loading=\"lazy\" decoding=\"async\" width=\"733\" height=\"899\" src=\"https:\/\/www.upo.es\/investiga\/enredars\/wp-content\/uploads\/2024\/05\/Fauna-y-manifestaciones_portada.jpg\" alt=\"\" class=\"wp-image-2857 size-full\" srcset=\"https:\/\/www.upo.es\/investiga\/enredars\/wp-content\/uploads\/2024\/05\/Fauna-y-manifestaciones_portada.jpg 733w, https:\/\/www.upo.es\/investiga\/enredars\/wp-content\/uploads\/2024\/05\/Fauna-y-manifestaciones_portada-245x300.jpg 245w\" sizes=\"(max-width: 733px) 100vw, 733px\" \/><\/a><\/figure><div class=\"wp-block-media-text__content\">\n<p>Detalles del libro<\/p>\n\n\n\n<ul>\n<li>Editoras: Aline Lara Galicia; P\u00e9rez Maestro, Carmen<\/li>\n\n\n\n<li>Editoriales: Enredars Publicaciones <\/li>\n\n\n\n<li>7.\u00ba volumen de la colecci\u00f3n Culturas Originarias<\/li>\n\n\n\n<li>ISBN: 978-84-09-61495-0<\/li>\n\n\n\n<li>A\u00f1o de publicaci\u00f3n: 2024<\/li>\n\n\n\n<li>N\u00famero de p\u00e1ginas: 172<\/li>\n<\/ul>\n\n\n\n<p><a href=\"https:\/\/rio.upo.es\/collections\/92eebe90-ae16-4c83-aa19-5f3e55608bce\">Acceder ahora al libro<\/a><\/p>\n<\/div><\/div>\n\n\n\n<p><a href=\"https:\/\/rio.upo.es\/entities\/publication\/b6d05b60-2a77-4da5-ad04-a89a1d58334c\">Ictiofauna representada en las pinturas rupestres de las cordilleras centrales de la pen\u00ednsula de Baja California, M\u00e9xico.<\/a> Guti\u00e9rrez Mart\u00ednez, Mar\u00eda de la Luz; Aceves Medina, Gerardo; \u00c1lvarez Ram\u00edrez, Indra Mar\u00eda (Enredars Publicaciones \/ UPO, 2024)<\/p>\n\n\n\n<p><a href=\"https:\/\/rio.upo.es\/entities\/publication\/16e15aa2-d8c8-4908-a780-aae986e1d0a0\">Entre costas, valles y serran\u00edas. Los animales en la gr\u00e1fica rupestre de Baja California, M\u00e9xico.<\/a> Fonseca Ibarra, Enah; Fenoglio Lim\u00f3n, Fiorella (Enredars Publicaciones \/ UPO, 2024)<\/p>\n\n\n\n<p><a href=\"https:\/\/rio.upo.es\/entities\/publication\/a212c6e9-6fab-4132-a43e-c47d2a7e4f61\">Animales y astros en la iconograf\u00eda rupestre del sur de Hidalgo, M\u00e9xico<\/a>. Torres Rodr\u00edguez, Alfonso (Enredars Publicaciones \/ UPO, 2024)<\/p>\n\n\n\n<p><a href=\"https:\/\/rio.upo.es\/entities\/publication\/8b089f13-4402-42fa-b15b-cbc2840020cb\">Una aproximaci\u00f3n al simbolismo de la fauna representada en las cavernas de Yucat\u00e1n, M\u00e9xico.<\/a> Tec Pool, F\u00e1tima del Rosario (Enredars Publicaciones \/ UPO, 2024)<\/p>\n\n\n\n<p><a href=\"https:\/\/rio.upo.es\/entities\/publication\/46e4ea5a-0102-468f-bab8-ec00e17af617\">Peces al lado y lado del Medio Orinoco: biodiversidad en tres sitios arqueol\u00f3gicos de los llanos del Norte de Suram\u00e9rica.<\/a> Lozada Mendieta, Nataia; Oliver, Jos\u00e9 R.; Estrada Villegas, Sergio; Guzm\u00e1n, Lizeth Stephany; Yung, Samuel (Enredars Publicaciones \/ UPO, 2024)<\/p>\n\n\n\n<p><a href=\"https:\/\/rio.upo.es\/entities\/publication\/635dcb47-2059-4677-9070-eed0625d8415\">Los c\u00e9rvidos en el arte rupestre andino-peruano: aspectos iconogr\u00e1ficos y distribuci\u00f3n geogr\u00e1fica<\/a>. Hostnig, Rainer; V\u00e1squez Ruesta, Pedro (Enredars Publicaciones \/ UPO, 2024)<\/p>\n\n\n\n<p><a href=\"https:\/\/rio.upo.es\/entities\/publication\/28f91863-5736-4309-9235-151eacb66278\">Arte rupestre y biodiversidad en Barrancas de la Puna de Jujuy, Argentina<\/a>. Yacobaccio, Hugo D.; Rouan Sirolli, Mercedes (Enredars Publicaciones \/ UPO, 2024)<\/p>\n\n\n\n<p><a href=\"https:\/\/rio.upo.es\/entities\/publication\/38f4a3ec-5e17-4c72-bc50-9620cf2217bf\">Identidad cultural, biodiversidad y memoria social de \u201clarga duraci\u00f3n\u201d en la Quebrada de Humahuaca, Jujuy, Argentina.<\/a> Hern\u00e1ndez Llosas, Mar\u00eda Isabel (Enredars Publicaciones \/ UPO, 2024)<\/p>\n\n\n\n<p><a href=\"https:\/\/rio.upo.es\/entities\/publication\/db50488d-8af3-49b8-b74d-6a6c6aa8a98e\">El legado perdurable del arte rupestre de Oro\ud835\udf02o, Rapa Nui (Isla de Pascua)<\/a>. Van Tilburg, Jo Anne; Haoa Cardinali, Sonia (Enredars Publicaciones \/ UPO, 2024)<\/p>\n\n\n\n<p><\/p>\n\n\n\n<p>Lara Galicia, Aline; P\u00e9rez Maestro, Carmen (eds<em>.)<\/em>.<em> <a href=\"https:\/\/rio.upo.es\/entities\/publication\/54afc2ea-0818-414c-b1ca-78e59ded6636\">Fauna y manifestaciones rupestres en Am\u00e9rica Latina<\/a><\/em>. Vol. VII. Sevilla, Enredars\/Universidad Pablo de Olavide, 2024. ISBN: 978-84-09-61495-0.<\/p>\n","protected":false},"excerpt":{"rendered":"<p>Ictiofauna representada en las pinturas rupestres de las cordilleras centrales de la pen\u00ednsula de Baja California, M\u00e9xico. Guti\u00e9rrez Mart\u00ednez, Mar\u00eda[&#8230;]<\/p>\n","protected":false},"author":1,"featured_media":0,"parent":0,"menu_order":0,"comment_status":"closed","ping_status":"closed","template":"template-fullwidth.php","meta":{"footnotes":""},"_links":{"self":[{"href":"https:\/\/www.upo.es\/investiga\/enredars\/index.php?rest_route=\/wp\/v2\/pages\/2856"}],"collection":[{"href":"https:\/\/www.upo.es\/investiga\/enredars\/index.php?rest_route=\/wp\/v2\/pages"}],"about":[{"href":"https:\/\/www.upo.es\/investiga\/enredars\/index.php?rest_route=\/wp\/v2\/types\/page"}],"author":[{"embeddable":true,"href":"https:\/\/www.upo.es\/investiga\/enredars\/index.php?rest_route=\/wp\/v2\/users\/1"}],"replies":[{"embeddable":true,"href":"https:\/\/www.upo.es\/investiga\/enredars\/index.php?rest_route=%2Fwp%2Fv2%2Fcomments&post=2856"}],"version-history":[{"count":2,"href":"https:\/\/www.upo.es\/investiga\/enredars\/index.php?rest_route=\/wp\/v2\/pages\/2856\/revisions"}],"predecessor-version":[{"id":2859,"href":"https:\/\/www.upo.es\/investiga\/enredars\/index.php?rest_route=\/wp\/v2\/pages\/2856\/revisions\/2859"}],"wp:attachment":[{"href":"https:\/\/www.upo.es\/investiga\/enredars\/index.php?rest_route=%2Fwp%2Fv2%2Fmedia&parent=2856"}],"curies":[{"name":"wp","href":"https:\/\/api.w.org\/{rel}","templated":true}]}}