{"id":2867,"date":"2024-06-19T07:14:44","date_gmt":"2024-06-19T06:14:44","guid":{"rendered":"https:\/\/www.upo.es\/investiga\/enredars\/?page_id=2867"},"modified":"2024-06-25T08:05:26","modified_gmt":"2024-06-25T07:05:26","slug":"las-artes-suntuarias-al-servicio-del-culto-divino-xvi-xviii","status":"publish","type":"page","link":"https:\/\/www.upo.es\/investiga\/enredars\/?page_id=2867","title":{"rendered":"Las artes suntuarias al servicio del culto divino (XVI-XVIII)"},"content":{"rendered":"\n<h1 class=\"wp-block-heading\">Las artes suntuarias al servicio del culto divino (XVI-XVIII)<\/h1>\n\n\n\n<div class=\"wp-block-media-text is-stacked-on-mobile\" style=\"grid-template-columns:27% auto\"><figure class=\"wp-block-media-text__media\"><a href=\"https:\/\/rio.upo.es\/collections\/92c0cf2e-b82b-4583-acf6-fdff4c801842\"><img loading=\"lazy\" decoding=\"async\" width=\"414\" height=\"583\" src=\"https:\/\/www.upo.es\/investiga\/enredars\/wp-content\/uploads\/2024\/06\/Artes-decorativas_portada.jpg\" alt=\"\" class=\"wp-image-2866 size-full\" srcset=\"https:\/\/www.upo.es\/investiga\/enredars\/wp-content\/uploads\/2024\/06\/Artes-decorativas_portada.jpg 414w, https:\/\/www.upo.es\/investiga\/enredars\/wp-content\/uploads\/2024\/06\/Artes-decorativas_portada-213x300.jpg 213w\" sizes=\"(max-width: 414px) 100vw, 414px\" \/><\/a><\/figure><div class=\"wp-block-media-text__content\">\n<p>Detalles del libro<\/p>\n\n\n\n<ul>\n<li>Editores: Laura Illescas, Antonio Joaqu\u00edn Santos, Jes\u00fas Rivas Carmona, Mar\u00eda Concetta Di Natale y Sergio Intorre<\/li>\n\n\n\n<li>Editoriales: Enredars Publicaciones y Roma TrE-Press \/ Universit\u00e0 degli studi Roma Tre<\/li>\n\n\n\n<li>32.\u00ba volumen de la colecci\u00f3n Universo Barroco<\/li>\n\n\n\n<li>ISBN: 978-84-09-59769-7<\/li>\n\n\n\n<li>A\u00f1o de publicaci\u00f3n: 2024<\/li>\n\n\n\n<li>N\u00famero de p\u00e1ginas: 786<\/li>\n<\/ul>\n\n\n\n<p><a href=\"https:\/\/rio.upo.es\/collections\/92c0cf2e-b82b-4583-acf6-fdff4c801842\">Acceder ahora al libro<\/a><\/p>\n\n\n\n<p><a href=\"https:\/\/romatrepress.uniroma3.it\/libro\/las-artes-suntuarias-al-servicio-del-culto-divino-ss-xvi-xviii\/\">Tambi\u00e9n disponible en Roma TrE-Pres<\/a><\/p>\n\n\n\n<p><\/p>\n<\/div><\/div>\n\n\n\n<p><a href=\"https:\/\/rio.upo.es\/entities\/publication\/eb2056ac-0f13-4b30-8028-9f2fc5bf7abc\">Bordados de ornamentos lit\u00fargicos en el Museo Franz Mayer de M\u00e9xico<\/a>. Aguilar D\u00edaz, Jes\u00fas (Roma Tre Press \/ Enredars &#8211; UPO, 2024)<\/p>\n\n\n\n<p><a href=\"https:\/\/rio.upo.es\/entities\/publication\/f58f9b50-00fc-4ad2-8821-d6289cff42c8\">Jos\u00e9 Gualba y el bordado de ornamentos para la festividad del Corpus en la Espa\u00f1a del siglo XVIII<\/a>. \u00c1greda Pino, Ana Mar\u00eda (Roma Tre Press \/ Enredars &#8211; UPO, 2024)<\/p>\n\n\n\n<p><a href=\"https:\/\/rio.upo.es\/entities\/publication\/8cf1166f-8c19-45f9-8712-5b2451d84af2\">El azul en la liturgia hispana: los ternos de la Pur\u00edsima<\/a>. P\u00e9rez S\u00e1nchez, Manuel (Roma Tre Press \/ Enredars &#8211; UPO, 2024)<\/p>\n\n\n\n<p><a href=\"https:\/\/rio.upo.es\/entities\/publication\/924a278b-2787-41c6-a4cd-23ff4ac11440\">Plateros escasamente conocidos en la Sevilla de la primera mitad del XVI: Diego de Vozmediano, Hernando de Antezana y Rodrigo Gallego<\/a>. Herrera Garc\u00eda, Francisco Javier (Roma Tre Press \/ Enredars &#8211; UPO, 2024)<\/p>\n\n\n\n<p><a href=\"https:\/\/rio.upo.es\/entities\/publication\/3c77f3f0-a5f1-40fc-944c-7aa8da30b9b9\">El arca-relicario del cuerpo de san Eugenio en la catedral de Toledo<\/a>. P\u00e9rez Grande, Margarita (Roma Tre Press \/ Enredars &#8211; UPO, 2024)<\/p>\n\n\n\n<p><a href=\"https:\/\/rio.upo.es\/entities\/publication\/150dcd45-acae-4f76-8378-08354c175e2c\">Orefici, argentieri e cristallai per il Duomo di Milano tra XVI e XVII secolo. Un trono espositorio con due angeli \u201csopra un monte\u201d e l\u2019 arca per il corpo di san Carlo Borromeo<\/a>. Venturelli, Paola (Roma Tre Press \/ Enredars &#8211; UPO, 2024)<\/p>\n\n\n\n<p><a href=\"https:\/\/rio.upo.es\/entities\/publication\/85422c46-e391-454f-b4ac-e00b01ce76db\">Al servicio del culto eucar\u00edstico: las custodias procesionales en las hermandades sacramentales de Sevilla<\/a>. Roda Pe\u00f1a, Jos\u00e9 (Roma Tre Press \/ Enredars &#8211; UPO, 2024)<\/p>\n\n\n\n<p><a href=\"https:\/\/rio.upo.es\/entities\/publication\/a12aba88-cc25-4873-bf61-99a6d3419b9e\">\u201c[P]era as festas do Senhor\u201d: sacr\u00e1rios, cust\u00f3dias e monumentos eucar\u00edsticos na igreja do Convento de Santa Clara do Porto, no s\u00e9culo XVII<\/a>. Sousa, Ana Cristina (Roma Tre Press \/ Enredars &#8211; UPO, 2024)<\/p>\n\n\n\n<p><a href=\"https:\/\/rio.upo.es\/entities\/publication\/d3f7d806-b2bb-4b39-9fac-3c6579f5dcb0\">Il reliquiario farnesiano di Leonessa<\/a>. Montevecchi, Benedetta (Roma Tre Press \/ Enredars &#8211; UPO, 2024)<\/p>\n\n\n\n<p><a href=\"https:\/\/rio.upo.es\/entities\/publication\/24973453-c896-4401-96f1-d0f329bb487b\">Una aproximaci\u00f3n a los plateros y a la plata labrada en los autos de bienes de difuntos indianos de la \u00e9poca virreinal<\/a>. Heredia Moreno, Carmen (Roma Tre Press \/ Enredars &#8211; UPO, 2024)<\/p>\n\n\n\n<p><a href=\"https:\/\/rio.upo.es\/entities\/publication\/f9c1f1f4-bd02-42f3-9cf2-c622ec1e6739\">Francisco de Herrera el Mozo en la capilla real de la catedral de Sevilla<\/a>. Cruz Yabar, Juan Mar\u00eda (Roma Tre Press \/ Enredars &#8211; UPO, 2024)<\/p>\n\n\n\n<p><a href=\"https:\/\/rio.upo.es\/entities\/publication\/14dc693c-2b7f-41f7-a426-a7611da5077c\">Sobre el patrocinio art\u00edstico de los Quiroga en San Miguel de Montefurado, la custodia de Juan Manuel Sanz y otras piezas de plater\u00eda salmantina<\/a>. G\u00f3mez Darriba, Javier (Roma Tre Press \/ Enredars &#8211; UPO, 2024)<\/p>\n\n\n\n<p><a href=\"https:\/\/rio.upo.es\/entities\/publication\/1c13f980-929b-46d9-acca-4639593eff8a\">Tres piezas de plater\u00eda religiosa en Portugal con la marca de Francisco Villarroel: una contribuci\u00f3n al conocimiento de la obra y trayectoria del platero salmantino<\/a>. Cruz Grancho, Nuno (Roma Tre Press \/ Enredars &#8211; UPO, 2024)<\/p>\n\n\n\n<p><a href=\"https:\/\/rio.upo.es\/entities\/publication\/baa0073c-4331-47ad-a2da-f61d4b53a470\">\u201cTodo el primor y proporci\u00f3n que pide el arte\u201d. Dibujos de plater\u00eda para el Convento de Nuestra Se\u00f1ora de Montserrat de Ciudad de M\u00e9xico y otros env\u00edos de plata.<\/a> Garc\u00eda Zapata, Ignacio Jos\u00e9 (Roma Tre Press \/ Enredars &#8211; UPO, 2024)<\/p>\n\n\n\n<p><a href=\"https:\/\/rio.upo.es\/entities\/publication\/ff1bcce2-0a1d-4e5f-919e-ce999d91276c\">La cassa d\u2019argento dei Santi Alfio, Cirino e Filadelfo a San Fratello (Me) e l\u2019evoluzione dell\u2019urna reliquiario in Sicilia dal Seicento al Settecento<\/a>. Anselmo, Salvatore (Roma Tre Press \/ Enredars &#8211; UPO, 2024)<\/p>\n\n\n\n<p><a href=\"https:\/\/rio.upo.es\/entities\/publication\/70540a45-c9b4-4f65-9475-06811a4be3a5\"><em>Vasa sacra<\/em> per l\u2019Eucarestia del Tesoro di San Martino di Corleone: alcuni esempi dal XVI al XVIII secolo<\/a>. Margiotta, Rosalia Francesca (Roma Tre Press \/ Enredars &#8211; UPO, 2024)<\/p>\n\n\n\n<p><a href=\"https:\/\/rio.upo.es\/entities\/publication\/80fb4861-65ed-44e7-9789-eb464a171b74\"><em>Ecce crucem domini <\/em>fugite partes adversas. La Cruz de los Conjuros de la Catedral de Orihuela<\/a>. Cecilia Espinosa, Mariano; Ruiz \u00c1ngel, Gemma (Roma Tre Press \/ Enredars &#8211; UPO, 2024)<\/p>\n\n\n\n<p><a href=\"https:\/\/rio.upo.es\/entities\/publication\/532dd0c4-9f81-4ee8-97ad-00a34c78eed3\">La renovaci\u00f3n de la plata labrada en la iglesia de Santa Mar\u00eda la Blanca de Sevilla durante la segunda mitad del siglo XVIII y primera mitad del XIX<\/a>. Lazpiur Santos, Ferm\u00edn (Roma Tre Press \/ Enredars &#8211; UPO, 2024)<\/p>\n\n\n\n<p><a href=\"https:\/\/rio.upo.es\/entities\/publication\/bc5d2169-e016-41c1-85b0-a6ad5e09f01b\">El inventario de alhajas de la Catedral de Sevilla de 1828: reflejo documental de un cambio de \u00e9poca<\/a>. Varas Rivero, Manuel (Roma Tre Press \/ Enredars &#8211; UPO, 2024)<\/p>\n\n\n\n<p><a href=\"https:\/\/rio.upo.es\/entities\/publication\/baac9f29-ae4a-4a1e-9b02-6a5af1271490\">La plata al servicio del culto a la Virgen dolorosa. Los palios hist\u00f3ricos de Sevilla<\/a>. Machuca Cabezas, Rafael Jes\u00fas (Roma Tre Press \/ Enredars &#8211; UPO, 2024)<\/p>\n\n\n\n<p><a href=\"https:\/\/rio.upo.es\/entities\/publication\/93faf536-31d6-44ca-be60-463e0608ce7b\">Il gioiello all\u2019alba della Controriforma. Nuove iconografie a servizio della devozione cattolica<\/a>. Franzon, Serena (Roma Tre Press \/ Enredars &#8211; UPO, 2024)<\/p>\n\n\n\n<p><a href=\"https:\/\/rio.upo.es\/entities\/publication\/73b7ff7d-e8b4-4d9b-ba10-c637bb1b6604\">Riverberi sacri sui gioielli di Sicilia. Culti di dul\u00eca e iperdul\u00eca nei medaglioni devozionali. 1650-1750<\/a>. Cruciata, Roberta (Roma Tre Press \/ Enredars &#8211; UPO, 2024)<\/p>\n\n\n\n<p><a href=\"https:\/\/rio.upo.es\/entities\/publication\/f32a650e-f230-4288-98a8-6ed2979c5a95\">El <em>rostrillo<\/em>, joya mariana por excelencia. A prop\u00f3sito de un dibujo de la Biblioteca Nacional de Espa\u00f1a<\/a>. Mej\u00edas \u00c1lvarez, Mar\u00eda Jes\u00fas (Roma Tre Press \/ Enredars &#8211; UPO, 2024)<\/p>\n\n\n\n<p><a href=\"https:\/\/rio.upo.es\/entities\/publication\/b00717b2-d946-46e9-ab15-48ac397dbc38\">\u201cDe brillantes, coronas y mantos muchos m\u00e1s. Vestir y alhajar a la Virgen del Pilar\u201d<\/a>. Naya Franco, Carolina (Roma Tre Press \/ Enredars &#8211; UPO, 2024)<\/p>\n\n\n\n<p><a href=\"https:\/\/rio.upo.es\/entities\/publication\/11472025-cdcc-4969-bf12-2e9be4c1d304\">Unos interiores olvidados: el amueblamiento de las sacrist\u00edas en la Edad Moderna<\/a>. Fern\u00e1ndez Mart\u00edn, Mar\u00eda Mercedes (Roma Tre Press \/ Enredars &#8211; UPO, 2024)<\/p>\n\n\n\n<p><a href=\"https:\/\/rio.upo.es\/entities\/publication\/62ce6f63-ae1f-433a-8ab7-4a6c79204a63\">El coche de Carlos II pintado en la iglesia de los Venerables de Sevilla: carrocer\u00eda, artes suntuarias y liturgia barroca<\/a>. Recio Mir, \u00c1lvaro (Roma Tre Press \/ Enredars &#8211; UPO, 2024)<\/p>\n\n\n\n<p><a href=\"https:\/\/rio.upo.es\/entities\/publication\/2435a922-4bc2-4f57-95ae-56f085f4713e\"><em>Instructionum Supellectilis Ecclesiasticae<\/em> de Carlos Borromeo. El ajuar lit\u00fargico y las artistas sicilianas<\/a>. Roca Cabrera, Mar\u00eda (Roma Tre Press \/ Enredars &#8211; UPO, 2024)<\/p>\n\n\n\n<p><a href=\"https:\/\/rio.upo.es\/entities\/publication\/b61f6aba-7809-4887-bb56-e8c32449141b\">Plater\u00eda, escenograf\u00eda y culto mariano<\/a>. Rivas Carmona, Jes\u00fas (Roma Tre Press \/ Enredars &#8211; UPO, 2024)<\/p>\n\n\n\n<p><a href=\"https:\/\/rio.upo.es\/entities\/publication\/4ba3fa2d-07e8-440f-887b-15fdc7e1bfde\">\u201cNota delle robbe entrate in floreria ne l\u2019ochasione di fare le fascie della nascita dell\u2019Infante di Spagna l\u2019anno 1658\u201d. Precisazioni sulle fasce benedette commissionate da papa Alessandro VII<\/a>. Ajello, Lucia (Roma Tre Press \/ Enredars &#8211; UPO, 2024)<\/p>\n\n\n\n<p><a href=\"https:\/\/rio.upo.es\/entities\/publication\/8314b434-54aa-4ad3-b421-c1b153097941\">La uniformidad del interior y la reforma de los altares de San Antonio de los Alemanes en 1780. Un ideal poco corriente en el pensamiento arquitect\u00f3nico ilustrado<\/a>. Cruz Y\u00e1bar, Mar\u00eda Teresa (Roma Tre Press \/ Enredars &#8211; UPO, 2024)<\/p>\n\n\n\n<p><a href=\"https:\/\/rio.upo.es\/entities\/publication\/9dc53dd1-07e9-4d2c-9d59-b1f399c32e2b\"><em>Tinch rebuda dels administradors de la confraria del Roser<\/em>. La cofrad\u00eda de la Mare de D\u00e9u del Roser de Matar\u00f3 y la promoci\u00f3n de objetos art\u00edsticos a trav\u00e9s de los recibos (1721-1800)<\/a>. L\u00f3pez Silva, H\u00e9ctor (Roma Tre Press \/ Enredars &#8211; UPO, 2024)<\/p>\n\n\n\n<p><a href=\"https:\/\/rio.upo.es\/entities\/publication\/8494e982-0a12-44a4-90d1-09f05ce3261f\">Devoci\u00f3n y pervivencia del culto a Santo Domingo durante la instauraci\u00f3n del liberalismo en Osuna<\/a>. Mor\u00f3n Carmona, Antonio (Roma Tre Press \/ Enredars &#8211; UPO, 2024)<\/p>\n\n\n\n<p><\/p>\n\n\n\n<p>Illescas, Laura; Santos, Antonio Joaqu\u00edn; Rivas Carmona, Jes\u00fas; Di Natale, Mar\u00eda Concetta; Intorre, Sergio (eds.). <em><a href=\"https:\/\/rio.upo.es\/entities\/publication\/c1042859-30bc-4c52-8465-261faa0d6c1a\">Las artes suntuarias al servicio del culto divino (XVI-XVIII)<\/a>. <\/em>Vol XXXII. Roma, Roma TrE-Press\/Universit\u00e0 degli studi Roma Tre, Sevilla, Enredars\/Universidad Pablo de Olavide, 2024. ISBN: 978-84-09-59769-7.<\/p>\n","protected":false},"excerpt":{"rendered":"<p>Las artes suntuarias al servicio del culto divino (XVI-XVIII) Bordados de ornamentos lit\u00fargicos en el Museo Franz Mayer de M\u00e9xico.[&#8230;]<\/p>\n","protected":false},"author":1,"featured_media":0,"parent":0,"menu_order":0,"comment_status":"closed","ping_status":"closed","template":"elementor_header_footer","meta":{"footnotes":""},"_links":{"self":[{"href":"https:\/\/www.upo.es\/investiga\/enredars\/index.php?rest_route=\/wp\/v2\/pages\/2867"}],"collection":[{"href":"https:\/\/www.upo.es\/investiga\/enredars\/index.php?rest_route=\/wp\/v2\/pages"}],"about":[{"href":"https:\/\/www.upo.es\/investiga\/enredars\/index.php?rest_route=\/wp\/v2\/types\/page"}],"author":[{"embeddable":true,"href":"https:\/\/www.upo.es\/investiga\/enredars\/index.php?rest_route=\/wp\/v2\/users\/1"}],"replies":[{"embeddable":true,"href":"https:\/\/www.upo.es\/investiga\/enredars\/index.php?rest_route=%2Fwp%2Fv2%2Fcomments&post=2867"}],"version-history":[{"count":4,"href":"https:\/\/www.upo.es\/investiga\/enredars\/index.php?rest_route=\/wp\/v2\/pages\/2867\/revisions"}],"predecessor-version":[{"id":2877,"href":"https:\/\/www.upo.es\/investiga\/enredars\/index.php?rest_route=\/wp\/v2\/pages\/2867\/revisions\/2877"}],"wp:attachment":[{"href":"https:\/\/www.upo.es\/investiga\/enredars\/index.php?rest_route=%2Fwp%2Fv2%2Fmedia&parent=2867"}],"curies":[{"name":"wp","href":"https:\/\/api.w.org\/{rel}","templated":true}]}}