{"id":2873,"date":"2024-06-25T08:05:48","date_gmt":"2024-06-25T07:05:48","guid":{"rendered":"https:\/\/www.upo.es\/investiga\/enredars\/?page_id=2873"},"modified":"2024-06-28T07:18:30","modified_gmt":"2024-06-28T06:18:30","slug":"por-las-huellas-del-yachaq-la-sabiduria-chullpa-desde-la-memoria-de-los-etnomedicos-potosi-bolivia-1979-2019","status":"publish","type":"page","link":"https:\/\/www.upo.es\/investiga\/enredars\/?page_id=2873","title":{"rendered":"Por las huellas del Yachaq. La sabidur\u00eda Chullpa desde la memoria de los etnom\u00e9dicos. Potos\u00ed, Bolivia. 1979-2019"},"content":{"rendered":"\n<h1 class=\"wp-block-heading\">Por las huellas del Yachaq. La sabidur\u00eda Chullpa desde la memoria de los etnom\u00e9dicos. Potos\u00ed, Bolivia. 1979-2019<\/h1>\n\n\n\n<div class=\"wp-block-media-text is-stacked-on-mobile\" style=\"grid-template-columns:31% auto\"><figure class=\"wp-block-media-text__media\"><a href=\"https:\/\/rio.upo.es\/entities\/publication\/638bb44c-cd9e-4161-bb5e-f6b59270cf2b\"><img loading=\"lazy\" decoding=\"async\" width=\"421\" height=\"599\" src=\"https:\/\/www.upo.es\/investiga\/enredars\/wp-content\/uploads\/2024\/06\/Por-las-huellas_portada.jpg\" alt=\"\" class=\"wp-image-2874 size-full\" srcset=\"https:\/\/www.upo.es\/investiga\/enredars\/wp-content\/uploads\/2024\/06\/Por-las-huellas_portada.jpg 421w, https:\/\/www.upo.es\/investiga\/enredars\/wp-content\/uploads\/2024\/06\/Por-las-huellas_portada-211x300.jpg 211w\" sizes=\"(max-width: 421px) 100vw, 421px\" \/><\/a><\/figure><div class=\"wp-block-media-text__content\">\n<p>Detalles del libro<\/p>\n\n\n\n<ul>\n<li>Autores: Fortunato Laura Colque y Juan Marchena Fern\u00e1ndez<\/li>\n\n\n\n<li>Editoriales: Enredars Publicaciones y Roma TrE-Press \/ Universit\u00e0 degli studi Roma Tre<\/li>\n\n\n\n<li>8.\u00ba volumen de la colecci\u00f3n Culturas Originarias<\/li>\n\n\n\n<li>ISBN: 978-84-09-62769-1<\/li>\n\n\n\n<li>A\u00f1o de publicaci\u00f3n: 2024<\/li>\n\n\n\n<li>N\u00famero de p\u00e1ginas: 491<\/li>\n<\/ul>\n\n\n\n<p><a href=\"https:\/\/rio.upo.es\/entities\/publication\/638bb44c-cd9e-4161-bb5e-f6b59270cf2b\">Acceder ahora al libro<\/a><\/p>\n\n\n\n<p><a href=\"https:\/\/romatrepress.uniroma3.it\/libro\/por-las-huellas-del-yachaq-la-sabiduria-chullpa-desde-la-memoria-de-los-etnomedicos-potosi-bolivia-1979-2019\/\">Tambi\u00e9n disponible en Roma TrE-Pres<\/a><\/p>\n<\/div><\/div>\n\n\n\n<p><\/p>\n\n\n\n<p>Laura Colque, Fortunato; Marchena Fern\u00e1ndez, Juan.&nbsp;<a href=\"https:\/\/rio.upo.es\/entities\/publication\/638bb44c-cd9e-4161-bb5e-f6b59270cf2b\"><em>Por las huellas del Yachaq. La sabidur\u00eda Chullpa desde la memoria de los etnom\u00e9dicos. Potos\u00ed, Bolivia. 1979-2019<\/em><\/a>. Vol VIII. Roma, Roma TrE-Press\/Universit\u00e0 degli studi Roma Tre, Sevilla, Enredars\/Universidad Pablo de Olavide, 2024. ISBN: 978-84-09-62769-1.<\/p>\n","protected":false},"excerpt":{"rendered":"<p>Por las huellas del Yachaq. La sabidur\u00eda Chullpa desde la memoria de los etnom\u00e9dicos. Potos\u00ed, Bolivia. 1979-2019 Laura Colque, Fortunato;[&#8230;]<\/p>\n","protected":false},"author":1,"featured_media":0,"parent":0,"menu_order":0,"comment_status":"closed","ping_status":"closed","template":"elementor_header_footer","meta":{"footnotes":""},"_links":{"self":[{"href":"https:\/\/www.upo.es\/investiga\/enredars\/index.php?rest_route=\/wp\/v2\/pages\/2873"}],"collection":[{"href":"https:\/\/www.upo.es\/investiga\/enredars\/index.php?rest_route=\/wp\/v2\/pages"}],"about":[{"href":"https:\/\/www.upo.es\/investiga\/enredars\/index.php?rest_route=\/wp\/v2\/types\/page"}],"author":[{"embeddable":true,"href":"https:\/\/www.upo.es\/investiga\/enredars\/index.php?rest_route=\/wp\/v2\/users\/1"}],"replies":[{"embeddable":true,"href":"https:\/\/www.upo.es\/investiga\/enredars\/index.php?rest_route=%2Fwp%2Fv2%2Fcomments&post=2873"}],"version-history":[{"count":2,"href":"https:\/\/www.upo.es\/investiga\/enredars\/index.php?rest_route=\/wp\/v2\/pages\/2873\/revisions"}],"predecessor-version":[{"id":2893,"href":"https:\/\/www.upo.es\/investiga\/enredars\/index.php?rest_route=\/wp\/v2\/pages\/2873\/revisions\/2893"}],"wp:attachment":[{"href":"https:\/\/www.upo.es\/investiga\/enredars\/index.php?rest_route=%2Fwp%2Fv2%2Fmedia&parent=2873"}],"curies":[{"name":"wp","href":"https:\/\/api.w.org\/{rel}","templated":true}]}}