{"id":2925,"date":"2024-11-20T09:24:13","date_gmt":"2024-11-20T08:24:13","guid":{"rendered":"https:\/\/www.upo.es\/investiga\/enredars\/?page_id=2925"},"modified":"2024-11-20T09:25:08","modified_gmt":"2024-11-20T08:25:08","slug":"francisco-perez-de-pineda-1641-1724-un-pintor-del-barroco-en-el-barrio-de-san-lorenzo-de-sevilla","status":"publish","type":"page","link":"https:\/\/www.upo.es\/investiga\/enredars\/?page_id=2925","title":{"rendered":"Francisco P\u00e9rez de Pineda (1641-1724). Un pintor del Barroco en el barrio de San Lorenzo de Sevilla"},"content":{"rendered":"\n<h2 class=\"wp-block-heading\">Francisco P\u00e9rez de Pineda (1641-1724). Un pintor del Barroco en el barrio de San Lorenzo de Sevilla<\/h2>\n\n\n\n<div class=\"wp-block-media-text is-stacked-on-mobile\" style=\"grid-template-columns:25% auto\"><figure class=\"wp-block-media-text__media\"><a href=\"https:\/\/rio.upo.es\/collections\/582cb82e-e6c0-4421-8c22-aeee042043e7\"><img loading=\"lazy\" decoding=\"async\" width=\"711\" height=\"1024\" src=\"https:\/\/www.upo.es\/investiga\/enredars\/wp-content\/uploads\/2024\/11\/Francisco_portada-711x1024.jpg\" alt=\"\" class=\"wp-image-2924 size-full\" srcset=\"https:\/\/www.upo.es\/investiga\/enredars\/wp-content\/uploads\/2024\/11\/Francisco_portada-711x1024.jpg 711w, https:\/\/www.upo.es\/investiga\/enredars\/wp-content\/uploads\/2024\/11\/Francisco_portada-208x300.jpg 208w, https:\/\/www.upo.es\/investiga\/enredars\/wp-content\/uploads\/2024\/11\/Francisco_portada-768x1106.jpg 768w, https:\/\/www.upo.es\/investiga\/enredars\/wp-content\/uploads\/2024\/11\/Francisco_portada-1067x1536.jpg 1067w, https:\/\/www.upo.es\/investiga\/enredars\/wp-content\/uploads\/2024\/11\/Francisco_portada-1423x2048.jpg 1423w, https:\/\/www.upo.es\/investiga\/enredars\/wp-content\/uploads\/2024\/11\/Francisco_portada-scaled.jpg 1778w\" sizes=\"(max-width: 711px) 100vw, 711px\" \/><\/a><\/figure><div class=\"wp-block-media-text__content\">\n<p>Detalles del libro<\/p>\n\n\n\n<ul>\n<li>Autor: Ram\u00f3n Ca\u00f1izares Jap\u00f3n<\/li>\n\n\n\n<li>Editorial: Enredars Publicaciones <\/li>\n\n\n\n<li>35.\u00ba volumen de la colecci\u00f3n Universo Barroco Iberoamericano<\/li>\n\n\n\n<li>ISBN: 978-84-09-64371-4<\/li>\n\n\n\n<li>A\u00f1o de publicaci\u00f3n: 2024<\/li>\n\n\n\n<li>N\u00famero de p\u00e1ginas: 182\n<ul>\n<li><strong><a href=\"https:\/\/rio.upo.es\/collections\/582cb82e-e6c0-4421-8c22-aeee042043e7\">Acceder ahora al libro<\/a><\/strong><\/li>\n<\/ul>\n<\/li>\n<\/ul>\n<\/div><\/div>\n\n\n\n<p>Ca\u00f1izares Jap\u00f3n, Ram\u00f3n. <a href=\"https:\/\/rio.upo.es\/collections\/582cb82e-e6c0-4421-8c22-aeee042043e7\"><em>Francisco P\u00e9rez de Pineda (1641-1724). Un pintor del Barroco en el barrio de San Lorenzo de Sevilla<\/em><\/a>. Vol. XXXV. Sevilla, Enredars, Universidad Pablo de Olavide, 2024. ISBN: 978-84-09-64371-4.<\/p>\n","protected":false},"excerpt":{"rendered":"<p>Francisco P\u00e9rez de Pineda (1641-1724). Un pintor del Barroco en el barrio de San Lorenzo de Sevilla Ca\u00f1izares Jap\u00f3n, Ram\u00f3n.[&#8230;]<\/p>\n","protected":false},"author":1,"featured_media":0,"parent":0,"menu_order":0,"comment_status":"closed","ping_status":"closed","template":"elementor_header_footer","meta":{"footnotes":""},"_links":{"self":[{"href":"https:\/\/www.upo.es\/investiga\/enredars\/index.php?rest_route=\/wp\/v2\/pages\/2925"}],"collection":[{"href":"https:\/\/www.upo.es\/investiga\/enredars\/index.php?rest_route=\/wp\/v2\/pages"}],"about":[{"href":"https:\/\/www.upo.es\/investiga\/enredars\/index.php?rest_route=\/wp\/v2\/types\/page"}],"author":[{"embeddable":true,"href":"https:\/\/www.upo.es\/investiga\/enredars\/index.php?rest_route=\/wp\/v2\/users\/1"}],"replies":[{"embeddable":true,"href":"https:\/\/www.upo.es\/investiga\/enredars\/index.php?rest_route=%2Fwp%2Fv2%2Fcomments&post=2925"}],"version-history":[{"count":2,"href":"https:\/\/www.upo.es\/investiga\/enredars\/index.php?rest_route=\/wp\/v2\/pages\/2925\/revisions"}],"predecessor-version":[{"id":2928,"href":"https:\/\/www.upo.es\/investiga\/enredars\/index.php?rest_route=\/wp\/v2\/pages\/2925\/revisions\/2928"}],"wp:attachment":[{"href":"https:\/\/www.upo.es\/investiga\/enredars\/index.php?rest_route=%2Fwp%2Fv2%2Fmedia&parent=2925"}],"curies":[{"name":"wp","href":"https:\/\/api.w.org\/{rel}","templated":true}]}}