{"id":2933,"date":"2024-11-26T13:11:02","date_gmt":"2024-11-26T12:11:02","guid":{"rendered":"https:\/\/www.upo.es\/investiga\/enredars\/?page_id=2933"},"modified":"2024-11-26T13:13:47","modified_gmt":"2024-11-26T12:13:47","slug":"estudos-de-azulejaria-na-monarquia-pluricontinental-lusitana","status":"publish","type":"page","link":"https:\/\/www.upo.es\/investiga\/enredars\/?page_id=2933","title":{"rendered":"Estudos de Azulejaria na monarquia pluricontinental lusitana"},"content":{"rendered":"\n<h2 class=\"wp-block-heading\">Estudos de Azulejaria na monarquia pluricontinental lusitana<\/h2>\n\n\n\n<div class=\"wp-block-media-text is-stacked-on-mobile\" style=\"grid-template-columns:24% auto\"><figure class=\"wp-block-media-text__media\"><a href=\"https:\/\/rio.upo.es\/collections\/8dadd07d-bffa-439d-8895-ca0237701fff\"><img loading=\"lazy\" decoding=\"async\" width=\"597\" height=\"842\" src=\"https:\/\/www.upo.es\/investiga\/enredars\/wp-content\/uploads\/2024\/11\/Estudos-de-Azulejaria_Portada.jpg\" alt=\"\" class=\"wp-image-2932 size-full\" srcset=\"https:\/\/www.upo.es\/investiga\/enredars\/wp-content\/uploads\/2024\/11\/Estudos-de-Azulejaria_Portada.jpg 597w, https:\/\/www.upo.es\/investiga\/enredars\/wp-content\/uploads\/2024\/11\/Estudos-de-Azulejaria_Portada-213x300.jpg 213w\" sizes=\"(max-width: 597px) 100vw, 597px\" \/><\/a><\/figure><div class=\"wp-block-media-text__content\">\n<p>Detalles del libro<\/p>\n\n\n\n<ul>\n<li>Editor: Andr\u00e9 Cabral Honor<\/li>\n\n\n\n<li>Editoriales: Enredars Publicaciones y Roma TrE-Press \/ Universit\u00e0 degli studi Roma Tre<\/li>\n\n\n\n<li>36.\u00ba volumen de la colecci\u00f3n Universo Barroco<\/li>\n\n\n\n<li>ISBN: 978-84-0966-195-4<\/li>\n\n\n\n<li>A\u00f1o de publicaci\u00f3n: 2024<\/li>\n\n\n\n<li>N\u00famero de p\u00e1ginas: 261<\/li>\n<\/ul>\n\n\n\n<p><a href=\"https:\/\/rio.upo.es\/collections\/8dadd07d-bffa-439d-8895-ca0237701fff\">Acceder ahora al libro<\/a><\/p>\n\n\n\n<p><a href=\"https:\/\/romatrepress.uniroma3.it\/libro\/estudos-de-azulejaria-na-monarquia-pluricontinental-lusitana\/\">Tambi\u00e9n disponible en Roma TrE-Pres<\/a><\/p>\n<\/div><\/div>\n\n\n\n<p><a href=\"https:\/\/rio.upo.es\/entities\/publication\/9f8e8120-f74b-4458-9d8a-445a8b185d93\">Azulejos setecentistas da vida de S\u00e3o Francisco na Am\u00e9rica portuguesa: entre o patrim\u00f4nio consagrado e amea\u00e7ado<\/a>. C\u00e9sar Diniz, Aldilene Marinho (Roma Tre Press \/ Enredars &#8211; UPO, 2024) \u00a0<\/p>\n\n\n\n<p><a href=\"https:\/\/rio.upo.es\/entities\/publication\/911769c4-c1e1-4de0-bf83-66e19e149c30\" target=\"_blank\" rel=\"noreferrer noopener\">Azulejaria Portuguesa Setecentista no Convento de Nossa Senhora do Carmo da Para\u00edba: revisitando o conjunto.<\/a> Cabral Honor, Andr\u00e9 (Roma Tre Press \/ Enredars &#8211; UPO, 2024)&nbsp;<\/p>\n\n\n\n<p><a href=\"https:\/\/rio.upo.es\/entities\/publication\/264e1cd6-1015-4d4b-870f-89421c636250\" target=\"_blank\" rel=\"noreferrer noopener\">Os pain\u00e9is de azulejos da nave da Capela da Ordem Terceira do Carmo de Cachoeira, Bahia: assentamento, modelos gravados e significados.<\/a> Guimar\u00e3es Santiago, Camila Fernanda (Roma Tre Press \/ Enredars &#8211; UPO, 2024)&nbsp;<\/p>\n\n\n\n<p><a href=\"https:\/\/rio.upo.es\/entities\/publication\/10a5cca4-8091-4888-af82-f0493026b8c3\" target=\"_blank\" rel=\"noreferrer noopener\">Kunstwollen, alegoria e cultura hist\u00f3rica barroca: Jos\u00e9 do Egito e o franciscanismo nos azulejos portugueses do convento de Santo Ant\u00f4nio da Para\u00edba (s\u00e9culo XVIII).<\/a> Oliveira, Carla Mary S. (Roma Tre Press \/ Enredars &#8211; UPO, 2024) &nbsp;<\/p>\n\n\n\n<p><a href=\"https:\/\/rio.upo.es\/entities\/publication\/d5a15871-73f8-429b-b09b-86bcc2944f30\" target=\"_blank\" rel=\"noreferrer noopener\">Tradi\u00e7\u00e3o judaico-crist\u00e3 e tr\u00e2nsitos ultramarinos no acervo azulejar da Igreja do Carmo de Jo\u00e3o Pessoa, Brasil.<\/a> Da Silva, Felipe Eug\u00eanio (Roma Tre Press \/ Enredars &#8211; UPO, 2024)&nbsp;<\/p>\n\n\n\n<p><a href=\"https:\/\/rio.upo.es\/entities\/publication\/c947fdd8-bcc4-4483-9d2e-44b9dec15020\" target=\"_blank\" rel=\"noreferrer noopener\">Azulejaria e Iconografia Carmelita Descal\u00e7a em contexto brasileiro.<\/a> Marinho, L\u00facia (Roma Tre Press \/ Enredars &#8211; UPO, 2024)&nbsp;<\/p>\n\n\n\n<p><a href=\"https:\/\/rio.upo.es\/entities\/publication\/ee196185-bdb6-4a3e-a774-fa65781af722\" target=\"_blank\" rel=\"noreferrer noopener\">Eneias e a Sibilia Cumana: um azulejo no Pal\u00e1cio Belmonte de Lisboa.<\/a> Magnani, Maria Cl\u00e1udia Almeida Orlando (Roma Tre Press \/ Enredars &#8211; UPO, 2024)&nbsp;<\/p>\n\n\n\n<p><a href=\"https:\/\/rio.upo.es\/entities\/publication\/d5b0698a-26af-4499-a10e-67224ea8ba2e\" target=\"_blank\" rel=\"noreferrer noopener\">\u201cO dulcis Virgo Mar\u00eda\u201d: o estudo de caso dos azulejos da nave da Capela de Nossa Senhora da Concei\u00e7\u00e3o de Azur\u00e9m-<\/a> Pereira Santos, Marisa (Roma Tre Press \/ Enredars &#8211; UPO, 2024)&nbsp;<\/p>\n\n\n\n<p><a href=\"https:\/\/rio.upo.es\/entities\/publication\/f9067fc7-4623-4f4d-907e-2742836f47f1\" target=\"_blank\" rel=\"noreferrer noopener\">Aos de fora: pain\u00e9is azulejares do claustro do Convento de S\u00e3o Francisco de Salvador, Bahia<\/a> Borges, S\u00edlvia (Roma Tre Press \/ Enredars &#8211; UPO, 2024)\u00a0<\/p>\n\n\n\n<p><\/p>\n\n\n\n<p><\/p>\n\n\n\n<p><\/p>\n\n\n\n<p>Cabral Honor, Andr\u00e9 (ed.). <a href=\"https:\/\/rio.upo.es\/entities\/publication\/3c627fdb-4a76-47b7-b75c-0df8f745fb85\" target=\"_blank\" rel=\"noreferrer noopener\"><em>Estudos de Azulejaria na Monarquia Pluricontinental Lusitana<\/em><\/a>. Vol. XXXVI. Sevilla, Enredars, Universidad Pablo de Olavide,Roma, Roma TrE-Press \/ Universit\u00e0 degli studi Roma Tre, 2024. ISBN: 978-84-0966-195-4.\u00a0<\/p>\n","protected":false},"excerpt":{"rendered":"<p>Estudos de Azulejaria na monarquia pluricontinental lusitana Azulejos setecentistas da vida de S\u00e3o Francisco na Am\u00e9rica portuguesa: entre o patrim\u00f4nio[&#8230;]<\/p>\n","protected":false},"author":1,"featured_media":0,"parent":0,"menu_order":0,"comment_status":"closed","ping_status":"closed","template":"elementor_header_footer","meta":{"footnotes":""},"_links":{"self":[{"href":"https:\/\/www.upo.es\/investiga\/enredars\/index.php?rest_route=\/wp\/v2\/pages\/2933"}],"collection":[{"href":"https:\/\/www.upo.es\/investiga\/enredars\/index.php?rest_route=\/wp\/v2\/pages"}],"about":[{"href":"https:\/\/www.upo.es\/investiga\/enredars\/index.php?rest_route=\/wp\/v2\/types\/page"}],"author":[{"embeddable":true,"href":"https:\/\/www.upo.es\/investiga\/enredars\/index.php?rest_route=\/wp\/v2\/users\/1"}],"replies":[{"embeddable":true,"href":"https:\/\/www.upo.es\/investiga\/enredars\/index.php?rest_route=%2Fwp%2Fv2%2Fcomments&post=2933"}],"version-history":[{"count":2,"href":"https:\/\/www.upo.es\/investiga\/enredars\/index.php?rest_route=\/wp\/v2\/pages\/2933\/revisions"}],"predecessor-version":[{"id":2935,"href":"https:\/\/www.upo.es\/investiga\/enredars\/index.php?rest_route=\/wp\/v2\/pages\/2933\/revisions\/2935"}],"wp:attachment":[{"href":"https:\/\/www.upo.es\/investiga\/enredars\/index.php?rest_route=%2Fwp%2Fv2%2Fmedia&parent=2933"}],"curies":[{"name":"wp","href":"https:\/\/api.w.org\/{rel}","templated":true}]}}