{"id":2975,"date":"2024-12-12T15:33:38","date_gmt":"2024-12-12T14:33:38","guid":{"rendered":"https:\/\/www.upo.es\/investiga\/enredars\/?page_id=2975"},"modified":"2024-12-17T09:20:42","modified_gmt":"2024-12-17T08:20:42","slug":"confluencias-artisticas-na-cultura-iberoamericana-1600-1850-o-mundo-de-robert-c-smith-1912-1975","status":"publish","type":"page","link":"https:\/\/www.upo.es\/investiga\/enredars\/?page_id=2975","title":{"rendered":"Conflu\u00eancias art\u00edsticas na cultura Iberoamericana (1600-1850). O mundo de Robert C. Smith (1912-1975)"},"content":{"rendered":"\n<h2 class=\"wp-block-heading\">Conflu\u00eancias art\u00edsticas na cultura Iberoamericana (1600-1850). O mundo de Robert C. Smith (1912-1975)<\/h2>\n\n\n\n<div class=\"wp-block-media-text is-stacked-on-mobile\" style=\"grid-template-columns:31% auto\"><figure class=\"wp-block-media-text__media\"><a href=\"https:\/\/rio.upo.es\/collections\/b76e0b70-e32d-432a-b959-97354206f876\"><img loading=\"lazy\" decoding=\"async\" width=\"425\" height=\"604\" src=\"https:\/\/www.upo.es\/investiga\/enredars\/wp-content\/uploads\/2024\/12\/Portada_Confluencias.jpg\" alt=\"\" class=\"wp-image-2976 size-full\" srcset=\"https:\/\/www.upo.es\/investiga\/enredars\/wp-content\/uploads\/2024\/12\/Portada_Confluencias.jpg 425w, https:\/\/www.upo.es\/investiga\/enredars\/wp-content\/uploads\/2024\/12\/Portada_Confluencias-211x300.jpg 211w\" sizes=\"(max-width: 425px) 100vw, 425px\" \/><\/a><\/figure><div class=\"wp-block-media-text__content\">\n<p>Detalles del libro<\/p>\n\n\n\n<ul>\n<li>Editora: S\u00edlvia Ferreira<\/li>\n\n\n\n<li>Editoriales: Enredars Publicaciones y Ediciones Universidad Aut\u00f3noma de Chile<\/li>\n\n\n\n<li>37.\u00ba volumen de la colecci\u00f3n Universo Barroco<\/li>\n\n\n\n<li>ISBN: 978-84-09-64373-8<\/li>\n\n\n\n<li>A\u00f1o de publicaci\u00f3n: 2024<\/li>\n\n\n\n<li>N\u00famero de p\u00e1ginas: 471<\/li>\n<\/ul>\n\n\n\n<p><a href=\"https:\/\/rio.upo.es\/collections\/b76e0b70-e32d-432a-b959-97354206f876\">Acceder ahora al libro<\/a><\/p>\n\n\n\n<p><a href=\"https:\/\/ediciones.uautonoma.cl\/index.php\/UA\/catalog\/book\/207\">Tambi\u00e9n disponible en Ediciones Universidad Aut\u00f3noma de Chile<\/a><\/p>\n<\/div><\/div>\n\n\n\n<p><\/p>\n\n\n\n<p><a href=\"https:\/\/rio.upo.es\/entities\/publication\/09cba6a8-d0f9-458a-a1f3-f3e16bde3cf7\">Art and archives in a systemic perspective and holistic vision of information<\/a>. Dias da Silva, Ana Margarida (Ediciones Universidad Aut\u00f3noma de Chile \/ Enredars-Universidad Pablo de Olavide, 2024)<\/p>\n\n\n\n<p><a href=\"https:\/\/rio.upo.es\/entities\/publication\/17596dbd-5689-4e82-8089-b9bea5bc3fae\">Robert Smith: uma viagem inspiradora e uma vis\u00e3o atualizada da arte retabular em Portugal<\/a>. Ferreira Queir\u00f3s, Carla Sofia (Ediciones Universidad Aut\u00f3noma de Chile \/ Enredars-Universidad Pablo de Olavide, 2024)<\/p>\n\n\n\n<p><a href=\"https:\/\/rio.upo.es\/entities\/publication\/e86dbe82-3a5a-4a55-83f5-f01df6c06ecb\">La huella indeleble Portugueses en la Sevilla del barroco<\/a>. Quiles, Fernando (Ediciones Universidad Aut\u00f3noma de Chile \/ Enredars-Universidad Pablo de Olavide, 2024)<\/p>\n\n\n\n<p><a href=\"https:\/\/rio.upo.es\/entities\/publication\/a22b734f-dae1-4835-9750-6eb26ea3713e\">La Capilla de San Antonio de Padua o de la naci\u00f3n portuguesa, del Convento de San Francisco, Sevilla (1632-1699)<\/a>. Guti\u00e9rrez N\u00fa\u00f1ez, Francisco Javier (Ediciones Universidad Aut\u00f3noma de Chile \/ Enredars-Universidad Pablo de Olavide, 2024)<\/p>\n\n\n\n<p><a href=\"https:\/\/rio.upo.es\/entities\/publication\/5fd877ef-6019-419e-a89d-9a620295efee\">Manuel \u00c1lvares Set\u00fabal (1706\/1782), mestre marceneiro e entalhador entre Set\u00fabal e o Rio de Janeiro<\/a>. Godinho Mendon\u00e7a, Isabel Mayer (Ediciones Universidad Aut\u00f3noma de Chile \/ Enredars-Universidad Pablo de Olavide, 2024)<\/p>\n\n\n\n<p><a href=\"https:\/\/rio.upo.es\/entities\/publication\/24761519-6a36-4dc9-8920-71f2a4949e03\">Robert C. Smith, Pensador Visual<\/a>. De Matos, J\u00falio (Ediciones Universidad Aut\u00f3noma de Chile \/ Enredars-Universidad Pablo de Olavide, 2024)<\/p>\n\n\n\n<p><a href=\"https:\/\/rio.upo.es\/entities\/publication\/b6c875f4-0c4e-400e-8809-f70a6681e406\">Robert C. Smith entre o barroco e o modernismo brasileiros<\/a>. Ammann, Laura S. (Ediciones Universidad Aut\u00f3noma de Chile \/ Enredars-Universidad Pablo de Olavide, 2024)<\/p>\n\n\n\n<p><a href=\"https:\/\/rio.upo.es\/entities\/publication\/06ca2f7f-f198-47df-b012-d45df06d5543\">\u00bfCiencia, arte o memoria? Hacia la funci\u00f3n y resignificaci\u00f3n de la imagen gr\u00e1fica como objeto cultural<\/a>. Garc\u00eda Romero, Mar\u00eda del Castillo (Ediciones Universidad Aut\u00f3noma de Chile \/ Enredars-Universidad Pablo de Olavide, 2024)<\/p>\n\n\n\n<p><a href=\"https:\/\/rio.upo.es\/entities\/publication\/da86ba53-a128-4704-a2b1-b4fd76de00e7\">\u201cMeu caro amigo\u201d: a correspond\u00eancia entre Robert Smith e Gilberto Ferrez<\/a>. Ribeiro Lenzi, Maria Isabel (Ediciones Universidad Aut\u00f3noma de Chile \/ Enredars-Universidad Pablo de Olavide, 2024)<\/p>\n\n\n\n<p><a href=\"https:\/\/rio.upo.es\/entities\/publication\/36fde26f-36f1-4b17-8da9-49dbb3db57dd\">O legado Robert C. Smith na Biblioteca de Arte da Funda\u00e7\u00e3o Calouste Gulbenkian: uma introdu\u00e7\u00e3o<\/a>. Cachola, Maria Jos\u00e9 (Ediciones Universidad Aut\u00f3noma de Chile \/ Enredars-Universidad Pablo de Olavide, 2024)<\/p>\n\n\n\n<p><a href=\"https:\/\/rio.upo.es\/entities\/publication\/67a21f32-5d49-409e-bf69-d475b38f7ac9\">O IPHAN: agentes e estrat\u00e9gias para chancelar a constru\u00e7\u00e3o identit\u00e1ria do Brasil<\/a>. Uribarren, Maria Sabina (Ediciones Universidad Aut\u00f3noma de Chile \/ Enredars-Universidad Pablo de Olavide, 2024)<\/p>\n\n\n\n<p><a href=\"https:\/\/rio.upo.es\/entities\/publication\/c59d7dcb-6fef-40e7-affc-903206be1e37\">A dana\u00e7\u00e3o do modelo: Robert C. Smith e o Aleijadinho<\/a>. Madeira Drumond, Matheus F. A. (Ediciones Universidad Aut\u00f3noma de Chile \/ Enredars-Universidad Pablo de Olavide, 2024)<\/p>\n\n\n\n<p><a href=\"https:\/\/rio.upo.es\/entities\/publication\/bcebfc72-10d7-4b9e-9ac3-0f44a19cad71\">O legado de Robert C. Smith para a historiografia da arquitectura barroca em Portugal<\/a>. Seixas, Raquel (Ediciones Universidad Aut\u00f3noma de Chile \/ Enredars-Universidad Pablo de Olavide, 2024)<\/p>\n\n\n\n<p><a href=\"https:\/\/rio.upo.es\/entities\/publication\/9e95c3bf-02b2-4561-9071-cb7cb9a0acda\">Robert C. Smith e o problema da autoria no estudo do rococ\u00f3 minhoto<\/a>. Sampaio Lopes, Ra\u00fal C. (Ediciones Universidad Aut\u00f3noma de Chile \/ Enredars-Universidad Pablo de Olavide, 2024)<\/p>\n\n\n\n<p><a href=\"https:\/\/rio.upo.es\/entities\/publication\/4ed4ca18-5651-4a08-9038-2ac4444d9ff1\">Robert Smith and Antoine-Joseph Dezallier d\u2019Argenville on Rocaille and organic forms: Conchology, Delight, and Jardins de Plaisance in 18th century Portugal<\/a>. D&#8217;Inzillo Carranza de Cavi, Sabina (Ediciones Universidad Aut\u00f3noma de Chile \/ Enredars-Universidad Pablo de Olavide, 2024)<\/p>\n\n\n\n<p><a href=\"https:\/\/rio.upo.es\/entities\/publication\/daa8ead8-6e62-4bda-84ae-e2cfc78e4ecb\">Rel\u00edquias e relic\u00e1rios: patrim\u00f4nio espiritual e cultural<\/a>. De Toledo Russo, Silveli Maria (Ediciones Universidad Aut\u00f3noma de Chile \/ Enredars-Universidad Pablo de Olavide, 2024)<\/p>\n\n\n\n<p><a href=\"https:\/\/rio.upo.es\/entities\/publication\/53323522-bc4c-4d69-a246-d6fad5d7e11b\">Royal Buildings in Angola, ou uma inesperada incurs\u00e3o de Robert C. Smith na arte da \u00c1frica subsaariana<\/a>. Ferreira, S\u00edlvia (Ediciones Universidad Aut\u00f3noma de Chile \/ Enredars-Universidad Pablo de Olavide, 2024)<\/p>\n\n\n\n<p><a href=\"https:\/\/rio.upo.es\/entities\/publication\/dcc7dafb-0603-4176-85fc-e3e5e0135115\">Entre a Azulejaria de Santos Sim\u00f5es e a Talha de Robert Smith: a Funda\u00e7\u00e3o Calouste Gulbenkian na vanguarda dos Estudos das Artes Decorativas<\/a>. Varela Flor, Susana (Ediciones Universidad Aut\u00f3noma de Chile \/ Universidad Pablo de Olavide, 2024)<\/p>\n\n\n\n<p><\/p>\n\n\n\n<p><\/p>\n\n\n\n<p>Ferreira, S\u00edlvia (ed.). <a href=\"https:\/\/rio.upo.es\/entities\/publication\/0d93d50d-fd1e-4c19-a140-334952a3de4c\">Conflu\u00eancias art\u00edsticas na Cultura Iberoamericana (1600-1850) O mundo de Robert C. Smith (1912-1975)<\/a>. Vol. XXXII. Sevilla, \/ Enredars-Universidad Pablo de Olavide, Ediciones Universidad Aut\u00f3noma de Chile, 2024. ISBN: 978-84-09-64373-8.<\/p>\n","protected":false},"excerpt":{"rendered":"<p>Conflu\u00eancias art\u00edsticas na cultura Iberoamericana (1600-1850). O mundo de Robert C. Smith (1912-1975) Art and archives in a systemic perspective[&#8230;]<\/p>\n","protected":false},"author":1,"featured_media":0,"parent":0,"menu_order":0,"comment_status":"closed","ping_status":"closed","template":"elementor_header_footer","meta":{"footnotes":""},"_links":{"self":[{"href":"https:\/\/www.upo.es\/investiga\/enredars\/index.php?rest_route=\/wp\/v2\/pages\/2975"}],"collection":[{"href":"https:\/\/www.upo.es\/investiga\/enredars\/index.php?rest_route=\/wp\/v2\/pages"}],"about":[{"href":"https:\/\/www.upo.es\/investiga\/enredars\/index.php?rest_route=\/wp\/v2\/types\/page"}],"author":[{"embeddable":true,"href":"https:\/\/www.upo.es\/investiga\/enredars\/index.php?rest_route=\/wp\/v2\/users\/1"}],"replies":[{"embeddable":true,"href":"https:\/\/www.upo.es\/investiga\/enredars\/index.php?rest_route=%2Fwp%2Fv2%2Fcomments&post=2975"}],"version-history":[{"count":3,"href":"https:\/\/www.upo.es\/investiga\/enredars\/index.php?rest_route=\/wp\/v2\/pages\/2975\/revisions"}],"predecessor-version":[{"id":2982,"href":"https:\/\/www.upo.es\/investiga\/enredars\/index.php?rest_route=\/wp\/v2\/pages\/2975\/revisions\/2982"}],"wp:attachment":[{"href":"https:\/\/www.upo.es\/investiga\/enredars\/index.php?rest_route=%2Fwp%2Fv2%2Fmedia&parent=2975"}],"curies":[{"name":"wp","href":"https:\/\/api.w.org\/{rel}","templated":true}]}}