{"id":3003,"date":"2025-03-17T16:49:22","date_gmt":"2025-03-17T15:49:22","guid":{"rendered":"https:\/\/www.upo.es\/investiga\/enredars\/?page_id=3003"},"modified":"2025-04-21T11:11:49","modified_gmt":"2025-04-21T10:11:49","slug":"estepa-barroca-siete-miradas","status":"publish","type":"page","link":"https:\/\/www.upo.es\/investiga\/enredars\/?page_id=3003","title":{"rendered":"Estepa barroca: Siete miradas"},"content":{"rendered":"\n<h2 class=\"wp-block-heading\">Estepa barroca: Siete miradas<\/h2>\n\n\n\n<div class=\"wp-block-media-text is-stacked-on-mobile\" style=\"grid-template-columns:22% auto\"><figure class=\"wp-block-media-text__media\"><a href=\"https:\/\/rio.upo.es\/collections\/b6c1e9bd-6a4a-42bd-831d-ffd4dc5af5c6\"><img loading=\"lazy\" decoding=\"async\" width=\"449\" height=\"644\" src=\"https:\/\/www.upo.es\/investiga\/enredars\/wp-content\/uploads\/2025\/03\/Portada_Estepa.jpg\" alt=\"\" class=\"wp-image-3002 size-full\" srcset=\"https:\/\/www.upo.es\/investiga\/enredars\/wp-content\/uploads\/2025\/03\/Portada_Estepa.jpg 449w, https:\/\/www.upo.es\/investiga\/enredars\/wp-content\/uploads\/2025\/03\/Portada_Estepa-209x300.jpg 209w\" sizes=\"(max-width: 449px) 100vw, 449px\" \/><\/a><\/figure><div class=\"wp-block-media-text__content\">\n<p>Detalles del libro<\/p>\n\n\n\n<ul>\n<li>Editor: Juan Ram\u00f3n Ballesteros S\u00e1nchez <\/li>\n\n\n\n<li>Editoriales: Enredars Publicaciones y Ayuntamiento de Estepa<\/li>\n\n\n\n<li>33.\u00ba volumen de la colecci\u00f3n Universo Barroco<\/li>\n\n\n\n<li>ISBN: 978-84-09-59768-0<\/li>\n\n\n\n<li>A\u00f1o de publicaci\u00f3n: 2024<\/li>\n<\/ul>\n\n\n\n<p><a href=\"https:\/\/rio.upo.es\/collections\/b6c1e9bd-6a4a-42bd-831d-ffd4dc5af5c6\">Acceder ahora al libro<\/a><\/p>\n<\/div><\/div>\n\n\n\n<p>Introducci\u00f3n: Siete miradas a la Estepa barroca. Ballesteros, Juan R.<\/p>\n\n\n\n<p><a href=\"https:\/\/rio.upo.es\/entities\/publication\/5ddc4e6d-2475-4b45-be42-00890cefdb09\">El m\u00e9todo barroco: Livio y Marcial en el entorno del III Marqu\u00e9s de Estepa<\/a>. Ballesteros, Juan R. (Ayuntamiento de Estepa \/ Enredars UPO, 2024)<\/p>\n\n\n\n<p><a href=\"https:\/\/rio.upo.es\/entities\/publication\/debeeb18-347b-4670-9977-1291e9c2c0bc\">Estepa, centro art\u00edstico singular en el Barroco sevillano. Talleres propios y artes de aluvi\u00f3n<\/a>. Quiles, Fernando (Ayuntamiento de Estepa \/ Enredars UPO, 2024)<\/p>\n\n\n\n<p><a href=\"https:\/\/rio.upo.es\/entities\/publication\/05cc90d0-e2bb-430d-8af8-11aaca3d0649\">La familia de fray Luis de Le\u00f3n en la encomienda de Estepa y su hacienda en el marquesado<\/a>. Estudillo G\u00f3mez, Adela (Ayuntamiento de Estepa \/ Enredars UPO, 2024)<\/p>\n\n\n\n<p><a href=\"https:\/\/rio.upo.es\/entities\/publication\/d4fa03fd-b0b4-44db-88ef-b5cd38f88afb\">Hermandades de penitencia, el paradigma de las manifestaciones devocionales del Barroco Hermandades de Pasi\u00f3n: \u00bfmanifestaciones de la religiosidad popular o conductas dirigidas por las \u00e9lites?<\/a> Prieto P\u00e9rez, Joaqu\u00edn Octavio (Ayuntamiento de Estepa \/ Enredars UPO, 2024)<\/p>\n\n\n\n<p><a href=\"https:\/\/rio.upo.es\/entities\/publication\/ad2837b1-54a9-4b93-8429-f86c074a5bb7\">La Santa Escuela de Cristo: una instituci\u00f3n desconocida del Barroco estepe\u00f1o<\/a>. Jord\u00e1n Fern\u00e1ndez, Jorge Alberto; Ram\u00edrez Gonz\u00e1lez, Sergio (Ayuntamiento de Estepa \/ Enredars UPO, 2024)<\/p>\n\n\n\n<p><a href=\"https:\/\/rio.upo.es\/entities\/publication\/67f590f5-aae4-4360-8d3b-70f4eec8f069\">Algunos asuntos de la Vicar\u00eda&#8230;<\/a> Camero Ramos, Jos\u00e9 (Ayuntamiento de Estepa \/ Enredars UPO, 2024)<\/p>\n\n\n\n<p><a href=\"https:\/\/rio.upo.es\/entities\/publication\/1dd84779-c580-419c-a541-d697936694ab\">Joyer\u00eda barroca en Estepa: una aproximaci\u00f3n a trav\u00e9s de la documentaci\u00f3n notarial<\/a>. Mej\u00edas \u00c1lvarez, Mar\u00eda Jes\u00fas (Ayuntamiento de Estepa \/ Enredars UPO, 2024)<\/p>\n\n\n\n<p><\/p>\n\n\n\n<p>Ballesteros, Juan Ram\u00f3n (coord.). <a href=\"https:\/\/rio.upo.es\/entities\/publication\/12de47df-fe8f-41dd-b247-933e4617151e\">Estepa barroca: Siete miradas<\/a>. Vol. XXXIII. Estepa: Ayuntamiento de Estepa; Sevilla: Enredars, Universidad Pablo de Olavide, 2024. ISBN: 978-84-09-59768-0.<\/p>\n","protected":false},"excerpt":{"rendered":"<p>Estepa barroca: Siete miradas Introducci\u00f3n: Siete miradas a la Estepa barroca. Ballesteros, Juan R. El m\u00e9todo barroco: Livio y Marcial[&#8230;]<\/p>\n","protected":false},"author":1,"featured_media":0,"parent":0,"menu_order":0,"comment_status":"closed","ping_status":"closed","template":"elementor_header_footer","meta":{"footnotes":""},"_links":{"self":[{"href":"https:\/\/www.upo.es\/investiga\/enredars\/index.php?rest_route=\/wp\/v2\/pages\/3003"}],"collection":[{"href":"https:\/\/www.upo.es\/investiga\/enredars\/index.php?rest_route=\/wp\/v2\/pages"}],"about":[{"href":"https:\/\/www.upo.es\/investiga\/enredars\/index.php?rest_route=\/wp\/v2\/types\/page"}],"author":[{"embeddable":true,"href":"https:\/\/www.upo.es\/investiga\/enredars\/index.php?rest_route=\/wp\/v2\/users\/1"}],"replies":[{"embeddable":true,"href":"https:\/\/www.upo.es\/investiga\/enredars\/index.php?rest_route=%2Fwp%2Fv2%2Fcomments&post=3003"}],"version-history":[{"count":4,"href":"https:\/\/www.upo.es\/investiga\/enredars\/index.php?rest_route=\/wp\/v2\/pages\/3003\/revisions"}],"predecessor-version":[{"id":3015,"href":"https:\/\/www.upo.es\/investiga\/enredars\/index.php?rest_route=\/wp\/v2\/pages\/3003\/revisions\/3015"}],"wp:attachment":[{"href":"https:\/\/www.upo.es\/investiga\/enredars\/index.php?rest_route=%2Fwp%2Fv2%2Fmedia&parent=3003"}],"curies":[{"name":"wp","href":"https:\/\/api.w.org\/{rel}","templated":true}]}}