{"id":3013,"date":"2025-04-21T11:15:46","date_gmt":"2025-04-21T10:15:46","guid":{"rendered":"https:\/\/www.upo.es\/investiga\/enredars\/?page_id=3013"},"modified":"2025-04-21T11:15:46","modified_gmt":"2025-04-21T10:15:46","slug":"shipping-art-and-art-materials-merchant-guilds-and-port-cities-in-early-modern-europe","status":"publish","type":"page","link":"https:\/\/www.upo.es\/investiga\/enredars\/?page_id=3013","title":{"rendered":"Shipping Art and Art Materials. Merchant, Guilds and Port-Cities in Early Modern Europe"},"content":{"rendered":"\n<h2 class=\"wp-block-heading\">Shipping Art and Art Materials. Merchant, Guilds and Port-Cities in Early Modern Europe<\/h2>\n\n\n\n<div class=\"wp-block-media-text is-stacked-on-mobile\" style=\"grid-template-columns:30% auto\"><figure class=\"wp-block-media-text__media\"><a href=\"https:\/\/rio.upo.es\/collections\/d4ef0fc3-8bd6-42fc-ba50-d3a3aa22bf7e\"><img loading=\"lazy\" decoding=\"async\" width=\"626\" height=\"857\" src=\"https:\/\/www.upo.es\/investiga\/enredars\/wp-content\/uploads\/2025\/04\/Shipping_portada.jpg\" alt=\"\" class=\"wp-image-3012 size-full\" srcset=\"https:\/\/www.upo.es\/investiga\/enredars\/wp-content\/uploads\/2025\/04\/Shipping_portada.jpg 626w, https:\/\/www.upo.es\/investiga\/enredars\/wp-content\/uploads\/2025\/04\/Shipping_portada-219x300.jpg 219w\" sizes=\"(max-width: 626px) 100vw, 626px\" \/><\/a><\/figure><div class=\"wp-block-media-text__content\">\n<p>Detalles del libro<\/p>\n\n\n\n<ul>\n<li>Editora: Sabina D&#8217;Inzillo Carranza de Cavi<\/li>\n\n\n\n<li>Editoriales: Enredars Publicaciones y Ediciones Universidad Aut\u00f3noma de Chile<\/li>\n\n\n\n<li>2.\u00ba volumen de la colecci\u00f3n Mediterr\u00e1neo<\/li>\n\n\n\n<li>ISBN: 978-84-09-68435-9<\/li>\n\n\n\n<li>A\u00f1o de publicaci\u00f3n: 2024<\/li>\n\n\n\n<li>N\u00famero de p\u00e1ginas: 495<\/li>\n<\/ul>\n\n\n\n<p><a href=\"https:\/\/rio.upo.es\/collections\/d4ef0fc3-8bd6-42fc-ba50-d3a3aa22bf7e\">Acceder ahora al libro<\/a><\/p>\n<\/div><\/div>\n\n\n\n<p><a href=\"https:\/\/rio.upo.es\/entities\/publication\/6a1665d6-0d10-4bd3-8b56-059b3c2ec35b\" target=\"_blank\" rel=\"noreferrer noopener\">Maritime Trade, Art Circulation and Urban Identities in the Early Modern Era.<\/a> D&#8217;Inzillo Carranza de Cavi, Sabina (Ediciones Universidad Aut\u00f3noma de Chile \/ Enredars-Universidad Pablo de Olavide, 2024)&nbsp;<\/p>\n\n\n\n<p><a href=\"https:\/\/rio.upo.es\/entities\/publication\/2870e70e-727c-4a8b-a206-436da39d6dc0\" target=\"_blank\" rel=\"noreferrer noopener\">Genova come polo di beni e manufatti artistici: Fonti e percorsi di ricerca (secoli XVI-XVII).<\/a> Piccinno, Luisa; Iodice, Antoio; Taviani, Carlo (Ediciones Universidad Aut\u00f3noma de Chile \/ Enredars-Universidad Pablo de Olavide, 2024) &nbsp;<\/p>\n\n\n\n<p><a href=\"https:\/\/rio.upo.es\/entities\/publication\/8133c111-99b7-44c3-81a3-bfc6b26122ea\" target=\"_blank\" rel=\"noreferrer noopener\">Fonti e risorse per lo studio delle corporazioni \u00abartistiche\u00bb a Genova dal medioevo all&#8217;et\u00e0 moderna.<\/a> Ciarlo, Letizi; Galassi, Maria Clelia (Ediciones Universidad Aut\u00f3noma de Chile \/ Enredars-Universidad Pablo de Olavide, 2024)&nbsp;<\/p>\n\n\n\n<p><a href=\"https:\/\/rio.upo.es\/entities\/publication\/4def228a-bfd6-4076-8bc0-3e0ff60032c7\" target=\"_blank\" rel=\"noreferrer noopener\">Fuentes para estudiar el comercio mar\u00edtimo de la ciudad de Barcelona. De mediados del siglo XV a finales del siglo XVII.<\/a> Garc\u00eda-Oses, Isaac (Ediciones Universidad Aut\u00f3noma de Chile \/ Enredars-Universidad Pablo de Olavide, 2024)&nbsp;<\/p>\n\n\n\n<p><a href=\"https:\/\/rio.upo.es\/entities\/publication\/454879fa-8bce-4c4b-9695-5bd119b00d40\" target=\"_blank\" rel=\"noreferrer noopener\">Les confr\u00e9ries artistiques \u00e0 Barcelone \u00e0 l&#8217;\u00e9poque moderne: Un \u00e9tat de la question.<\/a> Lugand, Julien (Ediciones Universidad Aut\u00f3noma de Chile \/ Enredars-Universidad Pablo de Olavide, 2024)&nbsp;<\/p>\n\n\n\n<p><a href=\"https:\/\/rio.upo.es\/entities\/publication\/6126e746-6c18-4abd-b98a-87d6049b4567\" target=\"_blank\" rel=\"noreferrer noopener\">\u00abInclita domus sum\u00bb: Historia, geograf\u00eda y fuentes de la Valencia mercantil (siglos XIII-XVIII).<\/a> Giannotta, Gaetano (Ediciones Universidad Aut\u00f3noma de Chile \/ Enredars-Universidad Pablo de Olavide, 2024)&nbsp;<\/p>\n\n\n\n<p><a href=\"https:\/\/rio.upo.es\/entities\/publication\/90136a5d-99e1-4804-a66f-c06638e78e45\" target=\"_blank\" rel=\"noreferrer noopener\">Valencia y los gremios en la edad moderna: Estado de la cuesti\u00f3n.<\/a> Cots Morat\u00f3, Francisco de Paula (Ediciones Universidad Aut\u00f3noma de Chile \/ Enredars-Universidad Pablo de Olavide, 2024)&nbsp;<\/p>\n\n\n\n<p><a href=\"https:\/\/rio.upo.es\/entities\/publication\/038b4581-83ce-470e-9d74-93c07985339b\" target=\"_blank\" rel=\"noreferrer noopener\">Gates and ports between the Old and the New World. Sources for the study of trade in the city of Seville, XVth-XVIIth centuries.<\/a> \u00c1lvarez de Toledo L\u00f3pez Herrera, Felipe (Ediciones Universidad Aut\u00f3noma de Chile \/ Enredars-Universidad Pablo de Olavide, 2024)&nbsp;<\/p>\n\n\n\n<p><a href=\"https:\/\/rio.upo.es\/entities\/publication\/9deddb28-b515-46a4-a0fa-4adfcfb6e53c\" target=\"_blank\" rel=\"noreferrer noopener\">Bibliograf\u00eda, fuentes y futuras l\u00edneas de investigaci\u00f3n sobre los gremios art\u00edsticos sevillanos.<\/a> Recio Mir, \u00c1lvaro (Ediciones Universidad Aut\u00f3noma de Chile \/ Enredars-Universidad Pablo de Olavide, 2024)&nbsp;<\/p>\n\n\n\n<p><a href=\"https:\/\/rio.upo.es\/entities\/publication\/9fdc99f1-1ff0-4f16-93fb-9da71b7edd51\" target=\"_blank\" rel=\"noreferrer noopener\">C\u00e1diz y su bah\u00eda: Un complejo portuario mercantil entre dos mares (siglo XVI).<\/a> Carrasco-Gonz\u00e1lez, Guadalupe (Ediciones Universidad Aut\u00f3noma de Chile \/ Enredars-Universidad Pablo de Olavide, 2024)&nbsp;<\/p>\n\n\n\n<p><a href=\"https:\/\/rio.upo.es\/entities\/publication\/0e4c1a66-055c-455c-a71f-e2205940a7b3\" target=\"_blank\" rel=\"noreferrer noopener\">Fuentes para el estudio de la producci\u00f3n art\u00edstica y la organizaci\u00f3n gremial en C\u00e1diz antes del asalto angloholand\u00e9s.<\/a> Pomar Rodil, Pablo J. (Ediciones Universidad Aut\u00f3noma de Chile \/ Enredars-Universidad Pablo de Olavide, 2024)&nbsp;<\/p>\n\n\n\n<p><a href=\"https:\/\/rio.upo.es\/entities\/publication\/e2274069-8992-4dda-a092-86796795ffe9\" target=\"_blank\" rel=\"noreferrer noopener\">Lisboa: A cidade e as comunidades mercantis estrangeiras (1500-1650 ca.).<\/a> Alessandrini, Nunziatella (Ediciones Universidad Aut\u00f3noma de Chile \/ Enredars-Universidad Pablo de Olavide, 2024) &nbsp;<\/p>\n\n\n\n<p><a href=\"https:\/\/rio.upo.es\/entities\/publication\/33cfc404-b72a-43a1-b70f-ac656ae49287\" target=\"_blank\" rel=\"noreferrer noopener\">Corporations in Lisbon (15th-17th centuries): Relevance, urban setting, patron churches.<\/a> Catarino Lopes, Paulo (Ediciones Universidad Aut\u00f3noma de Chile \/ Enredars-Universidad Pablo de Olavide, 2024)\u00a0<\/p>\n\n\n\n<p><\/p>\n\n\n\n<p><\/p>\n\n\n\n<p>D&#8217;Inzillo Carranza de Cavi, Sabina (ed.).<a href=\"https:\" target=\"_blank\" rel=\"noreferrer noopener\"> <\/a><a href=\"https:\/\/rio.upo.es\/entities\/publication\/58665527-df95-4035-87ef-de4e3ae819ef\" target=\"_blank\" rel=\"noreferrer noopener\">Shipping Art and Art Materials. Merchant, Guilds and Port-Cities in Early Modern Europe.<\/a> Vol. II. Santiago de Chile: Ediciones Universidad Aut\u00f3noma de Chile; Sevilla: Enredars, Universidad Pablo de Olavide, 2024. ISBN: 978-84-09-68435-9.&nbsp;<\/p>\n","protected":false},"excerpt":{"rendered":"<p>Shipping Art and Art Materials. Merchant, Guilds and Port-Cities in Early Modern Europe Maritime Trade, Art Circulation and Urban Identities[&#8230;]<\/p>\n","protected":false},"author":1,"featured_media":0,"parent":0,"menu_order":0,"comment_status":"closed","ping_status":"closed","template":"elementor_header_footer","meta":{"footnotes":""},"_links":{"self":[{"href":"https:\/\/www.upo.es\/investiga\/enredars\/index.php?rest_route=\/wp\/v2\/pages\/3013"}],"collection":[{"href":"https:\/\/www.upo.es\/investiga\/enredars\/index.php?rest_route=\/wp\/v2\/pages"}],"about":[{"href":"https:\/\/www.upo.es\/investiga\/enredars\/index.php?rest_route=\/wp\/v2\/types\/page"}],"author":[{"embeddable":true,"href":"https:\/\/www.upo.es\/investiga\/enredars\/index.php?rest_route=\/wp\/v2\/users\/1"}],"replies":[{"embeddable":true,"href":"https:\/\/www.upo.es\/investiga\/enredars\/index.php?rest_route=%2Fwp%2Fv2%2Fcomments&post=3013"}],"version-history":[{"count":1,"href":"https:\/\/www.upo.es\/investiga\/enredars\/index.php?rest_route=\/wp\/v2\/pages\/3013\/revisions"}],"predecessor-version":[{"id":3016,"href":"https:\/\/www.upo.es\/investiga\/enredars\/index.php?rest_route=\/wp\/v2\/pages\/3013\/revisions\/3016"}],"wp:attachment":[{"href":"https:\/\/www.upo.es\/investiga\/enredars\/index.php?rest_route=%2Fwp%2Fv2%2Fmedia&parent=3013"}],"curies":[{"name":"wp","href":"https:\/\/api.w.org\/{rel}","templated":true}]}}