{"id":3025,"date":"2025-05-02T08:27:16","date_gmt":"2025-05-02T07:27:16","guid":{"rendered":"https:\/\/www.upo.es\/investiga\/enredars\/?page_id=3025"},"modified":"2025-05-02T11:09:21","modified_gmt":"2025-05-02T10:09:21","slug":"castigo-de-dios-historia-de-la-trasgresion-dogmatica-sus-castigos-y-condenas-en-america","status":"publish","type":"page","link":"https:\/\/www.upo.es\/investiga\/enredars\/?page_id=3025","title":{"rendered":"Castigo de Dios: historia de la trasgresi\u00f3n dogm\u00e1tica, sus castigos y condenas en Am\u00e9rica"},"content":{"rendered":"\n<h2 class=\"wp-block-heading\">Castigo de Dios: historia de la trasgresi\u00f3n dogm\u00e1tica, sus castigos y condenas en Am\u00e9rica<\/h2>\n\n\n\n<div class=\"wp-block-media-text is-stacked-on-mobile\" style=\"grid-template-columns:26% auto\"><figure class=\"wp-block-media-text__media\"><a href=\"https:\/\/rio.upo.es\/collections\/d8b7fe2c-7208-40e0-979a-64a46be6bedd\"><img loading=\"lazy\" decoding=\"async\" width=\"454\" height=\"642\" src=\"https:\/\/www.upo.es\/investiga\/enredars\/wp-content\/uploads\/2025\/05\/Castigo-de-Dios_portada.jpg\" alt=\"\" class=\"wp-image-3024 size-full\" srcset=\"https:\/\/www.upo.es\/investiga\/enredars\/wp-content\/uploads\/2025\/05\/Castigo-de-Dios_portada.jpg 454w, https:\/\/www.upo.es\/investiga\/enredars\/wp-content\/uploads\/2025\/05\/Castigo-de-Dios_portada-212x300.jpg 212w\" sizes=\"(max-width: 454px) 100vw, 454px\" \/><\/a><\/figure><div class=\"wp-block-media-text__content\">\n<p>Detalles del libro<\/p>\n\n\n\n<ul>\n<li>Coordinadora: Mar\u00eda del Carmen Garc\u00eda Escudero<\/li>\n\n\n\n<li>Editoriales: Enredars Publicaciones y Ediciones Universidad Aut\u00f3noma de Chile<\/li>\n\n\n\n<li>26.\u00ba volumen de la colecci\u00f3n Acer-VOS<\/li>\n\n\n\n<li>ISBN: 978-84-09-68436-6<\/li>\n\n\n\n<li>A\u00f1o de publicaci\u00f3n: 2024<\/li>\n\n\n\n<li>N\u00famero de p\u00e1ginas: 300<\/li>\n<\/ul>\n\n\n\n<p><a href=\"https:\/\/rio.upo.es\/collections\/d8b7fe2c-7208-40e0-979a-64a46be6bedd\">Acceder ahora al libro<\/a><\/p>\n<\/div><\/div>\n\n\n\n<p><a href=\"https:\/\/rio.upo.es\/entities\/publication\/dac650d5-eca2-44f6-ad8e-e4b79226715d\">La persecuci\u00f3n de los dioses de Ayacucho y Huamachuco<\/a>. Millones, Luis; Mayer, Renata (Ediciones Universidad Aut\u00f3noma de Chile \/ Enredars-Universidad Pablo de Olavide, 2024)<\/p>\n\n\n\n<p><a href=\"https:\/\/rio.upo.es\/entities\/publication\/1851b3e0-399b-49ff-9085-226b9a4cd323\">El enemigo que nunca nos abandona: condena y castigo de la lujuria, la sodom\u00eda y otros pecados carnales en textos e im\u00e1genes del siglo XVI<\/a>. P\u00e9rez Flores, Jos\u00e9 Luis (Ediciones Universidad Aut\u00f3noma de Chile \/ Enredars-Universidad Pablo de Olavide, 2024)<\/p>\n\n\n\n<p><a href=\"https:\/\/rio.upo.es\/entities\/publication\/1b24c184-4d26-4453-a0bf-d5327f7a4065\">La caza de la bestia: el enga\u00f1o del hereje en el Virreinato del Per\u00fa<\/a>. Garc\u00eda Escudero, Mar\u00eda del Carmen (Ediciones Universidad Aut\u00f3noma de Chile \/ Enredars-Universidad Pablo de Olavide, 2024)<\/p>\n\n\n\n<p><a href=\"https:\/\/rio.upo.es\/entities\/publication\/509a738f-a364-49c3-8fa9-a58c66b19a9b\">Entre mitos, males y brujas: an\u00e1lisis del papel del perro en la \u00e9poca colonial<\/a>. Espinosa Guerrero, Marily Stephany (Ediciones Universidad Aut\u00f3noma de Chile \/ Enredars-Universidad Pablo de Olavide, 2024)<\/p>\n\n\n\n<p><a href=\"https:\/\/rio.upo.es\/entities\/publication\/835ba0ef-95ed-45f3-b34c-00557d26b562\">Castigo y expiaci\u00f3n en la cosmovisi\u00f3n prehisp\u00e1nica. La inmolaci\u00f3n de transgresores en fuentes del Poscl\u00e1sico y virreinales<\/a>. Dom\u00ednguez \u00c1ngeles, Alondra (Ediciones Universidad Aut\u00f3noma de Chile \/ Enredars-Universidad Pablo de Olavide, 2024)<\/p>\n\n\n\n<p><a href=\"https:\/\/rio.upo.es\/entities\/publication\/9445f548-26fc-47f4-ad5e-d8da5a40e8ba\">Amor y temor a Dios y el rey: la infidencia en Zacatecas, 1808-1813<\/a>. Venegas de la Torre, \u00c1gueda G. (Ediciones Universidad Aut\u00f3noma de Chile \/ Enredars-Universidad Pablo de Olavide, 2024)<\/p>\n\n\n\n<p><a href=\"https:\/\/rio.upo.es\/entities\/publication\/8a99a4ca-2fbf-40fa-9a37-7d018266ad19\">\u00c1nimas, diablos y antiguas: la funci\u00f3n de los B\u00e3di en las pr\u00e1cticas rituales de los otom\u00edes de la Sierra de Tutotepec, Estado de Hidalgo, M\u00e9xico<\/a>. S\u00e1nchez V\u00e1zquez, Sergio (Ediciones Universidad Aut\u00f3noma de Chile \/ Enredars-Universidad Pablo de Olavide, 2024)<\/p>\n\n\n\n<p><a href=\"https:\/\/rio.upo.es\/entities\/publication\/d5ab915b-c802-46c0-bed9-3fc7bd56964b\">El campo sem\u00e1ntico de la brujer\u00eda en las comunidades ash\u00e1ninkas asentadas en los valles de los r\u00edos Apur\u00edmac, Ene y Mantaro VRAEM- Ayacucho<\/a>. Cazorla Zen, Carmen (Ediciones Universidad Aut\u00f3noma de Chile \/ Enredars-Universidad Pablo de Olavide, 2024)<\/p>\n\n\n\n<p><a href=\"https:\/\/rio.upo.es\/entities\/publication\/94bd42e9-e82f-46e2-b85b-92dfa5604fca\">De turismo y brujer\u00eda: el mercado de Sonora<\/a>. Enciso Gonz\u00e1lez, Jes\u00fas (Ediciones Universidad Aut\u00f3noma de Chile \/ Enredars-Universidad Pablo de Olavide, 2024)<\/p>\n\n\n\n<p><a href=\"https:\/\/rio.upo.es\/entities\/publication\/f2b8ad73-8cd1-4b98-877e-0c2a1ada1e0f\">La bruja en la ficci\u00f3n audiovisual del siglo XXI: transformaciones del estereotipo en las producciones televisivas de terror pos-11S<\/a>. Clemente Fern\u00e1ndez, M\u00aa. Dolores (Ediciones Universidad Aut\u00f3noma de Chile \/ Enredars-Universidad Pablo de Olavide, 2024).<\/p>\n\n\n\n<p><\/p>\n\n\n\n<p>Garc\u00eda Escudero, Mar\u00eda del Carmen (coord.). <a href=\"https:\/\/rio.upo.es\/entities\/publication\/25c1da80-8fba-42cb-ab3b-c1c3960165e2\"><em>Castigo de Dios: historia de la trasgresi\u00f3n dogm\u00e1tica, sus castigos y condenas en Am\u00e9rica<\/em><\/a>. Vol. XXVI. Santiago de Chile: Ediciones Universidad Aut\u00f3noma de Chile; Sevilla: Enredars-Universidad Pablo de Olavide, 2024. ISBN: 978-84-09-68436-6.<\/p>\n","protected":false},"excerpt":{"rendered":"<p>Castigo de Dios: historia de la trasgresi\u00f3n dogm\u00e1tica, sus castigos y condenas en Am\u00e9rica La persecuci\u00f3n de los dioses de[&#8230;]<\/p>\n","protected":false},"author":1,"featured_media":0,"parent":0,"menu_order":0,"comment_status":"closed","ping_status":"closed","template":"elementor_header_footer","meta":{"footnotes":""},"_links":{"self":[{"href":"https:\/\/www.upo.es\/investiga\/enredars\/index.php?rest_route=\/wp\/v2\/pages\/3025"}],"collection":[{"href":"https:\/\/www.upo.es\/investiga\/enredars\/index.php?rest_route=\/wp\/v2\/pages"}],"about":[{"href":"https:\/\/www.upo.es\/investiga\/enredars\/index.php?rest_route=\/wp\/v2\/types\/page"}],"author":[{"embeddable":true,"href":"https:\/\/www.upo.es\/investiga\/enredars\/index.php?rest_route=\/wp\/v2\/users\/1"}],"replies":[{"embeddable":true,"href":"https:\/\/www.upo.es\/investiga\/enredars\/index.php?rest_route=%2Fwp%2Fv2%2Fcomments&post=3025"}],"version-history":[{"count":3,"href":"https:\/\/www.upo.es\/investiga\/enredars\/index.php?rest_route=\/wp\/v2\/pages\/3025\/revisions"}],"predecessor-version":[{"id":3034,"href":"https:\/\/www.upo.es\/investiga\/enredars\/index.php?rest_route=\/wp\/v2\/pages\/3025\/revisions\/3034"}],"wp:attachment":[{"href":"https:\/\/www.upo.es\/investiga\/enredars\/index.php?rest_route=%2Fwp%2Fv2%2Fmedia&parent=3025"}],"curies":[{"name":"wp","href":"https:\/\/api.w.org\/{rel}","templated":true}]}}