{"id":3033,"date":"2025-05-02T11:09:29","date_gmt":"2025-05-02T10:09:29","guid":{"rendered":"https:\/\/www.upo.es\/investiga\/enredars\/?page_id=3033"},"modified":"2025-05-02T11:09:43","modified_gmt":"2025-05-02T10:09:43","slug":"nahuas-que-saben-latin-produccion-intelectual-indigena-en-el-colegio-de-tlatelolco-1546-1572","status":"publish","type":"page","link":"https:\/\/www.upo.es\/investiga\/enredars\/?page_id=3033","title":{"rendered":"Nahuas que saben lat\u00edn. Producci\u00f3n intelectual ind\u00edgena en el Colegio de Tlatelolco (1546-1572)"},"content":{"rendered":"\n<h2 class=\"wp-block-heading\">Nahuas que saben lat\u00edn. Producci\u00f3n intelectual ind\u00edgena en el Colegio de Tlatelolco (1546-1572)<\/h2>\n\n\n\n<div class=\"wp-block-media-text is-stacked-on-mobile\" style=\"grid-template-columns:23% auto\"><figure class=\"wp-block-media-text__media\"><a href=\"https:\/\/rio.upo.es\/entities\/publication\/3cb4e4b8-74e6-4ee8-b2ca-8cd203ec3e41\"><img loading=\"lazy\" decoding=\"async\" width=\"457\" height=\"643\" src=\"https:\/\/www.upo.es\/investiga\/enredars\/wp-content\/uploads\/2025\/05\/Nahuas_Portada.jpg\" alt=\"\" class=\"wp-image-3032 size-full\" srcset=\"https:\/\/www.upo.es\/investiga\/enredars\/wp-content\/uploads\/2025\/05\/Nahuas_Portada.jpg 457w, https:\/\/www.upo.es\/investiga\/enredars\/wp-content\/uploads\/2025\/05\/Nahuas_Portada-213x300.jpg 213w\" sizes=\"(max-width: 457px) 100vw, 457px\" \/><\/a><\/figure><div class=\"wp-block-media-text__content\">\n<p>Detalles del libro<\/p>\n\n\n\n<ul>\n<li>Autor: Tesiu Rosas Xelhuantzi<\/li>\n\n\n\n<li>Editoriales: Enredars Publicaciones y Ediciones Universidad Aut\u00f3noma de Chile<\/li>\n\n\n\n<li>11.\u00ba volumen de la colecci\u00f3n Culturas Originarias<\/li>\n\n\n\n<li>ISBN: 978-84-09-70744-7<\/li>\n\n\n\n<li>A\u00f1o de publicaci\u00f3n: 2025<\/li>\n\n\n\n<li>N\u00famero de p\u00e1ginas: 351<\/li>\n<\/ul>\n\n\n\n<p><a href=\"https:\/\/rio.upo.es\/entities\/publication\/3cb4e4b8-74e6-4ee8-b2ca-8cd203ec3e41\">Acceder ahora al libro<\/a><\/p>\n<\/div><\/div>\n\n\n\n<p>Rosas Xelhuantzi, Tesiu. <em><a href=\"https:\/\/rio.upo.es\/entities\/publication\/3cb4e4b8-74e6-4ee8-b2ca-8cd203ec3e41\">Nahuas que saben lat\u00edn. Producci\u00f3n intelectual ind\u00edgena en el Colegio de Tlatelolco (1546-1572)<\/a><\/em>. Vol. XI. Santiago de Chile: Ediciones Universidad Aut\u00f3noma de Chile; Sevilla: Enredars-Universidad Pablo de Olavide, 2025. ISBN: 978-84-09-70744-7.<\/p>\n","protected":false},"excerpt":{"rendered":"<p>Nahuas que saben lat\u00edn. Producci\u00f3n intelectual ind\u00edgena en el Colegio de Tlatelolco (1546-1572) Rosas Xelhuantzi, Tesiu. Nahuas que saben lat\u00edn.[&#8230;]<\/p>\n","protected":false},"author":1,"featured_media":0,"parent":0,"menu_order":0,"comment_status":"closed","ping_status":"closed","template":"elementor_header_footer","meta":{"footnotes":""},"_links":{"self":[{"href":"https:\/\/www.upo.es\/investiga\/enredars\/index.php?rest_route=\/wp\/v2\/pages\/3033"}],"collection":[{"href":"https:\/\/www.upo.es\/investiga\/enredars\/index.php?rest_route=\/wp\/v2\/pages"}],"about":[{"href":"https:\/\/www.upo.es\/investiga\/enredars\/index.php?rest_route=\/wp\/v2\/types\/page"}],"author":[{"embeddable":true,"href":"https:\/\/www.upo.es\/investiga\/enredars\/index.php?rest_route=\/wp\/v2\/users\/1"}],"replies":[{"embeddable":true,"href":"https:\/\/www.upo.es\/investiga\/enredars\/index.php?rest_route=%2Fwp%2Fv2%2Fcomments&post=3033"}],"version-history":[{"count":2,"href":"https:\/\/www.upo.es\/investiga\/enredars\/index.php?rest_route=\/wp\/v2\/pages\/3033\/revisions"}],"predecessor-version":[{"id":3036,"href":"https:\/\/www.upo.es\/investiga\/enredars\/index.php?rest_route=\/wp\/v2\/pages\/3033\/revisions\/3036"}],"wp:attachment":[{"href":"https:\/\/www.upo.es\/investiga\/enredars\/index.php?rest_route=%2Fwp%2Fv2%2Fmedia&parent=3033"}],"curies":[{"name":"wp","href":"https:\/\/api.w.org\/{rel}","templated":true}]}}