{"id":3043,"date":"2025-06-17T14:35:36","date_gmt":"2025-06-17T13:35:36","guid":{"rendered":"https:\/\/www.upo.es\/investiga\/enredars\/?page_id=3043"},"modified":"2025-06-17T14:36:44","modified_gmt":"2025-06-17T13:36:44","slug":"camelidos-en-el-arte-sudamericano","status":"publish","type":"page","link":"https:\/\/www.upo.es\/investiga\/enredars\/?page_id=3043","title":{"rendered":"Cam\u00e9lidos en el arte sudamericano"},"content":{"rendered":"\n<h2 class=\"wp-block-heading\">Cam\u00e9lidos en el arte sudamericano<\/h2>\n\n\n\n<div class=\"wp-block-media-text is-stacked-on-mobile\" style=\"grid-template-columns:27% auto\"><figure class=\"wp-block-media-text__media\"><a href=\"https:\/\/rio.upo.es\/collections\/2535ba21-d982-4b46-b4e1-7a218a6f4308\"><img loading=\"lazy\" decoding=\"async\" width=\"456\" height=\"645\" src=\"https:\/\/www.upo.es\/investiga\/enredars\/wp-content\/uploads\/2025\/06\/Camelidos_Portada.jpg\" alt=\"\" class=\"wp-image-3042 size-full\" srcset=\"https:\/\/www.upo.es\/investiga\/enredars\/wp-content\/uploads\/2025\/06\/Camelidos_Portada.jpg 456w, https:\/\/www.upo.es\/investiga\/enredars\/wp-content\/uploads\/2025\/06\/Camelidos_Portada-212x300.jpg 212w\" sizes=\"(max-width: 456px) 100vw, 456px\" \/><\/a><\/figure><div class=\"wp-block-media-text__content\">\n<p>Detalles del libro<\/p>\n\n\n\n<ul>\n<li>Editoras: Marcela Sep\u00falveda y Aline Lara Galicia<\/li>\n\n\n\n<li>Editoriales: Enredars Publicaciones y Ediciones Universidad Aut\u00f3noma de Chile<\/li>\n\n\n\n<li>12.\u00ba volumen de la colecci\u00f3n Culturas originarias<\/li>\n\n\n\n<li>ISBN: 978-84-09-73241-8<\/li>\n\n\n\n<li>A\u00f1o de publicaci\u00f3n: 2025<\/li>\n\n\n\n<li>N\u00famero de p\u00e1ginas: 274<\/li>\n<\/ul>\n\n\n\n<p><a href=\"https:\/\/rio.upo.es\/collections\/2535ba21-d982-4b46-b4e1-7a218a6f4308\">Acceder ahora al libro<\/a><\/p>\n<\/div><\/div>\n\n\n\n<p><a href=\"https:\/\/rio.upo.es\/entities\/publication\/62433150-7c87-468d-b20f-191069bd5e0e\">Introducci\u00f3n. Los cam\u00e9lidos en el arte sudamericano, una historia milenaria<\/a>. Sep\u00falveda, Marcela; Lara Galicia, Aline (Ediciones Universidad Aut\u00f3noma de Chile \/ Enredars-Universidad Pablo de Olavide, 2025)<\/p>\n\n\n\n<p><a href=\"https:\/\/rio.upo.es\/entities\/publication\/2e527fe4-7ef1-456e-ae43-2ee01d4a6ca6\">Nacimos del agua y las monta\u00f1as: los cam\u00e9lidos en las sociedades precolombinas del occidente de Bolivia<\/a>. Rivera Casanovas, Claudia (Ediciones Universidad Aut\u00f3noma de Chile \/ Enredars-Universidad Pablo de Olavide, 2025)<\/p>\n\n\n\n<p><a href=\"https:\/\/rio.upo.es\/entities\/publication\/a4283a2e-840a-46f3-b024-fd9a01e1fc80\">Cam\u00e9lidos en el arte rupestre de Bolivia (altiplano y valles)<\/a>. Strecker, Matthias; Saavedra, Rosario; Methfessel, Lilo; Fauconnier, Fran\u00e7oise; Taboada, Freddy; Lima, Mar\u00eda del Pilar (Ediciones Universidad Aut\u00f3noma de Chile \/ Enredars-Universidad Pablo de Olavide, 2025)<\/p>\n\n\n\n<p><a href=\"https:\/\/rio.upo.es\/entities\/publication\/ee05972b-f558-4016-a661-154bf6bd8408\">El cam\u00e9lido sobrenatural y su v\u00ednculo con la fertilidad en el arte prehisp\u00e1nico altoandino (Bolivia y Per\u00fa)<\/a>. Horta Tricallotis, Helena; Paulinyi, Muriel (Ediciones Universidad Aut\u00f3noma de Chile \/ Enredars-Universidad Pablo de Olavide, 2025)<\/p>\n\n\n\n<p><a href=\"https:\/\/rio.upo.es\/entities\/publication\/0a525adb-f494-43f3-b78d-6690f72f3968\">Cam\u00e9lidos silvestres y dom\u00e9sticos en el arte rupestre del extremo norte de Chile. Interacciones milenarias entre animales y humanos en la precordillera de Arica<\/a>. Guerrero-Bueno, Zaray; Sep\u00falveda, Marcela; Castillo, Camila (Ediciones Universidad Aut\u00f3noma de Chile \/ Enredars-Universidad Pablo de Olavide, 2025)<\/p>\n\n\n\n<p><a href=\"https:\/\/rio.upo.es\/entities\/publication\/37f2ffd4-5122-4c2a-954f-5bdba892c505\">Los cam\u00e9lidos en el arte rupestre de Barrancas (Puna de Jujuy, Argentina)<\/a>. Yacobaccio, Hugo D.; Rouan Sirolli, Mercedes (Ediciones Universidad Aut\u00f3noma de Chile \/ Enredars-Universidad Pablo de Olavide, 2025)<\/p>\n\n\n\n<p><a href=\"https:\/\/rio.upo.es\/entities\/publication\/05c20930-71c8-4ece-9850-09c890c7f5ef\">L\u00f3gicas pastoriles prehisp\u00e1nicas en el Cerro Cuevas Pintadas (Guachipas, Salta, Argentina)<\/a>. Nielsen, Axel E.; Falchi, Mar\u00eda P\u00eda (Ediciones Universidad Aut\u00f3noma de Chile \/ Enredars-Universidad Pablo de Olavide, 2025)<\/p>\n\n\n\n<p><a href=\"https:\/\/rio.upo.es\/entities\/publication\/d2c9c83f-f608-46dc-8f3c-87c854a2fe9b\">Cam\u00e9lidos en el arte rupestre del Noroeste Argentino: una ventana al pasado y presente de la relaci\u00f3n humano-animal<\/a>. Cardozo, Rodrigo; Codemo, Carla; Lepori, Mat\u00edas (Ediciones Universidad Aut\u00f3noma de Chile \/ Enredars-Universidad Pablo de Olavide, 2025)<\/p>\n\n\n\n<p><a href=\"https:\/\/rio.upo.es\/entities\/publication\/0c2b0467-1cf4-41b3-a28f-66533c6e06c4\">Cosmopol\u00edtica y el co-habitar de humanos y cam\u00e9lidos en la cultura Diaguita del centro norte de Chile<\/a>. Troncoso, Andr\u00e9s (Ediciones Universidad Aut\u00f3noma de Chile \/ Enredars-Universidad Pablo de Olavide, 2025)<\/p>\n\n\n\n<p><a href=\"https:\/\/rio.upo.es\/entities\/publication\/3a9aea0d-774e-4806-991a-380bb8eaa892\">Representaciones de llamas en el arte rupestre de la Provincia de San Juan (Centro Oeste Argentino)<\/a>. Garc\u00eda, Alejandro (Ediciones Universidad Aut\u00f3noma de Chile \/ Enredars-Universidad Pablo de Olavide, 2025)<\/p>\n\n\n\n<p><a href=\"https:\/\/rio.upo.es\/entities\/publication\/4fdcf3a6-6fb4-43e2-ab7c-f97d7edb5a85\">Guanacos, escenas de caza y estil\u00edstica rupestre en r\u00edo Pinturas: Patagonia Centro-Meridional Andina<\/a>. Aschero, Carlos A.; Schneier, Patricia (Ediciones Universidad Aut\u00f3noma de Chile \/ Enredars-Universidad Pablo de Olavide, 2025)<\/p>\n\n\n\n<p><\/p>\n\n\n\n<p><\/p>\n\n\n\n<p><\/p>\n\n\n\n<p>Sep\u00falveda, Marcela; Lara Galicia, Aline (ed.).&nbsp;<em><a href=\"https:\/\/rio.upo.es\/entities\/publication\/e26a9019-5756-445c-be39-2b0c398b9d91\">Cam\u00e9lidos en el arte sudamericano<\/a>.<\/em> Vol. XII. Santiago de Chile: Ediciones Universidad Aut\u00f3noma de Chile; Sevilla: Enredars-Universidad Pablo de Olavide, 2025. ISBN: 978-84-09-73241-8.<\/p>\n","protected":false},"excerpt":{"rendered":"<p>Cam\u00e9lidos en el arte sudamericano Introducci\u00f3n. Los cam\u00e9lidos en el arte sudamericano, una historia milenaria. Sep\u00falveda, Marcela; Lara Galicia, Aline[&#8230;]<\/p>\n","protected":false},"author":1,"featured_media":0,"parent":0,"menu_order":0,"comment_status":"closed","ping_status":"closed","template":"elementor_header_footer","meta":{"footnotes":""},"_links":{"self":[{"href":"https:\/\/www.upo.es\/investiga\/enredars\/index.php?rest_route=\/wp\/v2\/pages\/3043"}],"collection":[{"href":"https:\/\/www.upo.es\/investiga\/enredars\/index.php?rest_route=\/wp\/v2\/pages"}],"about":[{"href":"https:\/\/www.upo.es\/investiga\/enredars\/index.php?rest_route=\/wp\/v2\/types\/page"}],"author":[{"embeddable":true,"href":"https:\/\/www.upo.es\/investiga\/enredars\/index.php?rest_route=\/wp\/v2\/users\/1"}],"replies":[{"embeddable":true,"href":"https:\/\/www.upo.es\/investiga\/enredars\/index.php?rest_route=%2Fwp%2Fv2%2Fcomments&post=3043"}],"version-history":[{"count":2,"href":"https:\/\/www.upo.es\/investiga\/enredars\/index.php?rest_route=\/wp\/v2\/pages\/3043\/revisions"}],"predecessor-version":[{"id":3045,"href":"https:\/\/www.upo.es\/investiga\/enredars\/index.php?rest_route=\/wp\/v2\/pages\/3043\/revisions\/3045"}],"wp:attachment":[{"href":"https:\/\/www.upo.es\/investiga\/enredars\/index.php?rest_route=%2Fwp%2Fv2%2Fmedia&parent=3043"}],"curies":[{"name":"wp","href":"https:\/\/api.w.org\/{rel}","templated":true}]}}