{"id":3097,"date":"2025-08-29T09:25:17","date_gmt":"2025-08-29T08:25:17","guid":{"rendered":"https:\/\/www.upo.es\/investiga\/enredars\/?page_id=3097"},"modified":"2025-08-29T11:00:50","modified_gmt":"2025-08-29T10:00:50","slug":"modernas-mujeres-y-artes-en-los-siglos-xvi-xviii","status":"publish","type":"page","link":"https:\/\/www.upo.es\/investiga\/enredars\/?page_id=3097","title":{"rendered":"Modernas. Mujeres y artes en los siglos XVI-XVIII"},"content":{"rendered":"\n<h2 class=\"wp-block-heading\">Modernas. Mujeres y artes en los siglos XVI-XVIII<\/h2>\n\n\n\n<div class=\"wp-block-media-text is-stacked-on-mobile\" style=\"grid-template-columns:27% auto\"><figure class=\"wp-block-media-text__media\"><a href=\"https:\/\/rio.upo.es\/collections\/43031382-6a5b-4fd8-961f-c32e61f269d1\"><img loading=\"lazy\" decoding=\"async\" width=\"412\" height=\"578\" src=\"https:\/\/www.upo.es\/investiga\/enredars\/wp-content\/uploads\/2025\/08\/Modernas_portada.jpg\" alt=\"\" class=\"wp-image-3096 size-full\" srcset=\"https:\/\/www.upo.es\/investiga\/enredars\/wp-content\/uploads\/2025\/08\/Modernas_portada.jpg 412w, https:\/\/www.upo.es\/investiga\/enredars\/wp-content\/uploads\/2025\/08\/Modernas_portada-214x300.jpg 214w\" sizes=\"(max-width: 412px) 100vw, 412px\" \/><\/a><\/figure><div class=\"wp-block-media-text__content\">\n<p>Detalles del libro<\/p>\n\n\n\n<ul>\n<li>Editores: Laura Illescas D\u00edaz, Ana Mar\u00eda \u00c1greda, Miguel Hermoso Cuesta y Magdalena Ill\u00e1n Mart\u00edn<\/li>\n\n\n\n<li>Editoriales: Enredars Publicaciones y Ediciones Universidad Aut\u00f3noma de Chile<\/li>\n\n\n\n<li>38.\u00ba volumen de la colecci\u00f3n Universo Barroco<\/li>\n\n\n\n<li>ISBN: 978-84-09-74548-7<\/li>\n\n\n\n<li>A\u00f1o de publicaci\u00f3n: 2025<\/li>\n\n\n\n<li>N\u00famero de p\u00e1ginas: 388<\/li>\n<\/ul>\n\n\n\n<p><a href=\"https:\/\/rio.upo.es\/collections\/43031382-6a5b-4fd8-961f-c32e61f269d1\">Acceder ahora al libro<\/a><\/p>\n\n\n\n<p><a href=\"https:\/\/ediciones.uautonoma.cl\/index.php\/UA\/catalog\/book\/224\">Tambi\u00e9n disponible en Ediciones Universidad Aut\u00f3noma de Chile<\/a><\/p>\n<\/div><\/div>\n\n\n\n<h3 class=\"wp-block-heading\">Pintura, escultura<\/h3>\n\n\n\n<p><a href=\"https:\/\/rio.upo.es\/entities\/publication\/411e01eb-f0bb-4d16-ab26-1365f3ba9dc5\">De las invisibles a las celebradas. Mujeres de escultores y mujeres escultoras de los siglos del Barroco en Andaluc\u00eda<\/a>. G\u00f3mez Rom\u00e1n, Ana Mar\u00eda (Ediciones Universidad Aut\u00f3noma de Chile \/ Enredars-Universidad Pablo de Olavide, 2025)<\/p>\n\n\n\n<p><a href=\"https:\/\/rio.upo.es\/entities\/publication\/3efa06aa-6689-4a78-88e7-b10845d06d49\">Mujeres artistas en el virreinato peruano. Entre la necesidad econ\u00f3mica y el deseo de reconocimiento social<\/a>. Pachas-Maceda, Sof\u00eda; Holgu\u00edn Valdez, Anthony (Ediciones Universidad Aut\u00f3noma de Chile \/ Enredars-Universidad Pablo de Olavide, 2025)<\/p>\n\n\n\n<p><a href=\"https:\/\/rio.upo.es\/entities\/publication\/522ead99-fb3e-4b7f-8ef9-a8f622c40de9\">De lo er\u00f3tico en \u201cla virtud\u201d. El placer de mirar a la mujer en la pintura moderna<\/a>. Rodr\u00edguez Serrano, Carmen (Ediciones Universidad Aut\u00f3noma de Chile \/ Enredars-Universidad Pablo de Olavide, 2025)<\/p>\n\n\n\n<p><\/p>\n\n\n\n<h3 class=\"wp-block-heading\">Mecenazgo<\/h3>\n\n\n\n<p><a href=\"https:\/\/rio.upo.es\/entities\/publication\/6e5bfc0f-84fe-4b6b-9c57-c308ab70147d\">Juana (\u20201665) y Petronila (1612-1667) Tarazona, canonesas del Santo Sepulcro de Zaragoza y mecenas de las artes<\/a>. Carretero Calvo, Rebeca; Morte Ac\u00edn, Ana (Ediciones Universidad Aut\u00f3noma de Chile \/ Enredars-Universidad Pablo de Olavide, 2025)<\/p>\n\n\n\n<p><a href=\"https:\/\/rio.upo.es\/entities\/publication\/db2eb57c-4237-4c11-9f56-b4d692237e63\">Juana de Saavedra Ram\u00edrez y las artes en el Madrid de los Austrias<\/a>. Mart\u00edn Rold\u00e1n, \u00c1ngel (Ediciones Universidad Aut\u00f3noma de Chile \/ Enredars-Universidad Pablo de Olavide, 2025)<\/p>\n\n\n\n<p><a href=\"https:\/\/rio.upo.es\/entities\/publication\/3914fc94-21ec-49ad-a7e1-d277a416c64e\">Poder, arte y g\u00e9nero. El mecenazgo femenino de la Casa ducal de Medina Sidonia en la Edad Moderna. D\u00aa Ana de Arag\u00f3n y D\u00aa Leonor Manrique de Sotomayor y Z\u00fa\u00f1iga (1515-1575)<\/a>. Cruz Isidoro, Fernando (Ediciones Universidad Aut\u00f3noma de Chile \/ Enredars-Universidad Pablo de Olavide, 2025)<\/p>\n\n\n\n<p><a href=\"https:\/\/rio.upo.es\/entities\/publication\/daff4917-b218-4093-90d4-a56f8918811d\">Mujeres entre la &#8216;edificaci\u00f3n&#8217; y la &#8216;construcci\u00f3n&#8217; arquitect\u00f3nica. Promotoras en el convento de la Pur\u00edsima Concepci\u00f3n de Lebrija (ss. XVI-XVIII)<\/a>. Garc\u00eda Romero, Mar\u00eda del Castillo (Ediciones Universidad Aut\u00f3noma de Chile \/ Enredars-Universidad Pablo de Olavide, 2025)<\/p>\n\n\n\n<p><\/p>\n\n\n\n<h3 class=\"wp-block-heading\">Artes decorativas y grabados<\/h3>\n\n\n\n<p><a href=\"https:\/\/rio.upo.es\/entities\/publication\/47c5a16c-4457-4028-98ec-d5a68acc409c\">Sofonisba Anguissola y el lenguaje misterioso de las perlas<\/a>. Serrano de Haro, Amparo (Ediciones Universidad Aut\u00f3noma de Chile \/ Enredars-Universidad Pablo de Olavide, 2025)<\/p>\n\n\n\n<p><a href=\"https:\/\/rio.upo.es\/entities\/publication\/a237f583-4af9-4ee4-88e4-d8da836567e2\">L\u2019apporto delle donne al panorama siciliano delle arti decorative nei secoli XVI-XVIII<\/a>. Cruciata, Roberta (Ediciones Universidad Aut\u00f3noma de Chile \/ Enredars-Universidad Pablo de Olavide, 2025)<\/p>\n\n\n\n<p><a href=\"https:\/\/rio.upo.es\/entities\/publication\/e5bcb946-0e5b-4c4e-87c1-e8e7e9c3d272\">Reginalidad y perversidad en la Weibermacht. Brunegilda y Fredegunda en los grabados de la Edad Moderna<\/a>. Sola Rubio, Nathaniel (Ediciones Universidad Aut\u00f3noma de Chile \/ Enredars-Universidad Pablo de Olavide, 2025)<\/p>\n\n\n\n<p><\/p>\n\n\n\n<h3 class=\"wp-block-heading\">Moda<\/h3>\n\n\n\n<p><a href=\"https:\/\/rio.upo.es\/entities\/publication\/b3b9d6e6-dad8-40e0-906c-ec2b05d77aa4\">La imagen femenina del siglo XVIII en Espa\u00f1a: la \u00abpetimetra\u00bb y su trascendencia en el imaginario colectivo<\/a>. Romero Chaves, Beatriz (Ediciones Universidad Aut\u00f3noma de Chile \/ Enredars-Universidad Pablo de Olavide, 2025)<\/p>\n\n\n\n<p><\/p>\n\n\n\n<h3 class=\"wp-block-heading\">Las artes en el siglo XVIII<\/h3>\n\n\n\n<p><a href=\"https:\/\/rio.upo.es\/entities\/publication\/be3b7ecd-6999-43da-ae6f-1526fbbc48b5\">Las modelos de los retratos mitol\u00f3gicos: \u00bfarquetipo o desaf\u00edo para la sociedad del siglo XVIII?<\/a> Mart\u00edn de Vidales Garc\u00eda, Mar\u00eda (Ediciones Universidad Aut\u00f3noma de Chile \/ Enredars-Universidad Pablo de Olavide, 2025)<\/p>\n\n\n\n<p><a href=\"https:\/\/rio.upo.es\/entities\/publication\/9342db62-637e-4672-9af0-436e0b5f662a\">\u00abDe Acad\u00e9micienne a Citoyenne\u00bb. Mujeres artistas en los Salones franceses durante el siglo XVIII<\/a>. Ill\u00e1n Mart\u00edn, Magdalena (Ediciones Universidad Aut\u00f3noma de Chile \/ Enredars-Universidad Pablo de Olavide, 2025)<\/p>\n\n\n\n<p><a href=\"https:\/\/rio.upo.es\/entities\/publication\/8344e1a5-d9ee-47cf-b3d8-5315b23fdcda\">Fran\u00e7oise Duparc: mujer, pintora y acad\u00e9mica del siglo XVIII<\/a>. Albero, Mar\u00eda del Mar (Ediciones Universidad Aut\u00f3noma de Chile \/ Enredars-Universidad Pablo de Olavide, 2025)<\/p>\n\n\n\n<p><a href=\"https:\/\/rio.upo.es\/entities\/publication\/db2ef980-4b7d-461a-b0f9-18e557f7dc72\">La proyecci\u00f3n de las mujeres artistas de la Edad Moderna en la expograf\u00eda contempor\u00e1nea: fortalezas y debilidades en las praxis muse\u00edsticas de \u00e1mbito nacional e internacional<\/a>. Panadero Luna, Adri\u00e1n (Ediciones Universidad Aut\u00f3noma de Chile \/ Enredars-Universidad Pablo de Olavide, 2025)<\/p>\n\n\n\n<p><\/p>\n\n\n\n<p><\/p>\n\n\n\n<p>Illescas D\u00edaz, Laura; \u00c1greda, Ana Mar\u00eda; Hermoso Cuesta, Miguel; Ill\u00e1n Mart\u00edn, Magdalena (eds.). <em><a href=\"https:\/\/rio.upo.es\/entities\/publication\/added1ff-b214-45ca-96f8-7b1eb7b2e8e7\">Modernas. Mujeres y artes en los siglos XVI-XVIII<\/a><\/em>. Vol. XXXVIII. Santiago de Chile: Ediciones Universidad Aut\u00f3noma de Chile; Sevilla: Enredars-Universidad Pablo de Olavide, 2025. ISBN: 978-84-09-74548-7.<\/p>\n","protected":false},"excerpt":{"rendered":"<p>Modernas. Mujeres y artes en los siglos XVI-XVIII Pintura, escultura De las invisibles a las celebradas. Mujeres de escultores y[&#8230;]<\/p>\n","protected":false},"author":1,"featured_media":0,"parent":0,"menu_order":0,"comment_status":"closed","ping_status":"closed","template":"elementor_header_footer","meta":{"footnotes":""},"_links":{"self":[{"href":"https:\/\/www.upo.es\/investiga\/enredars\/index.php?rest_route=\/wp\/v2\/pages\/3097"}],"collection":[{"href":"https:\/\/www.upo.es\/investiga\/enredars\/index.php?rest_route=\/wp\/v2\/pages"}],"about":[{"href":"https:\/\/www.upo.es\/investiga\/enredars\/index.php?rest_route=\/wp\/v2\/types\/page"}],"author":[{"embeddable":true,"href":"https:\/\/www.upo.es\/investiga\/enredars\/index.php?rest_route=\/wp\/v2\/users\/1"}],"replies":[{"embeddable":true,"href":"https:\/\/www.upo.es\/investiga\/enredars\/index.php?rest_route=%2Fwp%2Fv2%2Fcomments&post=3097"}],"version-history":[{"count":3,"href":"https:\/\/www.upo.es\/investiga\/enredars\/index.php?rest_route=\/wp\/v2\/pages\/3097\/revisions"}],"predecessor-version":[{"id":3103,"href":"https:\/\/www.upo.es\/investiga\/enredars\/index.php?rest_route=\/wp\/v2\/pages\/3097\/revisions\/3103"}],"wp:attachment":[{"href":"https:\/\/www.upo.es\/investiga\/enredars\/index.php?rest_route=%2Fwp%2Fv2%2Fmedia&parent=3097"}],"curies":[{"name":"wp","href":"https:\/\/api.w.org\/{rel}","templated":true}]}}