{"id":3178,"date":"2026-01-07T17:36:04","date_gmt":"2026-01-07T16:36:04","guid":{"rendered":"https:\/\/www.upo.es\/investiga\/enredars\/?page_id=3178"},"modified":"2026-01-07T17:36:27","modified_gmt":"2026-01-07T16:36:27","slug":"patrimonio-linguistico-de-la-provincia-de-sevilla-a-proposito-de-la-figura-de-nebrija","status":"publish","type":"page","link":"https:\/\/www.upo.es\/investiga\/enredars\/?page_id=3178","title":{"rendered":"Patrimonio ling\u00fc\u00edstico de la provincia de Sevilla. A prop\u00f3sito de la figura de Nebrija"},"content":{"rendered":"\n<h2 class=\"wp-block-heading\">Patrimonio ling\u00fc\u00edstico de la provincia de Sevilla. A prop\u00f3sito de la figura de Nebrija<\/h2>\n\n\n\n<div class=\"wp-block-media-text is-stacked-on-mobile\" style=\"grid-template-columns:31% auto\"><figure class=\"wp-block-media-text__media\"><a href=\"https:\/\/rio.upo.es\/entities\/publication\/8d55e554-dabe-4a46-8e37-b9330dc877c1\"><img loading=\"lazy\" decoding=\"async\" width=\"445\" height=\"634\" src=\"https:\/\/www.upo.es\/investiga\/enredars\/wp-content\/uploads\/2026\/01\/Patrimonio-linguistico_portada.jpg\" alt=\"\" class=\"wp-image-3179 size-full\" srcset=\"https:\/\/www.upo.es\/investiga\/enredars\/wp-content\/uploads\/2026\/01\/Patrimonio-linguistico_portada.jpg 445w, https:\/\/www.upo.es\/investiga\/enredars\/wp-content\/uploads\/2026\/01\/Patrimonio-linguistico_portada-211x300.jpg 211w\" sizes=\"(max-width: 445px) 100vw, 445px\" \/><\/a><\/figure><div class=\"wp-block-media-text__content\">\n<p>Detalles del libro<\/p>\n\n\n\n<ul>\n<li>Editoras:  Olga Cruz Moya y Rosario Moreno Soldevila<\/li>\n\n\n\n<li>Editoriales: Enredars Publicaciones <\/li>\n\n\n\n<li>5.\u00ba volumen de la colecci\u00f3n Visibilia<\/li>\n\n\n\n<li>ISBN: 978-84-7798-551-8<\/li>\n\n\n\n<li>A\u00f1o de publicaci\u00f3n: 2025<\/li>\n<\/ul>\n\n\n\n<p><a href=\"https:\/\/rio.upo.es\/entities\/publication\/8d55e554-dabe-4a46-8e37-b9330dc877c1\">Acceder ahora a un fragmento del libro<\/a><\/p>\n<\/div><\/div>\n","protected":false},"excerpt":{"rendered":"<p>Patrimonio ling\u00fc\u00edstico de la provincia de Sevilla. A prop\u00f3sito de la figura de Nebrija<\/p>\n","protected":false},"author":1,"featured_media":0,"parent":0,"menu_order":0,"comment_status":"closed","ping_status":"closed","template":"elementor_header_footer","meta":{"footnotes":""},"_links":{"self":[{"href":"https:\/\/www.upo.es\/investiga\/enredars\/index.php?rest_route=\/wp\/v2\/pages\/3178"}],"collection":[{"href":"https:\/\/www.upo.es\/investiga\/enredars\/index.php?rest_route=\/wp\/v2\/pages"}],"about":[{"href":"https:\/\/www.upo.es\/investiga\/enredars\/index.php?rest_route=\/wp\/v2\/types\/page"}],"author":[{"embeddable":true,"href":"https:\/\/www.upo.es\/investiga\/enredars\/index.php?rest_route=\/wp\/v2\/users\/1"}],"replies":[{"embeddable":true,"href":"https:\/\/www.upo.es\/investiga\/enredars\/index.php?rest_route=%2Fwp%2Fv2%2Fcomments&post=3178"}],"version-history":[{"count":1,"href":"https:\/\/www.upo.es\/investiga\/enredars\/index.php?rest_route=\/wp\/v2\/pages\/3178\/revisions"}],"predecessor-version":[{"id":3180,"href":"https:\/\/www.upo.es\/investiga\/enredars\/index.php?rest_route=\/wp\/v2\/pages\/3178\/revisions\/3180"}],"wp:attachment":[{"href":"https:\/\/www.upo.es\/investiga\/enredars\/index.php?rest_route=%2Fwp%2Fv2%2Fmedia&parent=3178"}],"curies":[{"name":"wp","href":"https:\/\/api.w.org\/{rel}","templated":true}]}}