{"id":3185,"date":"2026-01-08T10:36:46","date_gmt":"2026-01-08T09:36:46","guid":{"rendered":"https:\/\/www.upo.es\/investiga\/enredars\/?page_id=3185"},"modified":"2026-01-08T10:36:46","modified_gmt":"2026-01-08T09:36:46","slug":"maritorios-y-acuatorios-latinoamericanos-y-caribenos-perspectivas-socioculturales-e-historicas","status":"publish","type":"page","link":"https:\/\/www.upo.es\/investiga\/enredars\/?page_id=3185","title":{"rendered":"Maritorios y acuatorios latinoamericanos y caribe\u00f1os. Perspectivas socioculturales e hist\u00f3ricas"},"content":{"rendered":"\n<h2 class=\"wp-block-heading\">Maritorios y acuatorios latinoamericanos y caribe\u00f1os. Perspectivas socioculturales e hist\u00f3ricas<\/h2>\n\n\n\n<div class=\"wp-block-media-text is-stacked-on-mobile\" style=\"grid-template-columns:32% auto\"><figure class=\"wp-block-media-text__media\"><a href=\"https:\/\/rio.upo.es\/entities\/publication\/5acbb294-c406-46d3-af88-e9ac98d0ecd0\"><img loading=\"lazy\" decoding=\"async\" width=\"444\" height=\"627\" src=\"https:\/\/www.upo.es\/investiga\/enredars\/wp-content\/uploads\/2026\/01\/Maritorio_portada.jpg\" alt=\"\" class=\"wp-image-3184 size-full\" srcset=\"https:\/\/www.upo.es\/investiga\/enredars\/wp-content\/uploads\/2026\/01\/Maritorio_portada.jpg 444w, https:\/\/www.upo.es\/investiga\/enredars\/wp-content\/uploads\/2026\/01\/Maritorio_portada-212x300.jpg 212w\" sizes=\"(max-width: 444px) 100vw, 444px\" \/><\/a><\/figure><div class=\"wp-block-media-text__content\">\n<p>Detalles del libro<\/p>\n\n\n\n<ul>\n<li>Editores cient\u00edficos: Ana Isabel M\u00e1rquez P\u00e9rez y Juan Felipe P\u00e9rez D\u00edaz<\/li>\n\n\n\n<li>Editoriales: Enredars Publicaciones y Ediciones Universidad Aut\u00f3noma de Chile<\/li>\n\n\n\n<li>29.\u00ba volumen de la colecci\u00f3n AcerVos<\/li>\n\n\n\n<li>ISBN: 978-84-09-75440-3<\/li>\n\n\n\n<li>A\u00f1o de publicaci\u00f3n: 2025<\/li>\n\n\n\n<li>N\u00famero de p\u00e1ginas: 697<\/li>\n<\/ul>\n\n\n\n<p><a href=\"https:\/\/rio.upo.es\/entities\/publication\/5acbb294-c406-46d3-af88-e9ac98d0ecd0\">Acceder ahora al libro<\/a><\/p>\n<\/div><\/div>\n\n\n\n<p><\/p>\n\n\n\n<p><strong>Introducci\u00f3n<\/strong><\/p>\n\n\n\n<p><a href=\"https:\/\/rio.upo.es\/entities\/publication\/c2fd7d41-b47d-409d-8c23-b41b112d0361\">Pensar y defender los maritorios y acuatorios de Am\u00e9rica Latina y el Caribe<\/a>. M\u00e1rquez P\u00e9rez, Ana Isabel; P\u00e9rez D\u00edaz, Juan Felipe (Ediciones Universidad Aut\u00f3noma de Chile \/ Enredars-Universidad Pablo de Olavide, 2025).<\/p>\n\n\n\n<p><strong>Reflexi\u00f3n te\u00f3rica<\/strong><\/p>\n\n\n\n<p><a href=\"https:\/\/rio.upo.es\/entities\/publication\/b50744e8-ac4b-4d2d-8930-59955c9c6dc5\">Pensar maritorios, mares cimarrones y comunitarios m\u00e1s all\u00e1 de la delimitaci\u00f3n geogr\u00e1fica: una provocaci\u00f3n<\/a>. Rivera Sotelo, Aida Sof\u00eda (Ediciones Universidad Aut\u00f3noma de Chile \/ Enredars-Universidad Pablo de Olavide, 2025).<\/p>\n\n\n\n<p><a href=\"https:\/\/rio.upo.es\/entities\/publication\/9a35802f-adc4-4848-b23f-949b699d4439\">\u00bfC\u00f3mo pensar el maritorio y la pesca artesanal con enfoque de g\u00e9nero? Reflexiones para una propuesta metodol\u00f3gica desde el concepto de \u00e1rea geocultural<\/a>. Gonz\u00e1lez-Rojas, Valentina; Lizana-Rivera, Gabriela; Y\u00e1\u00f1ez Mena, Isabel; Guerrero Valdebenito, Rosa Mar\u00eda; \u00c1lvarez Burgos, Mar\u00eda Catalina; \u00c1lvarez Burgos, Loreto (Ediciones Universidad Aut\u00f3noma de Chile \/ Enredars-Universidad Pablo de Olavide, 2025).<\/p>\n\n\n\n<p><a href=\"https:\/\/rio.upo.es\/entities\/publication\/65df3aed-b83f-4c02-bf07-5fdb56a06f96\">Del sur de Chile al litoral de la Amazon\u00eda brasile\u00f1a. Una mirada exploratoria en torno a los conceptos de maritorio y maret\u00f3rio<\/a>. Sousa, Victor; Araos, Francisco (Ediciones Universidad Aut\u00f3noma de Chile \/ Enredars-Universidad Pablo de Olavide, 2025).<\/p>\n\n\n\n<p><a href=\"https:\/\/rio.upo.es\/entities\/publication\/6b790dca-8687-4c2e-9274-25b090ef8100\"><em>Maritorio <\/em>\u2014 Waves of possibilities for a relational and pluriversal politics of marine governance<\/a>. Satiz\u00e1bal, Paula; Borges, Rebecca (Ediciones Universidad Aut\u00f3noma de Chile \/ Enredars-Universidad Pablo de Olavide, 2025).<\/p>\n\n\n\n<p><a href=\"https:\/\/rio.upo.es\/entities\/publication\/67c601f3-3758-4ddc-98b4-b6e38e1c8c1f\">El esp\u00edritu transfronterizo de Seaflower. La conservaci\u00f3n ambiental y la Creolidad en el Caribe<\/a>. C\u00f3rdoba C\u00e1rdenas, Mateo (Ediciones Universidad Aut\u00f3noma de Chile \/ Enredars-Universidad Pablo de Olavide, 2025).<\/p>\n\n\n\n<p><a href=\"https:\/\/rio.upo.es\/entities\/publication\/fda39051-43c5-44f5-8f59-6923049faf4e\">\u00bfC\u00f3mo referirse a Chilo\u00e9? Dimensionando su condici\u00f3n insular<\/a>. \u00c1lvarez Abel, Ricardo Ramiro (Ediciones Universidad Aut\u00f3noma de Chile \/ Enredars-Universidad Pablo de Olavide, 2025).<\/p>\n\n\n\n<p><strong>Historia y arqueolog\u00eda<\/strong><\/p>\n\n\n\n<p><a href=\"https:\/\/rio.upo.es\/entities\/publication\/d922cd72-2cd3-493b-b97c-663e80e30279\">Contorneando la noci\u00f3n de maritorio. Reflexiones a partir de los chilotes del archipi\u00e9lago de Chilo\u00e9<\/a>. Ansaldo Roloff, Manuel Felipe (Ediciones Universidad Aut\u00f3noma de Chile \/ Enredars-Universidad Pablo de Olavide, 2025).<\/p>\n\n\n\n<p><a href=\"https:\/\/rio.upo.es\/entities\/publication\/d6d0332b-5bde-48a4-8dbf-e05218418d16\">Arqueolog\u00eda mar\u00edtima en acci\u00f3n y reflexi\u00f3n: el maritorio ante el paisaje cultural mar\u00edtimo, la arqueolog\u00eda del paisaje y la fenomenolog\u00eda<\/a>. Herrera, Jorge M. (Ediciones Universidad Aut\u00f3noma de Chile \/ Enredars-Universidad Pablo de Olavide, 2025).<\/p>\n\n\n\n<p><a href=\"https:\/\/rio.upo.es\/entities\/publication\/a09056de-eb80-4eac-8fba-9ead8d86f644\">Historia ambiental decolonial aplicada a la reapropiaci\u00f3n colectiva del golfo de California, M\u00e9xico<\/a>. Cari\u00f1o Olvera, Martha Micheline (Ediciones Universidad Aut\u00f3noma de Chile \/ Enredars-Universidad Pablo de Olavide, 2025).<\/p>\n\n\n\n<p><a href=\"https:\/\/rio.upo.es\/entities\/publication\/dbef6bbe-e8c6-43fd-b6e8-85e364265bcd\">Paisaje Cultural Fortificado: un instrumento de gesti\u00f3n y protecci\u00f3n de la maritimidad en Cartagena de Indias, Colombia<\/a>. Del Cairo Hurtado, Carlos; Riera Andreu, Carla; Ordu\u00f1a Monsalve, M\u00f3nica; B\u00e1ez Santos, Laura Victoria; Aldana Mendoza, Jes\u00fas Albero; Caro Le\u00f3n, Gabriela (Ediciones Universidad Aut\u00f3noma de Chile \/ Enredars-Universidad Pablo de Olavide, 2025).<\/p>\n\n\n\n<p><a href=\"https:\/\/rio.upo.es\/entities\/publication\/3cd14040-4179-4b32-9cd0-0a7271d13cda\">La Patagonia como maritorio: geopol\u00edtica y mercado en la colonizaci\u00f3n interna de los fiordos chilenos (1973-1990)<\/a>. Rom\u00e1n Carrasco, Jos\u00e9 (Ediciones Universidad Aut\u00f3noma de Chile \/ Enredars-Universidad Pablo de Olavide, 2025).<\/p>\n\n\n\n<p><a href=\"https:\/\/rio.upo.es\/entities\/publication\/56356965-9a20-40ff-a41b-4b3138f20ffb\">Construcci\u00f3n naval y oralidad en el Pac\u00edfico colombiano: Una perspectiva etnogr\u00e1fica<\/a>. P\u00e9rez Berm\u00fadez, V\u00edctor Andr\u00e9s; Pe\u00f1a Pinz\u00f3n, Wilson (Ediciones Universidad Aut\u00f3noma de Chile \/ Enredars-Universidad Pablo de Olavide, 2025).<\/p>\n\n\n\n<p><strong>Etnograf\u00eda<\/strong><\/p>\n\n\n\n<p><a href=\"https:\/\/rio.upo.es\/entities\/publication\/6bfc2883-6769-459b-8219-19a43fd7225b\">Ancones de pesca en Taganga: representaciones simb\u00f3licas y disputas por el maritorio<\/a>. Meneses Jaramillo, C\u00e9sar Augusto; Londo\u00f1o-Vanegas, Ana Milena (Ediciones Universidad Aut\u00f3noma de Chile \/ Enredars-Universidad Pablo de Olavide, 2025).<\/p>\n\n\n\n<p><a href=\"https:\/\/rio.upo.es\/entities\/publication\/e11250ca-ac7f-4ff6-94d8-0cd709b42338\"><em>Tendiendo y jalando<\/em> en el territorio ancestral taganguero , un pueblo de ind\u00edgenas pescadores en Santa Marta, Colombia<\/a>. Prado Mej\u00eda, Anghie; Londo\u00f1o D\u00edaz, Wilhelm; Daniels de Andreis, Ariel (Ediciones Universidad Aut\u00f3noma de Chile \/ Enredars-Universidad Pablo de Olavide, 2025).<\/p>\n\n\n\n<p><a href=\"https:\/\/rio.upo.es\/entities\/publication\/8495b6d0-3d0e-4611-96b2-efd8e2950611\">Luchas por el agua, la vida y el territorio. El Magdalena Medio (Colombia) como acuatorio<\/a>. Hern\u00e1ndez, Carolina; Lecomte, Flora; Morales, Yuvelis (Ediciones Universidad Aut\u00f3noma de Chile \/ Enredars-Universidad Pablo de Olavide, 2025).<\/p>\n\n\n\n<p><a href=\"https:\/\/rio.upo.es\/entities\/publication\/539c1558-b483-426f-8a3d-7243aac2fe96\">Espacio acu\u00e1tico y oralitura negra en el Litoral Pac\u00edfico caucano de Colombia<\/a>. Contreras Zapata, Juan Gabriel (Ediciones Universidad Aut\u00f3noma de Chile \/ Enredars-Universidad Pablo de Olavide, 2025).<\/p>\n\n\n\n<p><a href=\"https:\/\/rio.upo.es\/entities\/publication\/d452e609-7a49-4522-8b19-4eeb55cec8e3\">Territorialidades superpuestas en la frontera mar\u00edtima y trasnacional del Caribe Occidental de Colombia<\/a>. Rojas Brice\u00f1o, Kimberly Daniela; Mantilla Valbuena, Silvia Cristina; M\u00e1rquez P\u00e9rez, Ana Isabel (Ediciones Universidad Aut\u00f3noma de Chile \/ Enredars-Universidad Pablo de Olavide, 2025).<\/p>\n\n\n\n<p><a href=\"https:\/\/rio.upo.es\/entities\/publication\/03a7a6eb-d0cb-46fc-969a-43786a03196c\">Acuatorios del Golfo de M\u00e9xico: Sociedad y Naturaleza en Altamar. Experiencias Inici\u00e1ticas y Vida Ritual en la pesca artesanal<\/a>. Reynoso Ar\u00e1n, Roberto (Ediciones Universidad Aut\u00f3noma de Chile \/ Enredars-Universidad Pablo de Olavide, 2025).<\/p>\n\n\n\n<p><a href=\"https:\/\/rio.upo.es\/entities\/publication\/9e610b1c-d612-43a6-a6da-5bf486c53bf4\">Invasi\u00f3n del maritorio y pr\u00e1cticas cambiantes: incorporaci\u00f3n del pez le\u00f3n al turismo, la pesca y la gastronom\u00eda en el Caribe mexicano<\/a>. Sep\u00falveda D\u00edaz, Pablo (Ediciones Universidad Aut\u00f3noma de Chile \/ Enredars-Universidad Pablo de Olavide, 2025).<\/p>\n\n\n\n<p><a href=\"https:\/\/rio.upo.es\/entities\/publication\/5b169784-1708-4942-a496-edec0731e477\">La importancia de incorporar el conocimiento ecol\u00f3gico local en la creaci\u00f3n de un maritorio sustentable y resiliente en Zihuatanejo de Azueta, Guerrero, M\u00e9xico<\/a>. Narchi, Nemer Eduardo; Drouet Cruz, Huran Tonalli; M\u00e9ndez Medina, Ana Crisol; Camou Guerrero, Andr\u00e9s; Corona Morales, N\u00e9stor; Moreira Moura, Gustavo Goulart; Gonz\u00e1lez Rodr\u00edguez, Antonio; Nava Bravo, H\u00e9ctor Hugo; Maldonado L\u00f3pez, Yurixhi (Ediciones Universidad Aut\u00f3noma de Chile \/ Enredars-Universidad Pablo de Olavide, 2025).<\/p>\n\n\n\n<p><a href=\"https:\/\/rio.upo.es\/entities\/publication\/cbd35636-6580-46d6-97b8-643564ffda4a\">Etnografiar maritimidades: el mar y la costa como entornos de posibilidad de la experiencia social<\/a>. D&#8217;Ambrosio Camarero, Leticia (Ediciones Universidad Aut\u00f3noma de Chile \/ Enredars-Universidad Pablo de Olavide, 2025).<\/p>\n\n\n\n<p><a href=\"https:\/\/rio.upo.es\/entities\/publication\/97f5af56-0ccf-4240-8401-ab554bf56a13\">Nodos rizom\u00e1ticos y estrategias de subversi\u00f3n para afrontar el avance del extractivismo. El caso de la R\u00eda de Bah\u00eda Blanca, Argentina<\/a>. Noceti, Mar\u00eda Bel\u00e9n (Ediciones Universidad Aut\u00f3noma de Chile \/ Enredars-Universidad Pablo de Olavide, 2025).<\/p>\n\n\n\n<p><a href=\"https:\/\/rio.upo.es\/entities\/publication\/f60460ed-f62d-4fbc-a2ba-af7482da6b5b\">\u201cSe dar no mar\u201d: reflex\u00f5es sobre maritimidade junto a pescadores embarcados do\/no litoral sul do RS \u2013 Brasil<\/a>. Knoller Adomilli, Gianpaolo (Ediciones Universidad Aut\u00f3noma de Chile \/ Enredars-Universidad Pablo de Olavide, 2025).<\/p>\n\n\n\n<p><\/p>\n\n\n\n<p><\/p>\n\n\n\n<p>M\u00e1rquez P\u00e9rez, Ana Isabel, y P\u00e9rez D\u00edaz, Juan Felipe (eds.). <em><a href=\"https:\/\/rio.upo.es\/entities\/publication\/5acbb294-c406-46d3-af88-e9ac98d0ecd0\">Maritorios y acuatorios latinoamericanos y caribe\u00f1os. Perspectivas socioculturales e hist\u00f3ricas<\/a><\/em>. Santiago de Chile: Ediciones Universidad Aut\u00f3noma de Chile; Sevilla: Enredars-Universidad Pablo de Olavide, 2025.<\/p>\n","protected":false},"excerpt":{"rendered":"<p>Maritorios y acuatorios latinoamericanos y caribe\u00f1os. Perspectivas socioculturales e hist\u00f3ricas Introducci\u00f3n Pensar y defender los maritorios y acuatorios de Am\u00e9rica[&#8230;]<\/p>\n","protected":false},"author":1,"featured_media":0,"parent":0,"menu_order":0,"comment_status":"closed","ping_status":"closed","template":"elementor_header_footer","meta":{"footnotes":""},"_links":{"self":[{"href":"https:\/\/www.upo.es\/investiga\/enredars\/index.php?rest_route=\/wp\/v2\/pages\/3185"}],"collection":[{"href":"https:\/\/www.upo.es\/investiga\/enredars\/index.php?rest_route=\/wp\/v2\/pages"}],"about":[{"href":"https:\/\/www.upo.es\/investiga\/enredars\/index.php?rest_route=\/wp\/v2\/types\/page"}],"author":[{"embeddable":true,"href":"https:\/\/www.upo.es\/investiga\/enredars\/index.php?rest_route=\/wp\/v2\/users\/1"}],"replies":[{"embeddable":true,"href":"https:\/\/www.upo.es\/investiga\/enredars\/index.php?rest_route=%2Fwp%2Fv2%2Fcomments&post=3185"}],"version-history":[{"count":1,"href":"https:\/\/www.upo.es\/investiga\/enredars\/index.php?rest_route=\/wp\/v2\/pages\/3185\/revisions"}],"predecessor-version":[{"id":3186,"href":"https:\/\/www.upo.es\/investiga\/enredars\/index.php?rest_route=\/wp\/v2\/pages\/3185\/revisions\/3186"}],"wp:attachment":[{"href":"https:\/\/www.upo.es\/investiga\/enredars\/index.php?rest_route=%2Fwp%2Fv2%2Fmedia&parent=3185"}],"curies":[{"name":"wp","href":"https:\/\/api.w.org\/{rel}","templated":true}]}}