{"id":3227,"date":"2026-04-01T18:48:35","date_gmt":"2026-04-01T17:48:35","guid":{"rendered":"https:\/\/www.upo.es\/investiga\/enredars\/?page_id=3227"},"modified":"2026-04-01T18:48:35","modified_gmt":"2026-04-01T17:48:35","slug":"roman-de-espinosa-un-escribano-del-renacimiento","status":"publish","type":"page","link":"https:\/\/www.upo.es\/investiga\/enredars\/?page_id=3227","title":{"rendered":"Rom\u00e1n de Espinosa. Un escribano del Renacimiento"},"content":{"rendered":"\n<h2 class=\"wp-block-heading\">Rom\u00e1n de Espinosa. Un escribano del Renacimiento<\/h2>\n\n\n\n<div class=\"wp-block-media-text is-stacked-on-mobile\" style=\"grid-template-columns:27% auto\"><figure class=\"wp-block-media-text__media\"><a href=\"https:\/\/rio.upo.es\/collections\/c949ca9b-3370-4004-830d-981c70e04c65\"><img loading=\"lazy\" decoding=\"async\" width=\"443\" height=\"623\" src=\"https:\/\/www.upo.es\/investiga\/enredars\/wp-content\/uploads\/2026\/04\/Roman_Portada.jpg\" alt=\"\" class=\"wp-image-3226 size-full\" srcset=\"https:\/\/www.upo.es\/investiga\/enredars\/wp-content\/uploads\/2026\/04\/Roman_Portada.jpg 443w, https:\/\/www.upo.es\/investiga\/enredars\/wp-content\/uploads\/2026\/04\/Roman_Portada-213x300.jpg 213w\" sizes=\"(max-width: 443px) 100vw, 443px\" \/><\/a><\/figure><div class=\"wp-block-media-text__content\">\n<p>Detalles del libro<\/p>\n\n\n\n<ul>\n<li>Autor: Jes\u00fas Barbero Rodr\u00edguez<\/li>\n\n\n\n<li>Editoriales: Enredars Publicaciones y Ediciones Universidad Auto\u0301noma de Chile<\/li>\n\n\n\n<li>2.\u00ba volumen de la colecci\u00f3n Archivo Abierto<\/li>\n\n\n\n<li>ISBN: 978-84-09-7550-0<\/li>\n\n\n\n<li>A\u00f1o de publicaci\u00f3n: 2025<\/li>\n\n\n\n<li>N\u00famero de p\u00e1ginas: 97<\/li>\n<\/ul>\n\n\n\n<p><a href=\"https:\/\/rio.upo.es\/collections\/c949ca9b-3370-4004-830d-981c70e04c65\">Acceder ahora al libro<\/a><\/p>\n<\/div><\/div>\n\n\n\n<p>Barbero Rodr\u00edguez, Jes\u00fas.\u00a0<em><a href=\"https:\/\/rio.upo.es\/collections\/c949ca9b-3370-4004-830d-981c70e04c65\">Rom\u00e1n de Espinosa. Un escribano del Renacimiento<\/a><\/em>. Santiago de Chile: Ediciones Universidad Aut\u00f3noma de Chile;\u00a0Sevilla: Enredars Publicaciones, 2025. ISBN: 978-84-09-7550-0.<\/p>\n","protected":false},"excerpt":{"rendered":"<p>Rom\u00e1n de Espinosa. Un escribano del Renacimiento Barbero Rodr\u00edguez, Jes\u00fas.\u00a0Rom\u00e1n de Espinosa. Un escribano del Renacimiento. Santiago de Chile: Ediciones[&#8230;]<\/p>\n","protected":false},"author":1,"featured_media":0,"parent":0,"menu_order":0,"comment_status":"closed","ping_status":"closed","template":"elementor_header_footer","meta":{"footnotes":""},"_links":{"self":[{"href":"https:\/\/www.upo.es\/investiga\/enredars\/index.php?rest_route=\/wp\/v2\/pages\/3227"}],"collection":[{"href":"https:\/\/www.upo.es\/investiga\/enredars\/index.php?rest_route=\/wp\/v2\/pages"}],"about":[{"href":"https:\/\/www.upo.es\/investiga\/enredars\/index.php?rest_route=\/wp\/v2\/types\/page"}],"author":[{"embeddable":true,"href":"https:\/\/www.upo.es\/investiga\/enredars\/index.php?rest_route=\/wp\/v2\/users\/1"}],"replies":[{"embeddable":true,"href":"https:\/\/www.upo.es\/investiga\/enredars\/index.php?rest_route=%2Fwp%2Fv2%2Fcomments&post=3227"}],"version-history":[{"count":1,"href":"https:\/\/www.upo.es\/investiga\/enredars\/index.php?rest_route=\/wp\/v2\/pages\/3227\/revisions"}],"predecessor-version":[{"id":3228,"href":"https:\/\/www.upo.es\/investiga\/enredars\/index.php?rest_route=\/wp\/v2\/pages\/3227\/revisions\/3228"}],"wp:attachment":[{"href":"https:\/\/www.upo.es\/investiga\/enredars\/index.php?rest_route=%2Fwp%2Fv2%2Fmedia&parent=3227"}],"curies":[{"name":"wp","href":"https:\/\/api.w.org\/{rel}","templated":true}]}}